{"id":11158,"date":"2023-05-23T16:22:34","date_gmt":"2023-05-23T14:22:34","guid":{"rendered":"https:\/\/agora.xtec.cat\/insdertosa\/?page_id=11158"},"modified":"2023-05-24T12:05:10","modified_gmt":"2023-05-24T10:05:10","slug":"erasmus-k122-franca","status":"publish","type":"page","link":"https:\/\/agora.xtec.cat\/insdertosa\/erasmus\/erasmus-k122-franca\/","title":{"rendered":"ERASMUS+ K122 Fran\u00e7a"},"content":{"rendered":"<p>Paral\u00b7lelament a l&#8217;acreditaci\u00f3 que el centre ha obtingut, aquest curs es va apostar tamb\u00e9 per un altre tipus d&#8217;intercanvi, els Erasmus+ K122 aquest cop amb Fran\u00e7a. A continuaci\u00f3 hi podeu trobar amb tot detall aquest projecte:<\/p>\n<p><center><iframe loading=\"lazy\" src=\"https:\/\/drive.google.com\/file\/d\/1By3LrRqLCJ0JvZwuHTBUNMzslGbdmaAF\/preview\" width=\"640\" height=\"380\"><\/iframe><\/center><\/p>\n<div><\/div>\n<div><\/div>\n<div><\/div>\n<div><b><i>PR\u00c9SENTATION DU PROJET ERASMUS KA122\u00a0<\/i><\/b><\/div>\n<div><\/div>\n<div><\/div>\n<p dir=\"ltr\"><img loading=\"lazy\" decoding=\"async\" class=\"alignnone size-full wp-image-11188\" src=\"https:\/\/agora.xtec.cat\/insdertosa\/wp-content\/uploads\/usu144\/2023\/05\/images.png\" alt=\"\" width=\"491\" height=\"102\" srcset=\"https:\/\/agora.xtec.cat\/insdertosa\/wp-content\/uploads\/usu144\/2023\/05\/images.png 491w, https:\/\/agora.xtec.cat\/insdertosa\/wp-content\/uploads\/usu144\/2023\/05\/images-300x62.png 300w\" sizes=\"auto, (max-width: 491px) 100vw, 491px\" \/><\/p>\n<div>\n<p dir=\"ltr\"><i>Notre projet Erasmus <\/i><i>consiste \u00e0 rendre visible l&#8217;impact de notre mani\u00e8re de vivre sur notre entourage, notre sant\u00e9, l\u2019environnement, le patrimoine, la soci\u00e9t\u00e9 en g\u00e9n\u00e9ral, et de proposer des solutions face aux impacts n\u00e9gatifs.<\/i><\/p>\n<p dir=\"ltr\"><i>Les objectifs sont :<\/i><\/p>\n<p dir=\"ltr\"><i>&#8211; Apprendre la langue fran\u00e7ais dans un contexte r\u00e9el.<\/i><\/p>\n<p dir=\"ltr\"><i>&#8211; D\u00e9velopper la pens\u00e9e critique et r\u00e9fl\u00e9chir sur les probl\u00e8mes de la vie quotidienne.<\/i><\/p>\n<p dir=\"ltr\"><i>&#8211; Acqu\u00e9rir une consommation responsable et promouvoir la consommation des produits au km 0.<\/i><\/p>\n<p dir=\"ltr\"><i>-Promouvoir la justice sociale et valoriser le patrimoine historique.<\/i><\/p>\n<p dir=\"ltr\"><i>-Promouvoir le respect envers les diff\u00e9rentes cultures.<\/i><\/p>\n<p dir=\"ltr\"><i>&#8211; D\u00e9velopper des notions sur entrepreneuriat et la gestion financi\u00e8re en relation avec les produits locaux.<\/i><\/p>\n<p dir=\"ltr\"><i>&#8211; D\u00e9velopper le respect envers la nature.<\/i><\/p>\n<p><b>PRESENTACI\u00d3 DEL PROJECTE ERASMUS KA122<\/b><\/p>\n<p><img loading=\"lazy\" decoding=\"async\" class=\"alignnone size-full wp-image-11188\" src=\"https:\/\/agora.xtec.cat\/insdertosa\/wp-content\/uploads\/usu144\/2023\/05\/images.png\" alt=\"\" width=\"491\" height=\"102\" srcset=\"https:\/\/agora.xtec.cat\/insdertosa\/wp-content\/uploads\/usu144\/2023\/05\/images.png 491w, https:\/\/agora.xtec.cat\/insdertosa\/wp-content\/uploads\/usu144\/2023\/05\/images-300x62.png 300w\" sizes=\"auto, (max-width: 491px) 100vw, 491px\" \/><\/p>\n<p>El nostre projecte Erasmus t\u00e9 com eix vertebrador visibilitar i analitzar l&#8217;impacte que les nostres accions tenen sobre l&#8217;entorn, la nostra salut, el medi ambient, el patrimoni, la societat, etc. i proposar solucions als impactes negatius.<\/p>\n<p>Els objectius concrets s\u00f3n:<\/p>\n<p>1) Aprendre la llengua francesa en un context real.<\/p>\n<p>2) Desenvolupar el pensament cr\u00edtic i reflexionar sobre els problemes de la vida quotidiana.<\/p>\n<p>3) Adquirir un mode de consum responsable i promoure els productes de Km0<\/p>\n<p>4) Promoure la just\u00edcia\u00a0social, el respecte a totes\u00a0les cultures i valorar el patrimoni hist\u00f2ric.<\/p>\n<p>5) Desenvolupar nocions d&#8217;emprenedoria i gesti\u00f3 financera amb l&#8217;objectiu de afavorir els productes locals.<\/p>\n<p>6) Promoure el respecte per la natura.<\/p>\n<p>&nbsp;<\/p>\n<\/div>\n<div><strong>L&#8217;INTERCANVI A FRAN\u00c7A<\/strong><\/div>\n<div><\/div>\n<p>Els alumnes de 3r i 4t de l&#8217;ESO de l&#8217;optativa de franc\u00e8s van anar d\u2019intercanvi Erasmus 10 dies a Die (Fran\u00e7a), un poble de 5000 habitants situat al parc<i>\u00a0du Vercors<\/i>\u00a0a prop de Crest i de Valence. L&#8217;alumnat es\u00a0va allotjar a les cases de les fam\u00edlies dels alumnes francesos del lyc\u00e9e Diois, amb qui feiem l&#8217;intercanvi.<\/p>\n<p>Per assolir els objectius del projecte l&#8217;alumnat va realitzar les seg\u00fcents activitats:<\/p>\n<p>&#8211;\u00a0 Analitzar el patrimoni hist\u00f2ric de Die, Lyon i Valence.<\/p>\n<p>&#8211; Participar en la cooperativa La Carline.<\/p>\n<p>&#8211; Analitzar l&#8217;h\u00e0bitat dels voltors.<\/p>\n<p>&#8211; Visitar el parc natural\u00a0\u00a0<i>du Vercors\u00a0<\/i>i el monument de la\u00a0<i>R\u00e9sistance<\/i>.<\/p>\n<p>&#8211; Participar amb l&#8217;associaci\u00f3\u00a0<i>des pi\u00e9tons\u00a0<\/i><\/p>\n<p style=\"text-align: center;\">\r\n\t<div class=\"slideshow_container slideshow_container_style-light\" style=\"height: 300px; \" data-slideshow-id=\"11162\" data-style-name=\"style-light\" data-style-version=\"2.3.1\" >\r\n\r\n\t\t\t\t\t<div class=\"slideshow_loading_icon\"><\/div>\r\n\t\t\r\n\t\t<div class=\"slideshow_content\" style=\"display: none;\">\r\n\r\n\t\t\t<div class=\"slideshow_view\">\r\n\t\t\t\t<div class=\"slideshow_slide slideshow_slide_image\">\r\n\t\t\t\t\t\t\t\t\t\t\t<img src=\"https:\/\/agora.xtec.cat\/insdertosa\/wp-content\/uploads\/usu144\/2023\/05\/WhatsApp-Image-2023-05-23-at-16.38.09.jpeg\" alt=\"WhatsApp Image 2023-05-23 at 16.38.09\" width=\"1600\" height=\"1200\" \/>\r\n\t\t\t\t\t\t\t\t\t\t<div class=\"slideshow_description_box slideshow_transparent\">\r\n\t\t\t\t\t\t<div class=\"slideshow_title\">WhatsApp Image 2023-05-23 at 16.38.09<\/div>\t\t\t\t\t\t\t\t\t\t\t<\/div>\r\n\t\t\t\t<\/div>\r\n\r\n\t\t\t\t\t\t<div style=\"clear: both;\"><\/div><\/div><div class=\"slideshow_view\">\r\n\t\t\t\t<div class=\"slideshow_slide slideshow_slide_image\">\r\n\t\t\t\t\t\t\t\t\t\t\t<img src=\"https:\/\/agora.xtec.cat\/insdertosa\/wp-content\/uploads\/usu144\/2023\/05\/WhatsApp-Image-2023-05-23-at-16.38.09-1.jpeg\" alt=\"WhatsApp Image 2023-05-23 at 16.38.09 (1)\" width=\"1200\" height=\"1600\" \/>\r\n\t\t\t\t\t\t\t\t\t\t<div class=\"slideshow_description_box slideshow_transparent\">\r\n\t\t\t\t\t\t<div class=\"slideshow_title\">WhatsApp Image 2023-05-23 at 16.38.09 (1)<\/div>\t\t\t\t\t\t\t\t\t\t\t<\/div>\r\n\t\t\t\t<\/div>\r\n\r\n\t\t\t\t\t\t<div style=\"clear: both;\"><\/div><\/div><div class=\"slideshow_view\">\r\n\t\t\t\t<div class=\"slideshow_slide slideshow_slide_image\">\r\n\t\t\t\t\t\t\t\t\t\t\t<img src=\"https:\/\/agora.xtec.cat\/insdertosa\/wp-content\/uploads\/usu144\/2023\/05\/WhatsApp-Image-2023-05-23-at-16.38.09-2.jpeg\" alt=\"WhatsApp Image 2023-05-23 at 16.38.09 (2)\" width=\"1600\" height=\"1200\" \/>\r\n\t\t\t\t\t\t\t\t\t\t<div class=\"slideshow_description_box slideshow_transparent\">\r\n\t\t\t\t\t\t<div class=\"slideshow_title\">WhatsApp Image 2023-05-23 at 16.38.09 (2)<\/div>\t\t\t\t\t\t\t\t\t\t\t<\/div>\r\n\t\t\t\t<\/div>\r\n\r\n\t\t\t\t\t\t<div style=\"clear: both;\"><\/div><\/div><div class=\"slideshow_view\">\r\n\t\t\t\t<div class=\"slideshow_slide slideshow_slide_image\">\r\n\t\t\t\t\t\t\t\t\t\t\t<img src=\"https:\/\/agora.xtec.cat\/insdertosa\/wp-content\/uploads\/usu144\/2023\/05\/WhatsApp-Image-2023-05-23-at-16.38.09-3.jpeg\" alt=\"WhatsApp Image 2023-05-23 at 16.38.09 (3)\" width=\"1600\" height=\"1200\" \/>\r\n\t\t\t\t\t\t\t\t\t\t<div class=\"slideshow_description_box slideshow_transparent\">\r\n\t\t\t\t\t\t<div class=\"slideshow_title\">WhatsApp Image 2023-05-23 at 16.38.09 (3)<\/div>\t\t\t\t\t\t\t\t\t\t\t<\/div>\r\n\t\t\t\t<\/div>\r\n\r\n\t\t\t\t\t\t<div style=\"clear: both;\"><\/div><\/div><div class=\"slideshow_view\">\r\n\t\t\t\t<div class=\"slideshow_slide slideshow_slide_image\">\r\n\t\t\t\t\t\t\t\t\t\t\t<img src=\"https:\/\/agora.xtec.cat\/insdertosa\/wp-content\/uploads\/usu144\/2023\/05\/WhatsApp-Image-2023-05-23-at-16.38.09-4.jpeg\" alt=\"WhatsApp Image 2023-05-23 at 16.38.09 (4)\" width=\"1600\" height=\"1200\" \/>\r\n\t\t\t\t\t\t\t\t\t\t<div class=\"slideshow_description_box slideshow_transparent\">\r\n\t\t\t\t\t\t<div class=\"slideshow_title\">WhatsApp Image 2023-05-23 at 16.38.09 (4)<\/div>\t\t\t\t\t\t\t\t\t\t\t<\/div>\r\n\t\t\t\t<\/div>\r\n\r\n\t\t\t\t\t\t<div style=\"clear: both;\"><\/div><\/div><div class=\"slideshow_view\">\r\n\t\t\t\t<div class=\"slideshow_slide slideshow_slide_image\">\r\n\t\t\t\t\t\t\t\t\t\t\t<img src=\"https:\/\/agora.xtec.cat\/insdertosa\/wp-content\/uploads\/usu144\/2023\/05\/WhatsApp-Image-2023-05-23-at-16.38.09-5.jpeg\" alt=\"WhatsApp Image 2023-05-23 at 16.38.09 (5)\" width=\"1600\" height=\"1200\" \/>\r\n\t\t\t\t\t\t\t\t\t\t<div class=\"slideshow_description_box slideshow_transparent\">\r\n\t\t\t\t\t\t<div class=\"slideshow_title\">WhatsApp Image 2023-05-23 at 16.38.09 (5)<\/div>\t\t\t\t\t\t\t\t\t\t\t<\/div>\r\n\t\t\t\t<\/div>\r\n\r\n\t\t\t\t\t\t<div style=\"clear: both;\"><\/div><\/div><div class=\"slideshow_view\">\r\n\t\t\t\t<div class=\"slideshow_slide slideshow_slide_image\">\r\n\t\t\t\t\t\t\t\t\t\t\t<img src=\"https:\/\/agora.xtec.cat\/insdertosa\/wp-content\/uploads\/usu144\/2023\/05\/WhatsApp-Image-2023-05-23-at-16.38.09-6.jpeg\" alt=\"WhatsApp Image 2023-05-23 at 16.38.09 (6)\" width=\"1600\" height=\"1200\" \/>\r\n\t\t\t\t\t\t\t\t\t\t<div class=\"slideshow_description_box slideshow_transparent\">\r\n\t\t\t\t\t\t<div class=\"slideshow_title\">WhatsApp Image 2023-05-23 at 16.38.09 (6)<\/div>\t\t\t\t\t\t\t\t\t\t\t<\/div>\r\n\t\t\t\t<\/div>\r\n\r\n\t\t\t\t\t\t<div style=\"clear: both;\"><\/div><\/div><div class=\"slideshow_view\">\r\n\t\t\t\t<div class=\"slideshow_slide slideshow_slide_image\">\r\n\t\t\t\t\t\t\t\t\t\t\t<img src=\"https:\/\/agora.xtec.cat\/insdertosa\/wp-content\/uploads\/usu144\/2023\/05\/IMG_4639-scaled.jpg\" alt=\"IMG_4639\" width=\"2560\" height=\"1920\" \/>\r\n\t\t\t\t\t\t\t\t\t\t<div class=\"slideshow_description_box slideshow_transparent\">\r\n\t\t\t\t\t\t<div class=\"slideshow_title\">IMG_4639<\/div>\t\t\t\t\t\t\t\t\t\t\t<\/div>\r\n\t\t\t\t<\/div>\r\n\r\n\t\t\t\t\t\t<div style=\"clear: both;\"><\/div><\/div><div class=\"slideshow_view\">\r\n\t\t\t\t<div class=\"slideshow_slide slideshow_slide_image\">\r\n\t\t\t\t\t\t\t\t\t\t\t<img src=\"https:\/\/agora.xtec.cat\/insdertosa\/wp-content\/uploads\/usu144\/2023\/05\/IMG_4981.jpg\" alt=\"IMG_4981\" width=\"1280\" height=\"960\" \/>\r\n\t\t\t\t\t\t\t\t\t\t<div class=\"slideshow_description_box slideshow_transparent\">\r\n\t\t\t\t\t\t<div class=\"slideshow_title\">IMG_4981<\/div>\t\t\t\t\t\t\t\t\t\t\t<\/div>\r\n\t\t\t\t<\/div>\r\n\r\n\t\t\t\t\t\t<div style=\"clear: both;\"><\/div><\/div><div class=\"slideshow_view\">\r\n\t\t\t\t<div class=\"slideshow_slide slideshow_slide_image\">\r\n\t\t\t\t\t\t\t\t\t\t\t<img src=\"https:\/\/agora.xtec.cat\/insdertosa\/wp-content\/uploads\/usu144\/2023\/05\/09f04d82-a94b-419e-b1ab-d40d2ebe7b6d.jpg\" alt=\"09f04d82-a94b-419e-b1ab-d40d2ebe7b6d\" width=\"1600\" height=\"1200\" \/>\r\n\t\t\t\t\t\t\t\t\t\t<div class=\"slideshow_description_box slideshow_transparent\">\r\n\t\t\t\t\t\t<div class=\"slideshow_title\">09f04d82-a94b-419e-b1ab-d40d2ebe7b6d<\/div>\t\t\t\t\t\t\t\t\t\t\t<\/div>\r\n\t\t\t\t<\/div>\r\n\r\n\t\t\t\t\t\t<div style=\"clear: both;\"><\/div><\/div><div class=\"slideshow_view\">\r\n\t\t\t\t<div class=\"slideshow_slide slideshow_slide_image\">\r\n\t\t\t\t\t\t\t\t\t\t\t<img src=\"https:\/\/agora.xtec.cat\/insdertosa\/wp-content\/uploads\/usu144\/2023\/05\/IMG_4982.jpg\" alt=\"IMG_4982\" width=\"1280\" height=\"960\" \/>\r\n\t\t\t\t\t\t\t\t\t\t<div class=\"slideshow_description_box slideshow_transparent\">\r\n\t\t\t\t\t\t<div class=\"slideshow_title\">IMG_4982<\/div>\t\t\t\t\t\t\t\t\t\t\t<\/div>\r\n\t\t\t\t<\/div>\r\n\r\n\t\t\t\t\t\t<div style=\"clear: both;\"><\/div><\/div>\r\n\t\t<\/div>\r\n\r\n\t\t<div class=\"slideshow_controlPanel slideshow_transparent\" style=\"display: none;\"><ul><li class=\"slideshow_togglePlay\" data-play-text=\"Visualitza\" data-pause-text=\"Pausa\"><\/li><\/ul><\/div>\r\n\r\n\t\t<div class=\"slideshow_button slideshow_previous slideshow_transparent\" role=\"button\" data-previous-text=\"Anterior\" style=\"display: none;\"><\/div>\r\n\t\t<div class=\"slideshow_button slideshow_next slideshow_transparent\" role=\"button\" data-next-text=\"Seg\u00fcent\" style=\"display: none;\"><\/div>\r\n\r\n\t\t<div class=\"slideshow_pagination\" style=\"display: none;\" data-go-to-text=\"V\u00e9s a la diapositiva\"><div class=\"slideshow_pagination_center\"><\/div><\/div>\r\n\r\n\t\t<!-- WordPress Slideshow Version 2.3.1 -->\r\n\r\n\t\t\t<\/div>\r\n\r\n<\/p>\n<p><strong>L&#8217;INTERCANVI ALS MITJANS DE COMUNICACI\u00d3<\/strong><\/p>\n<p>Si voleu m\u00e9s informaci\u00f3 del que van fer cada dia, podeu consultar la nostra participaci\u00f3 al <a href=\"https:\/\/agora.xtec.cat\/insdertosa\/portada\/experiencia-erasmus-ka122-frances-3er-i-4t-eso-al-canal-21\/\" target=\"_blank\" rel=\"noopener\">Canal 21<\/a> i a <a href=\"https:\/\/www.ivoox.com\/educacio-experiencia-dels-alumnes-d-8217-eso-l-8217-institut-dertosa-audios-mp3_rf_105242111_1.html\" target=\"_blank\" rel=\"noopener\">R\u00e0dio Tortosa<\/a>.<\/p>\n<p><img loading=\"lazy\" decoding=\"async\" class=\"size-full wp-image-11159 aligncenter\" src=\"https:\/\/agora.xtec.cat\/insdertosa\/wp-content\/uploads\/usu144\/2023\/05\/WhatsApp-Image-2023-05-08-at-08.30.12.jpeg\" alt=\"\" width=\"1024\" height=\"768\" srcset=\"https:\/\/agora.xtec.cat\/insdertosa\/wp-content\/uploads\/usu144\/2023\/05\/WhatsApp-Image-2023-05-08-at-08.30.12.jpeg 1024w, https:\/\/agora.xtec.cat\/insdertosa\/wp-content\/uploads\/usu144\/2023\/05\/WhatsApp-Image-2023-05-08-at-08.30.12-300x225.jpeg 300w, https:\/\/agora.xtec.cat\/insdertosa\/wp-content\/uploads\/usu144\/2023\/05\/WhatsApp-Image-2023-05-08-at-08.30.12-768x576.jpeg 768w, https:\/\/agora.xtec.cat\/insdertosa\/wp-content\/uploads\/usu144\/2023\/05\/WhatsApp-Image-2023-05-08-at-08.30.12-200x150.jpeg 200w\" sizes=\"auto, (max-width: 1024px) 100vw, 1024px\" \/><\/p>\n<p>&nbsp;<\/p>\n","protected":false},"excerpt":{"rendered":"<p>Paral\u00b7lelament a l&#8217;acreditaci\u00f3 que el centre ha obtingut, aquest curs es va apostar tamb\u00e9 per un altre tipus d&#8217;intercanvi, els Erasmus+ K122 aquest cop amb Fran\u00e7a. A continuaci\u00f3 hi podeu trobar amb tot detall aquest projecte: PR\u00c9SENTATION DU PROJET ERASMUS KA122\u00a0 Notre projet Erasmus consiste \u00e0 rendre visible l&#8217;impact de notre mani\u00e8re de vivre sur [&hellip;]<\/p>\n","protected":false},"author":1,"featured_media":0,"parent":9845,"menu_order":0,"comment_status":"closed","ping_status":"closed","template":"page-templates\/side-menu.php","meta":{"_bbp_topic_count":0,"_bbp_reply_count":0,"_bbp_total_topic_count":0,"_bbp_total_reply_count":0,"_bbp_voice_count":0,"_bbp_anonymous_reply_count":0,"_bbp_topic_count_hidden":0,"_bbp_reply_count_hidden":0,"_bbp_forum_subforum_count":0,"site-sidebar-layout":"default","site-content-layout":"","ast-site-content-layout":"","site-content-style":"default","site-sidebar-style":"default","ast-global-header-display":"","ast-banner-title-visibility":"","ast-main-header-display":"","ast-hfb-above-header-display":"","ast-hfb-below-header-display":"","ast-hfb-mobile-header-display":"","site-post-title":"","ast-breadcrumbs-content":"","ast-featured-img":"","footer-sml-layout":"","theme-transparent-header-meta":"","adv-header-id-meta":"","stick-header-meta":"","header-above-stick-meta":"","header-main-stick-meta":"","header-below-stick-meta":"","astra-migrate-meta-layouts":"default","ast-page-background-enabled":"default","ast-page-background-meta":{"desktop":{"background-color":"var(--ast-global-color-5)","background-image":"","background-repeat":"repeat","background-position":"center center","background-size":"auto","background-attachment":"scroll","background-type":"","background-media":"","overlay-type":"","overlay-color":"","overlay-opacity":"","overlay-gradient":""},"tablet":{"background-color":"","background-image":"","background-repeat":"repeat","background-position":"center center","background-size":"auto","background-attachment":"scroll","background-type":"","background-media":"","overlay-type":"","overlay-color":"","overlay-opacity":"","overlay-gradient":""},"mobile":{"background-color":"","background-image":"","background-repeat":"repeat","background-position":"center center","background-size":"auto","background-attachment":"scroll","background-type":"","background-media":"","overlay-type":"","overlay-color":"","overlay-opacity":"","overlay-gradient":""}},"ast-content-background-meta":{"desktop":{"background-color":"var(--ast-global-color-4)","background-image":"","background-repeat":"repeat","background-position":"center center","background-size":"auto","background-attachment":"scroll","background-type":"","background-media":"","overlay-type":"","overlay-color":"","overlay-opacity":"","overlay-gradient":""},"tablet":{"background-color":"var(--ast-global-color-4)","background-image":"","background-repeat":"repeat","background-position":"center center","background-size":"auto","background-attachment":"scroll","background-type":"","background-media":"","overlay-type":"","overlay-color":"","overlay-opacity":"","overlay-gradient":""},"mobile":{"background-color":"var(--ast-global-color-4)","background-image":"","background-repeat":"repeat","background-position":"center center","background-size":"auto","background-attachment":"scroll","background-type":"","background-media":"","overlay-type":"","overlay-color":"","overlay-opacity":"","overlay-gradient":""}},"footnotes":""},"class_list":["post-11158","page","type-page","status-publish","hentry"],"post_mailing_queue_ids":[],"_links":{"self":[{"href":"https:\/\/agora.xtec.cat\/insdertosa\/wp-json\/wp\/v2\/pages\/11158","targetHints":{"allow":["GET"]}}],"collection":[{"href":"https:\/\/agora.xtec.cat\/insdertosa\/wp-json\/wp\/v2\/pages"}],"about":[{"href":"https:\/\/agora.xtec.cat\/insdertosa\/wp-json\/wp\/v2\/types\/page"}],"author":[{"embeddable":true,"href":"https:\/\/agora.xtec.cat\/insdertosa\/wp-json\/wp\/v2\/users\/1"}],"replies":[{"embeddable":true,"href":"https:\/\/agora.xtec.cat\/insdertosa\/wp-json\/wp\/v2\/comments?post=11158"}],"version-history":[{"count":4,"href":"https:\/\/agora.xtec.cat\/insdertosa\/wp-json\/wp\/v2\/pages\/11158\/revisions"}],"predecessor-version":[{"id":11203,"href":"https:\/\/agora.xtec.cat\/insdertosa\/wp-json\/wp\/v2\/pages\/11158\/revisions\/11203"}],"up":[{"embeddable":true,"href":"https:\/\/agora.xtec.cat\/insdertosa\/wp-json\/wp\/v2\/pages\/9845"}],"wp:attachment":[{"href":"https:\/\/agora.xtec.cat\/insdertosa\/wp-json\/wp\/v2\/media?parent=11158"}],"curies":[{"name":"wp","href":"https:\/\/api.w.org\/{rel}","templated":true}]}}