{"id":10859,"date":"2023-04-24T17:44:09","date_gmt":"2023-04-24T15:44:09","guid":{"rendered":"https:\/\/agora.xtec.cat\/insdertosa\/?page_id=10859"},"modified":"2023-05-12T12:17:50","modified_gmt":"2023-05-12T10:17:50","slug":"portals-digitals-i-comunicacio","status":"publish","type":"page","link":"https:\/\/agora.xtec.cat\/insdertosa\/projecte-educatiu\/cultura-digital-2\/portals-digitals-i-comunicacio\/","title":{"rendered":"Portals digitals i xarxes socials"},"content":{"rendered":"<p><img decoding=\"async\" class=\"alignright\" src=\"https:\/\/agora.xtec.cat\/ieelperello\/wp-content\/uploads\/usu1951\/2022\/09\/alumnes3.png\" \/><\/p>\n<p><b>PORTAL WEB<\/b><\/p>\n<p>El centre disposa d\u2019un web amb la informaci\u00f3 p\u00fablica. S\u2019hi poden trobar informacions est\u00e0tiques que es revisen peri\u00f2dicament (documentaci\u00f3, claustre, dates del curs, etc.) i articles din\u00e0mics sobre el que va succeint al centre dia a dia.<\/p>\n<p>Aquest web est\u00e0 realitzat aprofitant el servei nodes que ofereix el Departament d\u2019Educaci\u00f3.<\/p>\n<p>Per penjar not\u00edcies al web necessitem dos elements: una o dues fotografies i el text de la not\u00edcia. Aquesta informaci\u00f3 ser\u00e0 enviada a la responsable del portal web.<\/p>\n<p>A la barra lateral esquerra s\u2019hi poden trobar els hipervincles per accedir directament als enlla\u00e7os d\u2019inter\u00e9s.<\/p>\n<p>Totes les imatges publicades tenen signades els drets d\u2019imatge i\/o consentiment de les persones que surten a les mateixes i dels seus tutors legals.<\/p>\n<p><b>XARXES SOCIALS<\/b><\/p>\n<p>El centre disposa de dos compte d\u2019Instagram <span class=\"\"><a href=\"https:\/\/www.instagram.com\/institutdertosa\/\" target=\"_blank\" rel=\"noopener\">@institutdertosa<\/a> i <a href=\"https:\/\/www.instagram.com\/insdertosacicles\/\" target=\"_blank\" rel=\"noopener\">@insdertosacicles<\/a><\/span>\u00a0on publicar el dia a dia del centre. Per tant es mostra com una eina molt din\u00e0mica i viva, on publicarem resultats d\u2019activitats, sortides, xerrades, tallers\u2026 de tota la comunitat educativa.<\/p>\n<p>Per penjar not\u00edcies, v\u00eddeos o storis necessitarem les imatges i un text de refer\u00e8ncia. Aquesta informaci\u00f3 ser\u00e0 enviada als responsables de portar les xarxes.<\/p>\n<p>Totes les imatges publicades tenen signades els drets d\u2019imatge i\/o consentiment de les persones que surten a les mateixes i dels seus tutors legals. Les\u00a0publicacions no es publicaran en temps real, ni geocalitzables. L\u2019alumnat no sortir\u00e0 de forma reconeixible potenciant les seves accions i activitats pedag\u00f2giques.<\/p>\n<p>Les imatges\/v\u00eddeos realitzades per les fam\u00edlies en actes i festes del centre educatiu han de tenir un \u00fas dom\u00e8stic i no podran ser publicades a cap xarxa social, ni plataforma digital o anal\u00f2gica.<\/p>\n<p><b>COMUNICACI\u00d3 AMB LES FAM\u00cdLIES\u00a0<\/b><\/p>\n<p>Totes les informacions amb les fam\u00edlies es realitzaran per:<\/p>\n<ul>\n<li aria-level=\"1\">La plataforma\u00a0<a href=\"https:\/\/www.ieduca.com\/\">d\u2019IEduca<\/a>\u00a0es un canal de comunicaci\u00f3 entre el professorat i les fam\u00edlies del grup classe pel que fa a les faltes d\u2019assist\u00e8ncia, retards, incid\u00e8ncies entre altres. La justificaci\u00f3 de faltes d\u2019assist\u00e8ncia tamb\u00e9 es far\u00e0 per aquest canal. En el cas de lliurar els informes d\u2019avaluaci\u00f3 mitjan\u00e7ant aquesta plataforma cal que les fam\u00edlies comuniquin als tutors que els han rebut.<\/li>\n<li aria-level=\"1\">El professorat responsable d\u2019alguna sortida ser\u00e0 l\u2019encarregat de comunicar als docents acompanyants, les fam\u00edlies i a l\u2019alumnat quina ser\u00e0 la normativa, materials que necessiten, menjars, compres, \u00fas de m\u00f2bils\u2026<\/li>\n<li style=\"text-align: left;\" aria-level=\"1\">Qualsevol comunicaci\u00f3 autom\u00e0tica generada per la plataforma IEduca, no es pot contestar. Sempre cal fer-ho des de la mateixa plataforma. Aqu\u00ed us enllacem una\u00a0petita <strong>guia amb els usos b\u00e0sics de la plataforma IEduca.<\/strong><img loading=\"lazy\" decoding=\"async\" class=\"size-full wp-image-10863 alignleft\" src=\"https:\/\/agora.xtec.cat\/insdertosa\/wp-content\/uploads\/usu144\/2023\/04\/ieduca.png\" alt=\"\" width=\"513\" height=\"98\" srcset=\"https:\/\/agora.xtec.cat\/insdertosa\/wp-content\/uploads\/usu144\/2023\/04\/ieduca.png 513w, https:\/\/agora.xtec.cat\/insdertosa\/wp-content\/uploads\/usu144\/2023\/04\/ieduca-300x57.png 300w\" sizes=\"auto, (max-width: 513px) 100vw, 513px\" \/><strong><br \/>\n<\/strong><strong><iframe loading=\"lazy\" src=\"https:\/\/docs.google.com\/presentation\/d\/e\/2PACX-1vQU951PUTk-IL0-lNdu0EcgD-koj0teJKhJInL1LlgIg_kCxHg3pJgaLEYhgTAm4aJR-skd3SpwHMJz\/embed?start=false&amp;loop=false&amp;delayms=3000\" width=\"480\" height=\"299\" frameborder=\"0\" allowfullscreen=\"allowfullscreen\"><\/iframe>\u00a0<\/strong><\/li>\n<li aria-level=\"1\">El tel\u00e8fon del centre es far\u00e0 servir per a emerg\u00e8ncies i comunicacions directes sempre i quan no sigui possible contactar amb les fam\u00edlies amb els altres canals de comunicaci\u00f3. Es trucar\u00e0 als tel\u00e8fons indicats per la fam\u00edlia en els fulls de renovaci\u00f3 de matr\u00edcula i els tel\u00e8fons que consten a la plataforma IEduca.<\/li>\n<li aria-level=\"1\">La comunicaci\u00f3 presencial sempre ser\u00e0 amb cita pr\u00e8via, dintre de l\u2019horari assignat a les tutories del grup classe.<\/li>\n<li aria-level=\"1\">Es publicaran infografies per comunicar-se amb la comunitat educativa pels canals digitals.<\/li>\n<\/ul>\n<p>Per a m\u00e9s concrecions es pot consultar el\u00a0<a href=\"https:\/\/docs.google.com\/document\/d\/e\/2PACX-1vTi5wD4EDLoFbB5R4Etg_x3cW-bicYps3h_BI-2wpKemGm6YNOZ13IOj9W0_YvZ7NuXU9gAlkEi1Nhg\/pub\" target=\"_blank\" rel=\"noopener\"><strong>Pla de comunicaci\u00f3 de centre<\/strong><\/a>.<\/p>\n","protected":false},"excerpt":{"rendered":"<p>PORTAL WEB El centre disposa d\u2019un web amb la informaci\u00f3 p\u00fablica. S\u2019hi poden trobar informacions est\u00e0tiques que es revisen peri\u00f2dicament (documentaci\u00f3, claustre, dates del curs, etc.) i articles din\u00e0mics sobre el que va succeint al centre dia a dia. Aquest web est\u00e0 realitzat aprofitant el servei nodes que ofereix el Departament d\u2019Educaci\u00f3. Per penjar not\u00edcies [&hellip;]<\/p>\n","protected":false},"author":1,"featured_media":0,"parent":10733,"menu_order":0,"comment_status":"closed","ping_status":"closed","template":"page-templates\/side-menu.php","meta":{"_bbp_topic_count":0,"_bbp_reply_count":0,"_bbp_total_topic_count":0,"_bbp_total_reply_count":0,"_bbp_voice_count":0,"_bbp_anonymous_reply_count":0,"_bbp_topic_count_hidden":0,"_bbp_reply_count_hidden":0,"_bbp_forum_subforum_count":0,"site-sidebar-layout":"default","site-content-layout":"","ast-site-content-layout":"","site-content-style":"default","site-sidebar-style":"default","ast-global-header-display":"","ast-banner-title-visibility":"","ast-main-header-display":"","ast-hfb-above-header-display":"","ast-hfb-below-header-display":"","ast-hfb-mobile-header-display":"","site-post-title":"","ast-breadcrumbs-content":"","ast-featured-img":"","footer-sml-layout":"","theme-transparent-header-meta":"","adv-header-id-meta":"","stick-header-meta":"","header-above-stick-meta":"","header-main-stick-meta":"","header-below-stick-meta":"","astra-migrate-meta-layouts":"default","ast-page-background-enabled":"default","ast-page-background-meta":{"desktop":{"background-color":"var(--ast-global-color-5)","background-image":"","background-repeat":"repeat","background-position":"center center","background-size":"auto","background-attachment":"scroll","background-type":"","background-media":"","overlay-type":"","overlay-color":"","overlay-opacity":"","overlay-gradient":""},"tablet":{"background-color":"","background-image":"","background-repeat":"repeat","background-position":"center center","background-size":"auto","background-attachment":"scroll","background-type":"","background-media":"","overlay-type":"","overlay-color":"","overlay-opacity":"","overlay-gradient":""},"mobile":{"background-color":"","background-image":"","background-repeat":"repeat","background-position":"center center","background-size":"auto","background-attachment":"scroll","background-type":"","background-media":"","overlay-type":"","overlay-color":"","overlay-opacity":"","overlay-gradient":""}},"ast-content-background-meta":{"desktop":{"background-color":"var(--ast-global-color-4)","background-image":"","background-repeat":"repeat","background-position":"center center","background-size":"auto","background-attachment":"scroll","background-type":"","background-media":"","overlay-type":"","overlay-color":"","overlay-opacity":"","overlay-gradient":""},"tablet":{"background-color":"var(--ast-global-color-4)","background-image":"","background-repeat":"repeat","background-position":"center center","background-size":"auto","background-attachment":"scroll","background-type":"","background-media":"","overlay-type":"","overlay-color":"","overlay-opacity":"","overlay-gradient":""},"mobile":{"background-color":"var(--ast-global-color-4)","background-image":"","background-repeat":"repeat","background-position":"center center","background-size":"auto","background-attachment":"scroll","background-type":"","background-media":"","overlay-type":"","overlay-color":"","overlay-opacity":"","overlay-gradient":""}},"footnotes":""},"class_list":["post-10859","page","type-page","status-publish","hentry"],"post_mailing_queue_ids":[],"_links":{"self":[{"href":"https:\/\/agora.xtec.cat\/insdertosa\/wp-json\/wp\/v2\/pages\/10859","targetHints":{"allow":["GET"]}}],"collection":[{"href":"https:\/\/agora.xtec.cat\/insdertosa\/wp-json\/wp\/v2\/pages"}],"about":[{"href":"https:\/\/agora.xtec.cat\/insdertosa\/wp-json\/wp\/v2\/types\/page"}],"author":[{"embeddable":true,"href":"https:\/\/agora.xtec.cat\/insdertosa\/wp-json\/wp\/v2\/users\/1"}],"replies":[{"embeddable":true,"href":"https:\/\/agora.xtec.cat\/insdertosa\/wp-json\/wp\/v2\/comments?post=10859"}],"version-history":[{"count":3,"href":"https:\/\/agora.xtec.cat\/insdertosa\/wp-json\/wp\/v2\/pages\/10859\/revisions"}],"predecessor-version":[{"id":11013,"href":"https:\/\/agora.xtec.cat\/insdertosa\/wp-json\/wp\/v2\/pages\/10859\/revisions\/11013"}],"up":[{"embeddable":true,"href":"https:\/\/agora.xtec.cat\/insdertosa\/wp-json\/wp\/v2\/pages\/10733"}],"wp:attachment":[{"href":"https:\/\/agora.xtec.cat\/insdertosa\/wp-json\/wp\/v2\/media?parent=10859"}],"curies":[{"name":"wp","href":"https:\/\/api.w.org\/{rel}","templated":true}]}}