{"id":10851,"date":"2023-04-24T16:33:29","date_gmt":"2023-04-24T14:33:29","guid":{"rendered":"https:\/\/agora.xtec.cat\/insdertosa\/?page_id=10851"},"modified":"2023-05-25T10:24:18","modified_gmt":"2023-05-25T08:24:18","slug":"descripcio-de-serveis","status":"publish","type":"page","link":"https:\/\/agora.xtec.cat\/insdertosa\/projecte-educatiu\/cultura-digital-2\/descripcio-de-serveis\/","title":{"rendered":"Descripci\u00f3 de serveis"},"content":{"rendered":"<p><strong>Documentaci\u00f3 b\u00e0sica<\/strong><\/p>\n<p>La cultura digital apareix en pr\u00e0cticament tots els documents b\u00e0sics del centre. A continuaci\u00f3 es enllacem cadascun un d\u2019ells:<\/p>\n<p><a href=\"https:\/\/agora.xtec.cat\/insdertosa\/wp-content\/uploads\/usu144\/2022\/05\/Projecte-Educatiu-de-Centre-v0.1.pdf\" target=\"_blank\" rel=\"noopener\">PEC<\/a><\/p>\n<p><a href=\"https:\/\/drive.google.com\/file\/d\/17enI0M4V08CaJ3VsF_3iXBqgb9lPvexo\/view\" target=\"_blank\" rel=\"noopener\">NOFC<\/a><\/p>\n<p><a href=\"https:\/\/agora.xtec.cat\/insdertosa\/linstitut\/calendari-del-curs\/\" target=\"_blank\" rel=\"noopener\">PGA<\/a><\/p>\n<p><a href=\"https:\/\/docs.google.com\/document\/d\/e\/2PACX-1vTi5wD4EDLoFbB5R4Etg_x3cW-bicYps3h_BI-2wpKemGm6YNOZ13IOj9W0_YvZ7NuXU9gAlkEi1Nhg\/pub\" target=\"_blank\" rel=\"noopener\">Pla de comunicaci\u00f3 de Centre<\/a><\/p>\n<p><b>Documentaci\u00f3 de centre<\/b><\/p>\n<p><a href=\"https:\/\/agora.xtec.cat\/ieelperello\/wp-content\/uploads\/usu1951\/2022\/10\/comunicacio6.png\"><img loading=\"lazy\" decoding=\"async\" class=\"wp-image-3502 alignright\" src=\"https:\/\/agora.xtec.cat\/ieelperello\/wp-content\/uploads\/usu1951\/2022\/10\/comunicacio6.png\" sizes=\"auto, (max-width: 437px) 100vw, 437px\" srcset=\"https:\/\/agora.xtec.cat\/ieelperello\/wp-content\/uploads\/usu1951\/2022\/10\/comunicacio6.png 733w, https:\/\/agora.xtec.cat\/ieelperello\/wp-content\/uploads\/usu1951\/2022\/10\/comunicacio6-300x135.png 300w\" alt=\"\" width=\"437\" height=\"196\" \/><\/a>El centre organitza tota la documentaci\u00f3 en unitats compartides. Aquestes unitats es comparteixen exclusivament amb el domini @insdertosa, de tal manera que en tot moment es controla qui t\u00e9 acc\u00e9s a la informaci\u00f3.<\/p>\n<p>&nbsp;<\/p>\n<p><b>Els nostres serveis<\/b><\/p>\n<p>Tot el personal docent compta amb ordinadors port\u00e0tils dotats pel Departament. Aquests estan connectats a les impressores. De 1r a 4t ESO cada alumne disposa d\u2019un ordinador port\u00e0til Chomebook gestionat per l&#8217;institut. L&#8217;alumnat de batxillerat i cicles tamb\u00e9 disposen d&#8217;un ordinador port\u00e0til, per\u00f2 en aquest cas es tracta d&#8217;un dispositiu Windows.<\/p>\n<p>Impressores: Al centre disposem de tres impressores, per \u00fas docent i administratiu. La direcci\u00f3 del centre i\/o la coordinadora inform\u00e0tica faciliten usuari i contrasenya per fer-les servir.<\/p>\n<p>N\u00famero de servidors: hi ha un de xarxa.<\/p>\n<p>Tipus de Xarxa: Tenim connexi\u00f3 fibra.<\/p>\n<p>El centre disposa d\u2019un domini G Suite for Education propi. D\u2019aquesta manera, alumnat, professorat i personal d\u2019administraci\u00f3 disposen d\u2019un usuari @insdertosa.cat.<\/p>\n<p><b>Usuaris corporatius<\/b><\/p>\n<p>Disposar d\u2019aquest usuari dona acc\u00e9s a utilitzar les eines de la suite inform\u00e0tica Google Workspace for Education amb el qual tindr\u00e0s un correu electr\u00f2nic (Google Gmail), un espai d\u2019emmagatzematge de fins a 20GB (Google Drive), eines ofim\u00e0tiques col\u00b7laboratives (Google Docs, Google Sheets, Google Slides, Google Forms, etc.).<\/p>\n<p>Aquest correu el t\u00e9 tot l\u2019alumnat des de primer d\u2019ESO.\u00a0<b>Usuari d\u2019inici de sessi\u00f3 del port\u00e0til:\u00a0<\/b>amb les credencials que rebr\u00e0s per part de la teua tutora el primer dia al centre.<\/p>\n<p>El compte quedar\u00e0 actiu fins el comen\u00e7ament del nou curs. En cas que el dispositiu sigui una dotaci\u00f3 del Departament d\u2019Educaci\u00f3\u00a0<b>caldr\u00e0 retornar-lo amb les millors condicions possibles.\u00a0<\/b><a href=\"https:\/\/agora.xtec.cat\/ieelperello\/wp-content\/uploads\/usu1951\/2022\/10\/comunicacio5.png\"><br \/>\n<\/a><\/p>\n<p>Cada membre de la comunitat escolar disposa del seu usuari\u00a0@insdertosa.cat<\/p>\n<p>A m\u00e9s de l\u2019usuari\u00a0<strong><em>consergeria@insdertosa.cat,\u00a0<\/em><\/strong>que gestiona les sortides de l&#8217;alumnat en horari de classes, i els documents que s&#8217;han d&#8217;imprimir per a la realitzaci\u00f3 del treball diari del centre.<\/p>\n<p><b>Entorns d&#8217;aprenentege virtual<\/b><a href=\"https:\/\/agora.xtec.cat\/ieelperello\/wp-content\/uploads\/usu1951\/2022\/10\/comunicacio5.png\"><br \/>\n<\/a><\/p>\n<p>Usem l\u2019entorn Google Workspace for Education per al treball col\u00b7laboratiu, gesti\u00f3 de documents al n\u00favol, acc\u00e9s al correu electr\u00f2nic del centre i altres funcions relacionades al compte educatiu. Dins la suite de Google disposem del Google Classroom que, com a Entorn Virtual d\u2019Aprenentatge (EVA) que s&#8217;ultilitza majoritariemanet en els primers cursos, destaca per la seva senzillesa d\u2019\u00fas i integraci\u00f3 amb els serveis i eines d\u2019aquest paquet d\u2019utilitats. I tamb\u00e9 \u00e9s fa servir l\u2019EVA <a href=\"https:\/\/educaciodigital.cat\/insdertosa\/moodle\/\" target=\"_blank\" rel=\"noopener\">Moodle.<\/a> aquest segon entorn d&#8217;aprenentege s&#8217;incorpora ja en els cursos superiors.<\/p>\n<p><strong>Maquinaris<\/strong><\/p>\n<p>En el marc del Pla d\u2019educaci\u00f3 digital de Catalunya, el\u00a0<a href=\"https:\/\/projectes.xtec.cat\/edc\/\" target=\"_blank\" rel=\"noopener\"><strong>projecte d\u2019acceleraci\u00f3 digital<\/strong><\/a>\u00a0s\u2019encarrega de gestionar el desplegament d\u2019equipaments i dispositius de connectivitat per a alumnat i professorat.<\/p>\n<p>En el cas del nostre centre disposem de diferents equipaments per als diferents estudis que podeu cursar:<\/p>\n<ul>\n<li>l\u2019alumnat d\u2019ESO disposa d\u2019equips port\u00e0tils Chromebooks,<\/li>\n<li>l\u2019alumnat de Batxillerat i Cicles disposa de port\u00e0tils Lenovo amb programari Windows,<\/li>\n<li>el professorat disposa de port\u00e0tils Thinkbooks amb programari Windows<\/li>\n<li>i el centre a m\u00e9s disposa de Mifis per aquell alumnat que les necessiti.<\/li>\n<\/ul>\n<p><strong>Servei de carros d&#8217;ordinadors<\/strong><\/p>\n<p>El centre disposa de dos carros m\u00f2bils amb port\u00e0tils d&#8217;\u00fas diari per aquell alumnat que, exepcionalment, no porta amb ell el port\u00e0til que t\u00e9 assignat, el t\u00e9 averiat, o s&#8217;ha quedat sense bateria. Aquests ordinadors es poden recollir a secretaria al inici del mat\u00ed o en el moment que l&#8217;alumne ho necessiti, per\u00f2 s&#8217;han de retornar el mateix dia a les 14:30 en quan s&#8217;ha acabat la jornada lectiva.<\/p>\n<p><strong>Servei de transport escolar\u00a0<\/strong><\/p>\n<p>El Consell Comarcal facilita als alumnes que venen de les poblacions de Campredo, Bitem, Tivenys i Vinallop un servei de transport i recollida desde les mateixes poblacions fins al centre.<\/p>\n<p>&nbsp;<\/p>\n","protected":false},"excerpt":{"rendered":"<p>Documentaci\u00f3 b\u00e0sica La cultura digital apareix en pr\u00e0cticament tots els documents b\u00e0sics del centre. A continuaci\u00f3 es enllacem cadascun un d\u2019ells: PEC NOFC PGA Pla de comunicaci\u00f3 de Centre Documentaci\u00f3 de centre El centre organitza tota la documentaci\u00f3 en unitats compartides. Aquestes unitats es comparteixen exclusivament amb el domini @insdertosa, de tal manera que en [&hellip;]<\/p>\n","protected":false},"author":1,"featured_media":0,"parent":10733,"menu_order":0,"comment_status":"closed","ping_status":"closed","template":"page-templates\/side-menu.php","meta":{"_bbp_topic_count":0,"_bbp_reply_count":0,"_bbp_total_topic_count":0,"_bbp_total_reply_count":0,"_bbp_voice_count":0,"_bbp_anonymous_reply_count":0,"_bbp_topic_count_hidden":0,"_bbp_reply_count_hidden":0,"_bbp_forum_subforum_count":0,"site-sidebar-layout":"default","site-content-layout":"","ast-site-content-layout":"","site-content-style":"default","site-sidebar-style":"default","ast-global-header-display":"","ast-banner-title-visibility":"","ast-main-header-display":"","ast-hfb-above-header-display":"","ast-hfb-below-header-display":"","ast-hfb-mobile-header-display":"","site-post-title":"","ast-breadcrumbs-content":"","ast-featured-img":"","footer-sml-layout":"","theme-transparent-header-meta":"","adv-header-id-meta":"","stick-header-meta":"","header-above-stick-meta":"","header-main-stick-meta":"","header-below-stick-meta":"","astra-migrate-meta-layouts":"default","ast-page-background-enabled":"default","ast-page-background-meta":{"desktop":{"background-color":"var(--ast-global-color-5)","background-image":"","background-repeat":"repeat","background-position":"center center","background-size":"auto","background-attachment":"scroll","background-type":"","background-media":"","overlay-type":"","overlay-color":"","overlay-opacity":"","overlay-gradient":""},"tablet":{"background-color":"","background-image":"","background-repeat":"repeat","background-position":"center center","background-size":"auto","background-attachment":"scroll","background-type":"","background-media":"","overlay-type":"","overlay-color":"","overlay-opacity":"","overlay-gradient":""},"mobile":{"background-color":"","background-image":"","background-repeat":"repeat","background-position":"center center","background-size":"auto","background-attachment":"scroll","background-type":"","background-media":"","overlay-type":"","overlay-color":"","overlay-opacity":"","overlay-gradient":""}},"ast-content-background-meta":{"desktop":{"background-color":"var(--ast-global-color-4)","background-image":"","background-repeat":"repeat","background-position":"center center","background-size":"auto","background-attachment":"scroll","background-type":"","background-media":"","overlay-type":"","overlay-color":"","overlay-opacity":"","overlay-gradient":""},"tablet":{"background-color":"var(--ast-global-color-4)","background-image":"","background-repeat":"repeat","background-position":"center center","background-size":"auto","background-attachment":"scroll","background-type":"","background-media":"","overlay-type":"","overlay-color":"","overlay-opacity":"","overlay-gradient":""},"mobile":{"background-color":"var(--ast-global-color-4)","background-image":"","background-repeat":"repeat","background-position":"center center","background-size":"auto","background-attachment":"scroll","background-type":"","background-media":"","overlay-type":"","overlay-color":"","overlay-opacity":"","overlay-gradient":""}},"footnotes":""},"class_list":["post-10851","page","type-page","status-publish","hentry"],"post_mailing_queue_ids":[],"_links":{"self":[{"href":"https:\/\/agora.xtec.cat\/insdertosa\/wp-json\/wp\/v2\/pages\/10851","targetHints":{"allow":["GET"]}}],"collection":[{"href":"https:\/\/agora.xtec.cat\/insdertosa\/wp-json\/wp\/v2\/pages"}],"about":[{"href":"https:\/\/agora.xtec.cat\/insdertosa\/wp-json\/wp\/v2\/types\/page"}],"author":[{"embeddable":true,"href":"https:\/\/agora.xtec.cat\/insdertosa\/wp-json\/wp\/v2\/users\/1"}],"replies":[{"embeddable":true,"href":"https:\/\/agora.xtec.cat\/insdertosa\/wp-json\/wp\/v2\/comments?post=10851"}],"version-history":[{"count":3,"href":"https:\/\/agora.xtec.cat\/insdertosa\/wp-json\/wp\/v2\/pages\/10851\/revisions"}],"predecessor-version":[{"id":11208,"href":"https:\/\/agora.xtec.cat\/insdertosa\/wp-json\/wp\/v2\/pages\/10851\/revisions\/11208"}],"up":[{"embeddable":true,"href":"https:\/\/agora.xtec.cat\/insdertosa\/wp-json\/wp\/v2\/pages\/10733"}],"wp:attachment":[{"href":"https:\/\/agora.xtec.cat\/insdertosa\/wp-json\/wp\/v2\/media?parent=10851"}],"curies":[{"name":"wp","href":"https:\/\/api.w.org\/{rel}","templated":true}]}}