{"id":10847,"date":"2023-04-24T16:00:10","date_gmt":"2023-04-24T14:00:10","guid":{"rendered":"https:\/\/agora.xtec.cat\/insdertosa\/?page_id=10847"},"modified":"2023-06-30T15:36:42","modified_gmt":"2023-06-30T13:36:42","slug":"desplegament-de-les-competencies","status":"publish","type":"page","link":"https:\/\/agora.xtec.cat\/insdertosa\/projecte-educatiu\/cultura-digital-2\/desplegament-de-les-competencies\/","title":{"rendered":"Desplegament de les compet\u00e8ncies"},"content":{"rendered":"<p><a href=\"https:\/\/educacio.gencat.cat\/web\/.content\/home\/departament\/publicacions\/colleccions\/competencies-basiques\/eso\/ambit-digital.pdf\"><img loading=\"lazy\" decoding=\"async\" class=\"alignnone size-full wp-image-10848\" src=\"https:\/\/agora.xtec.cat\/insdertosa\/wp-content\/uploads\/usu144\/2023\/04\/ambit-digital.jpg\" alt=\"\" width=\"268\" height=\"377\" srcset=\"https:\/\/agora.xtec.cat\/insdertosa\/wp-content\/uploads\/usu144\/2023\/04\/ambit-digital.jpg 268w, https:\/\/agora.xtec.cat\/insdertosa\/wp-content\/uploads\/usu144\/2023\/04\/ambit-digital-213x300.jpg 213w\" sizes=\"auto, (max-width: 268px) 100vw, 268px\" \/><\/a><\/p>\n<p>Aquest desplegament correspon a la LOMCE, actualment el departament est\u00e0 treballant en la nova versi\u00f3 d&#8217;acord a la nova llei d&#8217;educaci\u00f3 LOMLOE i que podreu consultar aqu\u00ed mateix quan s&#8217;hagi publicat oficialment, per\u00f2 de moment en podem consultar un esborrany <a href=\"https:\/\/drive.google.com\/drive\/u\/1\/folders\/1szg7iOwbGM55Lj9zotARCqwrP3i8noSq\" target=\"_blank\" rel=\"noopener\">aqu\u00ed.<\/a><\/p>\n<p>Per altra banda, la comissi\u00f3 encarregada de l\u2019avaluaci\u00f3 de la compet\u00e8ncia digital conjuntament amb el professorat de cada curs de manera han elaborat un projectes que es realitzaran dintre de cada curs, de manera que al final d\u2019etapa s\u2019hagin adquirit totes les compet\u00e8ncies digitals, i per l\u2019avaluaci\u00f3 d\u2019aquestes s\u2019han preparat les seg\u00fcents r\u00fabriques:<\/p>\n<p>R\u00fabrica 1r ESO:<\/p>\n<p><a href=\"https:\/\/agora.xtec.cat\/insdertosa\/wp-content\/uploads\/usu144\/2023\/06\/Rubrica-digital-1r-ESO-Rubrica.pdf\">R\u00fabrica digital 1r ESO<\/a><\/p>\n<p>R\u00fabrica 2n ESO:<\/p>\n<p><a href=\"https:\/\/agora.xtec.cat\/insdertosa\/wp-content\/uploads\/usu144\/2023\/06\/Avaluacio-videos-consumopolis-Full-1.pdf\">R\u00fabrica Avaluaci\u00f3 v\u00eddeos 2n ESO <\/a><\/p>\n<p>R\u00fabrica 3r ESO:<\/p>\n<p>R\u00fabrica 4t ESO:<\/p>\n<p><a href=\"https:\/\/agora.xtec.cat\/insdertosa\/wp-content\/uploads\/usu144\/2023\/06\/Rubrica-digital-PdR-Rubrica.pdf\">R\u00fabrica R\u00fabrica digital PdR<\/a><\/p>\n","protected":false},"excerpt":{"rendered":"<p>Aquest desplegament correspon a la LOMCE, actualment el departament est\u00e0 treballant en la nova versi\u00f3 d&#8217;acord a la nova llei d&#8217;educaci\u00f3 LOMLOE i que podreu consultar aqu\u00ed mateix quan s&#8217;hagi publicat oficialment, per\u00f2 de moment en podem consultar un esborrany aqu\u00ed. Per altra banda, la comissi\u00f3 encarregada de l\u2019avaluaci\u00f3 de la compet\u00e8ncia digital conjuntament amb [&hellip;]<\/p>\n","protected":false},"author":1,"featured_media":0,"parent":10733,"menu_order":0,"comment_status":"closed","ping_status":"closed","template":"page-templates\/side-menu.php","meta":{"_bbp_topic_count":0,"_bbp_reply_count":0,"_bbp_total_topic_count":0,"_bbp_total_reply_count":0,"_bbp_voice_count":0,"_bbp_anonymous_reply_count":0,"_bbp_topic_count_hidden":0,"_bbp_reply_count_hidden":0,"_bbp_forum_subforum_count":0,"site-sidebar-layout":"default","site-content-layout":"","ast-site-content-layout":"","site-content-style":"default","site-sidebar-style":"default","ast-global-header-display":"","ast-banner-title-visibility":"","ast-main-header-display":"","ast-hfb-above-header-display":"","ast-hfb-below-header-display":"","ast-hfb-mobile-header-display":"","site-post-title":"","ast-breadcrumbs-content":"","ast-featured-img":"","footer-sml-layout":"","theme-transparent-header-meta":"","adv-header-id-meta":"","stick-header-meta":"","header-above-stick-meta":"","header-main-stick-meta":"","header-below-stick-meta":"","astra-migrate-meta-layouts":"default","ast-page-background-enabled":"default","ast-page-background-meta":{"desktop":{"background-color":"var(--ast-global-color-5)","background-image":"","background-repeat":"repeat","background-position":"center center","background-size":"auto","background-attachment":"scroll","background-type":"","background-media":"","overlay-type":"","overlay-color":"","overlay-opacity":"","overlay-gradient":""},"tablet":{"background-color":"","background-image":"","background-repeat":"repeat","background-position":"center center","background-size":"auto","background-attachment":"scroll","background-type":"","background-media":"","overlay-type":"","overlay-color":"","overlay-opacity":"","overlay-gradient":""},"mobile":{"background-color":"","background-image":"","background-repeat":"repeat","background-position":"center center","background-size":"auto","background-attachment":"scroll","background-type":"","background-media":"","overlay-type":"","overlay-color":"","overlay-opacity":"","overlay-gradient":""}},"ast-content-background-meta":{"desktop":{"background-color":"var(--ast-global-color-4)","background-image":"","background-repeat":"repeat","background-position":"center center","background-size":"auto","background-attachment":"scroll","background-type":"","background-media":"","overlay-type":"","overlay-color":"","overlay-opacity":"","overlay-gradient":""},"tablet":{"background-color":"var(--ast-global-color-4)","background-image":"","background-repeat":"repeat","background-position":"center center","background-size":"auto","background-attachment":"scroll","background-type":"","background-media":"","overlay-type":"","overlay-color":"","overlay-opacity":"","overlay-gradient":""},"mobile":{"background-color":"var(--ast-global-color-4)","background-image":"","background-repeat":"repeat","background-position":"center center","background-size":"auto","background-attachment":"scroll","background-type":"","background-media":"","overlay-type":"","overlay-color":"","overlay-opacity":"","overlay-gradient":""}},"footnotes":""},"class_list":["post-10847","page","type-page","status-publish","hentry"],"post_mailing_queue_ids":[],"_links":{"self":[{"href":"https:\/\/agora.xtec.cat\/insdertosa\/wp-json\/wp\/v2\/pages\/10847","targetHints":{"allow":["GET"]}}],"collection":[{"href":"https:\/\/agora.xtec.cat\/insdertosa\/wp-json\/wp\/v2\/pages"}],"about":[{"href":"https:\/\/agora.xtec.cat\/insdertosa\/wp-json\/wp\/v2\/types\/page"}],"author":[{"embeddable":true,"href":"https:\/\/agora.xtec.cat\/insdertosa\/wp-json\/wp\/v2\/users\/1"}],"replies":[{"embeddable":true,"href":"https:\/\/agora.xtec.cat\/insdertosa\/wp-json\/wp\/v2\/comments?post=10847"}],"version-history":[{"count":3,"href":"https:\/\/agora.xtec.cat\/insdertosa\/wp-json\/wp\/v2\/pages\/10847\/revisions"}],"predecessor-version":[{"id":11436,"href":"https:\/\/agora.xtec.cat\/insdertosa\/wp-json\/wp\/v2\/pages\/10847\/revisions\/11436"}],"up":[{"embeddable":true,"href":"https:\/\/agora.xtec.cat\/insdertosa\/wp-json\/wp\/v2\/pages\/10733"}],"wp:attachment":[{"href":"https:\/\/agora.xtec.cat\/insdertosa\/wp-json\/wp\/v2\/media?parent=10847"}],"curies":[{"name":"wp","href":"https:\/\/api.w.org\/{rel}","templated":true}]}}