{"id":10733,"date":"2023-04-20T19:20:28","date_gmt":"2023-04-20T17:20:28","guid":{"rendered":"https:\/\/agora.xtec.cat\/insdertosa\/?page_id=10733"},"modified":"2023-05-25T10:23:39","modified_gmt":"2023-05-25T08:23:39","slug":"cultura-digital-2","status":"publish","type":"page","link":"https:\/\/agora.xtec.cat\/insdertosa\/projecte-educatiu\/cultura-digital-2\/","title":{"rendered":"Cultura Digital"},"content":{"rendered":"<p><span style=\"font-weight: 400;\">La incorporaci\u00f3 de les compet\u00e8ncies de l\u2019\u00e0mbit digital en el Decret 119\/2015, de 23 de juny, d\u2019ordenaci\u00f3 dels ensenyaments de l\u2019educaci\u00f3 prim\u00e0ria i en el Decret 187\/2015, de 25 d\u2019agost, d\u2019ordenaci\u00f3 dels ensenyaments de l\u2019educaci\u00f3 secund\u00e0ria obligat\u00f2ria marca un punt d\u2019inflexi\u00f3 en la consideraci\u00f3 de l\u2019\u00e0mbit digital com a element transversal en la formaci\u00f3 global dels infants i joves.<\/span><\/p>\n<p><span style=\"font-weight: 400;\">L\u2019\u00fas de les tecnologies digitals passa de ser considerat un recurs complementari a formar part del cos de compet\u00e8ncies b\u00e0siques que tot l\u2019alumnat ha d\u2019haver assolit en acabar els nivells d\u2019educaci\u00f3 obligat\u00f2ria.<\/span><\/p>\n<p><span style=\"font-weight: 400;\">\u00c9s en aquest context, i per tal de fer front als desafiaments del segle XXI i assolir la transformaci\u00f3 digital de l\u2019educaci\u00f3 i la societat en general s&#8217;ha de treballar l&#8217;anomenada cultura digital, per aix\u00f2 a continuaci\u00f3 trobarem els seg\u00fcents punts.<\/span><\/p>\n<table style=\"border-collapse: collapse; width: 100%;\">\n<tbody>\n<tr>\n<td style=\"width: 100%; border-style: hidden;\" colspan=\"6\"><img loading=\"lazy\" decoding=\"async\" class=\"alignnone size-full wp-image-11144 aligncenter\" src=\"https:\/\/agora.xtec.cat\/insdertosa\/wp-content\/uploads\/usu144\/2023\/05\/cultura-digital-1.png\" alt=\"\" width=\"1024\" height=\"237\" srcset=\"https:\/\/agora.xtec.cat\/insdertosa\/wp-content\/uploads\/usu144\/2023\/05\/cultura-digital-1.png 1024w, https:\/\/agora.xtec.cat\/insdertosa\/wp-content\/uploads\/usu144\/2023\/05\/cultura-digital-1-300x69.png 300w, https:\/\/agora.xtec.cat\/insdertosa\/wp-content\/uploads\/usu144\/2023\/05\/cultura-digital-1-768x178.png 768w\" sizes=\"auto, (max-width: 1024px) 100vw, 1024px\" \/><\/td>\n<\/tr>\n<tr>\n<td style=\"width: 16.6667%; border-style: hidden;\"><a href=\"https:\/\/agora.xtec.cat\/insdertosa\/projecte-educatiu\/cultura-digital-2\/descripcio-de-serveis\/\" target=\"_blank\" rel=\"noopener\"><img loading=\"lazy\" decoding=\"async\" class=\"size-full wp-image-11145 alignright\" src=\"https:\/\/agora.xtec.cat\/insdertosa\/wp-content\/uploads\/usu144\/2023\/05\/cultura-digital-2.png\" alt=\"\" width=\"138\" height=\"106\" \/><\/a><\/td>\n<td style=\"width: 16.6667%; border-style: hidden;\"><a href=\"https:\/\/agora.xtec.cat\/insdertosa\/projecte-educatiu\/cultura-digital-2\/desplegament-de-les-competencies\/\" target=\"_blank\" rel=\"noopener\"><img loading=\"lazy\" decoding=\"async\" class=\"alignnone size-large wp-image-11146\" src=\"https:\/\/agora.xtec.cat\/insdertosa\/wp-content\/uploads\/usu144\/2023\/05\/cultura-digital-3.png\" alt=\"\" width=\"188\" height=\"105\" \/><\/a><\/td>\n<td style=\"width: 16.6667%; border-style: hidden;\"><a href=\"https:\/\/agora.xtec.cat\/insdertosa\/projecte-educatiu\/cultura-digital-2\/acords-de-claustre-i-consell-escolar\/\" target=\"_blank\" rel=\"noopener\"><img loading=\"lazy\" decoding=\"async\" class=\"alignnone size-large wp-image-11147\" src=\"https:\/\/agora.xtec.cat\/insdertosa\/wp-content\/uploads\/usu144\/2023\/05\/cultura-digital-4.png\" alt=\"\" width=\"184\" height=\"101\" \/><\/a><\/td>\n<td style=\"width: 13.8219%; border-style: hidden;\"><a href=\"https:\/\/agora.xtec.cat\/insdertosa\/projecte-educatiu\/cultura-digital-2\/acollida-digital\/\" target=\"_blank\" rel=\"noopener\"><img loading=\"lazy\" decoding=\"async\" class=\"alignnone size-large wp-image-11148\" src=\"https:\/\/agora.xtec.cat\/insdertosa\/wp-content\/uploads\/usu144\/2023\/05\/cultura-digital-5.png\" alt=\"\" width=\"120\" height=\"99\" \/><\/a><\/td>\n<td style=\"width: 17.3563%; border-style: hidden;\"><a href=\"https:\/\/agora.xtec.cat\/insdertosa\/projecte-educatiu\/cultura-digital-2\/portals-digitals-i-comunicacio\/\" target=\"_blank\" rel=\"noopener\"><img loading=\"lazy\" decoding=\"async\" class=\"alignnone size-large wp-image-11149\" src=\"https:\/\/agora.xtec.cat\/insdertosa\/wp-content\/uploads\/usu144\/2023\/05\/cultura-digital-6.png\" alt=\"\" width=\"179\" height=\"108\" \/><\/a><\/td>\n<td style=\"width: 18.8219%; border-style: hidden;\"><a href=\"https:\/\/docs.google.com\/document\/d\/e\/2PACX-1vTi5wD4EDLoFbB5R4Etg_x3cW-bicYps3h_BI-2wpKemGm6YNOZ13IOj9W0_YvZ7NuXU9gAlkEi1Nhg\/pub\" target=\"_blank\" rel=\"noopener\"><img loading=\"lazy\" decoding=\"async\" class=\"alignnone size-large wp-image-11150\" src=\"https:\/\/agora.xtec.cat\/insdertosa\/wp-content\/uploads\/usu144\/2023\/05\/cultura-digital-7.png\" alt=\"\" width=\"193\" height=\"121\" \/><\/a><\/td>\n<\/tr>\n<\/tbody>\n<\/table>\n<p>&nbsp;<\/p>\n","protected":false},"excerpt":{"rendered":"<p>La incorporaci\u00f3 de les compet\u00e8ncies de l\u2019\u00e0mbit digital en el Decret 119\/2015, de 23 de juny, d\u2019ordenaci\u00f3 dels ensenyaments de l\u2019educaci\u00f3 prim\u00e0ria i en el Decret 187\/2015, de 25 d\u2019agost, d\u2019ordenaci\u00f3 dels ensenyaments de l\u2019educaci\u00f3 secund\u00e0ria obligat\u00f2ria marca un punt d\u2019inflexi\u00f3 en la consideraci\u00f3 de l\u2019\u00e0mbit digital com a element transversal en la formaci\u00f3 global [&hellip;]<\/p>\n","protected":false},"author":1,"featured_media":0,"parent":57,"menu_order":0,"comment_status":"closed","ping_status":"closed","template":"page-templates\/side-menu.php","meta":{"_bbp_topic_count":0,"_bbp_reply_count":0,"_bbp_total_topic_count":0,"_bbp_total_reply_count":0,"_bbp_voice_count":0,"_bbp_anonymous_reply_count":0,"_bbp_topic_count_hidden":0,"_bbp_reply_count_hidden":0,"_bbp_forum_subforum_count":0,"site-sidebar-layout":"default","site-content-layout":"","ast-site-content-layout":"","site-content-style":"default","site-sidebar-style":"default","ast-global-header-display":"","ast-banner-title-visibility":"","ast-main-header-display":"","ast-hfb-above-header-display":"","ast-hfb-below-header-display":"","ast-hfb-mobile-header-display":"","site-post-title":"","ast-breadcrumbs-content":"","ast-featured-img":"","footer-sml-layout":"","theme-transparent-header-meta":"","adv-header-id-meta":"","stick-header-meta":"","header-above-stick-meta":"","header-main-stick-meta":"","header-below-stick-meta":"","astra-migrate-meta-layouts":"default","ast-page-background-enabled":"default","ast-page-background-meta":{"desktop":{"background-color":"var(--ast-global-color-5)","background-image":"","background-repeat":"repeat","background-position":"center center","background-size":"auto","background-attachment":"scroll","background-type":"","background-media":"","overlay-type":"","overlay-color":"","overlay-opacity":"","overlay-gradient":""},"tablet":{"background-color":"","background-image":"","background-repeat":"repeat","background-position":"center center","background-size":"auto","background-attachment":"scroll","background-type":"","background-media":"","overlay-type":"","overlay-color":"","overlay-opacity":"","overlay-gradient":""},"mobile":{"background-color":"","background-image":"","background-repeat":"repeat","background-position":"center center","background-size":"auto","background-attachment":"scroll","background-type":"","background-media":"","overlay-type":"","overlay-color":"","overlay-opacity":"","overlay-gradient":""}},"ast-content-background-meta":{"desktop":{"background-color":"var(--ast-global-color-4)","background-image":"","background-repeat":"repeat","background-position":"center center","background-size":"auto","background-attachment":"scroll","background-type":"","background-media":"","overlay-type":"","overlay-color":"","overlay-opacity":"","overlay-gradient":""},"tablet":{"background-color":"var(--ast-global-color-4)","background-image":"","background-repeat":"repeat","background-position":"center center","background-size":"auto","background-attachment":"scroll","background-type":"","background-media":"","overlay-type":"","overlay-color":"","overlay-opacity":"","overlay-gradient":""},"mobile":{"background-color":"var(--ast-global-color-4)","background-image":"","background-repeat":"repeat","background-position":"center center","background-size":"auto","background-attachment":"scroll","background-type":"","background-media":"","overlay-type":"","overlay-color":"","overlay-opacity":"","overlay-gradient":""}},"footnotes":""},"class_list":["post-10733","page","type-page","status-publish","hentry"],"post_mailing_queue_ids":[],"_links":{"self":[{"href":"https:\/\/agora.xtec.cat\/insdertosa\/wp-json\/wp\/v2\/pages\/10733","targetHints":{"allow":["GET"]}}],"collection":[{"href":"https:\/\/agora.xtec.cat\/insdertosa\/wp-json\/wp\/v2\/pages"}],"about":[{"href":"https:\/\/agora.xtec.cat\/insdertosa\/wp-json\/wp\/v2\/types\/page"}],"author":[{"embeddable":true,"href":"https:\/\/agora.xtec.cat\/insdertosa\/wp-json\/wp\/v2\/users\/1"}],"replies":[{"embeddable":true,"href":"https:\/\/agora.xtec.cat\/insdertosa\/wp-json\/wp\/v2\/comments?post=10733"}],"version-history":[{"count":3,"href":"https:\/\/agora.xtec.cat\/insdertosa\/wp-json\/wp\/v2\/pages\/10733\/revisions"}],"predecessor-version":[{"id":11207,"href":"https:\/\/agora.xtec.cat\/insdertosa\/wp-json\/wp\/v2\/pages\/10733\/revisions\/11207"}],"up":[{"embeddable":true,"href":"https:\/\/agora.xtec.cat\/insdertosa\/wp-json\/wp\/v2\/pages\/57"}],"wp:attachment":[{"href":"https:\/\/agora.xtec.cat\/insdertosa\/wp-json\/wp\/v2\/media?parent=10733"}],"curies":[{"name":"wp","href":"https:\/\/api.w.org\/{rel}","templated":true}]}}