{"id":3445,"date":"2023-12-20T11:35:18","date_gmt":"2023-12-20T10:35:18","guid":{"rendered":"https:\/\/agora.xtec.cat\/insderodadebara\/?page_id=3445"},"modified":"2023-12-20T13:32:58","modified_gmt":"2023-12-20T12:32:58","slug":"tallers-gep-4rt-eso","status":"publish","type":"page","link":"https:\/\/agora.xtec.cat\/insderodadebara\/projectes\/programa-generacio-plurilingue-gep\/tallers-gep-4rt-eso\/","title":{"rendered":"Tallers GEP 4t ESO"},"content":{"rendered":"<p><span style=\"font-weight: 400;\">Let\u2019s create a <strong>Tiny Story<\/strong>! \u00e9s un taller d\u2019escriptura creativa en angl\u00e8s que han dut a terme els alumnes de 4t d\u2019ESO. Els alumnes han apr\u00e8s com plantejar una hist\u00f2ria creant personatges originals amb fortaleses i febleses, amb objectius i amb viv\u00e8ncies que els fan \u00fanics. Tamb\u00e9 han pogut realitzar diferents biografies de dones que han canviat el m\u00f3n. En acabar tots han tingut la possibilitat de mostrar les seves creacions recollides en diferents booklets. Thank you, Angela!<\/span><\/p>\n","protected":false},"excerpt":{"rendered":"<p>Let\u2019s create a Tiny Story! \u00e9s un taller d\u2019escriptura creativa en angl\u00e8s que han dut a terme els alumnes de 4t d\u2019ESO. Els alumnes han apr\u00e8s com plantejar una hist\u00f2ria creant personatges originals amb fortaleses i febleses, amb objectius i amb viv\u00e8ncies que els fan&hellip;  <a href=\"https:\/\/agora.xtec.cat\/insderodadebara\/projectes\/programa-generacio-plurilingue-gep\/tallers-gep-4rt-eso\/\" title=\"Read Tallers GEP 4t ESO\">Llegeix m\u00e9s\u00bb<\/a><\/p>\n","protected":false},"author":123,"featured_media":0,"parent":2904,"menu_order":3,"comment_status":"closed","ping_status":"closed","template":"page-templates\/side-menu.php","meta":{"_bbp_topic_count":0,"_bbp_reply_count":0,"_bbp_total_topic_count":0,"_bbp_total_reply_count":0,"_bbp_voice_count":0,"_bbp_anonymous_reply_count":0,"_bbp_topic_count_hidden":0,"_bbp_reply_count_hidden":0,"_bbp_forum_subforum_count":0,"footnotes":""},"class_list":["post-3445","page","type-page","status-publish","hentry"],"post_mailing_queue_ids":[],"_links":{"self":[{"href":"https:\/\/agora.xtec.cat\/insderodadebara\/wp-json\/wp\/v2\/pages\/3445","targetHints":{"allow":["GET"]}}],"collection":[{"href":"https:\/\/agora.xtec.cat\/insderodadebara\/wp-json\/wp\/v2\/pages"}],"about":[{"href":"https:\/\/agora.xtec.cat\/insderodadebara\/wp-json\/wp\/v2\/types\/page"}],"author":[{"embeddable":true,"href":"https:\/\/agora.xtec.cat\/insderodadebara\/wp-json\/wp\/v2\/users\/123"}],"replies":[{"embeddable":true,"href":"https:\/\/agora.xtec.cat\/insderodadebara\/wp-json\/wp\/v2\/comments?post=3445"}],"version-history":[{"count":2,"href":"https:\/\/agora.xtec.cat\/insderodadebara\/wp-json\/wp\/v2\/pages\/3445\/revisions"}],"predecessor-version":[{"id":3487,"href":"https:\/\/agora.xtec.cat\/insderodadebara\/wp-json\/wp\/v2\/pages\/3445\/revisions\/3487"}],"up":[{"embeddable":true,"href":"https:\/\/agora.xtec.cat\/insderodadebara\/wp-json\/wp\/v2\/pages\/2904"}],"wp:attachment":[{"href":"https:\/\/agora.xtec.cat\/insderodadebara\/wp-json\/wp\/v2\/media?parent=3445"}],"curies":[{"name":"wp","href":"https:\/\/api.w.org\/{rel}","templated":true}]}}