{"id":3215,"date":"2023-05-17T18:29:36","date_gmt":"2023-05-17T16:29:36","guid":{"rendered":"https:\/\/agora.xtec.cat\/insderodadebara\/?page_id=3215"},"modified":"2023-05-17T20:17:25","modified_gmt":"2023-05-17T18:17:25","slug":"comunicacio-de-la-comunitat-educativa","status":"publish","type":"page","link":"https:\/\/agora.xtec.cat\/insderodadebara\/estrategia-digital-de-centre\/cultura-digital\/comunicacio-de-la-comunitat-educativa\/","title":{"rendered":"Comunicaci\u00f3 de la comunitat educativa"},"content":{"rendered":"<p><span style=\"font-weight: 400;\">La comunicaci\u00f3 entre diferents membres de la comunitat educativa es fa de la seg\u00fcent manera:<\/span><\/p>\n<p><span style=\"text-decoration: underline;\"><strong>EQUIP DIRECTIU I PROFESSORAT<\/strong><\/span><\/p>\n<p><span style=\"font-weight: 400;\">L\u2019equip directiu es comunica amb el professorat mitjan\u00e7ant el correu corporatiu XTEC.<\/span><\/p>\n<p><span style=\"text-decoration: underline;\"><strong>EQUIP DIRECTIU I ALUMNAT<\/strong><\/span><\/p>\n<p><span style=\"font-weight: 400;\">Normalment, la comunicaci\u00f3 amb l\u2019alumnat es realitza a trav\u00e9s dels tutors. No obstant, si s\u2019ha d\u2019enviar un missatge a un grup d\u2019alumnes o massivament a tots els alumnes es far\u00e0 mitjan\u00e7ant el correu corporatiu XTEC del centre al correu @insrdb.cat de l\u2019alumnat.<\/span><\/p>\n<p><span style=\"text-decoration: underline;\"><strong>EQUIP DIRECTIU-FAM\u00cdLIES<\/strong><\/span><\/p>\n<p><span style=\"font-weight: 400;\">Les comunicacions de direcci\u00f3 amb les fam\u00edlies de l\u2019alumnat del centre es fan a trav\u00e9s del correu electr\u00f2nic del centre i tamb\u00e9 pel Gestin (si en el text hi ha un document adjunt). Les fam\u00edlies han de tenir el seu correu electr\u00f2nic informat i actualitzat en la plataforma Gestin.<\/span><\/p>\n<p><span style=\"text-decoration: underline;\"><strong>PROFESSORAT-ALUMNAT<\/strong><\/span><\/p>\n<p><span style=\"font-weight: 400;\">El professorat es comunica amb l\u2019alumnat a trav\u00e9s de les aplicacions del compte de Google @insrdb.cat (Drive, Classroom, gmail). Aquests entorns serveixen com a comunicaci\u00f3 i de treball.\u00a0<\/span><\/p>\n<p><span style=\"text-decoration: underline;\"><strong>PROFESSORAT-FAM\u00cdLIES<\/strong><\/span><\/p>\n<p><span style=\"font-weight: 400;\">La plataforma Gestin permet al professorat fer un seguiment de l\u2019alumnat visible per a les fam\u00edlies. Aquest seguiment inclou anotacions de si l\u2019alumnat fa els deures, t\u00e9 un bon comportament a l\u2019aula, control de l\u2019assist\u00e8ncia, retards,&#8230;<\/span><\/p>\n<p><span style=\"font-weight: 400;\">En cas de ser necess\u00e0ria una comunicaci\u00f3 m\u00e9s directa entre professorat i fam\u00edlia, es fa a trav\u00e9s de la persona tutora. No obstant, el professorat utilitza el correu @insrdb.cat per comunicar-se amb les fam\u00edlies, si \u00e9s necessari. Les fam\u00edlies tamb\u00e9 tenen disponible el llistat de correus @insrdb.cat del professorat.<\/span><\/p>\n<p><span style=\"text-decoration: underline;\"><strong>TUTORS-FAM\u00cdLIES<\/strong><\/span><\/p>\n<p><span style=\"font-weight: 400;\">La persona tutora \u00e9s a qui les fam\u00edlies poden adre\u00e7ar-se per a qualsevol consulta, dubte, inquietud, problema o proposta. La forma de comunicaci\u00f3 principal \u00e9s a trav\u00e9s del correu electr\u00f2nic @insrdb.cat\u00a0 o per tel\u00e8fon. A m\u00e9s a m\u00e9s, tant les fam\u00edlies com els tutors i tutores poden acordar una tutoria directa de manera presencial al centreo per videotrucada.<\/span><\/p>\n<p><span style=\"text-decoration: underline;\"><strong>ALTRES COMUNICACIONS<\/strong><\/span><\/p>\n<p><span style=\"font-weight: 400;\">Per un costat, el web del centre t\u00e9 tota la informaci\u00f3 institucional, \u00e9s a dir informaci\u00f3 relativa al centre, nivell, documents de centre, calendari escolar, informaci\u00f3 relativa als per\u00edodes de preinscripci\u00f3 i matr\u00edcula, horaris dels grups-classe, enlla\u00e7os per accedir al Gestin, a les xarxes socials,&#8230;<\/span><\/p>\n<p><span style=\"font-weight: 400;\">Per tal d\u2019arribar al major nombre de fam\u00edlies possible, el centre \u00e9s present en les principals xarxes socials Instagram, Twitter i Facebook. El professorat del centre pot enviar publicacions a fer a les persones responsables. En totes elles s\u2019hi publica la seg\u00fcent informaci\u00f3:<\/span><\/p>\n<ul>\n<li style=\"font-weight: 400;\" aria-level=\"1\"><span style=\"font-weight: 400;\">Sortides de l\u2019alumnat del centre<\/span><\/li>\n<li style=\"font-weight: 400;\" aria-level=\"1\"><span style=\"font-weight: 400;\">Activitats que es duen a terme al centre<\/span><\/li>\n<li style=\"font-weight: 400;\" aria-level=\"1\"><span style=\"font-weight: 400;\">Participaci\u00f3 de l\u2019alumnat en concursos o jornades en representaci\u00f3 del centre<\/span><\/li>\n<li style=\"font-weight: 400;\" aria-level=\"1\"><span style=\"font-weight: 400;\">Retalls de not\u00edcies de premsa en les quals apareix el centre<\/span><\/li>\n<li style=\"font-weight: 400;\" aria-level=\"1\"><span style=\"font-weight: 400;\">A Twitter es fa retweet de les publicacions d\u2019altres comptes relacionats amb l\u2019institut<\/span><\/li>\n<\/ul>\n","protected":false},"excerpt":{"rendered":"<p>La comunicaci\u00f3 entre diferents membres de la comunitat educativa es fa de la seg\u00fcent manera:<br \/>\nEQUIP DIRECTIU I PROFESSORAT<br \/>\nL\u2019equip directiu es comunica amb el professorat mitjan\u00e7ant el correu corporatiu XTEC.<br \/>\nEQUIP DIRECTIU I ALUMNAT<br \/>\nNormalment, la comunicaci\u00f3 amb l\u2019alumnat es realitza a trav\u00e9s dels tutors. No obstant, si&hellip;  <a href=\"https:\/\/agora.xtec.cat\/insderodadebara\/estrategia-digital-de-centre\/cultura-digital\/comunicacio-de-la-comunitat-educativa\/\" title=\"Read Comunicaci\u00f3 de la comunitat educativa\">Llegeix m\u00e9s\u00bb<\/a><\/p>\n","protected":false},"author":1,"featured_media":0,"parent":3201,"menu_order":0,"comment_status":"closed","ping_status":"closed","template":"","meta":{"_bbp_topic_count":0,"_bbp_reply_count":0,"_bbp_total_topic_count":0,"_bbp_total_reply_count":0,"_bbp_voice_count":0,"_bbp_anonymous_reply_count":0,"_bbp_topic_count_hidden":0,"_bbp_reply_count_hidden":0,"_bbp_forum_subforum_count":0,"footnotes":""},"class_list":["post-3215","page","type-page","status-publish","hentry"],"post_mailing_queue_ids":[],"_links":{"self":[{"href":"https:\/\/agora.xtec.cat\/insderodadebara\/wp-json\/wp\/v2\/pages\/3215","targetHints":{"allow":["GET"]}}],"collection":[{"href":"https:\/\/agora.xtec.cat\/insderodadebara\/wp-json\/wp\/v2\/pages"}],"about":[{"href":"https:\/\/agora.xtec.cat\/insderodadebara\/wp-json\/wp\/v2\/types\/page"}],"author":[{"embeddable":true,"href":"https:\/\/agora.xtec.cat\/insderodadebara\/wp-json\/wp\/v2\/users\/1"}],"replies":[{"embeddable":true,"href":"https:\/\/agora.xtec.cat\/insderodadebara\/wp-json\/wp\/v2\/comments?post=3215"}],"version-history":[{"count":3,"href":"https:\/\/agora.xtec.cat\/insderodadebara\/wp-json\/wp\/v2\/pages\/3215\/revisions"}],"predecessor-version":[{"id":3254,"href":"https:\/\/agora.xtec.cat\/insderodadebara\/wp-json\/wp\/v2\/pages\/3215\/revisions\/3254"}],"up":[{"embeddable":true,"href":"https:\/\/agora.xtec.cat\/insderodadebara\/wp-json\/wp\/v2\/pages\/3201"}],"wp:attachment":[{"href":"https:\/\/agora.xtec.cat\/insderodadebara\/wp-json\/wp\/v2\/media?parent=3215"}],"curies":[{"name":"wp","href":"https:\/\/api.w.org\/{rel}","templated":true}]}}