{"id":2904,"date":"2022-01-17T17:21:40","date_gmt":"2022-01-17T16:21:40","guid":{"rendered":"https:\/\/agora.xtec.cat\/insderodadebara\/?page_id=2904"},"modified":"2023-12-20T12:46:18","modified_gmt":"2023-12-20T11:46:18","slug":"programa-generacio-plurilingue-gep","status":"publish","type":"page","link":"https:\/\/agora.xtec.cat\/insderodadebara\/projectes\/programa-generacio-plurilingue-gep\/","title":{"rendered":"Programa Generaci\u00f3 Pluriling\u00fce (GEP)"},"content":{"rendered":"<p><span style=\"font-weight: 400;\">L\u2019Institut Roda de Ber\u00e0 forma part del <\/span><b>Pla d\u2019Innovaci\u00f3 del Departament d\u2019Educaci\u00f3<\/b><span style=\"font-weight: 400;\"> (GEP) des del curs 2019-2020. Aquest projecte, t\u00e9 com a objectiu millorar la compet\u00e8ncia comunicativa en llengua anglesa del nostre alumnat introduint la metodologia CLIL\/ AICLE.<\/span><\/p>\n<p><span style=\"font-weight: 400;\">El nostre centre compta amb la implicaci\u00f3 de l&#8217;equip impulsor format per professors i professores de diferents departaments, que treballen conjuntament per tal d`oferir a l&#8217;alumnat diverses pr\u00e0ctiques i activitats en llengua anglesa.<\/span><\/p>\n<p><span style=\"font-weight: 400;\">El nostre objectiu \u00e9s proporcionar al nostre alumnat la possibilitat de treballar mat\u00e8ries no ling\u00fc\u00edstiques en llengua anglesa, amb metodologies que fomenten la col\u00b7laboraci\u00f3 i la cooperaci\u00f3.<\/span><\/p>\n","protected":false},"excerpt":{"rendered":"<p>L\u2019Institut Roda de Ber\u00e0 forma part del Pla d\u2019Innovaci\u00f3 del Departament d\u2019Educaci\u00f3 (GEP) des del curs 2019-2020. Aquest projecte, t\u00e9 com a objectiu millorar la compet\u00e8ncia comunicativa en llengua anglesa del nostre alumnat introduint la metodologia CLIL\/ AICLE.<br \/>\nEl nostre centre compta amb la implicaci\u00f3 de&hellip;  <a href=\"https:\/\/agora.xtec.cat\/insderodadebara\/projectes\/programa-generacio-plurilingue-gep\/\" title=\"Read Programa Generaci\u00f3 Pluriling\u00fce (GEP)\">Llegeix m\u00e9s\u00bb<\/a><\/p>\n","protected":false},"author":1,"featured_media":0,"parent":1107,"menu_order":6,"comment_status":"closed","ping_status":"closed","template":"page-templates\/side-menu.php","meta":{"_bbp_topic_count":0,"_bbp_reply_count":0,"_bbp_total_topic_count":0,"_bbp_total_reply_count":0,"_bbp_voice_count":0,"_bbp_anonymous_reply_count":0,"_bbp_topic_count_hidden":0,"_bbp_reply_count_hidden":0,"_bbp_forum_subforum_count":0,"footnotes":""},"class_list":["post-2904","page","type-page","status-publish","hentry"],"post_mailing_queue_ids":[],"_links":{"self":[{"href":"https:\/\/agora.xtec.cat\/insderodadebara\/wp-json\/wp\/v2\/pages\/2904","targetHints":{"allow":["GET"]}}],"collection":[{"href":"https:\/\/agora.xtec.cat\/insderodadebara\/wp-json\/wp\/v2\/pages"}],"about":[{"href":"https:\/\/agora.xtec.cat\/insderodadebara\/wp-json\/wp\/v2\/types\/page"}],"author":[{"embeddable":true,"href":"https:\/\/agora.xtec.cat\/insderodadebara\/wp-json\/wp\/v2\/users\/1"}],"replies":[{"embeddable":true,"href":"https:\/\/agora.xtec.cat\/insderodadebara\/wp-json\/wp\/v2\/comments?post=2904"}],"version-history":[{"count":4,"href":"https:\/\/agora.xtec.cat\/insderodadebara\/wp-json\/wp\/v2\/pages\/2904\/revisions"}],"predecessor-version":[{"id":3432,"href":"https:\/\/agora.xtec.cat\/insderodadebara\/wp-json\/wp\/v2\/pages\/2904\/revisions\/3432"}],"up":[{"embeddable":true,"href":"https:\/\/agora.xtec.cat\/insderodadebara\/wp-json\/wp\/v2\/pages\/1107"}],"wp:attachment":[{"href":"https:\/\/agora.xtec.cat\/insderodadebara\/wp-json\/wp\/v2\/media?parent=2904"}],"curies":[{"name":"wp","href":"https:\/\/api.w.org\/{rel}","templated":true}]}}