{"id":1121,"date":"2017-02-17T14:09:55","date_gmt":"2017-02-17T13:09:55","guid":{"rendered":"http:\/\/agora.xtec.cat\/insderodadebara\/?page_id=1121"},"modified":"2024-02-22T20:26:56","modified_gmt":"2024-02-22T19:26:56","slug":"projecte-de-mediacio","status":"publish","type":"page","link":"https:\/\/agora.xtec.cat\/insderodadebara\/projectes\/projecte-de-mediacio\/","title":{"rendered":"Projecte de Mediaci\u00f3"},"content":{"rendered":"<p>En el centre apostem per la resoluci\u00f3 positiva de conflictes i la mediaci\u00f3. A continuaci\u00f3, podeu veure com ho treballem:<\/p>\n<p><a href=\"https:\/\/agora.xtec.cat\/insderodadebara\/wp-content\/uploads\/usu1145\/2024\/02\/Projecte-de-mediacio.pdf\">Projecte de mediaci\u00f3<\/a><\/p>\n","protected":false},"excerpt":{"rendered":"<p>En el centre apostem per la resoluci\u00f3 positiva de conflictes i la mediaci\u00f3. A continuaci\u00f3, podeu veure com ho treballem:<br \/>\n<a href=\"https:\/\/agora.xtec.cat\/insderodadebara\/wp-content\/uploads\/usu1145\/2024\/02\/Projecte-de-mediacio.pdf\">Projecte de mediaci\u00f3<\/a><\/p>\n","protected":false},"author":1,"featured_media":0,"parent":1107,"menu_order":0,"comment_status":"closed","ping_status":"closed","template":"page-templates\/side-menu.php","meta":{"_bbp_topic_count":0,"_bbp_reply_count":0,"_bbp_total_topic_count":0,"_bbp_total_reply_count":0,"_bbp_voice_count":0,"_bbp_anonymous_reply_count":0,"_bbp_topic_count_hidden":0,"_bbp_reply_count_hidden":0,"_bbp_forum_subforum_count":0,"footnotes":""},"class_list":["post-1121","page","type-page","status-publish","hentry"],"post_mailing_queue_ids":[],"_links":{"self":[{"href":"https:\/\/agora.xtec.cat\/insderodadebara\/wp-json\/wp\/v2\/pages\/1121","targetHints":{"allow":["GET"]}}],"collection":[{"href":"https:\/\/agora.xtec.cat\/insderodadebara\/wp-json\/wp\/v2\/pages"}],"about":[{"href":"https:\/\/agora.xtec.cat\/insderodadebara\/wp-json\/wp\/v2\/types\/page"}],"author":[{"embeddable":true,"href":"https:\/\/agora.xtec.cat\/insderodadebara\/wp-json\/wp\/v2\/users\/1"}],"replies":[{"embeddable":true,"href":"https:\/\/agora.xtec.cat\/insderodadebara\/wp-json\/wp\/v2\/comments?post=1121"}],"version-history":[{"count":5,"href":"https:\/\/agora.xtec.cat\/insderodadebara\/wp-json\/wp\/v2\/pages\/1121\/revisions"}],"predecessor-version":[{"id":3521,"href":"https:\/\/agora.xtec.cat\/insderodadebara\/wp-json\/wp\/v2\/pages\/1121\/revisions\/3521"}],"up":[{"embeddable":true,"href":"https:\/\/agora.xtec.cat\/insderodadebara\/wp-json\/wp\/v2\/pages\/1107"}],"wp:attachment":[{"href":"https:\/\/agora.xtec.cat\/insderodadebara\/wp-json\/wp\/v2\/media?parent=1121"}],"curies":[{"name":"wp","href":"https:\/\/api.w.org\/{rel}","templated":true}]}}