{"id":1049,"date":"2017-01-31T09:54:06","date_gmt":"2017-01-31T08:54:06","guid":{"rendered":"http:\/\/agora.xtec.cat\/insderodadebara\/?page_id=1049"},"modified":"2025-09-26T09:58:24","modified_gmt":"2025-09-26T07:58:24","slug":"documents-del-centre","status":"publish","type":"page","link":"https:\/\/agora.xtec.cat\/insderodadebara\/linstitut\/documents-del-centre\/","title":{"rendered":"Documents de centre"},"content":{"rendered":"<p>Aqu\u00ed teniu els documents importants que fem servir al nostre centre.<\/p>\n<ul>\n<li><a href=\"https:\/\/agora.xtec.cat\/insderodadebara\/wp-content\/uploads\/usu1145\/2025\/09\/Guia-families-25-26_versio-3-1.pdf\">Guia de les fam\u00edlies 25-26<\/a><\/li>\n<li><a href=\"https:\/\/agora.xtec.cat\/insderodadebara\/wp-content\/uploads\/usu1145\/2025\/09\/guia-alumnat-25-26_versio-3.pdf\">Guia de l&#8217;alumnat 25-26<\/a><\/li>\n<li><a href=\"https:\/\/agora.xtec.cat\/insderodadebara\/wp-content\/uploads\/usu1145\/2017\/01\/PEC-2010-2011.pdf\">PROJECTE EDUCATIU DE CENTRE (de 2010, pendent de revisi\u00f3)<\/a><\/li>\n<li><a href=\"https:\/\/agora.xtec.cat\/insderodadebara\/wp-content\/uploads\/usu1145\/2024\/02\/PAD-23-24.pdf\">PLA D&#8217;ATENCI\u00d3 A LA DIVERSITAT 23-24 (en revisi\u00f3)<\/a><\/li>\n<li><a href=\"https:\/\/agora.xtec.cat\/insderodadebara\/wp-content\/uploads\/usu1145\/2024\/02\/Projecte-linguistic-23-24.pdf\">PROJECTE LING\u00dc\u00cdSTIC (en revisi\u00f3)<\/a><\/li>\n<li><a href=\"https:\/\/agora.xtec.cat\/insderodadebara\/wp-content\/uploads\/usu1145\/2024\/09\/Carta-de-compromis-educatiu-revisada-2024-2025.docx.pdf\">CARTA DE COMPROM\u00cdS EDUCATIU<\/a><\/li>\n<\/ul>\n<p>&nbsp;<\/p>\n","protected":false},"excerpt":{"rendered":"<p>Aqu\u00ed teniu els documents importants que fem servir al nostre centre.<\/p>\n<ul>\n<li><a href=\"https:\/\/agora.xtec.cat\/insderodadebara\/wp-content\/uploads\/usu1145\/2025\/09\/Guia-families-25-26_versio-3-1.pdf\">Guia de les fam\u00edlies 25-26<\/a><\/li>\n<li><a href=\"https:\/\/agora.xtec.cat\/insderodadebara\/wp-content\/uploads\/usu1145\/2025\/09\/guia-alumnat-25-26_versio-3.pdf\">Guia de l&#8217;alumnat 25-26<\/a><\/li>\n<li><a href=\"https:\/\/agora.xtec.cat\/insderodadebara\/wp-content\/uploads\/usu1145\/2017\/01\/PEC-2010-2011.pdf\">PROJECTE EDUCATIU DE CENTRE (de 2010, pendent de revisi\u00f3)<\/a><\/li>\n<li><a href=\"https:\/\/agora.xtec.cat\/insderodadebara\/wp-content\/uploads\/usu1145\/2024\/02\/PAD-23-24.pdf\">PLA D&#8217;ATENCI\u00d3 A LA DIVERSITAT 23-24 (en revisi\u00f3)<\/a><\/li>\n<li><a href=\"https:\/\/agora.xtec.cat\/insderodadebara\/wp-content\/uploads\/usu1145\/2024\/02\/Projecte-linguistic-23-24.pdf\">PROJECTE LING\u00dc\u00cdSTIC (en revisi\u00f3)<\/a><\/li>\n<li><a href=\"https:\/\/agora.xtec.cat\/insderodadebara\/wp-content\/uploads\/usu1145\/2024\/09\/Carta-de-compromis-educatiu-revisada-2024-2025.docx.pdf\">CARTA DE COMPROM\u00cdS EDUCATIU<\/a><\/li>\n<\/ul>\n<p>&nbsp;<\/p>\n","protected":false},"author":1,"featured_media":0,"parent":19,"menu_order":80,"comment_status":"closed","ping_status":"closed","template":"page-templates\/side-menu.php","meta":{"_bbp_topic_count":0,"_bbp_reply_count":0,"_bbp_total_topic_count":0,"_bbp_total_reply_count":0,"_bbp_voice_count":0,"_bbp_anonymous_reply_count":0,"_bbp_topic_count_hidden":0,"_bbp_reply_count_hidden":0,"_bbp_forum_subforum_count":0,"footnotes":""},"class_list":["post-1049","page","type-page","status-publish","hentry"],"post_mailing_queue_ids":[],"_links":{"self":[{"href":"https:\/\/agora.xtec.cat\/insderodadebara\/wp-json\/wp\/v2\/pages\/1049","targetHints":{"allow":["GET"]}}],"collection":[{"href":"https:\/\/agora.xtec.cat\/insderodadebara\/wp-json\/wp\/v2\/pages"}],"about":[{"href":"https:\/\/agora.xtec.cat\/insderodadebara\/wp-json\/wp\/v2\/types\/page"}],"author":[{"embeddable":true,"href":"https:\/\/agora.xtec.cat\/insderodadebara\/wp-json\/wp\/v2\/users\/1"}],"replies":[{"embeddable":true,"href":"https:\/\/agora.xtec.cat\/insderodadebara\/wp-json\/wp\/v2\/comments?post=1049"}],"version-history":[{"count":8,"href":"https:\/\/agora.xtec.cat\/insderodadebara\/wp-json\/wp\/v2\/pages\/1049\/revisions"}],"predecessor-version":[{"id":3981,"href":"https:\/\/agora.xtec.cat\/insderodadebara\/wp-json\/wp\/v2\/pages\/1049\/revisions\/3981"}],"up":[{"embeddable":true,"href":"https:\/\/agora.xtec.cat\/insderodadebara\/wp-json\/wp\/v2\/pages\/19"}],"wp:attachment":[{"href":"https:\/\/agora.xtec.cat\/insderodadebara\/wp-json\/wp\/v2\/media?parent=1049"}],"curies":[{"name":"wp","href":"https:\/\/api.w.org\/{rel}","templated":true}]}}