{"id":7973,"date":"2025-11-12T12:43:40","date_gmt":"2025-11-12T11:43:40","guid":{"rendered":"https:\/\/agora.xtec.cat\/inscavallbernat\/?page_id=7973"},"modified":"2025-11-30T21:06:01","modified_gmt":"2025-11-30T20:06:01","slug":"la-botigueta-de-la-torre-mossen-homs","status":"publish","type":"page","link":"https:\/\/agora.xtec.cat\/inscavallbernat\/la-botigueta-de-la-torre-mossen-homs\/","title":{"rendered":"La Botigueta de la Torre Moss\u00e8n Homs"},"content":{"rendered":"<p><img loading=\"lazy\" decoding=\"async\" class=\"wp-image-7974 size-full alignleft\" src=\"https:\/\/agora.xtec.cat\/inscavallbernat\/wp-content\/uploads\/usu1351\/2025\/11\/botigueta-e1763107773569.jpg\" alt=\"\" width=\"342\" height=\"578\" srcset=\"https:\/\/agora.xtec.cat\/inscavallbernat\/wp-content\/uploads\/usu1351\/2025\/11\/botigueta-e1763107773569.jpg 342w, https:\/\/agora.xtec.cat\/inscavallbernat\/wp-content\/uploads\/usu1351\/2025\/11\/botigueta-e1763107773569-178x300.jpg 178w\" sizes=\"auto, (max-width: 342px) 100vw, 342px\" \/><\/p>\n<p><span style=\"color: #ff6600;\"><strong>La Botigueta de l&#8217;EHTV<\/strong> <\/span>\u00e9s molt m\u00e9s que una simple botiga de plats preparats i dol\u00e7os; \u00e9s una oportunitat per tastar i donar suport a la propera generaci\u00f3 de cuiners i pastissers del Vall\u00e8s Occidental.<\/p>\n<p>Els estudiants dels cicles formatius de Cuina, Pastisseria i Comer\u00e7 de l&#8217;Escola d&#8217;Hoteleria i Turisme del Vall\u00e8s posen tot el seu entusiasme i habilitats en cada delici\u00f3s plat i dol\u00e7.<\/p>\n<p><span style=\"color: #ff6600;\"><strong>Qu\u00e8 ofereix La Botigueta?<\/strong><\/span><\/p>\n<ul>\n<li>Plats preparats \u00fanics.<\/li>\n<li>Pastisseria irresistible.<\/li>\n<\/ul>\n<p><span style=\"color: #ff6600;\"><strong>Horari d&#8217;obertura:<\/strong><\/span><\/p>\n<ul>\n<li><strong>Dimarts i dijous:<\/strong> de 16:00h a 17:00h<\/li>\n<li><strong>Divendres:<\/strong> de 11:00h a 12:00h<\/li>\n<\/ul>\n<p><span style=\"color: #ff6600;\"><strong>On ens trobar\u00e0s?<\/strong><\/span><\/p>\n<p>Torre Moss\u00e8n Homs, Ctra. Castellar, km 19, 08227 Terrassa, Barcelona.<\/p>\n<p>&nbsp;<\/p>\n<p>&nbsp;<\/p>\n\r\n\t<div class=\"slideshow_container slideshow_container_style-light\" style=\"height: 600px; \" data-slideshow-id=\"7978\" data-style-name=\"style-light\" data-style-version=\"2.3.1\" >\r\n\r\n\t\t\t\t\t<div class=\"slideshow_loading_icon\"><\/div>\r\n\t\t\r\n\t\t<div class=\"slideshow_content\" style=\"display: none;\">\r\n\r\n\t\t\t<div class=\"slideshow_view\">\r\n\t\t\t\t<div class=\"slideshow_slide slideshow_slide_image\">\r\n\t\t\t\t\t\t\t\t\t\t\t<img src=\"https:\/\/agora.xtec.cat\/inscavallbernat\/wp-content\/uploads\/usu1351\/2026\/04\/21ABRIL.png\" alt=\"21ABRIL\" width=\"1080\" height=\"1920\" \/>\r\n\t\t\t\t\t\t\t\t\t\t<div class=\"slideshow_description_box slideshow_transparent\">\r\n\t\t\t\t\t\t<div class=\"slideshow_title\">21ABRIL<\/div>\t\t\t\t\t\t\t\t\t\t\t<\/div>\r\n\t\t\t\t<\/div>\r\n\r\n\t\t\t\t\t\t<div style=\"clear: both;\"><\/div><\/div><div class=\"slideshow_view\">\r\n\t\t\t\t<div class=\"slideshow_slide slideshow_slide_image\">\r\n\t\t\t\t\t\t\t\t\t\t\t<img src=\"https:\/\/agora.xtec.cat\/inscavallbernat\/wp-content\/uploads\/usu1351\/2026\/04\/23ABRIL.png\" alt=\"23ABRIL\" width=\"1080\" height=\"1920\" \/>\r\n\t\t\t\t\t\t\t\t\t\t<div class=\"slideshow_description_box slideshow_transparent\">\r\n\t\t\t\t\t\t<div class=\"slideshow_title\">23ABRIL<\/div>\t\t\t\t\t\t\t\t\t\t\t<\/div>\r\n\t\t\t\t<\/div>\r\n\r\n\t\t\t\t\t\t<div style=\"clear: both;\"><\/div><\/div><div class=\"slideshow_view\">\r\n\t\t\t\t<div class=\"slideshow_slide slideshow_slide_image\">\r\n\t\t\t\t\t\t\t\t\t\t\t<img src=\"https:\/\/agora.xtec.cat\/inscavallbernat\/wp-content\/uploads\/usu1351\/2026\/04\/24ABRIL.png\" alt=\"24ABRIL\" width=\"1080\" height=\"1920\" \/>\r\n\t\t\t\t\t\t\t\t\t\t<div class=\"slideshow_description_box slideshow_transparent\">\r\n\t\t\t\t\t\t<div class=\"slideshow_title\">24ABRIL<\/div>\t\t\t\t\t\t\t\t\t\t\t<\/div>\r\n\t\t\t\t<\/div>\r\n\r\n\t\t\t\t\t\t<div style=\"clear: both;\"><\/div><\/div>\r\n\t\t<\/div>\r\n\r\n\t\t<div class=\"slideshow_controlPanel slideshow_transparent\" style=\"display: none;\"><ul><li class=\"slideshow_togglePlay\" data-play-text=\"Visualitza\" data-pause-text=\"Pausa\"><\/li><\/ul><\/div>\r\n\r\n\t\t<div class=\"slideshow_button slideshow_previous slideshow_transparent\" role=\"button\" data-previous-text=\"Anterior\" style=\"display: none;\"><\/div>\r\n\t\t<div class=\"slideshow_button slideshow_next slideshow_transparent\" role=\"button\" data-next-text=\"Seg\u00fcent\" style=\"display: none;\"><\/div>\r\n\r\n\t\t<div class=\"slideshow_pagination\" style=\"display: none;\" data-go-to-text=\"V\u00e9s a la diapositiva\"><div class=\"slideshow_pagination_center\"><\/div><\/div>\r\n\r\n\t\t<!-- WordPress Slideshow Version 2.3.1 -->\r\n\r\n\t\t\t<\/div>\r\n\r\n\n","protected":false},"excerpt":{"rendered":"<p>La Botigueta de l&#8217;EHTV \u00e9s molt m\u00e9s que una simple botiga de plats preparats i dol\u00e7os; \u00e9s una oportunitat per tastar i donar suport a la propera generaci\u00f3 de cuiners i pastissers del Vall\u00e8s Occidental.<br \/>\nEls estudiants dels cicles formatius de Cuina, Pastisseria i Comer\u00e7 de&hellip;  <a href=\"https:\/\/agora.xtec.cat\/inscavallbernat\/la-botigueta-de-la-torre-mossen-homs\/\" title=\"Read La Botigueta de la Torre Moss\u00e8n Homs\">Llegeix m\u00e9s\u00bb<\/a><\/p>\n","protected":false},"author":1,"featured_media":0,"parent":0,"menu_order":0,"comment_status":"closed","ping_status":"closed","template":"","meta":{"_bbp_topic_count":0,"_bbp_reply_count":0,"_bbp_total_topic_count":0,"_bbp_total_reply_count":0,"_bbp_voice_count":0,"_bbp_anonymous_reply_count":0,"_bbp_topic_count_hidden":0,"_bbp_reply_count_hidden":0,"_bbp_forum_subforum_count":0,"footnotes":""},"class_list":["post-7973","page","type-page","status-publish","hentry"],"post_mailing_queue_ids":[],"_links":{"self":[{"href":"https:\/\/agora.xtec.cat\/inscavallbernat\/wp-json\/wp\/v2\/pages\/7973","targetHints":{"allow":["GET"]}}],"collection":[{"href":"https:\/\/agora.xtec.cat\/inscavallbernat\/wp-json\/wp\/v2\/pages"}],"about":[{"href":"https:\/\/agora.xtec.cat\/inscavallbernat\/wp-json\/wp\/v2\/types\/page"}],"author":[{"embeddable":true,"href":"https:\/\/agora.xtec.cat\/inscavallbernat\/wp-json\/wp\/v2\/users\/1"}],"replies":[{"embeddable":true,"href":"https:\/\/agora.xtec.cat\/inscavallbernat\/wp-json\/wp\/v2\/comments?post=7973"}],"version-history":[{"count":4,"href":"https:\/\/agora.xtec.cat\/inscavallbernat\/wp-json\/wp\/v2\/pages\/7973\/revisions"}],"predecessor-version":[{"id":8040,"href":"https:\/\/agora.xtec.cat\/inscavallbernat\/wp-json\/wp\/v2\/pages\/7973\/revisions\/8040"}],"wp:attachment":[{"href":"https:\/\/agora.xtec.cat\/inscavallbernat\/wp-json\/wp\/v2\/media?parent=7973"}],"curies":[{"name":"wp","href":"https:\/\/api.w.org\/{rel}","templated":true}]}}