{"id":779,"date":"2017-02-05T22:16:41","date_gmt":"2017-02-05T21:16:41","guid":{"rendered":"http:\/\/agora.xtec.cat\/inscavallbernat\/?page_id=779"},"modified":"2026-01-22T19:39:42","modified_gmt":"2026-01-22T18:39:42","slug":"cicles-formatius","status":"publish","type":"page","link":"https:\/\/agora.xtec.cat\/inscavallbernat\/estudis\/cicles-formatius\/","title":{"rendered":"Cicles Formatius"},"content":{"rendered":"<p>Des del curs 2004-2005, l&#8217;Institut Cavall Bernat imparteix cicles formatius de la fam\u00edlia professional d&#8217;Hoteleria i Turisme. Des d&#8217;aquell any, en el que el curs es va iniciar tan sols amb 26 alumnes de cuina, hem anat creixent i incorporant nous cicles formatius a l&#8217;oferta del centre.<\/p>\n<p>Actualment, som un centre p\u00fablic de refer\u00e8ncia en aquest sector professional i acollim prop de 300 alumnes que procedeixen majorit\u00e0riament de les comarques del Vall\u00e8s Occidental, Vall\u00e8s Oriental i el Bages.<\/p>\n<p>Pel que fa a l&#8217;FP del centre, ens coneixem amb la marca EHTV (Escola d&#8217;Hoteleria i Turisme del Vall\u00e8s) perqu\u00e8 som l&#8217;\u00fanica escola que ofereix tants estudis d&#8217;aquesta fam\u00edlia a les comarques del Vall\u00e8s Occidental i Oriental.<\/p>\n<p><span style=\"color: #008000;\"><strong>Qu\u00e8 oferim?<\/strong><\/span><\/p>\n<p>Actualment, al nostre centre s&#8217;imparteixen cicles formatius de Grau Mitj\u00e0 i de Grau Superior de les fam\u00edlies de Turisme, Hoteleria, Ind\u00fastries aliment\u00e0ries i Comer\u00e7 i M\u00e0rqueting aix\u00ed com tres cursos de PTT-PFI en coordinaci\u00f3 amb l&#8217;Ajuntament de Terrassa. Els plans d&#8217;estudis d&#8217;aquests cursos i cicles permeten la continu\u00eftat dels estudiants en el centre, afavorint que puguin optar a obtenir dos t\u00edtols en tres cursos i, tamb\u00e9, el pas als cicles de Grau Superior un cop finalitzats els de Grau Mitj\u00e0 i la transici\u00f3 des dels PTT als nostres cicles de Grau Mitj\u00e0.<\/p>\n<p><span style=\"color: #008000;\"><strong>L&#8217;FP Dual<\/strong><\/span><\/p>\n<p>L&#8217;FP Dual \u00e9s la forma en qu\u00e8 s&#8217;organitzen els cicles formatius. Junt amb les classes lectives a l&#8217;institut, l&#8217;alumne tamb\u00e9 desenvolupa part de la seva formaci\u00f3 a l&#8217;empresa.<\/p>\n<p>L&#8217;FP Dual pot ser general o intensiva. En el primer cas, les hores de pr\u00e0ctiques en empresa s\u00f3n 515 i es fan durant el tercer trimestre del primer curs i tot el segon curs. La modalitat intensiva es configura temporalment igual que la general, per\u00f2 s&#8217;incrementen les hores de pr\u00e0ctiques (al voltant d&#8217;unes 800) i hi ha una petita retribuci\u00f3 econ\u00f2mica.<\/p>\n<p><span style=\"color: #008000;\"><strong>Esteu cercant personal?<\/strong><\/span><\/p>\n<p>Si esteu cercant personal qualificat per a la vostra empresa, ompliu <a href=\"https:\/\/docs.google.com\/forms\/d\/1m2YDhqIs9piANm2CTRYWa2wUG3Z_6VXnef1Xy983rc0\/edit?usp=sharing\">aquest formulari <\/a>i gestionarem la vostra demanda entre els nostres alumnes i ex-alumnes.<\/p>\n<p>&nbsp;<\/p>\n<p>&nbsp;<\/p>\n","protected":false},"excerpt":{"rendered":"<p>Des del curs 2004-2005, l&#8217;Institut Cavall Bernat imparteix cicles formatius de la fam\u00edlia professional d&#8217;Hoteleria i Turisme. Des d&#8217;aquell any, en el que el curs es va iniciar tan sols amb 26 alumnes de cuina, hem anat creixent i incorporant nous cicles formatius a l&#8217;oferta&hellip;  <a href=\"https:\/\/agora.xtec.cat\/inscavallbernat\/estudis\/cicles-formatius\/\" title=\"Read Cicles Formatius\">Llegeix m\u00e9s\u00bb<\/a><\/p>\n","protected":false},"author":1,"featured_media":0,"parent":195,"menu_order":0,"comment_status":"closed","ping_status":"closed","template":"","meta":{"_bbp_topic_count":0,"_bbp_reply_count":0,"_bbp_total_topic_count":0,"_bbp_total_reply_count":0,"_bbp_voice_count":0,"_bbp_anonymous_reply_count":0,"_bbp_topic_count_hidden":0,"_bbp_reply_count_hidden":0,"_bbp_forum_subforum_count":0,"footnotes":""},"class_list":["post-779","page","type-page","status-publish","hentry"],"post_mailing_queue_ids":[],"_links":{"self":[{"href":"https:\/\/agora.xtec.cat\/inscavallbernat\/wp-json\/wp\/v2\/pages\/779","targetHints":{"allow":["GET"]}}],"collection":[{"href":"https:\/\/agora.xtec.cat\/inscavallbernat\/wp-json\/wp\/v2\/pages"}],"about":[{"href":"https:\/\/agora.xtec.cat\/inscavallbernat\/wp-json\/wp\/v2\/types\/page"}],"author":[{"embeddable":true,"href":"https:\/\/agora.xtec.cat\/inscavallbernat\/wp-json\/wp\/v2\/users\/1"}],"replies":[{"embeddable":true,"href":"https:\/\/agora.xtec.cat\/inscavallbernat\/wp-json\/wp\/v2\/comments?post=779"}],"version-history":[{"count":6,"href":"https:\/\/agora.xtec.cat\/inscavallbernat\/wp-json\/wp\/v2\/pages\/779\/revisions"}],"predecessor-version":[{"id":8097,"href":"https:\/\/agora.xtec.cat\/inscavallbernat\/wp-json\/wp\/v2\/pages\/779\/revisions\/8097"}],"up":[{"embeddable":true,"href":"https:\/\/agora.xtec.cat\/inscavallbernat\/wp-json\/wp\/v2\/pages\/195"}],"wp:attachment":[{"href":"https:\/\/agora.xtec.cat\/inscavallbernat\/wp-json\/wp\/v2\/media?parent=779"}],"curies":[{"name":"wp","href":"https:\/\/api.w.org\/{rel}","templated":true}]}}