{"id":7029,"date":"2024-04-19T11:28:22","date_gmt":"2024-04-19T09:28:22","guid":{"rendered":"https:\/\/agora.xtec.cat\/inscavallbernat\/?page_id=7029"},"modified":"2026-03-23T15:56:00","modified_gmt":"2026-03-23T14:56:00","slug":"preinscripcio-i-matricula-grau-mitja","status":"publish","type":"page","link":"https:\/\/agora.xtec.cat\/inscavallbernat\/preinscripcio-i-matricula-grau-mitja\/","title":{"rendered":"Preinscripci\u00f3 i matr\u00edcula GRAU MITJ\u00c0 2026-2027"},"content":{"rendered":"<p>Dates de preinscripci\u00f3: <span style=\"color: #ff6600;\">del 26 de maig a l&#8217;1 de juny de 2026<\/span><\/p>\n<p><a href=\"https:\/\/preinscripcio.gencat.cat\/ca\/estudis\/fp-grau-mitja\/inici\/index.html\" target=\"_blank\" rel=\"noopener\">Enlla\u00e7 a la p\u00e0gina de la preinscripci\u00f3<\/a><\/p>\n<p><strong>Oferta de places<\/strong><\/p>\n<p>Llistat de persones admeses<\/p>\n<p>Llistat de persones admeses en segona tanda<\/p>\n<p>&nbsp;<\/p>\n<hr \/>\n<h6><span style=\"color: #ff6600;\">MATR\u00cdCULA DE L&#8217;ALUMNAT NOU AL CENTRE (MATR\u00cdCULA EXTERNA)<\/span><\/h6>\n<p>Dates de matr\u00edcula (abans has d&#8217;haver confirmat la pla\u00e7a en l\u00ednia seguint les indicacions que rebr\u00e0s amb el correu de confirmaci\u00f3 de la pla\u00e7a):<\/p>\n<p><span style=\"color: #339966;\">1a tanda: del 10 al 16 de juliol\u00a0 de 2026 (Confirmaci\u00f3 de la matr\u00edcula en l\u00ednia del 10 al 14 de juliol)<\/span><\/p>\n<p><span style=\"color: #339966;\">2a tanda: del 24 al 29 de juliol de 2026\u00a0 (Confirmaci\u00f3 de la matr\u00edcula en l\u00ednia del 24 al 28 de juliol)<\/span><\/p>\n<p><span style=\"color: #339966;\">\u00a0<\/span><\/p>\n<hr \/>\n<h6><span style=\"color: #ff6600;\">MATR\u00cdCULA DE L&#8217;ALUMNAT AMB CONTINU\u00cfTAT D&#8217;ESTUDIS (MATR\u00cdCULA INTERNA)<\/span><\/h6>\n<p>Dates de matr\u00edcula: <span style=\"color: #339966;\">del\u00a0\u00a0<\/span><\/p>\n<hr \/>\n<h4><span style=\"color: #ff6600;\">PREUS 2025-2026<\/span><\/h4>\n<p><img loading=\"lazy\" decoding=\"async\" class=\"aligncenter size-full wp-image-7761\" src=\"https:\/\/agora.xtec.cat\/inscavallbernat\/wp-content\/uploads\/usu1351\/2025\/06\/Preus-GM.jpg\" alt=\"\" width=\"881\" height=\"714\" srcset=\"https:\/\/agora.xtec.cat\/inscavallbernat\/wp-content\/uploads\/usu1351\/2025\/06\/Preus-GM.jpg 881w, https:\/\/agora.xtec.cat\/inscavallbernat\/wp-content\/uploads\/usu1351\/2025\/06\/Preus-GM-300x243.jpg 300w, https:\/\/agora.xtec.cat\/inscavallbernat\/wp-content\/uploads\/usu1351\/2025\/06\/Preus-GM-768x622.jpg 768w\" sizes=\"auto, (max-width: 881px) 100vw, 881px\" \/><\/p>\n<h3><span style=\"color: #ff6600;\">INSTRUCCIONS DE MATR\u00cdCULA (INTERNA I EXTERNA)<\/span><\/h3>\n<p><strong>\u00c9S MOLT IMPORTANT QUE US LLEGIU EL DOSSIER AL FINAL D&#8217;AQUESTA P\u00c0GINA PER SABER QUIN MATERIAL NECESSITEU<\/strong><\/p>\n<p>La matr\u00edcula \u00e9s telem\u00e0tica, per formalitzar-la cal accedir a la web:<\/p>\n<h4><span style=\"color: #ff0000;\"><a style=\"color: #ff0000;\" href=\"https:\/\/matricula.inscavallbernat.cat\/\">https:\/\/matricula.inscavallbernat.cat\/<\/a><\/span><\/h4>\n<p><a href=\"https:\/\/agora.xtec.cat\/inscavallbernat\/secretaria\/instruccions-per-omplir-el-formulari-de-matricula\/\" target=\"_blank\" rel=\"noopener\">Guia d&#8217;ajuda per omplir el formulari de la matr\u00edcula<\/a><\/p>\n<p>En aquest formulari se us demanar\u00e0 que adjunteu els seg\u00fcents documents:<\/p>\n<p>-DNI de l\u2019alumne\/a, pel davant i pel darrere<\/p>\n<p>-Fotografia facial tipus carnet<\/p>\n<p>-T\u00edtol que dona acc\u00e9s als estudis (si sou alumnes de 1r)<\/p>\n<p>-Targeta sanit\u00e0ria<\/p>\n<p>Un cop seleccionats els estudis dels quals us matriculeu, l&#8217;aplicaci\u00f3 us donar\u00e0 l\u2019import de la matr\u00edcula. Aquest import ha de ser pagat mitjan\u00e7ant targeta banc\u00e0ria o <strong>Bizum (VIA RECOMANADA)<\/strong> a trav\u00e9s de la passarel\u00b7la de pagament a la que se us redirigir\u00e0 un cop finalitzada la inscripci\u00f3. <strong>NO ES TRAMITAR\u00c0 CAP MATR\u00cdCULA SI NO ES FA AQUEST PAGAMENT<\/strong>.<\/p>\n<p>El pagament es fa fraccionat en dos o tres terminis, en funci\u00f3 de l&#8217;estudi. Consulteu al dossier del vostre cicle les dates i els conceptes que es paguen a cada termini.<\/p>\n<p>Aquesta opci\u00f3 de fraccionament\u00a0<strong>nom\u00e9s est\u00e0 disponible<\/strong>\u00a0per a aquell alumnat que formalitza la\u00a0<strong>matr\u00edcula en els terminis ordinaris<\/strong>. Tota matr\u00edcula que es faci amb posterioritat, s&#8217;haur\u00e0 de pagar \u00edntegrament en una sola vegada.<\/p>\n<p>Recordeu que encara que tingueu previst convalidar alguns m\u00f2duls, heu de matricular-vos igualment dels mateixos i sol\u00b7licitar a principis de curs a la Secretaria del centre la seva convalidaci\u00f3.<\/p>\n<h2><span style=\"color: #ff9900;\">IMPORTANT!<\/span><\/h2>\n<p>\u00c9s imprescindible que tingueu el material i l&#8217;uniforme que se us demana abans del comen\u00e7ament de les classes. Consulteu el DOSSIER que us pertoca segons els estudis als quals us h\u00e0giu matriculat:<\/p>\n<p>&#8211;<a href=\"https:\/\/drive.google.com\/file\/d\/1D_EIYUMWNXlWlCDPqkNMTVM9_PF4KHwN\/view?usp=sharing\" target=\"_blank\" rel=\"noopener\">Dossier de 1r de Cuina i gastronomia<\/a><\/p>\n<p>&#8211;<a href=\"https:\/\/drive.google.com\/file\/d\/1C3KXJVvcDqNOFBQuxOWmzP7XGlbHhQv3\/view?usp=drive_link\" target=\"_blank\" rel=\"noopener\">Dossier de 1r de Serveis en restauraci\u00f3<\/a><\/p>\n<p>&#8211;<a href=\"https:\/\/drive.google.com\/file\/d\/1v7p5dD9_3duK5DfgKtGrirDYEkMzs88n\/view?usp=drive_link\" target=\"_blank\" rel=\"noopener\">Dossier de 1r de Comercialitzaci\u00f3 de productes alimentaris<\/a><\/p>\n<p>&#8211;<a href=\"https:\/\/drive.google.com\/file\/d\/12uw9i8jRNlDxghxoU62k6o__dlzaAeEs\/view?usp=drive_link\" target=\"_blank\" rel=\"noopener\">Dossier de 1r de Forneria, pastisseria i confiteria<\/a><\/p>\n<p>&#8211;<a href=\"https:\/\/drive.google.com\/file\/d\/1C22BRp8h31PqzbWwCQxl5Z15MTzzBi1-\/view?usp=drive_link\" target=\"_blank\" rel=\"noopener\">Dossier de 2n de Cuina i gastronomia<\/a><\/p>\n<p>&#8211;<a href=\"https:\/\/drive.google.com\/file\/d\/1AD8DjBFfasdwWXpOGxzQ5-p5j843Njsg\/view?usp=drive_link\" target=\"_blank\" rel=\"noopener\">Dossier de 2n de Serveis en restauraci\u00f3<\/a><\/p>\n<p>&#8211;<a href=\"https:\/\/drive.google.com\/file\/d\/1KA0Tgi_dO6T34qQvRTru9r4ZX1NtsQTS\/view?usp=drive_link\" target=\"_blank\" rel=\"noopener\">Dossier de 2n de Comercialitzaci\u00f3 de productes alimentaris<\/a><\/p>\n<p>&#8211;<a href=\"https:\/\/drive.google.com\/file\/d\/1HNgetNoo0dO9xTnO383t-lV2j9r1cYsU\/view?usp=drive_link\" target=\"_blank\" rel=\"noopener\">Dossier de 2n de Forneria, pastisseria i confiteria<\/a><\/p>\n<p>&nbsp;<\/p>\n<p>&nbsp;<\/p>\n","protected":false},"excerpt":{"rendered":"<p>Dates de preinscripci\u00f3: del 26 de maig a l&#8217;1 de juny de 2026<br \/>\n<a href=\"https:\/\/preinscripcio.gencat.cat\/ca\/estudis\/fp-grau-mitja\/inici\/index.html\" target=\"_blank\" rel=\"noopener\">Enlla\u00e7 a la p\u00e0gina de la preinscripci\u00f3<\/a><br \/>\nOferta de places<br \/>\nLlistat de persones admeses<br \/>\nLlistat de persones admeses en segona tanda<br \/>\n&nbsp;<\/p>\n<p>MATR\u00cdCULA DE L&#8217;ALUMNAT NOU AL CENTRE (MATR\u00cdCULA EXTERNA)<br \/>\nDates de matr\u00edcula (abans has d&#8217;haver&hellip;  <a href=\"https:\/\/agora.xtec.cat\/inscavallbernat\/preinscripcio-i-matricula-grau-mitja\/\" title=\"Read Preinscripci\u00f3 i matr\u00edcula GRAU MITJ\u00c0 2026-2027\">Llegeix m\u00e9s\u00bb<\/a><\/p>\n","protected":false},"author":1,"featured_media":0,"parent":0,"menu_order":0,"comment_status":"closed","ping_status":"closed","template":"","meta":{"_bbp_topic_count":0,"_bbp_reply_count":0,"_bbp_total_topic_count":0,"_bbp_total_reply_count":0,"_bbp_voice_count":0,"_bbp_anonymous_reply_count":0,"_bbp_topic_count_hidden":0,"_bbp_reply_count_hidden":0,"_bbp_forum_subforum_count":0,"footnotes":""},"class_list":["post-7029","page","type-page","status-publish","hentry"],"post_mailing_queue_ids":[],"_links":{"self":[{"href":"https:\/\/agora.xtec.cat\/inscavallbernat\/wp-json\/wp\/v2\/pages\/7029","targetHints":{"allow":["GET"]}}],"collection":[{"href":"https:\/\/agora.xtec.cat\/inscavallbernat\/wp-json\/wp\/v2\/pages"}],"about":[{"href":"https:\/\/agora.xtec.cat\/inscavallbernat\/wp-json\/wp\/v2\/types\/page"}],"author":[{"embeddable":true,"href":"https:\/\/agora.xtec.cat\/inscavallbernat\/wp-json\/wp\/v2\/users\/1"}],"replies":[{"embeddable":true,"href":"https:\/\/agora.xtec.cat\/inscavallbernat\/wp-json\/wp\/v2\/comments?post=7029"}],"version-history":[{"count":6,"href":"https:\/\/agora.xtec.cat\/inscavallbernat\/wp-json\/wp\/v2\/pages\/7029\/revisions"}],"predecessor-version":[{"id":8202,"href":"https:\/\/agora.xtec.cat\/inscavallbernat\/wp-json\/wp\/v2\/pages\/7029\/revisions\/8202"}],"wp:attachment":[{"href":"https:\/\/agora.xtec.cat\/inscavallbernat\/wp-json\/wp\/v2\/media?parent=7029"}],"curies":[{"name":"wp","href":"https:\/\/api.w.org\/{rel}","templated":true}]}}