{"id":7019,"date":"2024-04-19T11:20:45","date_gmt":"2024-04-19T09:20:45","guid":{"rendered":"https:\/\/agora.xtec.cat\/inscavallbernat\/?page_id=7019"},"modified":"2026-02-02T11:55:31","modified_gmt":"2026-02-02T10:55:31","slug":"preinscripcio-i-matricula-batxillerat","status":"publish","type":"page","link":"https:\/\/agora.xtec.cat\/inscavallbernat\/preinscripcio-i-matricula-batxillerat\/","title":{"rendered":"Preinscripci\u00f3 i matr\u00edcula BATXILLERAT 2026-2027"},"content":{"rendered":"<p><span style=\"color: #008000;\"><b>\u00a0<\/b><\/span>Dates de preinscripci\u00f3: <span style=\"color: #ff6600;\">del 9 al 16 d&#8217;abril de 2026<\/span><\/p>\n<p><a href=\"https:\/\/preinscripcio.gencat.cat\/ca\/estudis\/batxillerat\/inici\/\" target=\"_blank\" rel=\"noopener\">Enlla\u00e7 a la p\u00e0gina de la preinscripci\u00f3<\/a><\/p>\n<p>Oferta de places<\/p>\n<hr \/>\n<h4><span style=\"color: #ff9900;\"><strong>Matr\u00edcula de l&#8217;alumnat de 1r de Batxillerat (<\/strong><\/span><span style=\"color: #ff9900;\"><strong>MATR\u00cdCULA EXTERNA)<\/strong><\/span><\/h4>\n<p>Dates de matr\u00edcula:\u00a0<span style=\"color: #008000;\"><b>\u00a0<\/b><\/span><\/p>\n<p>La matr\u00edcula es du a terme en l\u00ednia mitjan\u00e7ant la seg\u00fcent adre\u00e7a:<\/p>\n<h3><a href=\"https:\/\/matricula.inscavallbernat.cat\/\"><span style=\"color: #ff0000;\">https:\/\/matricula.inscavallbernat.cat\/<\/span><\/a><\/h3>\n<p><a href=\"https:\/\/agora.xtec.cat\/inscavallbernat\/secretaria\/instruccions-per-omplir-el-formulari-de-matricula\/\" target=\"_blank\" rel=\"noopener\">Guia d&#8217;ajuda per omplir el formulari de la matr\u00edcula<\/a><\/p>\n<p>Llibres de 1r de Batxillerat<\/p>\n<p>&nbsp;<\/p>\n<hr \/>\n<h4><span style=\"color: #ff9900;\"><strong>Matr\u00edcula de l&#8217;alumnat de Batxillerat del centre<\/strong><\/span><\/h4>\n<h4><span style=\"color: #ff9900;\"><strong>(MATR\u00cdCULA INTERNA per a l&#8217;alumnat que el curs vinent passa de 4t d&#8217;ESO a 1r Batxillerat, alumnat que repeteix 1r de Batxillerat i alumnat que passa a 2n de Batxillerat).<\/strong><\/span><\/h4>\n<p>Dates de la matr\u00edcula:\u00a0<span style=\"color: #008000;\"><b>\u00a0<\/b><\/span><\/p>\n<p>La matr\u00edcula es du a terme en l\u00ednia mitjan\u00e7ant la seg\u00fcent adre\u00e7a:<\/p>\n<h3><a href=\"https:\/\/matricula.inscavallbernat.cat\/\"><span style=\"color: #ff0000;\">https:\/\/matricula.inscavallbernat.cat\/<\/span><\/a><\/h3>\n<p><a href=\"https:\/\/agora.xtec.cat\/inscavallbernat\/secretaria\/instruccions-per-omplir-el-formulari-de-matricula\/\" target=\"_blank\" rel=\"noopener\">Guia d&#8217;ajuda per omplir el formulari de la matr\u00edcula<\/a><\/p>\n<p>Llibres 2n de Batxillerat<\/p>\n","protected":false},"excerpt":{"rendered":"<p>\u00a0Dates de preinscripci\u00f3: del 9 al 16 d&#8217;abril de 2026<br \/>\n<a href=\"https:\/\/preinscripcio.gencat.cat\/ca\/estudis\/batxillerat\/inici\/\" target=\"_blank\" rel=\"noopener\">Enlla\u00e7 a la p\u00e0gina de la preinscripci\u00f3<\/a><br \/>\nOferta de places<\/p>\n<p>Matr\u00edcula de l&#8217;alumnat de 1r de Batxillerat (MATR\u00cdCULA EXTERNA)<br \/>\nDates de matr\u00edcula:\u00a0\u00a0<br \/>\nLa matr\u00edcula es du a terme en l\u00ednia mitjan\u00e7ant la seg\u00fcent adre\u00e7a:<br \/>\n<a href=\"https:\/\/matricula.inscavallbernat.cat\/\">https:\/\/matricula.inscavallbernat.cat\/<\/a><br \/>\n<a href=\"https:\/\/agora.xtec.cat\/inscavallbernat\/secretaria\/instruccions-per-omplir-el-formulari-de-matricula\/\" target=\"_blank\"&hellip;  <a href=\"https:\/\/agora.xtec.cat\/inscavallbernat\/preinscripcio-i-matricula-batxillerat\/\" title=\"Read Preinscripci\u00f3 i matr\u00edcula BATXILLERAT 2026-2027\">Llegeix m\u00e9s\u00bb<\/a><\/p>\n","protected":false},"author":1,"featured_media":0,"parent":0,"menu_order":0,"comment_status":"closed","ping_status":"closed","template":"","meta":{"_bbp_topic_count":0,"_bbp_reply_count":0,"_bbp_total_topic_count":0,"_bbp_total_reply_count":0,"_bbp_voice_count":0,"_bbp_anonymous_reply_count":0,"_bbp_topic_count_hidden":0,"_bbp_reply_count_hidden":0,"_bbp_forum_subforum_count":0,"footnotes":""},"class_list":["post-7019","page","type-page","status-publish","hentry"],"post_mailing_queue_ids":[],"_links":{"self":[{"href":"https:\/\/agora.xtec.cat\/inscavallbernat\/wp-json\/wp\/v2\/pages\/7019","targetHints":{"allow":["GET"]}}],"collection":[{"href":"https:\/\/agora.xtec.cat\/inscavallbernat\/wp-json\/wp\/v2\/pages"}],"about":[{"href":"https:\/\/agora.xtec.cat\/inscavallbernat\/wp-json\/wp\/v2\/types\/page"}],"author":[{"embeddable":true,"href":"https:\/\/agora.xtec.cat\/inscavallbernat\/wp-json\/wp\/v2\/users\/1"}],"replies":[{"embeddable":true,"href":"https:\/\/agora.xtec.cat\/inscavallbernat\/wp-json\/wp\/v2\/comments?post=7019"}],"version-history":[{"count":7,"href":"https:\/\/agora.xtec.cat\/inscavallbernat\/wp-json\/wp\/v2\/pages\/7019\/revisions"}],"predecessor-version":[{"id":8125,"href":"https:\/\/agora.xtec.cat\/inscavallbernat\/wp-json\/wp\/v2\/pages\/7019\/revisions\/8125"}],"wp:attachment":[{"href":"https:\/\/agora.xtec.cat\/inscavallbernat\/wp-json\/wp\/v2\/media?parent=7019"}],"curies":[{"name":"wp","href":"https:\/\/api.w.org\/{rel}","templated":true}]}}