{"id":7014,"date":"2024-04-19T11:20:00","date_gmt":"2024-04-19T09:20:00","guid":{"rendered":"https:\/\/agora.xtec.cat\/inscavallbernat\/?page_id=7014"},"modified":"2026-03-24T19:07:08","modified_gmt":"2026-03-24T18:07:08","slug":"preinscripcio-i-matricula-eso","status":"publish","type":"page","link":"https:\/\/agora.xtec.cat\/inscavallbernat\/preinscripcio-i-matricula-eso\/","title":{"rendered":"Preinscripci\u00f3 i matr\u00edcula ESO 2026-2027"},"content":{"rendered":"<p>Dates de preinscripci\u00f3: <span style=\"color: #ff6600;\">del 6 al 18 de mar\u00e7 de 2026<\/span><\/p>\n<p><a href=\"https:\/\/preinscripcio.gencat.cat\/ca\/estudis\/eso\/preinscriute\/sollicitud\/\" target=\"_blank\" rel=\"noopener\">Enlla\u00e7 a la p\u00e0gina de la preinscripci\u00f3<\/a><\/p>\n<p>&nbsp;<\/p>\n<p>Termini per presentar reclamacions:<\/p>\n<p>Sorteig del n\u00famero de desempat:<\/p>\n<p>Publicaci\u00f3 de la llista ordenada:<\/p>\n<p>Oferta de places \u00a0 \u00a0 \u00a0 \u00a0 \u00a0 \u00a0 \u00a0 \u00a0 <span style=\"color: #ff6600;\">\u00a0<\/span><\/p>\n<hr \/>\n<h4><span style=\"color: #ff9900;\"><strong>Matr\u00edcula de l&#8217;alumnat de 1r d&#8217;ESO\u00a0<\/strong><\/span><span style=\"color: #ff9900;\"><strong>(MATR\u00cdCULA EXTERNA)<\/strong><\/span><\/h4>\n<p>Dates de matr\u00edcula:\u00a0<span style=\"color: #008000;\"><b> del 22 al 30 de juny de 2026<\/b><\/span><\/p>\n<p>La matr\u00edcula es du a terme en l\u00ednia mitjan\u00e7ant la seg\u00fcent adre\u00e7a:<\/p>\n<h3><a href=\"https:\/\/matricula.inscavallbernat.cat\/\"><span style=\"color: #ff0000;\"><strong>https:\/\/matricula.inscavallbernat.cat\/<\/strong><\/span><\/a><\/h3>\n<p><a href=\"https:\/\/agora.xtec.cat\/inscavallbernat\/secretaria\/instruccions-per-omplir-el-formulari-de-matricula\/\" target=\"_blank\" rel=\"noopener\">Guia d&#8217;ajuda per omplir el formulari de matr\u00edcula<\/a><\/p>\n<h5><span style=\"color: #000000;\"><strong>Important! Per completar-la es fa una entrevista presencial amb cita pr\u00e8via en horari de 09.30 a 13.30 hores (truqueu a l&#8217;institut per demanar cita: 937851143).<\/strong><\/span><\/h5>\n<hr \/>\n<h4><span style=\"color: #ff9900;\"><strong>Matr\u00edcula de l&#8217;alumnat d&#8217;ESO del centre 2026-2027<\/strong><\/span><\/h4>\n<h4><span style=\"color: #ff9900;\"><strong>(MATR\u00cdCULA INTERNA per a l&#8217;alumnat que el pr\u00f2xim curs far\u00e0 2n, 3r i 4t d&#8217;ESO)<\/strong><\/span><\/h4>\n<p>Dates de la matr\u00edcula:<\/p>\n<p>La matr\u00edcula es du a terme en l\u00ednia mitjan\u00e7ant la seg\u00fcent adre\u00e7a:<\/p>\n<h3><a href=\"https:\/\/matricula.inscavallbernat.cat\/\"><span style=\"color: #ff0000;\"><strong>https:\/\/matricula.inscavallbernat.cat\/<\/strong><\/span><\/a><\/h3>\n<p><a href=\"https:\/\/agora.xtec.cat\/inscavallbernat\/secretaria\/instruccions-per-omplir-el-formulari-de-matricula\/\" target=\"_blank\" rel=\"noopener\">Guia d&#8217;ajuda per omplir el formulari de matr\u00edcula<\/a><\/p>\n<p>Llibres curs 26-27<\/p>\n","protected":false},"excerpt":{"rendered":"<p>Dates de preinscripci\u00f3: del 6 al 18 de mar\u00e7 de 2026<br \/>\n<a href=\"https:\/\/preinscripcio.gencat.cat\/ca\/estudis\/eso\/preinscriute\/sollicitud\/\" target=\"_blank\" rel=\"noopener\">Enlla\u00e7 a la p\u00e0gina de la preinscripci\u00f3<\/a><br \/>\n&nbsp;<br \/>\nTermini per presentar reclamacions:<br \/>\nSorteig del n\u00famero de desempat:<br \/>\nPublicaci\u00f3 de la llista ordenada:<br \/>\nOferta de places \u00a0 \u00a0 \u00a0 \u00a0 \u00a0 \u00a0 \u00a0 \u00a0 \u00a0<\/p>\n<p>Matr\u00edcula de l&#8217;alumnat de&hellip;  <a href=\"https:\/\/agora.xtec.cat\/inscavallbernat\/preinscripcio-i-matricula-eso\/\" title=\"Read Preinscripci\u00f3 i matr\u00edcula ESO 2026-2027\">Llegeix m\u00e9s\u00bb<\/a><\/p>\n","protected":false},"author":1,"featured_media":0,"parent":0,"menu_order":0,"comment_status":"closed","ping_status":"closed","template":"","meta":{"_bbp_topic_count":0,"_bbp_reply_count":0,"_bbp_total_topic_count":0,"_bbp_total_reply_count":0,"_bbp_voice_count":0,"_bbp_anonymous_reply_count":0,"_bbp_topic_count_hidden":0,"_bbp_reply_count_hidden":0,"_bbp_forum_subforum_count":0,"footnotes":""},"class_list":["post-7014","page","type-page","status-publish","hentry"],"post_mailing_queue_ids":[],"_links":{"self":[{"href":"https:\/\/agora.xtec.cat\/inscavallbernat\/wp-json\/wp\/v2\/pages\/7014","targetHints":{"allow":["GET"]}}],"collection":[{"href":"https:\/\/agora.xtec.cat\/inscavallbernat\/wp-json\/wp\/v2\/pages"}],"about":[{"href":"https:\/\/agora.xtec.cat\/inscavallbernat\/wp-json\/wp\/v2\/types\/page"}],"author":[{"embeddable":true,"href":"https:\/\/agora.xtec.cat\/inscavallbernat\/wp-json\/wp\/v2\/users\/1"}],"replies":[{"embeddable":true,"href":"https:\/\/agora.xtec.cat\/inscavallbernat\/wp-json\/wp\/v2\/comments?post=7014"}],"version-history":[{"count":7,"href":"https:\/\/agora.xtec.cat\/inscavallbernat\/wp-json\/wp\/v2\/pages\/7014\/revisions"}],"predecessor-version":[{"id":8205,"href":"https:\/\/agora.xtec.cat\/inscavallbernat\/wp-json\/wp\/v2\/pages\/7014\/revisions\/8205"}],"wp:attachment":[{"href":"https:\/\/agora.xtec.cat\/inscavallbernat\/wp-json\/wp\/v2\/media?parent=7014"}],"curies":[{"name":"wp","href":"https:\/\/api.w.org\/{rel}","templated":true}]}}