{"id":6907,"date":"2024-02-20T08:41:17","date_gmt":"2024-02-20T07:41:17","guid":{"rendered":"https:\/\/agora.xtec.cat\/inscavallbernat\/?page_id=6907"},"modified":"2024-02-20T08:44:48","modified_gmt":"2024-02-20T07:44:48","slug":"enllacos-dinteres","status":"publish","type":"page","link":"https:\/\/agora.xtec.cat\/inscavallbernat\/serveis\/espai-families\/enllacos-dinteres\/","title":{"rendered":"Enlla\u00e7os d&#8217;inter\u00e8s"},"content":{"rendered":"<p><strong><span style=\"color: #ff9900;\">Enlla\u00e7 a l&#8217;espai del Departament d&#8217;Educaci\u00f3 dedicat a les fam\u00edlies:<\/span><\/strong><\/p>\n<p><a href=\"https:\/\/educacio.gencat.cat\/ca\/arees-actuacio\/families\/index.html\"> Espai fam\u00edlies del Departament d&#8217;Educaci\u00f3<\/a><\/p>\n","protected":false},"excerpt":{"rendered":"<p>Enlla\u00e7 a l&#8217;espai del Departament d&#8217;Educaci\u00f3 dedicat a les fam\u00edlies:<br \/>\n<a href=\"https:\/\/educacio.gencat.cat\/ca\/arees-actuacio\/families\/index.html\"> Espai fam\u00edlies del Departament d&#8217;Educaci\u00f3<\/a><\/p>\n","protected":false},"author":1,"featured_media":0,"parent":6758,"menu_order":0,"comment_status":"closed","ping_status":"closed","template":"","meta":{"_bbp_topic_count":0,"_bbp_reply_count":0,"_bbp_total_topic_count":0,"_bbp_total_reply_count":0,"_bbp_voice_count":0,"_bbp_anonymous_reply_count":0,"_bbp_topic_count_hidden":0,"_bbp_reply_count_hidden":0,"_bbp_forum_subforum_count":0,"footnotes":""},"class_list":["post-6907","page","type-page","status-publish","hentry"],"post_mailing_queue_ids":[],"_links":{"self":[{"href":"https:\/\/agora.xtec.cat\/inscavallbernat\/wp-json\/wp\/v2\/pages\/6907","targetHints":{"allow":["GET"]}}],"collection":[{"href":"https:\/\/agora.xtec.cat\/inscavallbernat\/wp-json\/wp\/v2\/pages"}],"about":[{"href":"https:\/\/agora.xtec.cat\/inscavallbernat\/wp-json\/wp\/v2\/types\/page"}],"author":[{"embeddable":true,"href":"https:\/\/agora.xtec.cat\/inscavallbernat\/wp-json\/wp\/v2\/users\/1"}],"replies":[{"embeddable":true,"href":"https:\/\/agora.xtec.cat\/inscavallbernat\/wp-json\/wp\/v2\/comments?post=6907"}],"version-history":[{"count":2,"href":"https:\/\/agora.xtec.cat\/inscavallbernat\/wp-json\/wp\/v2\/pages\/6907\/revisions"}],"predecessor-version":[{"id":6911,"href":"https:\/\/agora.xtec.cat\/inscavallbernat\/wp-json\/wp\/v2\/pages\/6907\/revisions\/6911"}],"up":[{"embeddable":true,"href":"https:\/\/agora.xtec.cat\/inscavallbernat\/wp-json\/wp\/v2\/pages\/6758"}],"wp:attachment":[{"href":"https:\/\/agora.xtec.cat\/inscavallbernat\/wp-json\/wp\/v2\/media?parent=6907"}],"curies":[{"name":"wp","href":"https:\/\/api.w.org\/{rel}","templated":true}]}}