{"id":6904,"date":"2024-02-20T08:39:48","date_gmt":"2024-02-20T07:39:48","guid":{"rendered":"https:\/\/agora.xtec.cat\/inscavallbernat\/?page_id=6904"},"modified":"2024-02-20T08:44:02","modified_gmt":"2024-02-20T07:44:02","slug":"afa","status":"publish","type":"page","link":"https:\/\/agora.xtec.cat\/inscavallbernat\/serveis\/espai-families\/afa\/","title":{"rendered":"AFA"},"content":{"rendered":"<p>L&#8217;Associaci\u00f3 de Fam\u00edlies d&#8217;Alumnes del centre \u00e9s l&#8217;\u00f2rgan mitjan\u00e7ant el qual les fam\u00edlies participen en les activitats educatives de l&#8217;escola.<\/p>\n<p><strong><span style=\"color: #ff9900;\">Per qu\u00e8 \u00e9s important col\u00b7laborar amb l&#8217;AFA?<\/span><\/strong><\/p>\n<p>Gr\u00e0cies a les aportacions que realitzeu les fam\u00edlies, l&#8217;AFA de l&#8217;Institut Cavall Bernat:<\/p>\n<ul>\n<li>Afavoreix la relaci\u00f3 i coordinaci\u00f3 entre les fam\u00edlies i la comunitat educativa.<\/li>\n<li>\u00c9s la veu de les fam\u00edlies davant de les administracions p\u00fabliques.<\/li>\n<li>Gestiona el mercat de llibres de segona m\u00e0 i la venda de llibres escolars.<\/li>\n<li>Organitza activitats extraescolars a preus molt ajustats<\/li>\n<li>Recapta fons com a suports econ\u00f2mic complementari al mateix centre escolar, fent aportacions addicionals per afavorir l&#8217;educaci\u00f3 integral de l&#8217;alumnat.<\/li>\n<\/ul>\n<p><span style=\"color: #ff9900;\"><strong>Com em puc fer soci\/s\u00f2cia de l&#8217;AFA?<\/strong><\/span><\/p>\n<p>Per fer-vos s\u00f2cies cal que ingresseu 20 euros al n\u00famero de compte seg\u00fcent indicant en el concepte el nom i el curs dels vostres fills i filles:<\/p>\n<p style=\"text-align: center;\"><strong>ES2001828193610201526634<\/strong><\/p>\n<p>&nbsp;<\/p>\n<p><span style=\"color: #ff9900;\"><strong>Contacte de l&#8217;AFA del centre:<\/strong><\/span><\/p>\n<p>Tel\u00e8fon 603801897<\/p>\n<p>Atenci\u00f3 telef\u00f2nica i per whatsapp de 09.00 a 17.00 hores<\/p>\n","protected":false},"excerpt":{"rendered":"<p>L&#8217;Associaci\u00f3 de Fam\u00edlies d&#8217;Alumnes del centre \u00e9s l&#8217;\u00f2rgan mitjan\u00e7ant el qual les fam\u00edlies participen en les activitats educatives de l&#8217;escola.<br \/>\nPer qu\u00e8 \u00e9s important col\u00b7laborar amb l&#8217;AFA?<br \/>\nGr\u00e0cies a les aportacions que realitzeu les fam\u00edlies, l&#8217;AFA de l&#8217;Institut Cavall Bernat:<\/p>\n<ul>\n<li>Afavoreix la relaci\u00f3 i coordinaci\u00f3 entre les fam\u00edlies&hellip;  <a href=\"https:\/\/agora.xtec.cat\/inscavallbernat\/serveis\/espai-families\/afa\/\" title=\"Read AFA\">Llegeix m\u00e9s\u00bb<\/a><br \/>\n","protected":false},"author":1,"featured_media":0,"parent":6758,"menu_order":0,"comment_status":"closed","ping_status":"closed","template":"","meta":{"_bbp_topic_count":0,"_bbp_reply_count":0,"_bbp_total_topic_count":0,"_bbp_total_reply_count":0,"_bbp_voice_count":0,"_bbp_anonymous_reply_count":0,"_bbp_topic_count_hidden":0,"_bbp_reply_count_hidden":0,"_bbp_forum_subforum_count":0,"footnotes":""},"class_list":["post-6904","page","type-page","status-publish","hentry"],"post_mailing_queue_ids":[],"_links":{"self":[{"href":"https:\/\/agora.xtec.cat\/inscavallbernat\/wp-json\/wp\/v2\/pages\/6904","targetHints":{"allow":["GET"]}}],"collection":[{"href":"https:\/\/agora.xtec.cat\/inscavallbernat\/wp-json\/wp\/v2\/pages"}],"about":[{"href":"https:\/\/agora.xtec.cat\/inscavallbernat\/wp-json\/wp\/v2\/types\/page"}],"author":[{"embeddable":true,"href":"https:\/\/agora.xtec.cat\/inscavallbernat\/wp-json\/wp\/v2\/users\/1"}],"replies":[{"embeddable":true,"href":"https:\/\/agora.xtec.cat\/inscavallbernat\/wp-json\/wp\/v2\/comments?post=6904"}],"version-history":[{"count":2,"href":"https:\/\/agora.xtec.cat\/inscavallbernat\/wp-json\/wp\/v2\/pages\/6904\/revisions"}],"predecessor-version":[{"id":6910,"href":"https:\/\/agora.xtec.cat\/inscavallbernat\/wp-json\/wp\/v2\/pages\/6904\/revisions\/6910"}],"up":[{"embeddable":true,"href":"https:\/\/agora.xtec.cat\/inscavallbernat\/wp-json\/wp\/v2\/pages\/6758"}],"wp:attachment":[{"href":"https:\/\/agora.xtec.cat\/inscavallbernat\/wp-json\/wp\/v2\/media?parent=6904"}],"curies":[{"name":"wp","href":"https:\/\/api.w.org\/{rel}","templated":true}]}}