{"id":6808,"date":"2024-01-10T18:19:27","date_gmt":"2024-01-10T17:19:27","guid":{"rendered":"https:\/\/agora.xtec.cat\/inscavallbernat\/?page_id=6808"},"modified":"2025-11-12T12:49:46","modified_gmt":"2025-11-12T11:49:46","slug":"la-botigueta","status":"publish","type":"page","link":"https:\/\/agora.xtec.cat\/inscavallbernat\/la-botigueta\/","title":{"rendered":"La Botigueta"},"content":{"rendered":"<div><\/div>\n<p><img loading=\"lazy\" decoding=\"async\" class=\"wp-image-7901 alignleft\" src=\"https:\/\/agora.xtec.cat\/inscavallbernat\/wp-content\/uploads\/usu1351\/2025\/10\/PER-EMPORTAR-52.png\" alt=\"\" width=\"296\" height=\"526\" srcset=\"https:\/\/agora.xtec.cat\/inscavallbernat\/wp-content\/uploads\/usu1351\/2025\/10\/PER-EMPORTAR-52.png 1080w, https:\/\/agora.xtec.cat\/inscavallbernat\/wp-content\/uploads\/usu1351\/2025\/10\/PER-EMPORTAR-52-169x300.png 169w, https:\/\/agora.xtec.cat\/inscavallbernat\/wp-content\/uploads\/usu1351\/2025\/10\/PER-EMPORTAR-52-576x1024.png 576w, https:\/\/agora.xtec.cat\/inscavallbernat\/wp-content\/uploads\/usu1351\/2025\/10\/PER-EMPORTAR-52-768x1365.png 768w, https:\/\/agora.xtec.cat\/inscavallbernat\/wp-content\/uploads\/usu1351\/2025\/10\/PER-EMPORTAR-52-864x1536.png 864w\" sizes=\"auto, (max-width: 296px) 100vw, 296px\" \/><\/p>\n<p><span style=\"color: #ff6600;\"><b>La Botigueta de l&#8217;EHTV\u00a0<\/b><\/span>\u00e9s molt m\u00e9s que una simple<\/p>\n<div>botiga de plats preparats i pastisseria; \u00e9s una oportunitat<\/div>\n<div>per tastar i donar suport a la pr\u00f2xima generaci\u00f3 de cuiners i pastissers del Vall\u00e8s Occidental. Els estudiants dels cicles formatius de cuina, pastisseria i comercialitzaci\u00f3 de<\/div>\n<div>productes alimentaris de l\u2019Escola d\u2019Hoteleria i Turisme del<\/div>\n<div>Vall\u00e8s posen tot el seu entusiasme i habilitats en cada<\/div>\n<div>delici\u00f3s plat i dol\u00e7.<\/div>\n<div><\/div>\n<div><\/div>\n<div><span style=\"color: #ff6600;\"><b>Qu\u00e8 ofereix La Botigueta?\u00a0<\/b><\/span><\/div>\n<div>Vine i gaudeix de:<\/div>\n<div><b>1. Plats Preparats \u00danics:<\/b>\u00a0Descobreix creacions culin\u00e0ries delicioses i preparades amb passi\u00f3.<\/div>\n<div><b>2. Pastisseria Irresistible:<\/b>\u00a0Delecta&#8217;t amb els pastissos i dol\u00e7os m\u00e9s temptadors, elaborats amb dedicaci\u00f3.<\/div>\n<div><\/div>\n<div><\/div>\n<div><\/div>\n<div><span style=\"color: #ff6600;\"><b>Horari d&#8217;Obertura:\u00a0<\/b><\/span><\/div>\n<div>Dimarts i dijous: 16:00 a 17:00 hores<\/div>\n<div>\n<p>Divendres: 11:00 a 12:00 hores<\/p>\n<div><span style=\"color: #ff6600;\"><b>On ens trobar\u00e0s?<\/b><\/span><\/div>\n<div>Torre Moss\u00e8n Homs, Ctra. de Castellar, km 19, 08227 Terrassa, Barcelona<span style=\"color: #888888;\"><b><br \/>\n<\/b><\/span><\/div>\n<\/div>\n<div><\/div>\n<div><\/div>\n<div>\r\n\t<div class=\"slideshow_container slideshow_container_style-light\" style=\"height: 600px; \" data-slideshow-id=\"7978\" data-style-name=\"style-light\" data-style-version=\"2.3.1\" >\r\n\r\n\t\t\t\t\t<div class=\"slideshow_loading_icon\"><\/div>\r\n\t\t\r\n\t\t<div class=\"slideshow_content\" style=\"display: none;\">\r\n\r\n\t\t\t<div class=\"slideshow_view\">\r\n\t\t\t\t<div class=\"slideshow_slide slideshow_slide_image\">\r\n\t\t\t\t\t\t\t\t\t\t\t<img src=\"https:\/\/agora.xtec.cat\/inscavallbernat\/wp-content\/uploads\/usu1351\/2026\/04\/14ABRIL-2.png\" alt=\"14ABRIL (2)\" width=\"1080\" height=\"1920\" \/>\r\n\t\t\t\t\t\t\t\t\t\t<div class=\"slideshow_description_box slideshow_transparent\">\r\n\t\t\t\t\t\t<div class=\"slideshow_title\">14ABRIL (2)<\/div>\t\t\t\t\t\t\t\t\t\t\t<\/div>\r\n\t\t\t\t<\/div>\r\n\r\n\t\t\t\t\t\t<div style=\"clear: both;\"><\/div><\/div><div class=\"slideshow_view\">\r\n\t\t\t\t<div class=\"slideshow_slide slideshow_slide_image\">\r\n\t\t\t\t\t\t\t\t\t\t\t<img src=\"https:\/\/agora.xtec.cat\/inscavallbernat\/wp-content\/uploads\/usu1351\/2026\/04\/16ABRIL.png\" alt=\"16ABRIL\" width=\"1080\" height=\"1920\" \/>\r\n\t\t\t\t\t\t\t\t\t\t<div class=\"slideshow_description_box slideshow_transparent\">\r\n\t\t\t\t\t\t<div class=\"slideshow_title\">16ABRIL<\/div>\t\t\t\t\t\t\t\t\t\t\t<\/div>\r\n\t\t\t\t<\/div>\r\n\r\n\t\t\t\t\t\t<div style=\"clear: both;\"><\/div><\/div><div class=\"slideshow_view\">\r\n\t\t\t\t<div class=\"slideshow_slide slideshow_slide_image\">\r\n\t\t\t\t\t\t\t\t\t\t\t<img src=\"https:\/\/agora.xtec.cat\/inscavallbernat\/wp-content\/uploads\/usu1351\/2026\/04\/17ABRIL-2.png\" alt=\"17ABRIL (2)\" width=\"1080\" height=\"1920\" \/>\r\n\t\t\t\t\t\t\t\t\t\t<div class=\"slideshow_description_box slideshow_transparent\">\r\n\t\t\t\t\t\t<div class=\"slideshow_title\">17ABRIL (2)<\/div>\t\t\t\t\t\t\t\t\t\t\t<\/div>\r\n\t\t\t\t<\/div>\r\n\r\n\t\t\t\t\t\t<div style=\"clear: both;\"><\/div><\/div>\r\n\t\t<\/div>\r\n\r\n\t\t<div class=\"slideshow_controlPanel slideshow_transparent\" style=\"display: none;\"><ul><li class=\"slideshow_togglePlay\" data-play-text=\"Visualitza\" data-pause-text=\"Pausa\"><\/li><\/ul><\/div>\r\n\r\n\t\t<div class=\"slideshow_button slideshow_previous slideshow_transparent\" role=\"button\" data-previous-text=\"Anterior\" style=\"display: none;\"><\/div>\r\n\t\t<div class=\"slideshow_button slideshow_next slideshow_transparent\" role=\"button\" data-next-text=\"Seg\u00fcent\" style=\"display: none;\"><\/div>\r\n\r\n\t\t<div class=\"slideshow_pagination\" style=\"display: none;\" data-go-to-text=\"V\u00e9s a la diapositiva\"><div class=\"slideshow_pagination_center\"><\/div><\/div>\r\n\r\n\t\t<!-- WordPress Slideshow Version 2.3.1 -->\r\n\r\n\t\t\t<\/div>\r\n\r\n<\/div>\n<div><\/div>\n<div><\/div>\n<div><\/div>\n","protected":false},"excerpt":{"rendered":"<p>La Botigueta de l&#8217;EHTV\u00a0\u00e9s molt m\u00e9s que una simple<br \/>\nbotiga de plats preparats i pastisseria; \u00e9s una oportunitat<br \/>\nper tastar i donar suport a la pr\u00f2xima generaci\u00f3 de cuiners i pastissers del Vall\u00e8s Occidental. Els estudiants dels cicles formatius de cuina, pastisseria i comercialitzaci\u00f3 de<br \/>\nproductes alimentaris de&hellip;  <a href=\"https:\/\/agora.xtec.cat\/inscavallbernat\/la-botigueta\/\" title=\"Read La Botigueta\">Llegeix m\u00e9s\u00bb<\/a><\/p>\n","protected":false},"author":1,"featured_media":0,"parent":0,"menu_order":0,"comment_status":"closed","ping_status":"closed","template":"","meta":{"_bbp_topic_count":0,"_bbp_reply_count":0,"_bbp_total_topic_count":0,"_bbp_total_reply_count":0,"_bbp_voice_count":0,"_bbp_anonymous_reply_count":0,"_bbp_topic_count_hidden":0,"_bbp_reply_count_hidden":0,"_bbp_forum_subforum_count":0,"footnotes":""},"class_list":["post-6808","page","type-page","status-publish","hentry"],"post_mailing_queue_ids":[],"_links":{"self":[{"href":"https:\/\/agora.xtec.cat\/inscavallbernat\/wp-json\/wp\/v2\/pages\/6808","targetHints":{"allow":["GET"]}}],"collection":[{"href":"https:\/\/agora.xtec.cat\/inscavallbernat\/wp-json\/wp\/v2\/pages"}],"about":[{"href":"https:\/\/agora.xtec.cat\/inscavallbernat\/wp-json\/wp\/v2\/types\/page"}],"author":[{"embeddable":true,"href":"https:\/\/agora.xtec.cat\/inscavallbernat\/wp-json\/wp\/v2\/users\/1"}],"replies":[{"embeddable":true,"href":"https:\/\/agora.xtec.cat\/inscavallbernat\/wp-json\/wp\/v2\/comments?post=6808"}],"version-history":[{"count":6,"href":"https:\/\/agora.xtec.cat\/inscavallbernat\/wp-json\/wp\/v2\/pages\/6808\/revisions"}],"predecessor-version":[{"id":7979,"href":"https:\/\/agora.xtec.cat\/inscavallbernat\/wp-json\/wp\/v2\/pages\/6808\/revisions\/7979"}],"wp:attachment":[{"href":"https:\/\/agora.xtec.cat\/inscavallbernat\/wp-json\/wp\/v2\/media?parent=6808"}],"curies":[{"name":"wp","href":"https:\/\/api.w.org\/{rel}","templated":true}]}}