{"id":6758,"date":"2023-11-17T16:04:55","date_gmt":"2023-11-17T15:04:55","guid":{"rendered":"https:\/\/agora.xtec.cat\/inscavallbernat\/?page_id=6758"},"modified":"2024-02-20T09:01:58","modified_gmt":"2024-02-20T08:01:58","slug":"espai-families","status":"publish","type":"page","link":"https:\/\/agora.xtec.cat\/inscavallbernat\/serveis\/espai-families\/","title":{"rendered":"Espai fam\u00edlies"},"content":{"rendered":"<p>Les fam\u00edlies sou un dels fonaments del centre. En aquest espai trobareu informaci\u00f3 que us pot resultar interessant per gestionar la vostra participaci\u00f3 en les activitats del centre i l&#8217;educaci\u00f3 dels vostres fills i filles. Cliqueu en els enlla\u00e7os per saber-ne m\u00e9s:<\/p>\n<h5><a href=\"https:\/\/agora.xtec.cat\/inscavallbernat\/serveis\/espai-families\/afa\/\"><span style=\"color: #99cc00;\">AFA<\/span><\/a><\/h5>\n<p><a href=\"https:\/\/agora.xtec.cat\/inscavallbernat\/serveis\/espai-families\/suport-ieduca\/\"><span style=\"color: #339966;\"><strong>Suport iEduca<\/strong><\/span><\/a><\/p>\n<p><a href=\"https:\/\/agora.xtec.cat\/inscavallbernat\/wp-admin\/post.php?post=6901&amp;action=edit\"><strong><span style=\"color: #ff9900;\">Enlla\u00e7os d&#8217;inter\u00e8s<\/span><\/strong><\/a><\/p>\n<p>&nbsp;<\/p>\n<h5><\/h5>\n<p>&nbsp;<\/p>\n<p><span style=\"color: #ff9900;\"><b>\u00a0<\/b><\/span><\/p>\n<p>&nbsp;<\/p>\n","protected":false},"excerpt":{"rendered":"<p>Les fam\u00edlies sou un dels fonaments del centre. En aquest espai trobareu informaci\u00f3 que us pot resultar interessant per gestionar la vostra participaci\u00f3 en les activitats del centre i l&#8217;educaci\u00f3 dels vostres fills i filles. Cliqueu en els enlla\u00e7os per saber-ne m\u00e9s:<br \/>\n<a href=\"https:\/\/agora.xtec.cat\/inscavallbernat\/serveis\/espai-families\/afa\/\">AFA<\/a><br \/>\n<a href=\"https:\/\/agora.xtec.cat\/inscavallbernat\/serveis\/espai-families\/suport-ieduca\/\">Suport iEduca<\/a><br \/>\n<a&hellip;  <a href=\"https:\/\/agora.xtec.cat\/inscavallbernat\/serveis\/espai-families\/\" title=\"Read Espai fam\u00edlies\">Llegeix m\u00e9s\u00bb<\/a><\/p>\n","protected":false},"author":1,"featured_media":0,"parent":63,"menu_order":0,"comment_status":"closed","ping_status":"closed","template":"","meta":{"_bbp_topic_count":0,"_bbp_reply_count":0,"_bbp_total_topic_count":0,"_bbp_total_reply_count":0,"_bbp_voice_count":0,"_bbp_anonymous_reply_count":0,"_bbp_topic_count_hidden":0,"_bbp_reply_count_hidden":0,"_bbp_forum_subforum_count":0,"footnotes":""},"class_list":["post-6758","page","type-page","status-publish","hentry"],"post_mailing_queue_ids":[],"_links":{"self":[{"href":"https:\/\/agora.xtec.cat\/inscavallbernat\/wp-json\/wp\/v2\/pages\/6758","targetHints":{"allow":["GET"]}}],"collection":[{"href":"https:\/\/agora.xtec.cat\/inscavallbernat\/wp-json\/wp\/v2\/pages"}],"about":[{"href":"https:\/\/agora.xtec.cat\/inscavallbernat\/wp-json\/wp\/v2\/types\/page"}],"author":[{"embeddable":true,"href":"https:\/\/agora.xtec.cat\/inscavallbernat\/wp-json\/wp\/v2\/users\/1"}],"replies":[{"embeddable":true,"href":"https:\/\/agora.xtec.cat\/inscavallbernat\/wp-json\/wp\/v2\/comments?post=6758"}],"version-history":[{"count":6,"href":"https:\/\/agora.xtec.cat\/inscavallbernat\/wp-json\/wp\/v2\/pages\/6758\/revisions"}],"predecessor-version":[{"id":6915,"href":"https:\/\/agora.xtec.cat\/inscavallbernat\/wp-json\/wp\/v2\/pages\/6758\/revisions\/6915"}],"up":[{"embeddable":true,"href":"https:\/\/agora.xtec.cat\/inscavallbernat\/wp-json\/wp\/v2\/pages\/63"}],"wp:attachment":[{"href":"https:\/\/agora.xtec.cat\/inscavallbernat\/wp-json\/wp\/v2\/media?parent=6758"}],"curies":[{"name":"wp","href":"https:\/\/api.w.org\/{rel}","templated":true}]}}