{"id":2616,"date":"2018-12-13T15:55:09","date_gmt":"2018-12-13T14:55:09","guid":{"rendered":"http:\/\/agora.xtec.cat\/inscavallbernat\/?page_id=2616"},"modified":"2025-07-15T13:54:32","modified_gmt":"2025-07-15T11:54:32","slug":"el-restaurant-escola","status":"publish","type":"page","link":"https:\/\/agora.xtec.cat\/inscavallbernat\/el-restaurant-escola\/","title":{"rendered":"El restaurant-escola"},"content":{"rendered":"<p>El restaurant de la Torre Moss\u00e8n Homs est\u00e0 obert al p\u00fablic de dimarts a divendres al migdia.<\/p>\n<p><span style=\"font-family: inherit; font-size: 1em;\">Aix\u00ed mateix, el nostre establiment pot oferir serveis per a reunions i banquets.<\/span><\/p>\n<p><span style=\"color: #ff9900;\"><strong>Horari de serveis:<\/strong><\/span><\/p>\n<p>De dimarts a divendres migdia des de les\u00a0 13.15 fins a les 14.45 hores<\/p>\n<p><span style=\"color: #ff9900;\"><strong>Atenci\u00f3 telef\u00f2nica per a reserves:<\/strong><\/span><\/p>\n<p>De dilluns a divendres de 09.00 hores a 13.00 hores<\/p>\n<p><strong>Tel\u00e8fon de reserves: 937 862 525<\/strong><\/p>\n<p><b>\u00a0<\/b><\/p>\n<p><span style=\"color: #ff9900;\"><strong>Qu\u00e8 us oferim?<\/strong><\/span><strong><span style=\"color: #99cc00;\"><span style=\"color: #ff9900;\">\u00a0 \u00a0 \u00a0 \u00a0 \u00a0 \u00a0<\/span>\u00a0 \u00a0 \u00a0 \u00a0 \u00a0 \u00a0 \u00a0 \u00a0\u00a0<\/span><\/strong><\/p>\n<p><img loading=\"lazy\" decoding=\"async\" class=\"wp-image-2698 alignleft\" src=\"https:\/\/agora.xtec.cat\/inscavallbernat\/wp-content\/uploads\/usu1351\/2018\/12\/WhatsApp-Image-2018-12-18-at-18.31.47-768x1024.jpeg\" alt=\"\" width=\"238\" height=\"317\" srcset=\"https:\/\/agora.xtec.cat\/inscavallbernat\/wp-content\/uploads\/usu1351\/2018\/12\/WhatsApp-Image-2018-12-18-at-18.31.47-768x1024.jpeg 768w, https:\/\/agora.xtec.cat\/inscavallbernat\/wp-content\/uploads\/usu1351\/2018\/12\/WhatsApp-Image-2018-12-18-at-18.31.47-225x300.jpeg 225w, https:\/\/agora.xtec.cat\/inscavallbernat\/wp-content\/uploads\/usu1351\/2018\/12\/WhatsApp-Image-2018-12-18-at-18.31.47.jpeg 1200w\" sizes=\"auto, (max-width: 238px) 100vw, 238px\" \/><\/p>\n<p><strong><span style=\"color: #99cc00;\">De dimarts a divendres migdies<\/span><\/strong><\/p>\n<p><strong>Men\u00fa degustaci\u00f3 de set plats<\/strong>: aperitiu, dos entrants, un segon de peix, un segon de carn, prepostres i postres. Inclou tamb\u00e9 copa o c\u00f2ctel de benvinguda, pa, aigua, vi de la casa i caf\u00e8s amb petit-fours.<\/p>\n<p>Preu:\u00a0 25 euros IVA incl\u00f2s<\/p>\n<p>&nbsp;<\/p>\n<p>&nbsp;<\/p>\n<p>&nbsp;<\/p>\n<p>&nbsp;<\/p>\n<p>Les elaboracions i el servei s\u00f3n duts a terme pel nostre alumnat amb la supervisi\u00f3 de l&#8217;equip de professors especialistes.<\/p>\n<p><span style=\"color: #ff9900;\"><strong>Els grups que desenvolupen tasques a la cuina i a la sala s\u00f3n:<\/strong><\/span><\/p>\n<p>Alumnat de 1er i 2on del GM de Cuina i Restauraci\u00f3<\/p>\n<p>Alumnat de 1er I 2on del GM de Forneria, pastisseria i confiteria<\/p>\n<p>Alumnat de 1er i 2on del GS de Direcci\u00f3 de Cuina<\/p>\n<p>Alumnat de 1er i 2on del GM de Serveis en Restauraci\u00f3<\/p>\n<p>Alumnat de 1er i 2on del GS de Direcci\u00f3 en Serveis de Restauraci\u00f3<\/p>\n<p>&nbsp;<\/p>\n","protected":false},"excerpt":{"rendered":"<p>El restaurant de la Torre Moss\u00e8n Homs est\u00e0 obert al p\u00fablic de dimarts a divendres al migdia.<br \/>\nAix\u00ed mateix, el nostre establiment pot oferir serveis per a reunions i banquets.<br \/>\nHorari de serveis:<br \/>\nDe dimarts a divendres migdia des de les\u00a0 13.15 fins a les 14.45 hores<br \/>\nAtenci\u00f3 telef\u00f2nica&hellip;  <a href=\"https:\/\/agora.xtec.cat\/inscavallbernat\/el-restaurant-escola\/\" title=\"Read El restaurant-escola\">Llegeix m\u00e9s\u00bb<\/a><\/p>\n","protected":false},"author":1,"featured_media":0,"parent":0,"menu_order":0,"comment_status":"closed","ping_status":"closed","template":"","meta":{"_bbp_topic_count":0,"_bbp_reply_count":0,"_bbp_total_topic_count":0,"_bbp_total_reply_count":0,"_bbp_voice_count":0,"_bbp_anonymous_reply_count":0,"_bbp_topic_count_hidden":0,"_bbp_reply_count_hidden":0,"_bbp_forum_subforum_count":0,"footnotes":""},"class_list":["post-2616","page","type-page","status-publish","hentry"],"post_mailing_queue_ids":[],"_links":{"self":[{"href":"https:\/\/agora.xtec.cat\/inscavallbernat\/wp-json\/wp\/v2\/pages\/2616","targetHints":{"allow":["GET"]}}],"collection":[{"href":"https:\/\/agora.xtec.cat\/inscavallbernat\/wp-json\/wp\/v2\/pages"}],"about":[{"href":"https:\/\/agora.xtec.cat\/inscavallbernat\/wp-json\/wp\/v2\/types\/page"}],"author":[{"embeddable":true,"href":"https:\/\/agora.xtec.cat\/inscavallbernat\/wp-json\/wp\/v2\/users\/1"}],"replies":[{"embeddable":true,"href":"https:\/\/agora.xtec.cat\/inscavallbernat\/wp-json\/wp\/v2\/comments?post=2616"}],"version-history":[{"count":7,"href":"https:\/\/agora.xtec.cat\/inscavallbernat\/wp-json\/wp\/v2\/pages\/2616\/revisions"}],"predecessor-version":[{"id":7832,"href":"https:\/\/agora.xtec.cat\/inscavallbernat\/wp-json\/wp\/v2\/pages\/2616\/revisions\/7832"}],"wp:attachment":[{"href":"https:\/\/agora.xtec.cat\/inscavallbernat\/wp-json\/wp\/v2\/media?parent=2616"}],"curies":[{"name":"wp","href":"https:\/\/api.w.org\/{rel}","templated":true}]}}