{"id":21,"date":"2014-09-17T16:14:14","date_gmt":"2014-09-17T16:14:14","guid":{"rendered":"http:\/\/agora.xtec.cat\/inscavallbernat\/?page_id=21"},"modified":"2024-03-13T13:28:14","modified_gmt":"2024-03-13T12:28:14","slug":"on-som","status":"publish","type":"page","link":"https:\/\/agora.xtec.cat\/inscavallbernat\/linstitut\/on-som\/","title":{"rendered":"On som?"},"content":{"rendered":"<p lang=\"es-ES\" align=\"LEFT\">L&#8217;institut s&#8217;ubica al barri de Sant Lloren\u00e7 de Terrassa i forma part de la zona educativa 3 de la ciutat.<\/p>\n<p lang=\"es-ES\" align=\"LEFT\"><a href=\"http:\/\/agora.xtec.cat\/inscavallbernat\/wp-content\/uploads\/usu1351\/2014\/09\/mapaCB.png\"><img loading=\"lazy\" decoding=\"async\" class=\"wp-image-1342 aligncenter\" src=\"http:\/\/agora.xtec.cat\/inscavallbernat\/wp-content\/uploads\/usu1351\/2014\/09\/mapaCB.png\" alt=\"\" width=\"595\" height=\"403\" srcset=\"https:\/\/agora.xtec.cat\/inscavallbernat\/wp-content\/uploads\/usu1351\/2014\/09\/mapaCB.png 781w, https:\/\/agora.xtec.cat\/inscavallbernat\/wp-content\/uploads\/usu1351\/2014\/09\/mapaCB-300x203.png 300w, https:\/\/agora.xtec.cat\/inscavallbernat\/wp-content\/uploads\/usu1351\/2014\/09\/mapaCB-768x520.png 768w\" sizes=\"auto, (max-width: 595px) 100vw, 595px\" \/><\/a><\/p>\n<p lang=\"es-ES\" align=\"LEFT\"><strong><span lang=\"ca-ES\">AMB COTXE<\/span><\/strong><\/p>\n<ul>\n<li lang=\"es-ES\"><span lang=\"ca-ES\">Des de l\u2019autopista de Barcelona-Sabadell-Terrassa (C58):<\/span><\/li>\n<\/ul>\n<p lang=\"es-ES\" align=\"LEFT\"><span lang=\"ca-ES\">Sortir a la sortida que diu Terrassa-Matadepera-Rub\u00ed (gasolinera) i continuar direcci\u00f3 Matadepera. La riera de les Arenes ha de quedar a l\u2019esquerra. Anar tirant amunt, passar el pont de la l\u00ednia del ferrocarril, i quan s\u2019arriba al Pol\u00edgon Industrial Can Petit girar a la dreta (a l\u2019esquerra \u00e9s l\u2019Avinguda B\u00e9jar que ens portaria a la carretera de Matadepera) i seguir recte. L\u2019institut est\u00e0 a 200 metres a la dreta, davant d\u2019un hipermercat Carrefour.<\/span><\/p>\n<p lang=\"es-ES\" align=\"LEFT\"><span lang=\"ca-ES\">\u00a0<\/span><\/p>\n<ul>\n<li lang=\"es-ES\"><span lang=\"ca-ES\">Des de Castellar del Vall\u00e8s:<\/span><\/li>\n<\/ul>\n<p lang=\"es-ES\" align=\"LEFT\"><span lang=\"ca-ES\">S\u2019arriba a una rotonda en qu\u00e8 es veuen els pisos del barri de Sant Lloren\u00e7 seguir recte 200 metres i al primer sem\u00e0for girar a la dreta. \u00c9s el carrer de la Castellassa. A 100 metres, hi ha l\u2019institut a l\u2019esquerra del carrer.<\/span><\/p>\n<p lang=\"es-ES\" align=\"LEFT\"><span lang=\"ca-ES\">\u00a0<\/span><\/p>\n<p lang=\"es-ES\" align=\"LEFT\"><strong><span lang=\"ca-ES\">FERROCARRILS DE LA GENERALITAT<\/span><\/strong><\/p>\n<ul>\n<li lang=\"es-ES\"><span lang=\"ca-ES\">Baixar a Terrassa-Rambla. Des d\u2019aquesta estaci\u00f3 agafar l\u2019autob\u00fas de la l\u00ednia 2 direcci\u00f3 Les Arenes. Baixar a la parada de la carretera de Castellar despr\u00e9s del pont de la riera de les Arenes.<\/span><\/li>\n<\/ul>\n<p lang=\"es-ES\" align=\"LEFT\"><span lang=\"ca-ES\">\u00a0<\/span><\/p>\n<p lang=\"es-ES\" align=\"LEFT\"><strong><span lang=\"ca-ES\">RENFE<\/span><\/strong><\/p>\n<ul>\n<li lang=\"es-ES\">Baixar a Terrassa-Est i anar a peu des d\u2019aquesta estaci\u00f3 fins a l\u2019institut.<\/li>\n<li lang=\"es-ES\">Baixar a Terrassa i agafar l\u2019autob\u00fas n\u00fam. 2 direcci\u00f3 Les Arenes. Baixar a la parada de la carretera de Castellar despr\u00e9s del pont de la riera de les Arenes.<\/li>\n<\/ul>\n","protected":false},"excerpt":{"rendered":"<p>L&#8217;institut s&#8217;ubica al barri de Sant Lloren\u00e7 de Terrassa i forma part de la zona educativa 3 de la ciutat.<br \/>\n<a href=\"http:\/\/agora.xtec.cat\/inscavallbernat\/wp-content\/uploads\/usu1351\/2014\/09\/mapaCB.png\"><\/a><br \/>\nAMB COTXE<\/p>\n<ul>\n<li lang=\"es-ES\">Des de l\u2019autopista de Barcelona-Sabadell-Terrassa (C58):<\/li>\n<\/ul>\n<p>Sortir a la sortida que diu Terrassa-Matadepera-Rub\u00ed (gasolinera) i continuar direcci\u00f3 Matadepera. La riera de les Arenes ha&hellip;  <a href=\"https:\/\/agora.xtec.cat\/inscavallbernat\/linstitut\/on-som\/\" title=\"Read On som?\">Llegeix m\u00e9s\u00bb<\/a><\/p>\n","protected":false},"author":1,"featured_media":0,"parent":19,"menu_order":10,"comment_status":"closed","ping_status":"closed","template":"page-templates\/side-menu.php","meta":{"_bbp_topic_count":0,"_bbp_reply_count":0,"_bbp_total_topic_count":0,"_bbp_total_reply_count":0,"_bbp_voice_count":0,"_bbp_anonymous_reply_count":0,"_bbp_topic_count_hidden":0,"_bbp_reply_count_hidden":0,"_bbp_forum_subforum_count":0,"footnotes":""},"class_list":["post-21","page","type-page","status-publish","hentry"],"post_mailing_queue_ids":[],"_links":{"self":[{"href":"https:\/\/agora.xtec.cat\/inscavallbernat\/wp-json\/wp\/v2\/pages\/21","targetHints":{"allow":["GET"]}}],"collection":[{"href":"https:\/\/agora.xtec.cat\/inscavallbernat\/wp-json\/wp\/v2\/pages"}],"about":[{"href":"https:\/\/agora.xtec.cat\/inscavallbernat\/wp-json\/wp\/v2\/types\/page"}],"author":[{"embeddable":true,"href":"https:\/\/agora.xtec.cat\/inscavallbernat\/wp-json\/wp\/v2\/users\/1"}],"replies":[{"embeddable":true,"href":"https:\/\/agora.xtec.cat\/inscavallbernat\/wp-json\/wp\/v2\/comments?post=21"}],"version-history":[{"count":4,"href":"https:\/\/agora.xtec.cat\/inscavallbernat\/wp-json\/wp\/v2\/pages\/21\/revisions"}],"predecessor-version":[{"id":6938,"href":"https:\/\/agora.xtec.cat\/inscavallbernat\/wp-json\/wp\/v2\/pages\/21\/revisions\/6938"}],"up":[{"embeddable":true,"href":"https:\/\/agora.xtec.cat\/inscavallbernat\/wp-json\/wp\/v2\/pages\/19"}],"wp:attachment":[{"href":"https:\/\/agora.xtec.cat\/inscavallbernat\/wp-json\/wp\/v2\/media?parent=21"}],"curies":[{"name":"wp","href":"https:\/\/api.w.org\/{rel}","templated":true}]}}