{"id":423,"date":"2015-05-29T12:01:33","date_gmt":"2015-05-29T11:01:33","guid":{"rendered":"http:\/\/agora.xtec.cat\/iesm-jmzafra\/?page_id=423"},"modified":"2025-11-25T18:04:23","modified_gmt":"2025-11-25T17:04:23","slug":"organigrama","status":"publish","type":"page","link":"https:\/\/agora.xtec.cat\/inscaterinaalbert\/linstitut\/organigrama\/","title":{"rendered":"Organigrama"},"content":{"rendered":"<div class=\"content\" data-section-content=\"\">\n<ul>\n<li class=\"page_item page-item-425\">Equip directiu: director\/a, cap d&#8217;estudis, coordinador\/a pedag\u00f2gic\/a i secretari\/a acad\u00e8mic\/a<\/li>\n<li>Consell de direcci\u00f3: Gesti\u00f3 curricular i Gesti\u00f3 administrativa.<\/li>\n<li>Comissi\u00f3 inclusiva: Gesti\u00f3 pedag\u00f2gica i Gesti\u00f3 comunit\u00e0ria.<\/li>\n<li>Gesti\u00f3 curricular: Coordinaci\u00f3 curricular. \u00c0mbits ling\u00fc\u00edstic, Human\u00edstic\/social, Stem i Expressi\u00f3 i benestar.<\/li>\n<li>Gesti\u00f3 administrativa: Personal d&#8217;administraci\u00f3 i serveis.<\/li>\n<li>Comissi\u00f3 pedag\u00f2gica: Coordinaci\u00f3 de nivell. Equip tutorial.<\/li>\n<li>Gesti\u00f3 comunit\u00e0ria: Coordinacions espec\u00edfiques (LIC, COCOBE, Riscols laborals, Digital i Internacional) i Comissions.<\/li>\n<li>Consell Escolar.<\/li>\n<li>Equip impulsor.<\/li>\n<\/ul>\n<p><img loading=\"lazy\" decoding=\"async\" class=\"alignnone wp-image-13927\" src=\"https:\/\/agora.xtec.cat\/inscaterinaalbert\/wp-content\/uploads\/usu164\/2024\/09\/org-1-1-1-1024x587.jpg\" alt=\"\" width=\"640\" height=\"367\" srcset=\"https:\/\/agora.xtec.cat\/inscaterinaalbert\/wp-content\/uploads\/usu164\/2024\/09\/org-1-1-1-1024x587.jpg 1024w, https:\/\/agora.xtec.cat\/inscaterinaalbert\/wp-content\/uploads\/usu164\/2024\/09\/org-1-1-1-300x172.jpg 300w, https:\/\/agora.xtec.cat\/inscaterinaalbert\/wp-content\/uploads\/usu164\/2024\/09\/org-1-1-1-768x440.jpg 768w, https:\/\/agora.xtec.cat\/inscaterinaalbert\/wp-content\/uploads\/usu164\/2024\/09\/org-1-1-1-1536x880.jpg 1536w, https:\/\/agora.xtec.cat\/inscaterinaalbert\/wp-content\/uploads\/usu164\/2024\/09\/org-1-1-1-2048x1174.jpg 2048w\" sizes=\"auto, (max-width: 640px) 100vw, 640px\" \/><\/p>\n<\/div>\n","protected":false},"excerpt":{"rendered":"<p>Equip directiu: director\/a, cap d&#8217;estudis, coordinador\/a pedag\u00f2gic\/a i secretari\/a acad\u00e8mic\/a Consell de direcci\u00f3: Gesti\u00f3 curricular i Gesti\u00f3 administrativa. Comissi\u00f3 inclusiva: Gesti\u00f3 pedag\u00f2gica i Gesti\u00f3 comunit\u00e0ria. Gesti\u00f3 curricular: Coordinaci\u00f3 curricular. \u00c0mbits ling\u00fc\u00edstic, Human\u00edstic\/social, Stem i Expressi\u00f3 i benestar. Gesti\u00f3 administrativa: Personal d&#8217;administraci\u00f3 i serveis. Comissi\u00f3 pedag\u00f2gica: Coordinaci\u00f3 de nivell. Equip tutorial. Gesti\u00f3 comunit\u00e0ria: Coordinacions espec\u00edfiques (LIC, [&hellip;]<\/p>\n","protected":false},"author":1,"featured_media":0,"parent":19,"menu_order":50,"comment_status":"closed","ping_status":"closed","template":"page-templates\/side-menu.php","meta":{"_bbp_topic_count":0,"_bbp_reply_count":0,"_bbp_total_topic_count":0,"_bbp_total_reply_count":0,"_bbp_voice_count":0,"_bbp_anonymous_reply_count":0,"_bbp_topic_count_hidden":0,"_bbp_reply_count_hidden":0,"_bbp_forum_subforum_count":0,"site-sidebar-layout":"default","site-content-layout":"","ast-site-content-layout":"","site-content-style":"default","site-sidebar-style":"default","ast-global-header-display":"","ast-banner-title-visibility":"","ast-main-header-display":"","ast-hfb-above-header-display":"","ast-hfb-below-header-display":"","ast-hfb-mobile-header-display":"","site-post-title":"","ast-breadcrumbs-content":"","ast-featured-img":"","footer-sml-layout":"","theme-transparent-header-meta":"","adv-header-id-meta":"","stick-header-meta":"","header-above-stick-meta":"","header-main-stick-meta":"","header-below-stick-meta":"","astra-migrate-meta-layouts":"default","ast-page-background-enabled":"default","ast-page-background-meta":{"desktop":{"background-color":"var(--ast-global-color-4)","background-image":"","background-repeat":"repeat","background-position":"center center","background-size":"auto","background-attachment":"scroll","background-type":"","background-media":"","overlay-type":"","overlay-color":"","overlay-opacity":"","overlay-gradient":""},"tablet":{"background-color":"","background-image":"","background-repeat":"repeat","background-position":"center center","background-size":"auto","background-attachment":"scroll","background-type":"","background-media":"","overlay-type":"","overlay-color":"","overlay-opacity":"","overlay-gradient":""},"mobile":{"background-color":"","background-image":"","background-repeat":"repeat","background-position":"center center","background-size":"auto","background-attachment":"scroll","background-type":"","background-media":"","overlay-type":"","overlay-color":"","overlay-opacity":"","overlay-gradient":""}},"ast-content-background-meta":{"desktop":{"background-color":"var(--ast-global-color-5)","background-image":"","background-repeat":"repeat","background-position":"center center","background-size":"auto","background-attachment":"scroll","background-type":"","background-media":"","overlay-type":"","overlay-color":"","overlay-opacity":"","overlay-gradient":""},"tablet":{"background-color":"var(--ast-global-color-5)","background-image":"","background-repeat":"repeat","background-position":"center center","background-size":"auto","background-attachment":"scroll","background-type":"","background-media":"","overlay-type":"","overlay-color":"","overlay-opacity":"","overlay-gradient":""},"mobile":{"background-color":"var(--ast-global-color-5)","background-image":"","background-repeat":"repeat","background-position":"center center","background-size":"auto","background-attachment":"scroll","background-type":"","background-media":"","overlay-type":"","overlay-color":"","overlay-opacity":"","overlay-gradient":""}},"footnotes":""},"class_list":["post-423","page","type-page","status-publish","hentry"],"post_mailing_queue_ids":[],"_links":{"self":[{"href":"https:\/\/agora.xtec.cat\/inscaterinaalbert\/wp-json\/wp\/v2\/pages\/423","targetHints":{"allow":["GET"]}}],"collection":[{"href":"https:\/\/agora.xtec.cat\/inscaterinaalbert\/wp-json\/wp\/v2\/pages"}],"about":[{"href":"https:\/\/agora.xtec.cat\/inscaterinaalbert\/wp-json\/wp\/v2\/types\/page"}],"author":[{"embeddable":true,"href":"https:\/\/agora.xtec.cat\/inscaterinaalbert\/wp-json\/wp\/v2\/users\/1"}],"replies":[{"embeddable":true,"href":"https:\/\/agora.xtec.cat\/inscaterinaalbert\/wp-json\/wp\/v2\/comments?post=423"}],"version-history":[{"count":7,"href":"https:\/\/agora.xtec.cat\/inscaterinaalbert\/wp-json\/wp\/v2\/pages\/423\/revisions"}],"predecessor-version":[{"id":14202,"href":"https:\/\/agora.xtec.cat\/inscaterinaalbert\/wp-json\/wp\/v2\/pages\/423\/revisions\/14202"}],"up":[{"embeddable":true,"href":"https:\/\/agora.xtec.cat\/inscaterinaalbert\/wp-json\/wp\/v2\/pages\/19"}],"wp:attachment":[{"href":"https:\/\/agora.xtec.cat\/inscaterinaalbert\/wp-json\/wp\/v2\/media?parent=423"}],"curies":[{"name":"wp","href":"https:\/\/api.w.org\/{rel}","templated":true}]}}