{"id":39,"date":"2014-09-17T16:36:44","date_gmt":"2014-09-17T15:36:44","guid":{"rendered":"http:\/\/agora.xtec.cat\/iesm-jmzafra\/?page_id=39"},"modified":"2024-03-06T17:46:45","modified_gmt":"2024-03-06T16:46:45","slug":"instal%c2%b7lacions","status":"publish","type":"page","link":"https:\/\/agora.xtec.cat\/inscaterinaalbert\/linstitut\/instal%c2%b7lacions\/","title":{"rendered":"Espais"},"content":{"rendered":"<p>L&#8217;institut\u00a0ocupa <strong>dos edificis<\/strong> amb entrades independents, una pel carrer\u00a0 Rogent i una altra pel carrer Proven\u00e7a.<\/p>\n<p>Podeu veure els espai clicant <a href=\"https:\/\/drive.google.com\/file\/d\/1IduMwd804B6fzBmT6hDn8ItblZ9k3R9e\/view?usp=sharing\">aquest enlla\u00e7<\/a>.<\/p>\n<table border=\"0\">\n<tbody>\n<tr>\n<td style=\"vertical-align: top;\">\n<h4>A l&#8217;edifici modernista de Rogent s&#8217;ubiquen:<\/h4>\n<ul>\n<li><span style=\"font-size: 10pt;\">Despatxos de direcci\u00f3<\/span><\/li>\n<li><span style=\"font-size: 10pt;\">Secretaria del centre<\/span><\/li>\n<li><span style=\"font-size: 10pt;\">Consergeria<\/span><\/li>\n<li><span style=\"font-size: 10pt;\">Despatxos d&#8217;atenci\u00f3 a les fam\u00edlies<\/span><\/li>\n<li><span style=\"font-size: 10pt;\">Menjador<\/span><\/li>\n<li><span style=\"font-size: 10pt;\">Sala d&#8217;actes<\/span><\/li>\n<li><span style=\"font-size: 10pt;\">Biblioteca i aula polivalent<\/span><\/li>\n<li><span style=\"font-size: 10pt;\">Taller de tecnologia<\/span><\/li>\n<li><span style=\"font-size: 10pt;\">Laboratori de ci\u00e8ncies.<br \/>\n<\/span><\/li>\n<li><span style=\"font-size: 10pt;\">Aula de m\u00fasica<\/span><\/li>\n<li><span style=\"font-size: 10pt;\">Aula de pl\u00e0stica i dibuix t\u00e8cnic<\/span><\/li>\n<li>Aules<\/li>\n<\/ul>\n<\/td>\n<td style=\"width: 50px;\"><\/td>\n<td style=\"vertical-align: top;\">\n<h4>L&#8217; edifici de\u00a0Proven\u00e7a destinat a:<\/h4>\n<ul>\n<li><span style=\"font-size: 10pt;\">12 aules de grup classe<\/span><\/li>\n<li><span style=\"font-size: 10pt;\">Despatxos professorat<\/span><\/li>\n<li><span style=\"font-size: 10pt;\">Gimn\u00e0s<\/span><\/li>\n<li><span style=\"font-size: 10pt;\">Pista poliesportiva<\/span><\/li>\n<\/ul>\n<p>&nbsp;<\/td>\n<\/tr>\n<\/tbody>\n<\/table>\n<div style=\"text-align: left;\"><strong>Alguns espais del centre:<\/strong><\/div>\n<div><a href=\"https:\/\/agora.xtec.cat\/inscaterinaalbert\/wp-content\/uploads\/usu164\/2024\/03\/IMG_20240131_172425-1-scaled.jpg\"><img loading=\"lazy\" decoding=\"async\" class=\"alignnone wp-image-13817\" src=\"https:\/\/agora.xtec.cat\/inscaterinaalbert\/wp-content\/uploads\/usu164\/2024\/03\/IMG_20240131_172425-1-1024x768.jpg\" alt=\"\" width=\"364\" height=\"273\" srcset=\"https:\/\/agora.xtec.cat\/inscaterinaalbert\/wp-content\/uploads\/usu164\/2024\/03\/IMG_20240131_172425-1-1024x768.jpg 1024w, https:\/\/agora.xtec.cat\/inscaterinaalbert\/wp-content\/uploads\/usu164\/2024\/03\/IMG_20240131_172425-1-300x225.jpg 300w, https:\/\/agora.xtec.cat\/inscaterinaalbert\/wp-content\/uploads\/usu164\/2024\/03\/IMG_20240131_172425-1-768x576.jpg 768w, https:\/\/agora.xtec.cat\/inscaterinaalbert\/wp-content\/uploads\/usu164\/2024\/03\/IMG_20240131_172425-1-1536x1152.jpg 1536w, https:\/\/agora.xtec.cat\/inscaterinaalbert\/wp-content\/uploads\/usu164\/2024\/03\/IMG_20240131_172425-1-2048x1536.jpg 2048w, https:\/\/agora.xtec.cat\/inscaterinaalbert\/wp-content\/uploads\/usu164\/2024\/03\/IMG_20240131_172425-1-200x150.jpg 200w\" sizes=\"auto, (max-width: 364px) 100vw, 364px\" \/>\u00a0\u00a0\u00a0<\/a> <a href=\"https:\/\/agora.xtec.cat\/inscaterinaalbert\/wp-content\/uploads\/usu164\/2024\/03\/IMG_20240226_080723-1-scaled.jpg\"><img loading=\"lazy\" decoding=\"async\" class=\"alignnone wp-image-13818\" src=\"https:\/\/agora.xtec.cat\/inscaterinaalbert\/wp-content\/uploads\/usu164\/2024\/03\/IMG_20240226_080723-1-768x1024.jpg\" alt=\"\" width=\"212\" height=\"283\" srcset=\"https:\/\/agora.xtec.cat\/inscaterinaalbert\/wp-content\/uploads\/usu164\/2024\/03\/IMG_20240226_080723-1-768x1024.jpg 768w, https:\/\/agora.xtec.cat\/inscaterinaalbert\/wp-content\/uploads\/usu164\/2024\/03\/IMG_20240226_080723-1-225x300.jpg 225w, https:\/\/agora.xtec.cat\/inscaterinaalbert\/wp-content\/uploads\/usu164\/2024\/03\/IMG_20240226_080723-1-1152x1536.jpg 1152w, https:\/\/agora.xtec.cat\/inscaterinaalbert\/wp-content\/uploads\/usu164\/2024\/03\/IMG_20240226_080723-1-1536x2048.jpg 1536w, https:\/\/agora.xtec.cat\/inscaterinaalbert\/wp-content\/uploads\/usu164\/2024\/03\/IMG_20240226_080723-1-scaled.jpg 1920w\" sizes=\"auto, (max-width: 212px) 100vw, 212px\" \/><\/a><\/div>\n<div>\u00a0 \u00a0 \u00a0 \u00a0 \u00a0 \u00a0 \u00a0 \u00a0 \u00a0 \u00a0 \u00a0Pista esportiva\u00a0 \u00a0 \u00a0 \u00a0 \u00a0 \u00a0 \u00a0 \u00a0 \u00a0 \u00a0 \u00a0 \u00a0 \u00a0 \u00a0 \u00a0 \u00a0 \u00a0 \u00a0 \u00a0 \u00a0 \u00a0 \u00a0 \u00a0 \u00a0 \u00a0 \u00a0 \u00a0 \u00a0 \u00a0 Gimn\u00e0s<\/div>\n<div><\/div>\n<div><\/div>\n<div><a href=\"https:\/\/agora.xtec.cat\/inscaterinaalbert\/wp-content\/uploads\/usu164\/2024\/03\/IMG_20240226_081114-1-scaled.jpg\"><img loading=\"lazy\" decoding=\"async\" class=\"alignnone wp-image-13819\" src=\"https:\/\/agora.xtec.cat\/inscaterinaalbert\/wp-content\/uploads\/usu164\/2024\/03\/IMG_20240226_081114-1-768x1024.jpg\" alt=\"\" width=\"332\" height=\"443\" srcset=\"https:\/\/agora.xtec.cat\/inscaterinaalbert\/wp-content\/uploads\/usu164\/2024\/03\/IMG_20240226_081114-1-768x1024.jpg 768w, https:\/\/agora.xtec.cat\/inscaterinaalbert\/wp-content\/uploads\/usu164\/2024\/03\/IMG_20240226_081114-1-225x300.jpg 225w, https:\/\/agora.xtec.cat\/inscaterinaalbert\/wp-content\/uploads\/usu164\/2024\/03\/IMG_20240226_081114-1-1152x1536.jpg 1152w, https:\/\/agora.xtec.cat\/inscaterinaalbert\/wp-content\/uploads\/usu164\/2024\/03\/IMG_20240226_081114-1-1536x2048.jpg 1536w, https:\/\/agora.xtec.cat\/inscaterinaalbert\/wp-content\/uploads\/usu164\/2024\/03\/IMG_20240226_081114-1-scaled.jpg 1920w\" sizes=\"auto, (max-width: 332px) 100vw, 332px\" \/>\u00a0\u00a0\u00a0<\/a><a href=\"https:\/\/agora.xtec.cat\/inscaterinaalbert\/wp-content\/uploads\/usu164\/2024\/03\/IMG_20240306_171553-1-scaled.jpg\"><img loading=\"lazy\" decoding=\"async\" class=\"alignnone wp-image-13824\" src=\"https:\/\/agora.xtec.cat\/inscaterinaalbert\/wp-content\/uploads\/usu164\/2024\/03\/IMG_20240306_171553-1-768x1024.jpg\" alt=\"\" width=\"332\" height=\"443\" srcset=\"https:\/\/agora.xtec.cat\/inscaterinaalbert\/wp-content\/uploads\/usu164\/2024\/03\/IMG_20240306_171553-1-768x1024.jpg 768w, https:\/\/agora.xtec.cat\/inscaterinaalbert\/wp-content\/uploads\/usu164\/2024\/03\/IMG_20240306_171553-1-225x300.jpg 225w, https:\/\/agora.xtec.cat\/inscaterinaalbert\/wp-content\/uploads\/usu164\/2024\/03\/IMG_20240306_171553-1-1152x1536.jpg 1152w, https:\/\/agora.xtec.cat\/inscaterinaalbert\/wp-content\/uploads\/usu164\/2024\/03\/IMG_20240306_171553-1-1536x2048.jpg 1536w, https:\/\/agora.xtec.cat\/inscaterinaalbert\/wp-content\/uploads\/usu164\/2024\/03\/IMG_20240306_171553-1-scaled.jpg 1920w\" sizes=\"auto, (max-width: 332px) 100vw, 332px\" \/><\/a><\/div>\n<div>\u00a0 \u00a0 \u00a0 \u00a0 \u00a0 \u00a0 \u00a0 \u00a0 \u00a0 \u00a0 \u00a0 \u00a0 \u00a0Aula\u00a0 \u00a0 \u00a0 \u00a0 \u00a0 \u00a0 \u00a0 \u00a0 \u00a0 \u00a0 \u00a0 \u00a0 \u00a0 \u00a0 \u00a0 \u00a0 \u00a0 \u00a0 \u00a0 \u00a0 \u00a0 \u00a0 \u00a0 \u00a0 \u00a0 \u00a0 \u00a0 \u00a0 \u00a0 \u00a0 \u00a0 \u00a0 \u00a0 \u00a0 \u00a0 \u00a0 \u00a0 \u00a0Aula<\/div>\n<div><\/div>\n<div><\/div>\n<div><a href=\"https:\/\/agora.xtec.cat\/inscaterinaalbert\/wp-content\/uploads\/usu164\/2024\/03\/IMG_20240306_171709-1-scaled.jpg\"><img loading=\"lazy\" decoding=\"async\" class=\"alignnone wp-image-13821\" src=\"https:\/\/agora.xtec.cat\/inscaterinaalbert\/wp-content\/uploads\/usu164\/2024\/03\/IMG_20240306_171709-1-768x1024.jpg\" alt=\"\" width=\"333\" height=\"444\" srcset=\"https:\/\/agora.xtec.cat\/inscaterinaalbert\/wp-content\/uploads\/usu164\/2024\/03\/IMG_20240306_171709-1-768x1024.jpg 768w, https:\/\/agora.xtec.cat\/inscaterinaalbert\/wp-content\/uploads\/usu164\/2024\/03\/IMG_20240306_171709-1-225x300.jpg 225w, https:\/\/agora.xtec.cat\/inscaterinaalbert\/wp-content\/uploads\/usu164\/2024\/03\/IMG_20240306_171709-1-1152x1536.jpg 1152w, https:\/\/agora.xtec.cat\/inscaterinaalbert\/wp-content\/uploads\/usu164\/2024\/03\/IMG_20240306_171709-1-1536x2048.jpg 1536w, https:\/\/agora.xtec.cat\/inscaterinaalbert\/wp-content\/uploads\/usu164\/2024\/03\/IMG_20240306_171709-1-scaled.jpg 1920w\" sizes=\"auto, (max-width: 333px) 100vw, 333px\" \/><\/a> <a href=\"https:\/\/agora.xtec.cat\/inscaterinaalbert\/wp-content\/uploads\/usu164\/2024\/03\/IMG_20240306_172454-1-scaled.jpg\">\u00a0 <img loading=\"lazy\" decoding=\"async\" class=\"alignnone wp-image-13822\" src=\"https:\/\/agora.xtec.cat\/inscaterinaalbert\/wp-content\/uploads\/usu164\/2024\/03\/IMG_20240306_172454-1-768x1024.jpg\" alt=\"\" width=\"332\" height=\"443\" srcset=\"https:\/\/agora.xtec.cat\/inscaterinaalbert\/wp-content\/uploads\/usu164\/2024\/03\/IMG_20240306_172454-1-768x1024.jpg 768w, https:\/\/agora.xtec.cat\/inscaterinaalbert\/wp-content\/uploads\/usu164\/2024\/03\/IMG_20240306_172454-1-225x300.jpg 225w, https:\/\/agora.xtec.cat\/inscaterinaalbert\/wp-content\/uploads\/usu164\/2024\/03\/IMG_20240306_172454-1-1152x1536.jpg 1152w, https:\/\/agora.xtec.cat\/inscaterinaalbert\/wp-content\/uploads\/usu164\/2024\/03\/IMG_20240306_172454-1-1536x2048.jpg 1536w, https:\/\/agora.xtec.cat\/inscaterinaalbert\/wp-content\/uploads\/usu164\/2024\/03\/IMG_20240306_172454-1-scaled.jpg 1920w\" sizes=\"auto, (max-width: 332px) 100vw, 332px\" \/><\/a><\/div>\n<div>\u00a0 \u00a0 \u00a0 \u00a0 \u00a0 \u00a0 \u00a0Laboratori de ci\u00e8ncies\u00a0 \u00a0 \u00a0 \u00a0 \u00a0 \u00a0 \u00a0 \u00a0 \u00a0 \u00a0 \u00a0 \u00a0 \u00a0 \u00a0 \u00a0 \u00a0 \u00a0 \u00a0 \u00a0 \u00a0 \u00a0 \u00a0 \u00a0 Aula de pl\u00e0stica<\/div>\n<div><\/div>\n","protected":false},"excerpt":{"rendered":"<p>L&#8217;institut\u00a0ocupa dos edificis amb entrades independents, una pel carrer\u00a0 Rogent i una altra pel carrer Proven\u00e7a. Podeu veure els espai clicant aquest enlla\u00e7. A l&#8217;edifici modernista de Rogent s&#8217;ubiquen: Despatxos de direcci\u00f3 Secretaria del centre Consergeria Despatxos d&#8217;atenci\u00f3 a les fam\u00edlies Menjador Sala d&#8217;actes Biblioteca i aula polivalent Taller de tecnologia Laboratori de ci\u00e8ncies. Aula [&hellip;]<\/p>\n","protected":false},"author":1,"featured_media":0,"parent":19,"menu_order":10,"comment_status":"closed","ping_status":"closed","template":"page-templates\/side-menu.php","meta":{"_bbp_topic_count":0,"_bbp_reply_count":0,"_bbp_total_topic_count":0,"_bbp_total_reply_count":0,"_bbp_voice_count":0,"_bbp_anonymous_reply_count":0,"_bbp_topic_count_hidden":0,"_bbp_reply_count_hidden":0,"_bbp_forum_subforum_count":0,"site-sidebar-layout":"default","site-content-layout":"","ast-site-content-layout":"","site-content-style":"default","site-sidebar-style":"default","ast-global-header-display":"","ast-banner-title-visibility":"","ast-main-header-display":"","ast-hfb-above-header-display":"","ast-hfb-below-header-display":"","ast-hfb-mobile-header-display":"","site-post-title":"","ast-breadcrumbs-content":"","ast-featured-img":"","footer-sml-layout":"","theme-transparent-header-meta":"","adv-header-id-meta":"","stick-header-meta":"","header-above-stick-meta":"","header-main-stick-meta":"","header-below-stick-meta":"","astra-migrate-meta-layouts":"default","ast-page-background-enabled":"default","ast-page-background-meta":{"desktop":{"background-color":"var(--ast-global-color-4)","background-image":"","background-repeat":"repeat","background-position":"center center","background-size":"auto","background-attachment":"scroll","background-type":"","background-media":"","overlay-type":"","overlay-color":"","overlay-opacity":"","overlay-gradient":""},"tablet":{"background-color":"","background-image":"","background-repeat":"repeat","background-position":"center center","background-size":"auto","background-attachment":"scroll","background-type":"","background-media":"","overlay-type":"","overlay-color":"","overlay-opacity":"","overlay-gradient":""},"mobile":{"background-color":"","background-image":"","background-repeat":"repeat","background-position":"center center","background-size":"auto","background-attachment":"scroll","background-type":"","background-media":"","overlay-type":"","overlay-color":"","overlay-opacity":"","overlay-gradient":""}},"ast-content-background-meta":{"desktop":{"background-color":"var(--ast-global-color-5)","background-image":"","background-repeat":"repeat","background-position":"center center","background-size":"auto","background-attachment":"scroll","background-type":"","background-media":"","overlay-type":"","overlay-color":"","overlay-opacity":"","overlay-gradient":""},"tablet":{"background-color":"var(--ast-global-color-5)","background-image":"","background-repeat":"repeat","background-position":"center center","background-size":"auto","background-attachment":"scroll","background-type":"","background-media":"","overlay-type":"","overlay-color":"","overlay-opacity":"","overlay-gradient":""},"mobile":{"background-color":"var(--ast-global-color-5)","background-image":"","background-repeat":"repeat","background-position":"center center","background-size":"auto","background-attachment":"scroll","background-type":"","background-media":"","overlay-type":"","overlay-color":"","overlay-opacity":"","overlay-gradient":""}},"footnotes":""},"class_list":["post-39","page","type-page","status-publish","hentry"],"post_mailing_queue_ids":[],"_links":{"self":[{"href":"https:\/\/agora.xtec.cat\/inscaterinaalbert\/wp-json\/wp\/v2\/pages\/39","targetHints":{"allow":["GET"]}}],"collection":[{"href":"https:\/\/agora.xtec.cat\/inscaterinaalbert\/wp-json\/wp\/v2\/pages"}],"about":[{"href":"https:\/\/agora.xtec.cat\/inscaterinaalbert\/wp-json\/wp\/v2\/types\/page"}],"author":[{"embeddable":true,"href":"https:\/\/agora.xtec.cat\/inscaterinaalbert\/wp-json\/wp\/v2\/users\/1"}],"replies":[{"embeddable":true,"href":"https:\/\/agora.xtec.cat\/inscaterinaalbert\/wp-json\/wp\/v2\/comments?post=39"}],"version-history":[{"count":6,"href":"https:\/\/agora.xtec.cat\/inscaterinaalbert\/wp-json\/wp\/v2\/pages\/39\/revisions"}],"predecessor-version":[{"id":13828,"href":"https:\/\/agora.xtec.cat\/inscaterinaalbert\/wp-json\/wp\/v2\/pages\/39\/revisions\/13828"}],"up":[{"embeddable":true,"href":"https:\/\/agora.xtec.cat\/inscaterinaalbert\/wp-json\/wp\/v2\/pages\/19"}],"wp:attachment":[{"href":"https:\/\/agora.xtec.cat\/inscaterinaalbert\/wp-json\/wp\/v2\/media?parent=39"}],"curies":[{"name":"wp","href":"https:\/\/api.w.org\/{rel}","templated":true}]}}