{"id":360,"date":"2015-04-09T10:40:49","date_gmt":"2015-04-09T09:40:49","guid":{"rendered":"http:\/\/agora.xtec.cat\/iesm-jmzafra\/?page_id=360"},"modified":"2024-01-31T09:15:00","modified_gmt":"2024-01-31T08:15:00","slug":"premis-i-reconeixements","status":"publish","type":"page","link":"https:\/\/agora.xtec.cat\/inscaterinaalbert\/linstitut\/premis-i-reconeixements\/","title":{"rendered":"Premis i reconeixements"},"content":{"rendered":"<p><strong>Campionat Interescolar per equips de Cub Rubik<\/strong> curs 23\/24: 1r premi<\/p>\n<p><strong>Planter de Sondeig i Experiments:<\/strong> 1r premi categoria de 3r i 4t d&#8217;ESO i menci\u00f3 tamb\u00e9 a la mateixa categoria.<\/p>\n<p><strong>First Lego League 2023:\u00a0<\/strong>2n premi Ingeniera Soy al guanyador i pas a la Final Nacional.<\/p>\n<p><strong>Campionat Interescolar per equips de Cub Rubik<\/strong> curs 22\/23: 1r premi<\/p>\n<p><strong>First Lego League 2022:\u00a0<\/strong>2n premi als valors First Lego League per l&#8217;equip Energia___ i nominaci\u00f3 al Global Innovation Award per l&#8217;equip Bid Mundag, els nostres dos equips de l&#8217;institut.<\/p>\n<p><strong>First Lego League 2021:\u00a0<\/strong>Primer premi Projecte d&#8217;innovaci\u00f3 a l&#8217;equip Limahana.<\/p>\n<p><strong>First Lego League 2020:<\/strong> Primer premi Projecte d&#8217;innovaci\u00f3 a l&#8217;equip Limahana.<\/p>\n<p><strong>Premi EXPORECERCA JOVE 2020-<\/strong> i premi Obra Social La Caixa 2020-LES LLETRES DE LES CAN\u00c7ONS DE REGGAETON: UN TEMA PEL DEBAT EN EL MARC DELS ODS 4 i 5<br \/>\nAutores: Anna Bertos Vicente i Mel Galup Redondo, alumnes de 3r d\u2019ESO de l\u2019Institut Juan Manuel Zafra (curs 2019-20).<\/p>\n<p><strong>Premi CSIC 2020<\/strong>-TEMPS DE COLORS: LA RELACI\u00d3 ENTRE EL TEMPS DE REACCI\u00d3 I L&#8217;ESCALA CROM\u00c0TICA<br \/>\nAlumne Usman Tariq de 2n de Batxillerat curs 2019-20<\/p>\n<p><strong>Premi ES DE LIBRO 2019<\/strong>&#8211; AN\u00c0LISI DE LA PRES\u00c8NCIA DE DONES EN EL NOSTRE LLIBRE DE TEXT DE CATAL\u00c0 I CASTELLA DE 4T D\u2019ESO<br \/>\nAutores: Joana Castillo Pi\u00f1ol, Duna Galup Redondo, Martina Salvador Antonio i Salma Zian Jamoldinova<br \/>\nAlumnes de 4t d\u2019ESO curs 2017-18 Institut Juan Manuel Zafra (Barcelona)<\/p>\n<p><b>Premi RECERCA JOVE 2018<\/b>&#8211; PRODUCCI\u00d3 I CONSUM RESPONSABLE: CONEIXEMENET SOBRE ECONOMIA CIRCULAR I LA SEVA INCLUSI\u00d3 EN ELS PROGRAMES ELECTORALS DEL 21 DE DESEMBRE DE 2017<br \/>\nAutores: Cristina Manzanares Urrutia i Salma Zian Jamoldinova, Alumnes de 4t d\u2019ESO Institut Juan Manuel Zafra de Barcelona (curs 2017-18)<\/p>\n<p>Estudi sobre el gust de la lectura per part d\u2019alumnes l\u2019institut Juan Manuel Zafra i de l\u2019Escola Dovella: &#8220;Alumnes des de 5\u00e8 fins a 1r d\u2019ESO davant la lectura de Harry Potter i Wonder&#8221;, de l\u2019Anna Bertos i la Mel Galup de 1r d\u2019ESO.\u00a0<b>Menci\u00f3n de Honor en Planter de Sondeigs i Experiments<\/b>\u00a0de la FME (UPC) i\u00a0<b>Primer premio nacional Es de libro 2018.<\/b><\/p>\n<p><strong>Cercant vincles: participem i compartim <\/strong>va obtenir el segon premi en <strong>La crida: redissenyem les reunions amb fam\u00edlies<\/strong> de la Fundaci\u00f3 Bofill.<\/p>\n<p>El treball de recerca del Pau Mart\u00ed Val\u00e8ncia <strong>Els videojocs independents: l&#8217;altra banda de la moneda<\/strong> va ser mereixedor del primer premi Planter de Sondeig i Experiments 2017 i va representar a Catalunya a Incubadora de Sondeos y Experimentos a Oviedo.\u00a0Aquest treball tamb\u00e9 va guanyar el <strong>Premi<\/strong>\u00a0<b>RecercaJove 2017.\u00a0<\/b><\/p>\n<p><strong>Cosm\u00e8tics i ci\u00e8ncia: M\u00e0rqueting o rigor?<\/strong> recerca de la Berta Rossell, Duna Galup i Sehar Tariq van rebre dues mencions a ES DE LIBRO i a planter de SONDEIG I EXPERIMENTS 2017<\/p>\n<p>El Biel Clarella i la Sara Larios de 3r d&#8217;ESO van rebre una menci\u00f3 a ES DE LIBRO 2017 per la seva recerca <strong>Els joves i les noves maneres de lectura:h\u00e0bits de lectura en l&#8217;era digital. \u00das de les biblioteques.<\/strong><\/p>\n<p>Les alumnes de 2n d&#8217;ESO Cristina Llamazares i Salma Zian han obtingut el primer premi ES DE LIBRO en la seva categoria pel treball <strong>La comunicaci\u00f3 emocional del llenguatge escrit que utilitzem quan fem servir el whatsApp<\/strong>.<\/p>\n<p>El treball d&#8217;investigaci\u00f3 <strong>Les eleccions: el preu personal, econ\u00f2mic i mediambiental d&#8217;un vot<\/strong>\u00a0, dels alumnes de 2n d&#8217;ESO Aliona Gonz\u00e1lez i Pau Valencia ha estat guardonat amb una menci\u00f3 d&#8217;honor en el Planter de Sondeigs i Experiments i amb el premi dels participants a l&#8217;EXPORECERCA 2016.<\/p>\n<p><strong>Contaminaci\u00f3 microbiol\u00f2gica en equipaments p\u00fablics i resist\u00e8ncies bacterianes<\/strong> TR de l&#8217;alumna de 2n de BTX Marta Urd\u00ed ha obtingut a l&#8217;EXPORECERCA 2016, una menci\u00f3 especial The Society for in vitro Biology.<\/p>\n<p>El treball de recerca <strong>Al\u00b7l\u00e8rgies en un m\u00f3n modern<\/strong> de Javier Moreno, Al\u00ed Hamza i Enric Carbasa de 2n de BTX, ha estat premiat als XXXVIII Premis Baldiri Reixac.<\/p>\n<p>El treball <strong>Fer ci\u00e8ncia per comunicar ci\u00e8ncia<\/strong> presentat per l\u2019institut als premis d\u2019\u00e8tica i ci\u00e8ncia de la fundaci\u00f3 V\u00edctor Gr\u00edfols i Lucas, ha estat distingit amb el segon premi.<\/p>\n<p><a href=\"http:\/\/xtec.gencat.cat\/ca\/projectes\/lectura\/gustperlalectura\/mostratreballspremiats1415\" target=\"_blank\" rel=\"noopener noreferrer\">1r premi del XX Concurs El Gust per la Lectura 2014-2015<\/a> <a href=\"https:\/\/drive.google.com\/file\/d\/0ByAG3CcSr06yb2dJNndSbnc1QzA\/view\" target=\"_blank\" rel=\"noopener noreferrer\">El misteri del carrer de les glicines del Clot<\/a> realitzat per l&#8217;alumnat de 1r d&#8217;ESO en la mat\u00e8ria optativa <em>el gust per la lectura<\/em>.<\/p>\n<p>El treball d\u2019investigaci\u00f3<a href=\"http:\/\/issuu.com\/bertara4\/docs\/presentaci___a6cbb7416dcbde\/1\" target=\"_blank\" rel=\"noopener noreferrer\"><strong>\u00a0 <em>Quina hamburguesa prefereixes? estudi d\u2019opini\u00f3<\/em><\/strong><\/a> fet per la Berta Rosell Aran de 2n d\u2019ESO, que va estar realitzat en el marc\u00a0de\u00a0<strong>l\u2019activitat extraescolar Zafra Investigadora<\/strong>, ha obtingut el primer premi en la 6\u00e8na convocat\u00f2ria dels premis <strong>Planter de Sondeigs <\/strong>2015,\u00a0convocat per les Universitats UPC, UB i UAB.<\/p>\n<p>El treball de recerca del Diego Palacios, de segon de batxillerat :\u00a0<a href=\"index.php\/no-tho-perdis\/964-disseny-i-construcci%C3%B3-d%E2%80%99un-drone.html\" target=\"_blank\" rel=\"noopener noreferrer\"><strong><em>Disseny i construcci\u00f3 d\u2019un drone<\/em><\/strong><\/a>\u00a0va obtenir els premis:\u00a0<span style=\"color: maroon;\">Premi Consejo Superior de Investigaciones Cient\u00edficas<\/span>\u00a0(CSIC)\u00a0i\u00a0<span style=\"color: maroon;\">Premi Societat Catalana de Tecnologia (SCT)<\/span>, en el marc de l\u2019Exporeceerca 2015.<\/p>\n<p style=\"text-align: justify;\">El treball d&#8217;investigaci\u00f3<a href=\"https:\/\/prezi.com\/ninfej2km5id\/201400462-arc-de-sant-marti-investigant-amb-tints-naturals-te-curcuma-i-pell-de-ceba\/?utm\" target=\"_blank\" rel=\"noopener noreferrer\"><strong> Investigant amb tints naturals: <em>t\u00e9, c\u00farcuma i pell de ceba realitzat<\/em><\/strong><\/a> per<strong>\u00a0Anna Abad i Berta Rossell\u00a0<\/strong>de 1r d&#8217;ESO en el marc de <strong>\u00a0l&#8217;activitat extaescolar Zafra Investigadora,\u00a0<\/strong> ha obtingut una <strong>\u00a0Menci\u00f3 Extraordin\u00e0ria<\/strong> en el l 8\u00e8 concurs\u00a0<strong>Si eres original, eres de libro\u00a0<\/strong>de l&#8217;any 2014, en la categoria de 1r d&#8217;ESO.<\/p>\n<p>El treball d&#8217;investigaci\u00f3 <a href=\"http:\/\/issuu.com\/mpmd\/docs\/201400203-_las_luka-_fumas_o_vapeas\" target=\"_blank\" rel=\"noopener noreferrer\"><strong>Fumas o vapeas?<em> Estudio del cigarrillo tradicional y el electr\u00f3nico<\/em><\/strong><\/a>\u00a0realitzat l&#8217;any 2014 per <strong>Luisa Arango i Karla Salvador<\/strong>, de 2n i 1r d&#8217;ESO respectivament, en el marc de l<strong>&#8216;activitat extaescolar Zafra Investigadora<\/strong>, ha obtingut una <strong>Menci\u00f3 Extraordin\u00e0ria<\/strong> en el l 8\u00e8 concurs <strong>Si eres original, eres de libro<\/strong>\u00a0de l&#8217;any 2014, en la categoria de 2n d&#8217;ESO.<\/p>\n<p style=\"text-align: justify;\"><strong>El treball de recerca &#8220;Estudi dels colors dels vitralls de la Sagrada Fam\u00edlia&#8221; de S\u00edlvia Mena <\/strong>ha merescut una<strong> Menci\u00f3 d&#8217;honor <\/strong>en el marc dels<strong> premis ARG\u00d3 2014\u00a0<\/strong>que concedeix la UAB amb la finalitat de recon\u00e8ixer l&#8217;esfor\u00e7 dels estudiants.<\/p>\n<p style=\"text-align: justify;\"><strong>Caminant pel passat, canvi o continu\u00eftat?<\/strong>, treball de recerca d&#8217;Ariadna Olivares Gil, ha estat escollit finalista en la V Mostra de Recerca Jove de Barcelona celebrada el mes de juny 2013.<\/p>\n<p style=\"text-align: justify;\">Un grup d&#8217;alumnes de 3r d&#8217;ESO (curs 2012-13) han quedat finalistes i han obtingut un premi de 250 euros amb la producci\u00f3 del v\u00eddeo <strong>&#8220;24 hores&#8221;<\/strong> sobre seguretat vial presentat al concurs internacional &#8220;Your ideas, your initiatives&#8221; convocat per Renault.<\/p>\n<p style=\"text-align: justify;\">El treball <strong>&#8220;100 a\u00f1os de Zafra: pasado y presente de nuestro instituto&#8221;<\/strong> realitzat per les alumnes Ariadna Barrero, Ivet de la Torre, Mar\u00eda Garc\u00eda i J\u00falia Mulero, i coordinat per la professora M\u00aa del Pilar Menoyo ha rebut una menci\u00f3 d&#8217;honor d&#8217;humanitats en la XVIII edici\u00f3 dels Premis Sant Viator, octubre 2012.<\/p>\n<p style=\"text-align: justify;\">Sara Rodr\u00edguez Cervera, alumna de 4t el curs 2011-12, ha rebut el <strong>1r premi en el concurs de fotografia<\/strong> de viatges Cum Laude amb una foto feta a Ven\u00e8cia en el viatge de fi d&#8217;etapa.<\/p>\n<p style=\"text-align: justify;\">Joel Formisano, alumne de 1r d&#8217;ESO el curs 2011-12, ha estat seleccionat per formar part del grup de treball de la desena promoci\u00f3 <strong>ESTALMAT CATALUNYA 2012-14<\/strong>. Aquest grup de treball centrat en l&#8217;est\u00edmul al talent matem\u00e0tic desenvoupar\u00e0 les seves activitats els propers dos cursos.<\/p>\n<p style=\"text-align: justify;\"><strong>&#8220;Qu\u00e8 ens expliquen els cartells de la Guerra Civil?&#8221;<\/strong>, treball de recerca de S\u00edlvia Mars\u00e0 i Jordina Vila ha estat guardonat en la 9a convocat\u00f2ria dels premis Arg\u00f3 2012 de col\u00b7laboraci\u00f3 entre la secund\u00e0ria i l&#8217;UAB, \u00e0mbit de les ci\u00e8ncies socials i ci\u00e8ncies humanes.<\/p>\n<p style=\"text-align: justify;\">Dues fotografies, una de l&#8217;alumne Andriyi Sadivskky de 2n de batxillerat i una del professor Llu\u00eds L\u00f3pez, encarregat del grup zafra@foto, han estat premiades en el <strong>concurs EFIM<\/strong> organtizat per la Direcci\u00f3 General del Patrimoni Cultural de la Generalitat de Catalunya.<\/p>\n<p style=\"text-align: justify;\">Els treballs de recerca <strong>&#8220;Les v\u00edctimes de la crisi&#8221;<\/strong> de Youssef Bouajaj i <strong>&#8220;Els objectius del milenni: una proposta per eradicar la pobresa&#8221;<\/strong> de Laura S\u00e1nchez han merescut el segon i tercer premi respectivament, en la 1\u00aa edici\u00f3 dels premis &#8220;En la Recerca del Desenvolupament&#8221; convocats per l&#8217;Assemblea de Cooperaci\u00f3 per la Pau i l&#8217;Ajuntament de Barcelona el 2012.<\/p>\n<p style=\"text-align: justify;\">Menci\u00f3 extraordin\u00e0ria per al treball d&#8217;investigaci\u00f3 <strong>&#8220;El centenari de l&#8217;edifici de l&#8217;institut Juan Manuel Zafra de Barcelona: una mirada al present i al passat a partir de l&#8217;estudi de documents i fonts orals&#8221;<\/strong> realitzat per Ariadna Barrero, Ivet de la Torre, Mar\u00eda Garc\u00eda i J\u00falia Mulero, alumnes de 1r d&#8217;ESO, i coordinat per la professora M\u00aa del Pilar Menoyo. Menci\u00f3 atorgada en el 6\u00e8 concurs (2011-12) &#8220;Si eres original, eres de libro&#8221;.<\/p>\n<p style=\"text-align: justify;\">Premis &#8220;El nostre futur energ\u00e8tic&#8221; de l&#8217;any 2011 per Almudena Conde i Rub\u00e9n Llorach. Els treballs premiats han estat dos v\u00eddeos, un corresponent al premi del p\u00fablic al millor v\u00eddeo de la categoria &#8220;Enquestes&#8221; i l&#8217;altre un premi especial del jurat al v\u00eddeo\u00a0<a href=\"https:\/\/www.youtube.com\/watch?v=yqnSszGbVyo\">&#8220;Qu\u00e8 fareu?: El futur energ\u00e8tic als ulls dels estudiants de batxillerat&#8221;<\/a><\/p>\n<p style=\"text-align: justify;\">Les <strong>fotografies<\/strong> de Joana Canal i Rub\u00e9n Llorach han estat premiades a la mostra convocada el 2011 per l&#8217;IHPE dedicada als monuments, es tracta del premi de fotografia EFIM que es lliura a Estrasburg. Tamb\u00e9 l&#8217;institut ha rebut un premi consistent en material fotogr\u00e0fic.<\/p>\n<p style=\"text-align: justify;\">El treball de recerca <strong>&#8220;La revoluci\u00f3 fractal. Nova perspectiva per a l&#8217;an\u00e0lisi musical&#8221;<\/strong> de V\u00edctor de la Torre ha estat guardonat amb el tercer premi de la modalitat cient\u00edfica al concurs EID\u00c9A del 2011. El treball ha merescut tamb\u00e9 el cinqu\u00e8 premi en la convocat\u00f2ria dels Premis San Viator de recerca en ci\u00e8ncies, aix\u00ed com un dels Premis Baldiri Reixach en la seva XXXIII convocat\u00f2ria, a banda d&#8217;un acc\u00e8sit a l&#8217;Exporecerca del 2011.<\/p>\n<p style=\"text-align: justify;\"><strong>&#8220;TR: La pel\u00b7l\u00edcula&#8221;<\/strong>, treball de recerca de Rub\u00e9n Llorach ha obtingut el tercer premi en els VIII Premis el CAC a l&#8217;escola, convocats pel Consell Audiovisual de Catalunya.<\/p>\n<p style=\"text-align: justify;\">Premi nacional &#8220;Es de libro&#8221; atorgat a Sergi Albert i V\u00edctor de la Torre per al seu treball <strong>&#8220;El calidoscopi de la natura: geometria euclidiana i fractal&#8221;<\/strong> elaborat a partir dels seus treballs de recerca. Aquest premi correspon a la 5\u00aa edici\u00f3 del concurs nacional &#8220;Si eres original, eres de Libro&#8221;.<\/p>\n<p style=\"text-align: justify;\">El treball de David Rausell, <strong>&#8220;A quantes persones pot afectar la grip A? Simulaci\u00f3 amb models SIR i SIRS&#8221;<\/strong>, ha merescut una nova distinci\u00f3. Ha estat escollit per ser publicat com a treball premiat en la convocat\u00f2ria dels premis de Recerca Jove de l&#8217;any 2010. Aquests premis s\u00f3n atorgats anualment pel Consell Interdepartamental de Recerca i Innovaci\u00f3 Tecnol\u00f2gica.<\/p>\n<p style=\"text-align: justify;\">Al XIII Certamen de J\u00f3venes Investigadores del 2010 convocat per l&#8217;INJUVE, el treball de recerca <strong>&#8220;A quantes persones pot afectar la grip A? Les matem\u00e0tiques cerquen la resposta&#8221;<\/strong> de David Rausell va guanyar el 1r premi\u00a0 i <strong>&#8220;Casa sostenible&#8221; <\/strong>d&#8217;Albert Moncl\u00fas el 2n.<\/p>\n<p style=\"text-align: justify;\">El premi Sostenibilitat de la XVI edici\u00f3 dels Premis San Viator de Madrid corresponent al 2010, es va atorgar al treball d&#8217;Albert Moncl\u00fas <strong>&#8220;Casa sostenible&#8221;<\/strong>.<\/p>\n<p style=\"text-align: justify;\">En David Rausell va mer\u00e8ixer el 3r premi en la convocat\u00f2ria VII dels Premis Arg\u00f3 2010 de la UAB pel seu treball de recerca <strong>&#8220;A quantes persones pot afectar la grip A? Les matem\u00e0tiques cerquen la resposta&#8221;<\/strong>.<\/p>\n<p style=\"text-align: justify;\">El treball <strong>&#8220;\u00bfQu\u00e8 ens ensenyen les pel\u00b7l\u00edcules de caire matem\u00e0tic?&#8221;<\/strong> de Sergi Albert, Jordana Calvo i Ariadna de Diego, presentat a la X Exporecerca Jove, va ser guardonat amb el II Premi Ci\u00e8ncia en Societat, el mes d&#8217;abril de 2009.<\/p>\n<p style=\"text-align: justify;\">El 1r i 2n premis dels Jocs Florals del Districte del 2009, van correspondre als escrits de Mireia Pe\u00f1a i V\u00edctor de la Torre, alumnes de 4t d&#8217;ESO, pels seus treballs\u00a0<strong>&#8220;Els meus dies a la col\u00f2nia&#8221;<\/strong> i <strong>&#8220;Pensaments nocturns&#8221;<\/strong>.<\/p>\n<p style=\"text-align: justify;\">Laia Vega Lamas va ser una de les guanyadores del I Premi UPF al Millor Treball de Recerca en Igualtat de G\u00e8nere amb el seu treball <strong>&#8220;Viol\u00e8ncia de g\u00e8neres. Igualtat jur\u00eddica davant la llei?&#8221;. <\/strong>El premi va ser-li\u00a0atorgat pel valor metodol\u00f2gic i la capacitat d&#8217;an\u00e0lisi, l&#8217;any 2008.<\/p>\n<p style=\"text-align: justify;\">El treball anomenat <strong>&#8220;Fiabilitat d&#8217;alguns estudis de nanoqu\u00edmica publicats en revistes internacionals&#8221;<\/strong> presentat per Marc Lu\u00eds Cer\u00f3n va guanyar el 2n premi en l&#8217;\u00e0mbit cient\u00edfic \/ tecnol\u00f2gic \/ sanitari dels Premis Arg\u00f3 a treballs de Recerca de Batxillerat de la UAB, l&#8217;any 2008.<\/p>\n<p style=\"text-align: justify;\">El treball de recerca <strong>&#8220;Generaci\u00f3 de resist\u00e8ncies bacterianes&#8221;<\/strong> realitzat per l<strong>&#8216;<\/strong>\u00c0ngela Ru\u00edz Lambea va ser escollit per l&#8217;organitzaci\u00f3 INICE (Instituto de Investigaciones Cient\u00edficas y Ecol\u00f3gicas) per participar en l&#8217;Exposici\u00f3 que es va fer a Budapest, el\u00a0mes de juliol de 2008.<\/p>\n<p style=\"text-align: justify;\">El treball de recerca <strong>&#8220;Les subst\u00e0ncies descafe\u00efnades: realment no contenen gens de cafe\u00efna?&#8221;<\/strong> fet per Isaac Garc\u00eda va aconseguir el 1r premi en l&#8217;ambit cient\u00edfic dels Premis Arg\u00f3 (UAB), l&#8217;any 2007.<\/p>\n<p style=\"text-align: justify;\">M\u00f2nica Segura va obtenir el Premi Francesc Noy d&#8217;Humanitats de la UPF pel seu treball de recerca <strong>&#8220;Diagn\u00f2stic: s\u00edndrome de Cohen. I ara qu\u00e8?<\/strong>, l&#8217;any 2006.<\/p>\n<p style=\"text-align: justify;\">El treball de recerca <strong>&#8220;Estudi del reflex pupil\u00b7lar a la llum&#8221;<\/strong> realitzat per Carme Caum va rebre el 3r premi en l&#8217;\u00e0mbit cient\u00edfic dels Premis Arg\u00f3 depenents de la UAB i un premi CIRIT, l&#8217;any 2006.<\/p>\n<p>El treball de recerca\u00a0<strong>&#8220;Estudi del reflex pupil\u00b7lar a la llum&#8221;\u00a0<\/strong>realitzat per Carme Caum va rebre el\u00a01r premi\u00a0del\u2019Exporecerca Jove, l&#8217;any\u00a02006.<\/p>\n<p style=\"text-align: justify;\">Premi ORATOR al treball <strong>&#8220;History of Rome&#8221;<\/strong> desenvolupat a 3r d&#8217;ESO en una mat\u00e8ria de CCSS realitzada en angl\u00e8s, l&#8217;any 2006.<\/p>\n<p style=\"text-align: justify;\">El text d&#8217;opini\u00f3 <strong>&#8220;Barcelona posa&#8217;t guapa&#8221;<\/strong> va mer\u00e8ixer\u00a0el 3r premi\u00a0en el concurs de redacci\u00f3 convocat per\u00a0La Vanguardia, l&#8217;any 2004.<\/p>\n<p style=\"text-align: justify;\">El projecte <strong>&#8220;Educar l&#8217;autonomia a partir de la participaci\u00f3&#8221;<\/strong> va ser reconegut, en el marc de la VII Convocat\u00f2ria Barcelona Identitats, l&#8217;any 2003.<\/p>\n<p style=\"text-align: justify;\">L&#8217;experi\u00e8ncia presentada <strong>&#8220;L&#8217;alumnat com a protagonista de la conviv\u00e8ncia&#8221;<\/strong> va obtenir un premi en el Recull d&#8217;Experi\u00e8ncies sobre Participaci\u00f3, convocat pel Consell Escolar Municipal, l&#8217;any 2000.<\/p>\n<p style=\"text-align: justify;\">El projecte endegat a l&#8217;institut <strong>&#8220;La participaci\u00f3 i l&#8217;acci\u00f3 tutorial com a base de la conviv\u00e8ncia&#8221;<\/strong> va guanyar els segons premis a la Conviv\u00e8ncia Escolar atorgats pel Departament d&#8217;Ensenyament, el curs 1999.<\/p>\n<p style=\"text-align: justify;\">El\u00a0treball fotogr\u00e0fic <strong>&#8220;El primer amor&#8221;<\/strong> va resultar guanyador en els segons premis de fotografia escolar atorgats pel Departament d&#8217;Ensenyament, el curs 1999.<\/p>\n<p dir=\"ltr\">El Treball de Recerca \u201c<strong>Pol\u00edmers, residus i reciclatge<\/strong>\u201d va guanyar el Premi CIRIT per fomentar l\u2019esperit del jovent, el curs 1997.<\/p>\n","protected":false},"excerpt":{"rendered":"<p>Campionat Interescolar per equips de Cub Rubik curs 23\/24: 1r premi Planter de Sondeig i Experiments: 1r premi categoria de 3r i 4t d&#8217;ESO i menci\u00f3 tamb\u00e9 a la mateixa categoria. First Lego League 2023:\u00a02n premi Ingeniera Soy al guanyador i pas a la Final Nacional. Campionat Interescolar per equips de Cub Rubik curs 22\/23: [&hellip;]<\/p>\n","protected":false},"author":1,"featured_media":0,"parent":19,"menu_order":40,"comment_status":"closed","ping_status":"closed","template":"page-templates\/side-menu.php","meta":{"_bbp_topic_count":0,"_bbp_reply_count":0,"_bbp_total_topic_count":0,"_bbp_total_reply_count":0,"_bbp_voice_count":0,"_bbp_anonymous_reply_count":0,"_bbp_topic_count_hidden":0,"_bbp_reply_count_hidden":0,"_bbp_forum_subforum_count":0,"site-sidebar-layout":"default","site-content-layout":"","ast-site-content-layout":"","site-content-style":"default","site-sidebar-style":"default","ast-global-header-display":"","ast-banner-title-visibility":"","ast-main-header-display":"","ast-hfb-above-header-display":"","ast-hfb-below-header-display":"","ast-hfb-mobile-header-display":"","site-post-title":"","ast-breadcrumbs-content":"","ast-featured-img":"","footer-sml-layout":"","theme-transparent-header-meta":"","adv-header-id-meta":"","stick-header-meta":"","header-above-stick-meta":"","header-main-stick-meta":"","header-below-stick-meta":"","astra-migrate-meta-layouts":"default","ast-page-background-enabled":"default","ast-page-background-meta":{"desktop":{"background-color":"var(--ast-global-color-4)","background-image":"","background-repeat":"repeat","background-position":"center center","background-size":"auto","background-attachment":"scroll","background-type":"","background-media":"","overlay-type":"","overlay-color":"","overlay-opacity":"","overlay-gradient":""},"tablet":{"background-color":"","background-image":"","background-repeat":"repeat","background-position":"center center","background-size":"auto","background-attachment":"scroll","background-type":"","background-media":"","overlay-type":"","overlay-color":"","overlay-opacity":"","overlay-gradient":""},"mobile":{"background-color":"","background-image":"","background-repeat":"repeat","background-position":"center center","background-size":"auto","background-attachment":"scroll","background-type":"","background-media":"","overlay-type":"","overlay-color":"","overlay-opacity":"","overlay-gradient":""}},"ast-content-background-meta":{"desktop":{"background-color":"var(--ast-global-color-5)","background-image":"","background-repeat":"repeat","background-position":"center center","background-size":"auto","background-attachment":"scroll","background-type":"","background-media":"","overlay-type":"","overlay-color":"","overlay-opacity":"","overlay-gradient":""},"tablet":{"background-color":"var(--ast-global-color-5)","background-image":"","background-repeat":"repeat","background-position":"center center","background-size":"auto","background-attachment":"scroll","background-type":"","background-media":"","overlay-type":"","overlay-color":"","overlay-opacity":"","overlay-gradient":""},"mobile":{"background-color":"var(--ast-global-color-5)","background-image":"","background-repeat":"repeat","background-position":"center center","background-size":"auto","background-attachment":"scroll","background-type":"","background-media":"","overlay-type":"","overlay-color":"","overlay-opacity":"","overlay-gradient":""}},"footnotes":""},"class_list":["post-360","page","type-page","status-publish","hentry"],"post_mailing_queue_ids":[],"_links":{"self":[{"href":"https:\/\/agora.xtec.cat\/inscaterinaalbert\/wp-json\/wp\/v2\/pages\/360","targetHints":{"allow":["GET"]}}],"collection":[{"href":"https:\/\/agora.xtec.cat\/inscaterinaalbert\/wp-json\/wp\/v2\/pages"}],"about":[{"href":"https:\/\/agora.xtec.cat\/inscaterinaalbert\/wp-json\/wp\/v2\/types\/page"}],"author":[{"embeddable":true,"href":"https:\/\/agora.xtec.cat\/inscaterinaalbert\/wp-json\/wp\/v2\/users\/1"}],"replies":[{"embeddable":true,"href":"https:\/\/agora.xtec.cat\/inscaterinaalbert\/wp-json\/wp\/v2\/comments?post=360"}],"version-history":[{"count":7,"href":"https:\/\/agora.xtec.cat\/inscaterinaalbert\/wp-json\/wp\/v2\/pages\/360\/revisions"}],"predecessor-version":[{"id":13708,"href":"https:\/\/agora.xtec.cat\/inscaterinaalbert\/wp-json\/wp\/v2\/pages\/360\/revisions\/13708"}],"up":[{"embeddable":true,"href":"https:\/\/agora.xtec.cat\/inscaterinaalbert\/wp-json\/wp\/v2\/pages\/19"}],"wp:attachment":[{"href":"https:\/\/agora.xtec.cat\/inscaterinaalbert\/wp-json\/wp\/v2\/media?parent=360"}],"curies":[{"name":"wp","href":"https:\/\/api.w.org\/{rel}","templated":true}]}}