{"id":27,"date":"2014-09-17T16:24:03","date_gmt":"2014-09-17T15:24:03","guid":{"rendered":"http:\/\/agora.xtec.cat\/iesm-jmzafra\/?page_id=27"},"modified":"2018-05-16T13:56:04","modified_gmt":"2018-05-16T11:56:04","slug":"historia","status":"publish","type":"page","link":"https:\/\/agora.xtec.cat\/inscaterinaalbert\/linstitut\/historia\/","title":{"rendered":"Hist\u00f2ria"},"content":{"rendered":"<div style=\"background-color: #e9e9e9; border-bottom: 1px solid grey; border-top: 1px solid grey; padding: 5px;\">\n<p><a class=\"dashicons dashicons-admin-site\" title=\"Origen de l'institut\" href=\"http:\/\/vptmod.blogspot.com.es\/2012\/07\/barcelona-alberg-nocturn.html\" target=\"_blank\" rel=\"noopener noreferrer\">http:\/\/vptmod.blogspot.com.es\/2012\/07\/barcelona-alberg-nocturn.html<\/a><a title=\"Origen de l'institut\" href=\"http:\/\/www.jmzafra.com\/index.php\/el-centre\/hist%C3%B2ria.html?task=weblink.go&amp;id=43\" target=\"_blank\" rel=\"noopener noreferrer\">Origen de l&#8217;institut \u00a0<\/a><\/p>\n<p>Article <em>Barcelona. Alberg nocturn del blog Modernisme.<\/em><\/p>\n<\/div>\n<div style=\"border-bottom: 1px solid grey; border-top: 1px solid grey; padding: 5px;\">\n<p><a class=\"dashicons dashicons-admin-site\" title=\"Origen de l'institut\" href=\"http:\/\/agora.xtec.cat\/iesm-jmzafra\/wp-content\/uploads\/usu164\/2014\/09\/ULLS_CURIOSOS-201200123-INFORME.pdf\" target=\"_blank\" rel=\"noopener noreferrer\">\u00a0<\/a><a href=\"http:\/\/agora.xtec.cat\/iesm-jmzafra\/wp-content\/uploads\/usu164\/2014\/09\/ULLS_CURIOSOS-201200123-INFORME.pdf\" target=\"_blank\" rel=\"noopener noreferrer\">Centenari de l&#8217;edifici. Informe <\/a><\/p>\n<p>Informe del centenari de l&#8217;edici realitzat al 2012 per les alumnes <em>Ariadna Barrero, Ivet de la Torre, Mar\u00eda Garc\u00eda, J\u00falia Mulero<\/em> i coordinat per la professora <em>Mar\u00eda del Pilar Menoyo D\u00edaz<\/em>.<\/p>\n<\/div>\n<div style=\"background-color: #e9e9e9; border-bottom: 1px solid grey; border-top: 1px solid grey; padding: 5px;\">\n<p><a class=\"dashicons dashicons-admin-site\" title=\"Centenari de l'edifici. Mem\u00f2ria del treball\" href=\"http:\/\/agora.xtec.cat\/iesm-jmzafra\/wp-content\/uploads\/usu164\/2014\/09\/ULLS_CURIOSOS_201200123_MEMORIA_DEL_TREBALL.pdf\" target=\"_blank\" rel=\"noopener noreferrer\">\u00a0<\/a><a href=\"http:\/\/agora.xtec.cat\/iesm-jmzafra\/wp-content\/uploads\/usu164\/2014\/09\/ULLS_CURIOSOS_201200123_MEMORIA_DEL_TREBALL.pdf\" target=\"_blank\" rel=\"noopener noreferrer\">Centenari de l&#8217;edifici. Mem\u00f2ria del treball<\/a><\/p>\n<p>Mem\u00f2ria del treball: <strong>El centenari de l\u2019edifici de l\u2019institut Juan Manuel Zafra de Barcelona:<\/strong> <em>Una mirada al present i al passat a partir de l\u2019estudi de documents i fonts orals<\/em>.<\/p>\n<p>Autores: ARIADNA BARRERO, IVET DE LA TORRE, MAR\u00cdA GARC\u00cdA, J\u00daLIA MULERO<\/p>\n<p>Alumnes de 1r d\u2019ESO de l\u2019Institut Juan Manuel Zafra de Barcelona (2012)<\/p>\n<p>Professora Coordinadora: MAR\u00cdA DEL PILAR MENOYO D\u00cdAZ<\/p>\n<\/div>\n<div style=\"border-bottom: 1px solid grey; border-top: 1px solid grey; padding: 5px;\">\n<p><a class=\"dashicons dashicons-admin-site\" title=\"Cien a\u00f1os de Zafra: Pasado y presente de nuestro instituto\" href=\"hhttp:\/\/agora.xtec.cat\/iesm-jmzafra\/wp-content\/uploads\/usu164\/2014\/09\/CENTENARIO_DE_ZAFRA_PASADO_Y_PRESENTE.pdf\" target=\"_blank\" rel=\"noopener noreferrer\">\u00a0<\/a><a href=\"http:\/\/agora.xtec.cat\/iesm-jmzafra\/wp-content\/uploads\/usu164\/2014\/09\/CENTENARIO_DE_ZAFRA_PASADO_Y_PRESENTE.pdf\" target=\"_blank\" rel=\"noopener noreferrer\"> Cien a\u00f1os de Zafra: Pasado y presente de nuestro instituto<\/a><\/p>\n<p>Trabajo realitzado por las alumnas<em> Ariadna Barrero, Ivet de la Torre, Mar\u00eda Garc\u00eda y Julia Mulero<\/em> y coordinado per la profesora<em> Mar\u00eda del Pilar Menoyo D\u00edaz<\/em> en el 2012 sobre los 100 a\u00f1os de historia del edificio que actualmente acoge al Instituto Juan Manuel Zafra.<\/p>\n<\/div>\n","protected":false},"excerpt":{"rendered":"<p>http:\/\/vptmod.blogspot.com.es\/2012\/07\/barcelona-alberg-nocturn.htmlOrigen de l&#8217;institut \u00a0 Article Barcelona. Alberg nocturn del blog Modernisme. \u00a0Centenari de l&#8217;edifici. Informe Informe del centenari de l&#8217;edici realitzat al 2012 per les alumnes Ariadna Barrero, Ivet de la Torre, Mar\u00eda Garc\u00eda, J\u00falia Mulero i coordinat per la professora Mar\u00eda del Pilar Menoyo D\u00edaz. \u00a0Centenari de l&#8217;edifici. Mem\u00f2ria del treball Mem\u00f2ria del treball: [&hellip;]<\/p>\n","protected":false},"author":1,"featured_media":0,"parent":19,"menu_order":5,"comment_status":"closed","ping_status":"closed","template":"page-templates\/side-menu.php","meta":{"_bbp_topic_count":0,"_bbp_reply_count":0,"_bbp_total_topic_count":0,"_bbp_total_reply_count":0,"_bbp_voice_count":0,"_bbp_anonymous_reply_count":0,"_bbp_topic_count_hidden":0,"_bbp_reply_count_hidden":0,"_bbp_forum_subforum_count":0,"site-sidebar-layout":"default","site-content-layout":"","ast-site-content-layout":"","site-content-style":"default","site-sidebar-style":"default","ast-global-header-display":"","ast-banner-title-visibility":"","ast-main-header-display":"","ast-hfb-above-header-display":"","ast-hfb-below-header-display":"","ast-hfb-mobile-header-display":"","site-post-title":"","ast-breadcrumbs-content":"","ast-featured-img":"","footer-sml-layout":"","theme-transparent-header-meta":"","adv-header-id-meta":"","stick-header-meta":"","header-above-stick-meta":"","header-main-stick-meta":"","header-below-stick-meta":"","astra-migrate-meta-layouts":"default","ast-page-background-enabled":"default","ast-page-background-meta":{"desktop":{"background-color":"var(--ast-global-color-4)","background-image":"","background-repeat":"repeat","background-position":"center center","background-size":"auto","background-attachment":"scroll","background-type":"","background-media":"","overlay-type":"","overlay-color":"","overlay-opacity":"","overlay-gradient":""},"tablet":{"background-color":"","background-image":"","background-repeat":"repeat","background-position":"center center","background-size":"auto","background-attachment":"scroll","background-type":"","background-media":"","overlay-type":"","overlay-color":"","overlay-opacity":"","overlay-gradient":""},"mobile":{"background-color":"","background-image":"","background-repeat":"repeat","background-position":"center center","background-size":"auto","background-attachment":"scroll","background-type":"","background-media":"","overlay-type":"","overlay-color":"","overlay-opacity":"","overlay-gradient":""}},"ast-content-background-meta":{"desktop":{"background-color":"var(--ast-global-color-5)","background-image":"","background-repeat":"repeat","background-position":"center center","background-size":"auto","background-attachment":"scroll","background-type":"","background-media":"","overlay-type":"","overlay-color":"","overlay-opacity":"","overlay-gradient":""},"tablet":{"background-color":"var(--ast-global-color-5)","background-image":"","background-repeat":"repeat","background-position":"center center","background-size":"auto","background-attachment":"scroll","background-type":"","background-media":"","overlay-type":"","overlay-color":"","overlay-opacity":"","overlay-gradient":""},"mobile":{"background-color":"var(--ast-global-color-5)","background-image":"","background-repeat":"repeat","background-position":"center center","background-size":"auto","background-attachment":"scroll","background-type":"","background-media":"","overlay-type":"","overlay-color":"","overlay-opacity":"","overlay-gradient":""}},"footnotes":""},"class_list":["post-27","page","type-page","status-publish","hentry"],"post_mailing_queue_ids":[],"_links":{"self":[{"href":"https:\/\/agora.xtec.cat\/inscaterinaalbert\/wp-json\/wp\/v2\/pages\/27","targetHints":{"allow":["GET"]}}],"collection":[{"href":"https:\/\/agora.xtec.cat\/inscaterinaalbert\/wp-json\/wp\/v2\/pages"}],"about":[{"href":"https:\/\/agora.xtec.cat\/inscaterinaalbert\/wp-json\/wp\/v2\/types\/page"}],"author":[{"embeddable":true,"href":"https:\/\/agora.xtec.cat\/inscaterinaalbert\/wp-json\/wp\/v2\/users\/1"}],"replies":[{"embeddable":true,"href":"https:\/\/agora.xtec.cat\/inscaterinaalbert\/wp-json\/wp\/v2\/comments?post=27"}],"version-history":[{"count":3,"href":"https:\/\/agora.xtec.cat\/inscaterinaalbert\/wp-json\/wp\/v2\/pages\/27\/revisions"}],"predecessor-version":[{"id":9800,"href":"https:\/\/agora.xtec.cat\/inscaterinaalbert\/wp-json\/wp\/v2\/pages\/27\/revisions\/9800"}],"up":[{"embeddable":true,"href":"https:\/\/agora.xtec.cat\/inscaterinaalbert\/wp-json\/wp\/v2\/pages\/19"}],"wp:attachment":[{"href":"https:\/\/agora.xtec.cat\/inscaterinaalbert\/wp-json\/wp\/v2\/media?parent=27"}],"curies":[{"name":"wp","href":"https:\/\/api.w.org\/{rel}","templated":true}]}}