{"id":19,"date":"2014-09-17T14:56:56","date_gmt":"2014-09-17T14:56:56","guid":{"rendered":"http:\/\/agora.xtec.cat\/iesm-jmzafra\/?page_id=19"},"modified":"2026-02-08T11:43:09","modified_gmt":"2026-02-08T10:43:09","slug":"linstitut","status":"publish","type":"page","link":"https:\/\/agora.xtec.cat\/inscaterinaalbert\/linstitut\/","title":{"rendered":"Presentaci\u00f3"},"content":{"rendered":"<p><strong>A l&#8217;Institut Caterina Albert:<\/strong><\/p>\n<p><strong>Oferim:<\/strong><br \/>\nTreballar per l\u2019\u00e8xit educatiu de tots els alumnes, equitat i inclusivitat.<br \/>\nComprom\u00eds amb la innovaci\u00f3 pedag\u00f2gica.<br \/>\nVetllar per la immersi\u00f3 ling\u00fc\u00edstica i pel respecte a altres lleng\u00fces i cultures.<br \/>\nCompartir amb les fam\u00edlies, la comunitat educativa i les entitats del nostre entorn.<\/p>\n<p><strong>Volem:<\/strong><br \/>\nOferir un model qualitatiu d\u2019ensenyament basat en l\u2019alumne, les compet\u00e8ncies per a la vida i les compet\u00e8ncies pel segle XXI.<br \/>\nEstablir una cultura de treball transversal, dial\u00f2gica i col\u00b7laborativa entre aprenents.<br \/>\nAnimar les noies a estudiar ci\u00e8ncies i tecnologia.<br \/>\nOferir cada cop m\u00e9s mat\u00e8ries de contingut en angl\u00e8s.<br \/>\nPromoure l\u00b4excel.l\u00e8ncia.<br \/>\nTreballar en \u201cxarxa\u201d amb els centres i entitats del nostre entorn.<\/p>\n<p><strong>Som:<\/strong><br \/>\nL\u00facids en la gesti\u00f3 i el coneixement.<br \/>\nCordials en el tracte amb els altres.<br \/>\nCompromesos amb el medi-ambient.<br \/>\nOberts a l\u2019entorn.<br \/>\nHumils.<br \/>\nLliures.<\/p>\n","protected":false},"excerpt":{"rendered":"<p>A l&#8217;Institut Caterina Albert: Oferim: Treballar per l\u2019\u00e8xit educatiu de tots els alumnes, equitat i inclusivitat. Comprom\u00eds amb la innovaci\u00f3 pedag\u00f2gica. Vetllar per la immersi\u00f3 ling\u00fc\u00edstica i pel respecte a altres lleng\u00fces i cultures. Compartir amb les fam\u00edlies, la comunitat educativa i les entitats del nostre entorn. Volem: Oferir un model qualitatiu d\u2019ensenyament basat en [&hellip;]<\/p>\n","protected":false},"author":1,"featured_media":0,"parent":0,"menu_order":0,"comment_status":"closed","ping_status":"closed","template":"","meta":{"_bbp_topic_count":0,"_bbp_reply_count":0,"_bbp_total_topic_count":0,"_bbp_total_reply_count":0,"_bbp_voice_count":0,"_bbp_anonymous_reply_count":0,"_bbp_topic_count_hidden":0,"_bbp_reply_count_hidden":0,"_bbp_forum_subforum_count":0,"site-sidebar-layout":"default","site-content-layout":"","ast-site-content-layout":"default","site-content-style":"default","site-sidebar-style":"default","ast-global-header-display":"","ast-banner-title-visibility":"","ast-main-header-display":"","ast-hfb-above-header-display":"","ast-hfb-below-header-display":"","ast-hfb-mobile-header-display":"","site-post-title":"","ast-breadcrumbs-content":"","ast-featured-img":"","footer-sml-layout":"","theme-transparent-header-meta":"","adv-header-id-meta":"","stick-header-meta":"","header-above-stick-meta":"","header-main-stick-meta":"","header-below-stick-meta":"","astra-migrate-meta-layouts":"set","ast-page-background-enabled":"default","ast-page-background-meta":{"desktop":{"background-color":"var(--ast-global-color-4)","background-image":"","background-repeat":"repeat","background-position":"center center","background-size":"auto","background-attachment":"scroll","background-type":"","background-media":"","overlay-type":"","overlay-color":"","overlay-opacity":"","overlay-gradient":""},"tablet":{"background-color":"","background-image":"","background-repeat":"repeat","background-position":"center center","background-size":"auto","background-attachment":"scroll","background-type":"","background-media":"","overlay-type":"","overlay-color":"","overlay-opacity":"","overlay-gradient":""},"mobile":{"background-color":"","background-image":"","background-repeat":"repeat","background-position":"center center","background-size":"auto","background-attachment":"scroll","background-type":"","background-media":"","overlay-type":"","overlay-color":"","overlay-opacity":"","overlay-gradient":""}},"ast-content-background-meta":{"desktop":{"background-color":"var(--ast-global-color-5)","background-image":"","background-repeat":"repeat","background-position":"center center","background-size":"auto","background-attachment":"scroll","background-type":"","background-media":"","overlay-type":"","overlay-color":"","overlay-opacity":"","overlay-gradient":""},"tablet":{"background-color":"var(--ast-global-color-5)","background-image":"","background-repeat":"repeat","background-position":"center center","background-size":"auto","background-attachment":"scroll","background-type":"","background-media":"","overlay-type":"","overlay-color":"","overlay-opacity":"","overlay-gradient":""},"mobile":{"background-color":"var(--ast-global-color-5)","background-image":"","background-repeat":"repeat","background-position":"center center","background-size":"auto","background-attachment":"scroll","background-type":"","background-media":"","overlay-type":"","overlay-color":"","overlay-opacity":"","overlay-gradient":""}},"footnotes":""},"class_list":["post-19","page","type-page","status-publish","hentry"],"post_mailing_queue_ids":[],"_links":{"self":[{"href":"https:\/\/agora.xtec.cat\/inscaterinaalbert\/wp-json\/wp\/v2\/pages\/19","targetHints":{"allow":["GET"]}}],"collection":[{"href":"https:\/\/agora.xtec.cat\/inscaterinaalbert\/wp-json\/wp\/v2\/pages"}],"about":[{"href":"https:\/\/agora.xtec.cat\/inscaterinaalbert\/wp-json\/wp\/v2\/types\/page"}],"author":[{"embeddable":true,"href":"https:\/\/agora.xtec.cat\/inscaterinaalbert\/wp-json\/wp\/v2\/users\/1"}],"replies":[{"embeddable":true,"href":"https:\/\/agora.xtec.cat\/inscaterinaalbert\/wp-json\/wp\/v2\/comments?post=19"}],"version-history":[{"count":4,"href":"https:\/\/agora.xtec.cat\/inscaterinaalbert\/wp-json\/wp\/v2\/pages\/19\/revisions"}],"predecessor-version":[{"id":14275,"href":"https:\/\/agora.xtec.cat\/inscaterinaalbert\/wp-json\/wp\/v2\/pages\/19\/revisions\/14275"}],"wp:attachment":[{"href":"https:\/\/agora.xtec.cat\/inscaterinaalbert\/wp-json\/wp\/v2\/media?parent=19"}],"curies":[{"name":"wp","href":"https:\/\/api.w.org\/{rel}","templated":true}]}}