{"id":13858,"date":"2024-05-21T12:15:45","date_gmt":"2024-05-21T10:15:45","guid":{"rendered":"https:\/\/agora.xtec.cat\/inscaterinaalbert\/?page_id=13858"},"modified":"2024-05-21T12:15:45","modified_gmt":"2024-05-21T10:15:45","slug":"programa-dinnovacio-pinn-mufps","status":"publish","type":"page","link":"https:\/\/agora.xtec.cat\/inscaterinaalbert\/programa-dinnovacio-pinn-mufps\/","title":{"rendered":"Programa d&#8217;Innovaci\u00f3 PINN MUFPS"},"content":{"rendered":"<p>L&#8217;Institut Caterina Albert participa al<strong> Programa d&#8217;Innovaci\u00f3 PINN MUFPS<\/strong>. Som un centre formador d&#8217;estudiants en pr\u00e0ctiques del M\u00e0ster Universitari de Formaci\u00f3 del Professorat d\u2019educaci\u00f3 secund\u00e0ria obligat\u00f2ria i batxillerat, Formaci\u00f3 professional i Ensenyament d\u2019idiomes (MUFPS)<br \/>\n<iframe loading=\"lazy\" src=\"https:\/\/docs.google.com\/presentation\/d\/e\/2PACX-1vQrO3hHCIxvZe2i10UH8YZLM3Xcf-58IKe3tN8Ti2QOQLvsvo4sl5ne1Dp2uYZhjkme2Tjf0y23_5Pz\/embed?start=false&amp;loop=false&amp;delayms=3000\" width=\"960\" height=\"569\" frameborder=\"0\" allowfullscreen=\"allowfullscreen\"><\/iframe><\/p>\n","protected":false},"excerpt":{"rendered":"<p>L&#8217;Institut Caterina Albert participa al Programa d&#8217;Innovaci\u00f3 PINN MUFPS. Som un centre formador d&#8217;estudiants en pr\u00e0ctiques del M\u00e0ster Universitari de Formaci\u00f3 del Professorat d\u2019educaci\u00f3 secund\u00e0ria obligat\u00f2ria i batxillerat, Formaci\u00f3 professional i Ensenyament d\u2019idiomes (MUFPS)<\/p>\n","protected":false},"author":62,"featured_media":0,"parent":0,"menu_order":0,"comment_status":"closed","ping_status":"closed","template":"","meta":{"_bbp_topic_count":0,"_bbp_reply_count":0,"_bbp_total_topic_count":0,"_bbp_total_reply_count":0,"_bbp_voice_count":0,"_bbp_anonymous_reply_count":0,"_bbp_topic_count_hidden":0,"_bbp_reply_count_hidden":0,"_bbp_forum_subforum_count":0,"site-sidebar-layout":"default","site-content-layout":"","ast-site-content-layout":"","site-content-style":"default","site-sidebar-style":"default","ast-global-header-display":"","ast-banner-title-visibility":"","ast-main-header-display":"","ast-hfb-above-header-display":"","ast-hfb-below-header-display":"","ast-hfb-mobile-header-display":"","site-post-title":"","ast-breadcrumbs-content":"","ast-featured-img":"","footer-sml-layout":"","theme-transparent-header-meta":"","adv-header-id-meta":"","stick-header-meta":"","header-above-stick-meta":"","header-main-stick-meta":"","header-below-stick-meta":"","astra-migrate-meta-layouts":"default","ast-page-background-enabled":"default","ast-page-background-meta":{"desktop":{"background-color":"var(--ast-global-color-4)","background-image":"","background-repeat":"repeat","background-position":"center center","background-size":"auto","background-attachment":"scroll","background-type":"","background-media":"","overlay-type":"","overlay-color":"","overlay-opacity":"","overlay-gradient":""},"tablet":{"background-color":"","background-image":"","background-repeat":"repeat","background-position":"center center","background-size":"auto","background-attachment":"scroll","background-type":"","background-media":"","overlay-type":"","overlay-color":"","overlay-opacity":"","overlay-gradient":""},"mobile":{"background-color":"","background-image":"","background-repeat":"repeat","background-position":"center center","background-size":"auto","background-attachment":"scroll","background-type":"","background-media":"","overlay-type":"","overlay-color":"","overlay-opacity":"","overlay-gradient":""}},"ast-content-background-meta":{"desktop":{"background-color":"var(--ast-global-color-5)","background-image":"","background-repeat":"repeat","background-position":"center center","background-size":"auto","background-attachment":"scroll","background-type":"","background-media":"","overlay-type":"","overlay-color":"","overlay-opacity":"","overlay-gradient":""},"tablet":{"background-color":"var(--ast-global-color-5)","background-image":"","background-repeat":"repeat","background-position":"center center","background-size":"auto","background-attachment":"scroll","background-type":"","background-media":"","overlay-type":"","overlay-color":"","overlay-opacity":"","overlay-gradient":""},"mobile":{"background-color":"var(--ast-global-color-5)","background-image":"","background-repeat":"repeat","background-position":"center center","background-size":"auto","background-attachment":"scroll","background-type":"","background-media":"","overlay-type":"","overlay-color":"","overlay-opacity":"","overlay-gradient":""}},"footnotes":""},"class_list":["post-13858","page","type-page","status-publish","hentry"],"post_mailing_queue_ids":[],"_links":{"self":[{"href":"https:\/\/agora.xtec.cat\/inscaterinaalbert\/wp-json\/wp\/v2\/pages\/13858","targetHints":{"allow":["GET"]}}],"collection":[{"href":"https:\/\/agora.xtec.cat\/inscaterinaalbert\/wp-json\/wp\/v2\/pages"}],"about":[{"href":"https:\/\/agora.xtec.cat\/inscaterinaalbert\/wp-json\/wp\/v2\/types\/page"}],"author":[{"embeddable":true,"href":"https:\/\/agora.xtec.cat\/inscaterinaalbert\/wp-json\/wp\/v2\/users\/62"}],"replies":[{"embeddable":true,"href":"https:\/\/agora.xtec.cat\/inscaterinaalbert\/wp-json\/wp\/v2\/comments?post=13858"}],"version-history":[{"count":1,"href":"https:\/\/agora.xtec.cat\/inscaterinaalbert\/wp-json\/wp\/v2\/pages\/13858\/revisions"}],"predecessor-version":[{"id":13860,"href":"https:\/\/agora.xtec.cat\/inscaterinaalbert\/wp-json\/wp\/v2\/pages\/13858\/revisions\/13860"}],"wp:attachment":[{"href":"https:\/\/agora.xtec.cat\/inscaterinaalbert\/wp-json\/wp\/v2\/media?parent=13858"}],"curies":[{"name":"wp","href":"https:\/\/api.w.org\/{rel}","templated":true}]}}