{"id":7,"date":"2016-12-07T10:14:31","date_gmt":"2016-12-07T09:14:31","guid":{"rendered":"http:\/\/agora.xtec.cat\/inscar\/?page_id=7"},"modified":"2017-03-22T11:35:48","modified_gmt":"2017-03-22T10:35:48","slug":"deasvb","status":"publish","type":"page","link":"https:\/\/agora.xtec.cat\/inscar\/deasvb\/","title":{"rendered":"DEA+SVB"},"content":{"rendered":"<p>Oferta formativa de curs DEA+SVB<\/p>\n<p>Aqu\u00ed trobareu la informaci\u00f3 per al proper curs del 22 abril i el reciclatge del 26 juny<\/p>\n<p><a href=\"https:\/\/agora.xtec.cat\/inscar\/docs\/curs-dea-svb\/\">https:\/\/agora.xtec.cat\/inscar\/docs\/curs-dea-svb\/<\/a><\/p>\n<div>El \u00a0dissabte dia 22 d&#8217;abril \u00a0est\u00e0 programat un nou\u00a0<span class=\"m_-5677504117693271525m_-986866633483000522m_5118858229873507257m_-3216026665695489935m_4842517483415480005m_9223253802365646304gmail-m_-5540090196662414838m_-4925929014284569775m_-1074943979038223976m_-7890144982435455118m_-4630467341954856637gmail-il\">curs<\/span>\u00a0per a la obtenci\u00f3 del <b>certificat oficial per a l&#8217;\u00fas dels desfibril\u00b7ladors<\/b>, en horari de de 8:30 a 14:30, a les aules del Institut del CAR<\/div>\n<div><\/div>\n<div>Ja us podeu inscriure a la secretaria del institut ( matins i tardes) ,<b> o fent arribar la butlleta d&#8217;inscripcio i resguard de pagament\u00a0<\/b>Trobareu la informaci\u00f3 als documents adjunts.<\/div>\n<div><\/div>\n<div>Ja sabeu&#8230;.. Una l\u00ednia m\u00e9s al vostre curr\u00edculum, un toc de qualitat que us pot ajudar a aconseguir feina, un complement ideal pels que voleu fer de socorrista aqu\u00e0tic, I en definitiva una \u00a0formaci\u00f3 que us por donar la oportunitat per SALVAR UNA VIDA .<\/div>\n<div><\/div>\n<div>Comenteu-ho als companys de feina, feu-ne difusi\u00f3 entre els col\u00b7legues. Obert a qualsevol persona major d&#8217;edat.<\/div>\n<div><\/div>\n<div>Us esperem!!\u00a0<span class=\"m_-5677504117693271525m_-986866633483000522m_5118858229873507257m_-3216026665695489935m_4842517483415480005m_9223253802365646304gmail-il\">Places<\/span>\u00a0limitades.<\/div>\n<div>(si no es cobreix un minim d&#8217;assistents el\u00a0<span class=\"m_-5677504117693271525m_-986866633483000522m_5118858229873507257m_-3216026665695489935m_4842517483415480005m_9223253802365646304gmail-m_-5540090196662414838m_-4925929014284569775m_-1074943979038223976m_-7890144982435455118m_-4630467341954856637gmail-il\">curs<\/span>\u00a0no es realitzar\u00e0, retornant a aquells que hagin fet l&#8217;ingres corresponent, la totalitat del pagament)<\/div>\n<div><\/div>\n<div>I per si alg\u00fa ha de reciclar-se, estem preparant tamb\u00e9 un\u00a0<span class=\"m_-5677504117693271525m_-986866633483000522m_5118858229873507257m_-3216026665695489935m_4842517483415480005m_9223253802365646304gmail-m_-5540090196662414838m_-4925929014284569775m_-1074943979038223976m_-7890144982435455118m_-4630467341954856637gmail-il\">curs<\/span>\u00a0properament. teniu adjunta la informaci\u00f3.<\/div>\n<div><\/div>\n<div>Esperem que sigui del vostre inter\u00e9s!<\/div>\n","protected":false},"excerpt":{"rendered":"<p>Oferta formativa de curs DEA+SVB<br \/>\nAqu\u00ed trobareu la informaci\u00f3 per al proper curs del 22 abril i el reciclatge del 26 juny<br \/>\n<a href=\"https:\/\/agora.xtec.cat\/inscar\/docs\/curs-dea-svb\/\">https:\/\/agora.xtec.cat\/inscar\/docs\/curs-dea-svb\/<\/a><br \/>\nEl \u00a0dissabte dia 22 d&#8217;abril \u00a0est\u00e0 programat un nou\u00a0curs\u00a0per a la obtenci\u00f3 del certificat oficial per a l&#8217;\u00fas dels desfibril\u00b7ladors, en horari de de&hellip;  <a href=\"https:\/\/agora.xtec.cat\/inscar\/deasvb\/\" title=\"Read DEA+SVB\">Llegeix m\u00e9s\u00bb<\/a><\/p>\n","protected":false},"author":1,"featured_media":0,"parent":0,"menu_order":0,"comment_status":"closed","ping_status":"closed","template":"","meta":{"_bbp_topic_count":0,"_bbp_reply_count":0,"_bbp_total_topic_count":0,"_bbp_total_reply_count":0,"_bbp_voice_count":0,"_bbp_anonymous_reply_count":0,"_bbp_topic_count_hidden":0,"_bbp_reply_count_hidden":0,"_bbp_forum_subforum_count":0,"footnotes":""},"class_list":["post-7","page","type-page","status-publish","hentry"],"post_mailing_queue_ids":[],"_links":{"self":[{"href":"https:\/\/agora.xtec.cat\/inscar\/wp-json\/wp\/v2\/pages\/7","targetHints":{"allow":["GET"]}}],"collection":[{"href":"https:\/\/agora.xtec.cat\/inscar\/wp-json\/wp\/v2\/pages"}],"about":[{"href":"https:\/\/agora.xtec.cat\/inscar\/wp-json\/wp\/v2\/types\/page"}],"author":[{"embeddable":true,"href":"https:\/\/agora.xtec.cat\/inscar\/wp-json\/wp\/v2\/users\/1"}],"replies":[{"embeddable":true,"href":"https:\/\/agora.xtec.cat\/inscar\/wp-json\/wp\/v2\/comments?post=7"}],"version-history":[{"count":4,"href":"https:\/\/agora.xtec.cat\/inscar\/wp-json\/wp\/v2\/pages\/7\/revisions"}],"predecessor-version":[{"id":647,"href":"https:\/\/agora.xtec.cat\/inscar\/wp-json\/wp\/v2\/pages\/7\/revisions\/647"}],"wp:attachment":[{"href":"https:\/\/agora.xtec.cat\/inscar\/wp-json\/wp\/v2\/media?parent=7"}],"curies":[{"name":"wp","href":"https:\/\/api.w.org\/{rel}","templated":true}]}}