{"id":5762,"date":"2025-12-04T10:47:35","date_gmt":"2025-12-04T09:47:35","guid":{"rendered":"https:\/\/agora.xtec.cat\/inscar\/?page_id=5762"},"modified":"2025-12-04T12:59:11","modified_gmt":"2025-12-04T11:59:11","slug":"auxiliar-de-conversa","status":"publish","type":"page","link":"https:\/\/agora.xtec.cat\/inscar\/auxiliar-de-conversa\/","title":{"rendered":"Auxiliar de Conversa"},"content":{"rendered":"<p>Aquest curs acad\u00e8mic, el <strong>Departament d&#8217;Educaci\u00f3<\/strong> de la Generalitat de Catalunya i el <strong>Ministerio de Educaci\u00f3n y Formaci\u00f3n Profesional<\/strong> han concedit al nostre centre el recurs d&#8217;una auxiliar de conversa en llengua anglesa a temps complet. Ens complau anunciar que la persona nomenada per a dur a terme aquest suport ha estat l&#8217;<strong>Amaya Pizzuti<\/strong>, nativa dels Estats Units, i estar\u00e0 amb nosaltres fins a principis de juny.<\/p>\n<p><strong>Qu\u00e8 \u00e9s una auxiliar de conversa? Per qu\u00e8 \u00e9s important?<\/strong><\/p>\n<p>El recurs d\u2019un\/a auxiliar de conversa t\u00e9 com a objectiu principal donar <strong>suport a l\u2019aprenentatge de lleng\u00fces estrangeres<\/strong>, fonamentalment pel que fa a la <strong>compet\u00e8ncia oral i comunicativa<\/strong> de l&#8217;alumnat, aix\u00ed com fomentar la <strong>interculturalitat<\/strong>.<\/p>\n<p><strong>Les funcions de l\u2019auxiliar de conversa inclouen:<\/strong><\/p>\n<ul>\n<li>Facilitar pr\u00e0ctiques de <strong>conversa oral en angl\u00e8s<\/strong> amb l\u2019alumnat.<\/li>\n<li><strong>Col\u00b7laborar en activitats pedag\u00f2giques<\/strong> on l\u2019angl\u00e8s sigui llengua vehicular o complement\u00e0ria.<\/li>\n<li><strong>Enriquir l\u2019experi\u00e8ncia educativa<\/strong> per mitj\u00e0 de la pres\u00e8ncia d\u2019una persona nativa de parla anglesa, aportant no nom\u00e9s l\u2019idioma, sin\u00f3 tamb\u00e9 aspectes culturals del seu pa\u00eds d\u2019origen.<\/li>\n<li><strong>Donar suport al professorat del centre<\/strong> en la planificaci\u00f3 i desenvolupament d\u2019activitats en llengua estrangera, aix\u00ed com en projectes espec\u00edfics d\u2019innovaci\u00f3 ling\u00fc\u00edstica.<\/li>\n<\/ul>\n<p>\u00c9s important destacar que la figura de l\u2019auxiliar de conversa <strong>no substitueix un docent,<\/strong> sin\u00f3 que complementa i enriqueix l\u2019oferta educativa, especialment pel que fa a la part oral, comunicativa i intercultural.<\/p>\n<p><strong>On ser\u00e0 present l\u2019auxiliar?<\/strong><\/p>\n<p>El suport de l&#8217;Amaya s\u2019implementar\u00e0 a tots els estudis del centre: a <strong>ESO<\/strong> i <strong>Batxillerat<\/strong>, aix\u00ed com als diferents cursos i cicles de <strong>Formaci\u00f3 Professional<\/strong>. Aix\u00f2 permetr\u00e0 que <strong>tot l&#8217;alumnat<\/strong>, independentment del nivell que tingui o dels estudis que cursi, <strong>pugui beneficiar-se<\/strong> d&#8217;aquest recurs, tenint en compte les necessitats del curr\u00edculum i dels projectes formatius del centre.<\/p>\n<p><strong>Beneficis per a l\u2019alumnat i per al centre<\/strong><\/p>\n<p>Amb la pres\u00e8ncia de l&#8217;Amaya com a auxiliar de conversa,<strong> pretenem aconseguir<\/strong>, entre altres, els <strong>seg\u00fcents objectius<\/strong>:<\/p>\n<ul>\n<li><strong>Millorar la flu\u00efdesa<\/strong> i la confian\u00e7a<strong> oral<\/strong> de l\u2019alumnat <strong>en angl\u00e8s<\/strong>.<\/li>\n<li>Promoure una <strong>actitud positiva envers l\u2019aprenentatge d\u2019idiomes<\/strong> i la <strong>cultura internacional<\/strong>.<\/li>\n<li><strong>Enriquir les classes<\/strong> amb perspectives i <strong>contexts culturals reals<\/strong>, tal com els d\u2019un pa\u00eds anglosax\u00f3.<\/li>\n<li><strong>Potenciar la compet\u00e8ncia comunicativa global<\/strong>, no nom\u00e9s ling\u00fc\u00edstica, sin\u00f3 tamb\u00e9 social i intercultural, en un context educatiu real.<\/li>\n<li><strong>Donar suport al professorat en un model educatiu m\u00e9s internacional i pluriling\u00fce<\/strong>, ajustat a les exig\u00e8ncies del m\u00f3n globalitzat i de la societat multicultural.<\/li>\n<\/ul>\n<p>Per acabar, donem la benvinguda a l&#8217;<strong>Amaya Pizzuti.<\/strong> Estem conven\u00e7uts que la seva pres\u00e8ncia enriquir\u00e0 l\u2019experi\u00e8ncia educativa de tots els membres de la nostra comunitat.<\/p>\n<p>&nbsp;<\/p>\n","protected":false},"excerpt":{"rendered":"<p>Aquest curs acad\u00e8mic, el Departament d&#8217;Educaci\u00f3 de la Generalitat de Catalunya i el Ministerio de Educaci\u00f3n y Formaci\u00f3n Profesional han concedit al nostre centre el recurs d&#8217;una auxiliar de conversa en llengua anglesa a temps complet. Ens complau anunciar que la persona nomenada per a&hellip;  <a href=\"https:\/\/agora.xtec.cat\/inscar\/auxiliar-de-conversa\/\" title=\"Read Auxiliar de Conversa\">Llegeix m\u00e9s\u00bb<\/a><\/p>\n","protected":false},"author":3,"featured_media":0,"parent":0,"menu_order":0,"comment_status":"closed","ping_status":"closed","template":"","meta":{"_bbp_topic_count":0,"_bbp_reply_count":0,"_bbp_total_topic_count":0,"_bbp_total_reply_count":0,"_bbp_voice_count":0,"_bbp_anonymous_reply_count":0,"_bbp_topic_count_hidden":0,"_bbp_reply_count_hidden":0,"_bbp_forum_subforum_count":0,"footnotes":""},"class_list":["post-5762","page","type-page","status-publish","hentry"],"post_mailing_queue_ids":[],"_links":{"self":[{"href":"https:\/\/agora.xtec.cat\/inscar\/wp-json\/wp\/v2\/pages\/5762","targetHints":{"allow":["GET"]}}],"collection":[{"href":"https:\/\/agora.xtec.cat\/inscar\/wp-json\/wp\/v2\/pages"}],"about":[{"href":"https:\/\/agora.xtec.cat\/inscar\/wp-json\/wp\/v2\/types\/page"}],"author":[{"embeddable":true,"href":"https:\/\/agora.xtec.cat\/inscar\/wp-json\/wp\/v2\/users\/3"}],"replies":[{"embeddable":true,"href":"https:\/\/agora.xtec.cat\/inscar\/wp-json\/wp\/v2\/comments?post=5762"}],"version-history":[{"count":3,"href":"https:\/\/agora.xtec.cat\/inscar\/wp-json\/wp\/v2\/pages\/5762\/revisions"}],"predecessor-version":[{"id":5769,"href":"https:\/\/agora.xtec.cat\/inscar\/wp-json\/wp\/v2\/pages\/5762\/revisions\/5769"}],"wp:attachment":[{"href":"https:\/\/agora.xtec.cat\/inscar\/wp-json\/wp\/v2\/media?parent=5762"}],"curies":[{"name":"wp","href":"https:\/\/api.w.org\/{rel}","templated":true}]}}