{"id":57,"date":"2014-09-17T17:01:07","date_gmt":"2014-09-17T17:01:07","guid":{"rendered":"http:\/\/agora.xtec.cat\/inscar\/?page_id=57"},"modified":"2024-12-13T11:38:38","modified_gmt":"2024-12-13T10:38:38","slug":"projecte-educatiu","status":"publish","type":"page","link":"https:\/\/agora.xtec.cat\/inscar\/projecte-educatiu\/","title":{"rendered":"Projecte educatiu"},"content":{"rendered":"<p><strong>(Resum)<\/strong><\/p>\n<p>L&#8217;Institut Centre d&#8217;Alt Rendiment Esportiu \u00e9s un centre d&#8217;Educaci\u00f3 Secund\u00e0ria, p\u00fablic, del Departament d&#8217;Ensenyament de la Generalitat de Catalunya, que ofereix ensenyaments obligatoris d\u2019ESO i ensenyaments post-obligatoris de batxillerat, de formaci\u00f3 professional espec\u00edfica de la fam\u00edlia professional d&#8217;activitats f\u00edsiques i esportives, i ensenyaments de r\u00e8gim especial de T\u00e8cnics d&#8217;Esports en diferents modalitats esportives.<\/p>\n<p>La nostra missi\u00f3 es proporcionar a l\u2019alumnat una formaci\u00f3 que integri tots els aspectes importants de la persona: tant en el que es refereix a l&#8217;adquisici\u00f3 de coneixements, com al desenvolupament personal, amb la finalitat d&#8217;aconseguir ciutadans que puguin viure, conviure i integrar-se al m\u00f3n amb els valors de l&#8217;esfor\u00e7 personal, la llibertat, la toler\u00e0ncia i la solidaritat.<\/p>\n<p>\u00c9s per aix\u00f2 que volem:<\/p>\n<ol>\n<li>Consolidar i millorar l\u2019oferta formativa actual.<\/li>\n<li>Ampliar la nostra oferta formativa cap a qualsevol formaci\u00f3 que faciliti una millor preparaci\u00f3 integral de les persones relacionades amb l&#8217;esport i l&#8217;activitat f\u00edsica.<\/li>\n<li>Implicar i motivar tot el professorat per a que participi en el centre i en el seu model d\u2019organitzaci\u00f3.<\/li>\n<li>Implicar els pares i les mares dels nostres alumnes a que participin activament en aquest proc\u00e9s educatiu.<\/li>\n<li>Implicar i col\u00b7laborar amb els entrenadors, especialment en la formaci\u00f3 dels alumnes d&#8217;ESO i Batxillerat que s\u00f3n tots esportistes becats al CAR.<\/li>\n<li>Crear vincles amb el m\u00f3n empresarial per aportar als alumnes una formaci\u00f3 m\u00e9s propera a la realitat del treball i facilitar-los sortida professional en l&#8217;\u00e0mbit de l&#8217;esport i de l&#8217;activitat f\u00edsica.<\/li>\n<li>Cercar estrat\u00e8gies d\u2019innovaci\u00f3, enriquidores per a l\u2019alumnat, en col\u00b7laboraci\u00f3 amb l\u2019entorn, amb altres centres europeus i amb les empreses.<\/li>\n<\/ol>\n<p>&nbsp;<\/p>\n<h4><a href=\"https:\/\/drive.google.com\/file\/d\/1oMAEvv6oI3d3QqwHc0PzgZzR7XRH1pCO\/view?usp=sharing\"><em>Llegir el Projecte Educatiu complet.<\/em><\/a><\/h4>\n","protected":false},"excerpt":{"rendered":"<p>(Resum)<br \/>\nL&#8217;Institut Centre d&#8217;Alt Rendiment Esportiu \u00e9s un centre d&#8217;Educaci\u00f3 Secund\u00e0ria, p\u00fablic, del Departament d&#8217;Ensenyament de la Generalitat de Catalunya, que ofereix ensenyaments obligatoris d\u2019ESO i ensenyaments post-obligatoris de batxillerat, de formaci\u00f3 professional espec\u00edfica de la fam\u00edlia professional d&#8217;activitats f\u00edsiques i esportives, i ensenyaments de r\u00e8gim&hellip;  <a href=\"https:\/\/agora.xtec.cat\/inscar\/projecte-educatiu\/\" title=\"Read Projecte educatiu\">Llegeix m\u00e9s\u00bb<\/a><\/p>\n","protected":false},"author":1,"featured_media":0,"parent":0,"menu_order":0,"comment_status":"closed","ping_status":"closed","template":"page-templates\/side-menu.php","meta":{"_bbp_topic_count":0,"_bbp_reply_count":0,"_bbp_total_topic_count":0,"_bbp_total_reply_count":0,"_bbp_voice_count":0,"_bbp_anonymous_reply_count":0,"_bbp_topic_count_hidden":0,"_bbp_reply_count_hidden":0,"_bbp_forum_subforum_count":0,"footnotes":""},"class_list":["post-57","page","type-page","status-publish","hentry"],"post_mailing_queue_ids":[],"_links":{"self":[{"href":"https:\/\/agora.xtec.cat\/inscar\/wp-json\/wp\/v2\/pages\/57","targetHints":{"allow":["GET"]}}],"collection":[{"href":"https:\/\/agora.xtec.cat\/inscar\/wp-json\/wp\/v2\/pages"}],"about":[{"href":"https:\/\/agora.xtec.cat\/inscar\/wp-json\/wp\/v2\/types\/page"}],"author":[{"embeddable":true,"href":"https:\/\/agora.xtec.cat\/inscar\/wp-json\/wp\/v2\/users\/1"}],"replies":[{"embeddable":true,"href":"https:\/\/agora.xtec.cat\/inscar\/wp-json\/wp\/v2\/comments?post=57"}],"version-history":[{"count":4,"href":"https:\/\/agora.xtec.cat\/inscar\/wp-json\/wp\/v2\/pages\/57\/revisions"}],"predecessor-version":[{"id":5363,"href":"https:\/\/agora.xtec.cat\/inscar\/wp-json\/wp\/v2\/pages\/57\/revisions\/5363"}],"wp:attachment":[{"href":"https:\/\/agora.xtec.cat\/inscar\/wp-json\/wp\/v2\/media?parent=57"}],"curies":[{"name":"wp","href":"https:\/\/api.w.org\/{rel}","templated":true}]}}