{"id":4488,"date":"2023-02-24T12:24:38","date_gmt":"2023-02-24T11:24:38","guid":{"rendered":"https:\/\/agora.xtec.cat\/inscar\/?page_id=4488"},"modified":"2023-02-24T12:41:06","modified_gmt":"2023-02-24T11:41:06","slug":"pagina-web","status":"publish","type":"page","link":"https:\/\/agora.xtec.cat\/inscar\/pagina-web\/","title":{"rendered":"Web de T\u00e8cnics Esportius"},"content":{"rendered":"<p><strong>Benvingut a l&#8217;espai de T\u00e8cnics Esportius!\u00a0<\/strong><\/p>\n<p>Si est\u00e0s interessat\/da en cursar ensenyaments esportius de r\u00e8gim especial, et convidem a visitar <a href=\"https:\/\/www.cartecnicesportiu.com\/\">la nostra web<\/a>.<br \/>\nPodr\u00e0s consultar:<\/p>\n<ul>\n<li>Oferta educativa<\/li>\n<li>Proc\u00e9s de inscripci\u00f3 i matr\u00edcula<\/li>\n<li>Guies d&#8217;estudi<\/li>\n<li>Calendaris del curs<\/li>\n<\/ul>\n<p>&nbsp;<\/p>\n<p>&nbsp;<\/p>\n","protected":false},"excerpt":{"rendered":"<p>Benvingut a l&#8217;espai de T\u00e8cnics Esportius!\u00a0<br \/>\nSi est\u00e0s interessat\/da en cursar ensenyaments esportius de r\u00e8gim especial, et convidem a visitar <a href=\"https:\/\/www.cartecnicesportiu.com\/\">la nostra web<\/a>.<br \/>\nPodr\u00e0s consultar:<\/p>\n<ul>\n<li>Oferta educativa<\/li>\n<li>Proc\u00e9s de inscripci\u00f3 i matr\u00edcula<\/li>\n<li>Guies d&#8217;estudi<\/li>\n<li>Calendaris del curs<\/li>\n<\/ul>\n<p>&nbsp;<br \/>\n&nbsp;<\/p>\n","protected":false},"author":5,"featured_media":0,"parent":0,"menu_order":0,"comment_status":"closed","ping_status":"closed","template":"","meta":{"_bbp_topic_count":0,"_bbp_reply_count":0,"_bbp_total_topic_count":0,"_bbp_total_reply_count":0,"_bbp_voice_count":0,"_bbp_anonymous_reply_count":0,"_bbp_topic_count_hidden":0,"_bbp_reply_count_hidden":0,"_bbp_forum_subforum_count":0,"footnotes":""},"class_list":["post-4488","page","type-page","status-publish","hentry"],"post_mailing_queue_ids":[],"_links":{"self":[{"href":"https:\/\/agora.xtec.cat\/inscar\/wp-json\/wp\/v2\/pages\/4488","targetHints":{"allow":["GET"]}}],"collection":[{"href":"https:\/\/agora.xtec.cat\/inscar\/wp-json\/wp\/v2\/pages"}],"about":[{"href":"https:\/\/agora.xtec.cat\/inscar\/wp-json\/wp\/v2\/types\/page"}],"author":[{"embeddable":true,"href":"https:\/\/agora.xtec.cat\/inscar\/wp-json\/wp\/v2\/users\/5"}],"replies":[{"embeddable":true,"href":"https:\/\/agora.xtec.cat\/inscar\/wp-json\/wp\/v2\/comments?post=4488"}],"version-history":[{"count":4,"href":"https:\/\/agora.xtec.cat\/inscar\/wp-json\/wp\/v2\/pages\/4488\/revisions"}],"predecessor-version":[{"id":4501,"href":"https:\/\/agora.xtec.cat\/inscar\/wp-json\/wp\/v2\/pages\/4488\/revisions\/4501"}],"wp:attachment":[{"href":"https:\/\/agora.xtec.cat\/inscar\/wp-json\/wp\/v2\/media?parent=4488"}],"curies":[{"name":"wp","href":"https:\/\/api.w.org\/{rel}","templated":true}]}}