{"id":3787,"date":"2021-06-08T17:41:17","date_gmt":"2021-06-08T15:41:17","guid":{"rendered":"http:\/\/agora.xtec.cat\/inscar\/?page_id=3787"},"modified":"2021-06-08T17:44:48","modified_gmt":"2021-06-08T15:44:48","slug":"numero-de-desempat-tecnics","status":"publish","type":"page","link":"https:\/\/agora.xtec.cat\/inscar\/numero-de-desempat-tecnics\/","title":{"rendered":"N\u00daMERO DE DESEMPAT T\u00c8CNICS"},"content":{"rendered":"<p>SORTEIG DEL N\u00daMERO DE DESEMPAT<\/p>\n<p>&nbsp;<\/p>\n<p>N\u00famero per determinar l&#8217;ordre de les sol\u00b7licituds en cas d&#8217;empat en les puntuacions de preinscripci\u00f3 de<span style=\"font-family: inherit; font-size: 1em;\">ls ensenyaments de r\u00e8gim especial d\u2019esports:<\/span><\/p>\n<h4>\u00a0 \u00a0 \u00a0 \u00a0 \u00a0 \u00a0 \u00a0 \u00a0 \u00a0 \u00a0 \u00a0 \u00a0 \u00a0 \u00a0 \u00a0 \u00a0 \u00a0 \u00a0 \u00a0 \u00a0 \u00a0 \u00a0 \u00a0 \u00a0 \u00a0 \u00a0 \u00a0<strong> \u00a062<\/strong><\/h4>\n<p>&nbsp;<\/p>\n<p>&nbsp;<\/p>\n<p>08\/06\/2021<\/p>\n","protected":false},"excerpt":{"rendered":"<p>SORTEIG DEL N\u00daMERO DE DESEMPAT<br \/>\n&nbsp;<br \/>\nN\u00famero per determinar l&#8217;ordre de les sol\u00b7licituds en cas d&#8217;empat en les puntuacions de preinscripci\u00f3 dels ensenyaments de r\u00e8gim especial d\u2019esports:<br \/>\n\u00a0 \u00a0 \u00a0 \u00a0 \u00a0 \u00a0 \u00a0 \u00a0 \u00a0 \u00a0 \u00a0 \u00a0 \u00a0 \u00a0 \u00a0 \u00a0 \u00a0 \u00a0 \u00a0 \u00a0 \u00a0&hellip;  <a href=\"https:\/\/agora.xtec.cat\/inscar\/numero-de-desempat-tecnics\/\" title=\"Read N\u00daMERO DE DESEMPAT T\u00c8CNICS\">Llegeix m\u00e9s\u00bb<\/a><\/p>\n","protected":false},"author":3,"featured_media":0,"parent":0,"menu_order":0,"comment_status":"closed","ping_status":"closed","template":"","meta":{"_bbp_topic_count":0,"_bbp_reply_count":0,"_bbp_total_topic_count":0,"_bbp_total_reply_count":0,"_bbp_voice_count":0,"_bbp_anonymous_reply_count":0,"_bbp_topic_count_hidden":0,"_bbp_reply_count_hidden":0,"_bbp_forum_subforum_count":0,"footnotes":""},"class_list":["post-3787","page","type-page","status-publish","hentry"],"post_mailing_queue_ids":[],"_links":{"self":[{"href":"https:\/\/agora.xtec.cat\/inscar\/wp-json\/wp\/v2\/pages\/3787","targetHints":{"allow":["GET"]}}],"collection":[{"href":"https:\/\/agora.xtec.cat\/inscar\/wp-json\/wp\/v2\/pages"}],"about":[{"href":"https:\/\/agora.xtec.cat\/inscar\/wp-json\/wp\/v2\/types\/page"}],"author":[{"embeddable":true,"href":"https:\/\/agora.xtec.cat\/inscar\/wp-json\/wp\/v2\/users\/3"}],"replies":[{"embeddable":true,"href":"https:\/\/agora.xtec.cat\/inscar\/wp-json\/wp\/v2\/comments?post=3787"}],"version-history":[{"count":2,"href":"https:\/\/agora.xtec.cat\/inscar\/wp-json\/wp\/v2\/pages\/3787\/revisions"}],"predecessor-version":[{"id":3791,"href":"https:\/\/agora.xtec.cat\/inscar\/wp-json\/wp\/v2\/pages\/3787\/revisions\/3791"}],"wp:attachment":[{"href":"https:\/\/agora.xtec.cat\/inscar\/wp-json\/wp\/v2\/media?parent=3787"}],"curies":[{"name":"wp","href":"https:\/\/api.w.org\/{rel}","templated":true}]}}