{"id":27,"date":"2017-06-20T10:29:03","date_gmt":"2017-06-20T08:29:03","guid":{"rendered":"http:\/\/agora.xtec.cat\/inscar\/?page_id=27"},"modified":"2018-05-05T12:43:37","modified_gmt":"2018-05-05T10:43:37","slug":"historia","status":"publish","type":"page","link":"https:\/\/agora.xtec.cat\/inscar\/linstitut\/historia\/","title":{"rendered":"Hist\u00f2ria"},"content":{"rendered":"<p>L\u2019INSTITUT DEL CAR<\/p>\n<p>L&#8217;INS Centre d&#8217;Alt Rendiment Esportiu \u00e9s un centre p\u00fablic d&#8217;Ensenyament Secundari, depenent del Departament d&#8217;Ensenyament de la Generalitat de Catalunya, que ofereix ensenyaments obligatoris d\u2019ESO i ensenyaments postobligatoris de batxillerat, de cicle formatius de la familia professional d&#8217;activitats f\u00edsiques i esportives, i ensenyaments de r\u00e8gim especial de T\u00e8cnics d&#8217;Esports en diferents modalitats esportives, a m\u00e9s del Curs de preparaci\u00f3 per a la incorporaci\u00f3 als Cicles de Grau Superior (l\u2019antic CAS).<\/p>\n<p>L&#8217;edifici de l&#8217;INS s&#8217;ubica actualment en les depend\u00e8ncies i instal\u2022lacions del Centre d&#8217;Alt Rendiment de Sant Cugat (CAR). L\u2019Institut va n\u00e9ixer amb la finalitat d\u2019atendre les necessitats d\u2019escolaritzaci\u00f3 dels esportistes becats al CAR i poc a poc ha anat estenent el seu \u00e0mbit d\u2019activitats a la Formaci\u00f3 Professional i als Ensenyaments de R\u00e8gim Especial.<\/p>\n<p>Hist\u00f2ria del centre<\/p>\n<p>L&#8217;INS Centre d&#8217;Alt Rendiment Esportiu comen\u00e7\u00e0 a funcionar el curs 1988\/89 amb el nom d&#8217;Extensi\u00f3 de Batxillerat Centre d&#8217;Alt Rendiment Esportiu de Sant Cugat del Vall\u00e8s per ordre aprovada pel Conseller d&#8217;Ensenyament Sr Josep Laporte i Salas (Ordre 2\/09\/1989 \u2013 DOGC, 11\/10\/1989). En aquell moment administrativament depenia de l\u2019Institut Arnau Cadell.<\/p>\n<p>El centre va ser creat pel govern de la Generalitat de Catalunya, que en va encarregar el disseny espec\u00edfic, amb l&#8217;objectiu fonamental de fer compatibles, per als esportistes d&#8217;alt nivell del nostre pa\u00eds, la formaci\u00f3 esportiva amb l&#8217;alt grau d&#8217;exig\u00e8ncia, dedicaci\u00f3 i esfor\u00e7 que requereix i els estudis de secund\u00e0ria obligat\u00f2ria i de batxillerat. En aquest sentit, el nostre Institut va ser, durant molts anys, el primer i \u00fanic centre p\u00fablic d&#8217;ensenyament integrat en un Centre d&#8217;Alt Rendiment Esportiu i creat espec\u00edficament per donar serveis educatius als esportistes, que va funcionar al m\u00f3n.<\/p>\n<p>Posteriorment, al curs 2001-2002 va adquirir la condici\u00f3 de institut amb el nom d&#8217;Institut d&#8217;Ensenyament Secundari (IES) Centre d&#8217;Alt Rendiment Esportiu pel decret 216\/2001 de 24 de juliol, essent consellera d&#8217;Ensenyament Carme Laura i Gil. Amb l\u2019aprovaci\u00f3 de la LEC, en el curs 2010-2011 canvia aquesta denominaci\u00f3 per la d\u2019INS del CAR. Tot i que extraoficialment s\u2019ha fet servir ocasionalment la denominaci\u00f3 Bar\u00f3 de Coubertin, aquest nom no ha tingut mai vig\u00e8ncia a nivell oficial.<\/p>\n<p>Pel que fa als estudis ofertats, origin\u00e0riament s\u2019oferia el BUP i el COU, que era l\u2019ensenyament postobligari en l\u2019ordenament acad\u00e8mic anterior a la implantaci\u00f3 de la LOGSE. Concretament, el centre va arrencar amb quatre grups, un de cada nivell del Batxillerat d\u2019aleshores, amb un total de seixanta alumnes i dotze professors.<\/p>\n<p>Amb la LOGSE, que impos\u00e0 l\u2019escolaritzaci\u00f3 obligat\u00f2ria fins als setze anys, el centre es dota tamb\u00e9 d\u2019estudis d\u2019ESO. Aix\u00ed, en el curs 1994-95 s\u2019obre el primer grup d\u2019ESO (un grup de 3r). Inicialment l\u2019institut nom\u00e9s comptava amb grups de segon cicle, per\u00f2 m\u00e9s endavant, en el curs 2000-2001, l\u2019oferta s\u2019amplia tamb\u00e9 al primer cicle.<\/p>\n<p>A part dels ensenyaments secundaris tradicionals, el centre incorpor\u00e0 ben aviat ensenyaments professionals, oberts a alumnes no necess\u00e0riament esportistes. Aix\u00ed, el nostre Institut va oferir breuement (del 1994-95 fins el 1997-98) el cicle formatiu de grau mitj\u00e0 de cuina, per\u00f2 aquests estudis no van quallar al centre i es van deixar d&#8217;impartir.<\/p>\n<p>En el curs 1998 \u2013 99, el Departament d&#8217;Ensenyament va decidir que el nostre institut fos el primer centre p\u00fablic de Catalunya que ofer\u00eds els Cicles Formatius de la Familia d&#8217;Activitats Fisicoesportives comen\u00e7ant pel de grau mitj\u00e0 i incorporant el seg\u00fcent curs el de grau superior. Aquests estudis estan plenament consolidats i, any rere any, malgrat l\u2019increment de grups, \u00e9s impossible absorbir-ne tota la preinscripci\u00f3.<\/p>\n<p>Una altra fita important en l\u2019evoluci\u00f3 del centre es va produir en el curs 2005 \u2013 2006, quan el Departament d&#8217;Ensenyament va incorporar a l&#8217;Institut Centre d&#8217;Alt Rendiment Esportiu els Ensenyaments de R\u00e8gim Especial de T\u00e8cnics i T\u00e8cnics Superiors d&#8217;Esports en diferents modalitats esportives. El nostre centre tamb\u00e9 va ser el primer centre p\u00fablic de Catalunya que va comen\u00e7ar a oferir aquests ensenyaments. Des del curs 2014-2015 s\u2019ofereixen cursos en horari de mat\u00ed adre\u00e7ats a un p\u00fablic menor d\u2019edat (diferent per tant a l\u2019habitual en aquesta mena d\u2019estudis) que ofereixen la possibilitat de superar el primer i el segon nivell en un sol curs ( el conegut com a 2 X 1) i, per tant, d\u2019obtenir una titulaci\u00f3 equivalent a un CFGM.<\/p>\n<p>El curs 2013-2014 va comen\u00e7ar a funcionar el Curs Espec\u00edfic d\u2019Acc\u00e9s al Grau Superior, adre\u00e7at especialment als alumnes del CFGM del centre que volien accedir al CFGS de la mateixa fam\u00edlia. Des del curs 2016-2017 aquests estudis han rebut la denominaci\u00f3 \u201cCurs de preparaci\u00f3 per a la incorporaci\u00f3 als Cicles de Grau Superior\u201d.<\/p>\n<p>DIRECTORS<\/p>\n<p>L\u2019Institut ha conegut nom\u00e9s tres directors des de la seva fundaci\u00f3:<\/p>\n<p>\u2022 Joan Baptista Arnau i Canalias: curs 1988\/1989- curs 2015-2016. Exerc\u00ed la direcci\u00f3 des de la fundaci\u00f3 del centre fins a la seva jubilaci\u00f3, amb un par\u00e8ntesi d\u2019un curs per desenvolupar la seva tasca com a col.laborador a les Olimp\u00edades de Barcelona 1992. Compagin\u00e0 la seva activitat al capdavant del centre amb diversos c\u00e0rrecs esportius vinculats al tenis taula.<br \/>\n\u2022 Armand Servent: curs 1991-1992, substituint Joan Arnau.<br \/>\n\u2022 Marta Arnaiz Vicente: curs 2016-2017 -\u2026 . Psicopedagoga i orientadora destinada al centre des del curs 2009-2010, assol\u00ed la direcci\u00f3 en el concurs de selecci\u00f3 convocat l\u2019any 2016.<\/p>\n","protected":false},"excerpt":{"rendered":"<p>L\u2019INSTITUT DEL CAR<br \/>\nL&#8217;INS Centre d&#8217;Alt Rendiment Esportiu \u00e9s un centre p\u00fablic d&#8217;Ensenyament Secundari, depenent del Departament d&#8217;Ensenyament de la Generalitat de Catalunya, que ofereix ensenyaments obligatoris d\u2019ESO i ensenyaments postobligatoris de batxillerat, de cicle formatius de la familia professional d&#8217;activitats f\u00edsiques i esportives, i ensenyaments&hellip;  <a href=\"https:\/\/agora.xtec.cat\/inscar\/linstitut\/historia\/\" title=\"Read Hist\u00f2ria\">Llegeix m\u00e9s\u00bb<\/a><\/p>\n","protected":false},"author":1,"featured_media":0,"parent":19,"menu_order":20,"comment_status":"closed","ping_status":"closed","template":"page-templates\/side-menu.php","meta":{"_bbp_topic_count":0,"_bbp_reply_count":0,"_bbp_total_topic_count":0,"_bbp_total_reply_count":0,"_bbp_voice_count":0,"_bbp_anonymous_reply_count":0,"_bbp_topic_count_hidden":0,"_bbp_reply_count_hidden":0,"_bbp_forum_subforum_count":0,"footnotes":""},"class_list":["post-27","page","type-page","status-publish","hentry"],"post_mailing_queue_ids":[],"_links":{"self":[{"href":"https:\/\/agora.xtec.cat\/inscar\/wp-json\/wp\/v2\/pages\/27","targetHints":{"allow":["GET"]}}],"collection":[{"href":"https:\/\/agora.xtec.cat\/inscar\/wp-json\/wp\/v2\/pages"}],"about":[{"href":"https:\/\/agora.xtec.cat\/inscar\/wp-json\/wp\/v2\/types\/page"}],"author":[{"embeddable":true,"href":"https:\/\/agora.xtec.cat\/inscar\/wp-json\/wp\/v2\/users\/1"}],"replies":[{"embeddable":true,"href":"https:\/\/agora.xtec.cat\/inscar\/wp-json\/wp\/v2\/comments?post=27"}],"version-history":[{"count":3,"href":"https:\/\/agora.xtec.cat\/inscar\/wp-json\/wp\/v2\/pages\/27\/revisions"}],"predecessor-version":[{"id":1118,"href":"https:\/\/agora.xtec.cat\/inscar\/wp-json\/wp\/v2\/pages\/27\/revisions\/1118"}],"up":[{"embeddable":true,"href":"https:\/\/agora.xtec.cat\/inscar\/wp-json\/wp\/v2\/pages\/19"}],"wp:attachment":[{"href":"https:\/\/agora.xtec.cat\/inscar\/wp-json\/wp\/v2\/media?parent=27"}],"curies":[{"name":"wp","href":"https:\/\/api.w.org\/{rel}","templated":true}]}}