{"id":2402,"date":"2019-06-22T00:06:22","date_gmt":"2019-06-21T22:06:22","guid":{"rendered":"http:\/\/agora.xtec.cat\/inscar\/?page_id=2402"},"modified":"2023-07-11T10:38:34","modified_gmt":"2023-07-11T08:38:34","slug":"llibres-eso-i-batxillerat","status":"publish","type":"page","link":"https:\/\/agora.xtec.cat\/inscar\/secretaria\/secretaria-eso-i-batxillerat\/llibres-eso-i-batxillerat\/","title":{"rendered":"Llibres ESO i Batxillerat"},"content":{"rendered":"<p>&nbsp;<\/p>\n<ul>\n<li>\n<h5><strong>Llistats:\u00a0 \u00a0<\/strong><\/h5>\n<\/li>\n<\/ul>\n<p>&nbsp;<\/p>\n<ul>\n<li>\n<h6><a href=\"https:\/\/drive.google.com\/file\/d\/1a0qhfg2dHHUaoBil9FT98s-P_uuo6Okj\/view?usp=sharing\">LLISTAT DE LLIBRES CURS 2023-24 \u00a0 1BAT<\/a>\u00a0 \u00a0(Atenci\u00f3: Diccionari de Llat\u00ed nom\u00e9s si heu triat l&#8217;assignatura)<\/h6>\n<\/li>\n<li>\n<h6><a href=\"https:\/\/drive.google.com\/file\/d\/1LIO83A_VKITjKXivk_LonsaJbiOsGbqF\/view?usp=sharing\">LLISTAT DE LLIBRES CURS 2023-24 \u00a0 2BAT<\/a><\/h6>\n<\/li>\n<li>\n<h6><a href=\"https:\/\/drive.google.com\/file\/d\/1g8WgfUuHn4OsFca7oBOCPL3WddSuI5Ft\/view?usp=sharing\">LLISTAT DE LLIBRES CURS 2023-24 \u00a0 1ESO<\/a><\/h6>\n<\/li>\n<li>\n<h6><a href=\"https:\/\/drive.google.com\/file\/d\/1GSRq78nyEWT227qYIf5n9KtfdCv4DuPT\/view?usp=sharing\">LLISTAT DE LLIBRES CURS 2023-24 \u00a0 2ESO<\/a><\/h6>\n<\/li>\n<li>\n<h6><a href=\"https:\/\/drive.google.com\/file\/d\/1C6aKO7q-xCZMFnPaGa9p6WiPin3nuq0R\/view?usp=sharing\">LLISTAT DE LLIBRES CURS 2023-24 \u00a0 3ESO<\/a><\/h6>\n<\/li>\n<li>\n<h6><a href=\"https:\/\/drive.google.com\/file\/d\/1UBVauNu4MQGmFwCsDoZtvNq3JE6wydl-\/view?usp=sharing\">LLISTAT DE LLIBRES CURS 2023-24 \u00a0 4ESO<\/a><\/h6>\n<\/li>\n<\/ul>\n<h2 style=\"text-align: center;\"><\/h2>\n","protected":false},"excerpt":{"rendered":"<p>&nbsp;<\/p>\n<ul>\n<li>\nLlistats:\u00a0 \u00a0\n<\/li>\n<\/ul>\n<p>&nbsp;<\/p>\n<ul>\n<li>\n<a href=\"https:\/\/drive.google.com\/file\/d\/1a0qhfg2dHHUaoBil9FT98s-P_uuo6Okj\/view?usp=sharing\">LLISTAT DE LLIBRES CURS 2023-24 \u00a0 1BAT<\/a>\u00a0 \u00a0(Atenci\u00f3: Diccionari de Llat\u00ed nom\u00e9s si heu triat l&#8217;assignatura)\n<\/li>\n<li>\n<a href=\"https:\/\/drive.google.com\/file\/d\/1LIO83A_VKITjKXivk_LonsaJbiOsGbqF\/view?usp=sharing\">LLISTAT DE LLIBRES CURS 2023-24 \u00a0 2BAT<\/a>\n<\/li>\n<li>\n<a href=\"https:\/\/drive.google.com\/file\/d\/1g8WgfUuHn4OsFca7oBOCPL3WddSuI5Ft\/view?usp=sharing\">LLISTAT DE LLIBRES CURS 2023-24 \u00a0 1ESO<\/a>\n<\/li>\n<li>\n<a href=\"https:\/\/drive.google.com\/file\/d\/1GSRq78nyEWT227qYIf5n9KtfdCv4DuPT\/view?usp=sharing\">LLISTAT DE LLIBRES CURS 2023-24 \u00a0 2ESO<\/a>\n<\/li>\n<li>\n<a href=\"https:\/\/drive.google.com\/file\/d\/1C6aKO7q-xCZMFnPaGa9p6WiPin3nuq0R\/view?usp=sharing\">LLISTAT DE LLIBRES CURS 2023-24 \u00a0&hellip;  <a href=\"https:\/\/agora.xtec.cat\/inscar\/secretaria\/secretaria-eso-i-batxillerat\/llibres-eso-i-batxillerat\/\" title=\"Read Llibres ESO i Batxillerat\">Llegeix m\u00e9s\u00bb<\/a><\/p>\n","protected":false},"author":3,"featured_media":0,"parent":1608,"menu_order":0,"comment_status":"closed","ping_status":"closed","template":"","meta":{"_bbp_topic_count":0,"_bbp_reply_count":0,"_bbp_total_topic_count":0,"_bbp_total_reply_count":0,"_bbp_voice_count":0,"_bbp_anonymous_reply_count":0,"_bbp_topic_count_hidden":0,"_bbp_reply_count_hidden":0,"_bbp_forum_subforum_count":0,"footnotes":""},"class_list":["post-2402","page","type-page","status-publish","hentry"],"post_mailing_queue_ids":[],"_links":{"self":[{"href":"https:\/\/agora.xtec.cat\/inscar\/wp-json\/wp\/v2\/pages\/2402","targetHints":{"allow":["GET"]}}],"collection":[{"href":"https:\/\/agora.xtec.cat\/inscar\/wp-json\/wp\/v2\/pages"}],"about":[{"href":"https:\/\/agora.xtec.cat\/inscar\/wp-json\/wp\/v2\/types\/page"}],"author":[{"embeddable":true,"href":"https:\/\/agora.xtec.cat\/inscar\/wp-json\/wp\/v2\/users\/3"}],"replies":[{"embeddable":true,"href":"https:\/\/agora.xtec.cat\/inscar\/wp-json\/wp\/v2\/comments?post=2402"}],"version-history":[{"count":4,"href":"https:\/\/agora.xtec.cat\/inscar\/wp-json\/wp\/v2\/pages\/2402\/revisions"}],"predecessor-version":[{"id":4786,"href":"https:\/\/agora.xtec.cat\/inscar\/wp-json\/wp\/v2\/pages\/2402\/revisions\/4786"}],"up":[{"embeddable":true,"href":"https:\/\/agora.xtec.cat\/inscar\/wp-json\/wp\/v2\/pages\/1608"}],"wp:attachment":[{"href":"https:\/\/agora.xtec.cat\/inscar\/wp-json\/wp\/v2\/media?parent=2402"}],"curies":[{"name":"wp","href":"https:\/\/api.w.org\/{rel}","templated":true}]}}