{"id":2348,"date":"2019-06-19T10:06:48","date_gmt":"2019-06-19T08:06:48","guid":{"rendered":"http:\/\/agora.xtec.cat\/inscar\/?page_id=2348"},"modified":"2019-06-19T10:15:24","modified_gmt":"2019-06-19T08:15:24","slug":"atletisme","status":"publish","type":"page","link":"https:\/\/agora.xtec.cat\/inscar\/atletisme\/","title":{"rendered":"Atletisme"},"content":{"rendered":"<p><u>Atletisme<\/u><\/p>\n<p>Els ensenyaments esportius de la modalitat d\u2019Atletisme segueixen el curr\u00edculum LOE i s\u2019estructuren en dos graus, mitj\u00e0 i superior.<\/p>\n<p>El grau mitj\u00e0 (codi: TEGM AT01) s\u2019estructura en dos cicles:<\/p>\n<p>&#8211; El\u00a0cicle inicial\u00a0d&#8217;Atletisme capacita per dinamitzar, instruir, dirigir i concretar la iniciaci\u00f3 en l\u2019atletisme, i per organitzar, acompanyar i tutelar els atletes i usuaris en la participaci\u00f3 d\u2019activitats, competicions i esdeveniments propis d\u2019aquest nivell, d\u2019acord amb les directrius que s\u2019estableixen en la programaci\u00f3 de refer\u00e8ncia, les mesures de seguretat i el nivell \u00f2ptim de qualitat per permetre la satisfacci\u00f3 dels atletes en l\u2019activitat. T\u00e9 una durada de\u00a0430 hores. Si se supera el curs, s\u2019obt\u00e9 el certificat de cicle inicial d&#8217;Atletisme.<\/p>\n<p>&#8211; El\u00a0cicle final\u00a0capacita per adaptar, dirigir i dinamitzar l\u2019entrenament b\u00e0sic i el \u00a0perfeccionament t\u00e8cnic en l\u2019etapa de tecnificaci\u00f3 esportiva en l\u2019atletisme; organitzar, acompanyar i tutelar els esportistes i usuaris en la participaci\u00f3 d\u2019activitats, competicions i esdeveniments; gestionar els recursos materials necessaris i coordinar les activitats dels t\u00e8cnics al seu c\u00e0rrec, i organitzar les activitats, competicions i esdeveniments dels nivells d\u2019iniciaci\u00f3 esportiva, garantint la seguretat dels usuaris d\u2019activitats atl\u00e8tiques, d\u2019acord amb les directrius que s\u2019estableixen en la programaci\u00f3 de refer\u00e8ncia i amb el nivell \u00f2ptim de qualitat per permetre la satisfacci\u00f3 dels atletes\u00a0 participants en l\u2019activitat. T\u00e9 una durada de\u00a0575 hores. Si se supera el curs, s\u2019obt\u00e9 el t\u00edtol de T\u00e8cnic esportiu o t\u00e8cnica esportiva en Atletisme.<\/p>\n<p>El grau superior (codi: TEGS ATA0) capacita per programar, dirigir i coordinar l\u2019entrenament esportiu d\u2019atletes i equips d\u2019atletes en competicions de nivell mitj\u00e0 i alt; permeten coordinar els recursos humans i materials en l\u2019activitat d\u2019atletisme i dirigir escoles d\u2019atletisme. T\u00e9 una durada de\u00a0795 hores, distribu\u00efdes en\u00a0un curs acad\u00e8mic. Si se supera el curs, s\u2019obt\u00e9 el t\u00edtol de T\u00e8cnic esportiu o t\u00e8cnica esportiva superior en Atletisme.<\/p>\n<p>Per accedir al primer nivell els requisits s\u00f3n els explicats en <em>la Informaci\u00f3 general<\/em>.<\/p>\n<p>Per accedir al segon nivell cal haver aprovat TOT el primer nivell de l\u2019especialitat i no cal superar cap prova espec\u00edfica.<\/p>\n<p>Per accedir al tercer nivell, els requisits que cal complir estan descrits en la <em>Informaci\u00f3 general<\/em>.<\/p>\n<p>&nbsp;<\/p>\n<p>&#8211; <u>Continguts<\/u>:<\/p>\n<p>Els continguts s&#8217;organitzen en m\u00f2duls, que es distribueixen en dos blocs: el bloc com\u00fa, format per m\u00f2duls que constitueixen les bases cient\u00edfiques i psicopedag\u00f2giques necess\u00e0ries per a l\u2019inici, l\u2019adaptaci\u00f3 i el perfeccionament de l\u2019especialitat, tots relacionats amb l\u2019entorn social; el bloc espec\u00edfic, format per m\u00f2duls relacionats amb els coneixements de car\u00e0cter cient\u00edfic, t\u00e8cnic i pr\u00e0ctic corresponents a la modalitat, disciplina o especialitat esportiva. Dins d\u2019aquest bloc espec\u00edfic es cursa la formaci\u00f3 en centres de treball, entitats i empreses de l\u2019\u00e0mbit de l\u2019activitat f\u00edsica i l\u2019esport que ofereixen activitats relacionades amb l&#8217;atletisme per tal de poder aplicar els coneixements i les destreses adquirits.<\/p>\n<p><strong>Cicle inicial (430 hores)<\/strong><\/p>\n<p>&#8211; Prova espec\u00edfica\u00a0 (120 hores)<\/p>\n<p>&#8211; M\u00f2duls bloc com\u00fa (80 hores):<\/p>\n<ul>\n<li>Bases del Comportament Esportiu (30 hores)<\/li>\n<li>Primers Auxilis (30 hores)<\/li>\n<li>Activitat F\u00edsica Adaptada i Discapacitat (10 hores)<\/li>\n<li>Organitzaci\u00f3 Esportiva (10 hores)<\/li>\n<\/ul>\n<p>&#8211; M\u00f2duls bloc espec\u00edfic (230 hores):<\/p>\n<ul>\n<li>Metodologia de l\u2019Ensenyament de l\u2019Atletisme (100 hores)<\/li>\n<li>Organitzaci\u00f3 d\u2019Activitats d\u2019Iniciaci\u00f3 en l\u2019Atletisme (15 hores)<\/li>\n<li>Formaci\u00f3 Pr\u00e0ctica (115 hores)<\/li>\n<\/ul>\n<p>&nbsp;<\/p>\n<p><strong>Cicle final (575 hores)<\/strong><\/p>\n<p>&#8211; M\u00f2duls bloc com\u00fa (180 hores):<\/p>\n<ul>\n<li>Bases de l\u2019Aprenentatge Esportiu (60 hores)<\/li>\n<li>Bases de l\u2019Entrenament Esportiu\u00a0 (70 hores)<\/li>\n<li>Esport Adaptat i Discapacitat (20 hores)<\/li>\n<li>Organitzaci\u00f3 i Legislaci\u00f3 Esportiva (20 hores)<\/li>\n<li>G\u00e8nere i Esport (10 hores)<\/li>\n<\/ul>\n<p>&#8211; M\u00f2duls bloc espec\u00edfic (395 hores):<\/p>\n<ul>\n<li>Perfeccionament T\u00e8cnic en Curses i Marxes (50 hores)<\/li>\n<li>Perfeccionament T\u00e8cnic en Salts (45 hores)<\/li>\n<li>Perfeccionament T\u00e8cnic en Llan\u00e7aments i Proves Combinades\u00a0 (55 hores)<\/li>\n<li>Reglament (15 hores)<\/li>\n<li>Entrenament Condicional en l\u2019Atletisme (40 hores)<\/li>\n<li>Organitzaci\u00f3 de l\u2019Atletisme (20 hores)<\/li>\n<li>Atletisme Adaptat (20 hores)<\/li>\n<li>Formaci\u00f3 Pr\u00e0ctica (150 hores)<\/li>\n<\/ul>\n<p>M\u00e9s informaci\u00f3 del\u00a0<a href=\"https:\/\/dogc.gencat.cat\/ca\/pdogc_canals_interns\/pdogc_resultats_fitxa\/?action=fitxa&amp;mode=single&amp;documentId=842656&amp;language=ca_ES\"><em>curr\u00edculum\u00a0<\/em><\/a><\/p>\n<p>&nbsp;<\/p>\n<p><strong>Grau superior (795 hores)<\/strong><\/p>\n<p>&#8211; M\u00f2duls bloc com\u00fa (220 hores):<\/p>\n<ul>\n<li>Factors Fisiol\u00f2gics de l\u2019Alt Rendiment (70 hores)<\/li>\n<li>Factors Psicosocials de l\u2019Alt Rendiment (50 hores)<\/li>\n<li>Formaci\u00f3 de Formadors Esportius (50 hores)<\/li>\n<li>Organitzaci\u00f3 i Gesti\u00f3 Aplicada a l\u2019Alt Rendiment (50 hores)<\/li>\n<\/ul>\n<p>&#8211; M\u00f2duls bloc espec\u00edfic (575 hores):<\/p>\n<ul>\n<li>T\u00e8cnica i Entrenament en Velocitat, Relleus i Tanques (40 hores)<\/li>\n<li>T\u00e8cnica i Entrenament en Mig Fons, Fons i Obstacles (40 hores)<\/li>\n<li>T\u00e8cnica i Entrenament en Llan\u00e7ament i Proves Combinades (95 hores)<\/li>\n<li>T\u00e8cnica i Entrenament en Salts (60 hores)<\/li>\n<li>Planificaci\u00f3 T\u00e8cnica i Condicional en l\u2019Atletisme (60 hores)<\/li>\n<li>Organitzaci\u00f3 i Gesti\u00f3 en l\u2019Atletisme (30 hores)<\/li>\n<li>Projecte (60 hores)<\/li>\n<li>Formaci\u00f3 Pr\u00e0ctica (190 hores)<\/li>\n<\/ul>\n<p>M\u00e9s informaci\u00f3 del\u00a0<a href=\"https:\/\/www.boe.es\/diario_boe\/txt.php?id=BOE-A-2013-10218\"><em>curr\u00edculum\u00a0<\/em><\/a><\/p>\n<p>&nbsp;<\/p>\n<p>&#8211; <u>Prova espec\u00edfica d\u2019acc\u00e9s<\/u>:<\/p>\n<p>\u00c9s imprescindible per poder-se matricular en el primer nivell.<\/p>\n<ul>\n<li><a href=\"http:\/\/ensenyament.gencat.cat\/web\/.content\/home\/serveis-tramits\/proves\/proves-acces\/espec-esportius\/contingut\/cont-atletisme.pdf\">Contingut de la prova<\/a><\/li>\n<li><a href=\"http:\/\/ensenyament.gencat.cat\/web\/.content\/home\/serveis-tramits\/proves\/proves-acces\/espec-esportius\/calendari\/atletisme.pdf\">Calendari de les proves<\/a><\/li>\n<li><a href=\"http:\/\/ensenyament.gencat.cat\/web\/.content\/home\/serveis-tramits\/proves\/proves-acces\/espec-esportius\/material\/ma-atletisme.pdf\">Material per fer la prova<\/a><\/li>\n<\/ul>\n<p>&nbsp;<\/p>\n<p>&#8211; <u>Preus<\/u>:<\/p>\n<ul>\n<li><a href=\"http:\/\/queestudiar.gencat.cat\/web\/.content\/home\/estudis\/esportius\/preus-publics\/PP-atletisme-cinicial.pdf\">Grau mitj\u00e0: Cicle inicial<\/a><\/li>\n<li><a href=\"http:\/\/queestudiar.gencat.cat\/web\/.content\/home\/estudis\/esportius\/preus-publics\/PP-atletisme-cfinal.pdf\">Grau mitj\u00e0: Cicle final<\/a><\/li>\n<li><a style=\"font-family: inherit; font-size: 1em;\" href=\"http:\/\/queestudiar.gencat.cat\/ca\/estudis\/esportius\/preus-publics\/\">Grau superior<\/a><\/li>\n<\/ul>\n","protected":false},"excerpt":{"rendered":"<p>Atletisme<br \/>\nEls ensenyaments esportius de la modalitat d\u2019Atletisme segueixen el curr\u00edculum LOE i s\u2019estructuren en dos graus, mitj\u00e0 i superior.<br \/>\nEl grau mitj\u00e0 (codi: TEGM AT01) s\u2019estructura en dos cicles:<br \/>\n&#8211; El\u00a0cicle inicial\u00a0d&#8217;Atletisme capacita per dinamitzar, instruir, dirigir i concretar la iniciaci\u00f3 en l\u2019atletisme, i per organitzar, acompanyar&hellip;  <a href=\"https:\/\/agora.xtec.cat\/inscar\/atletisme\/\" title=\"Read Atletisme\">Llegeix m\u00e9s\u00bb<\/a><\/p>\n","protected":false},"author":3,"featured_media":0,"parent":0,"menu_order":0,"comment_status":"closed","ping_status":"closed","template":"","meta":{"_bbp_topic_count":0,"_bbp_reply_count":0,"_bbp_total_topic_count":0,"_bbp_total_reply_count":0,"_bbp_voice_count":0,"_bbp_anonymous_reply_count":0,"_bbp_topic_count_hidden":0,"_bbp_reply_count_hidden":0,"_bbp_forum_subforum_count":0,"footnotes":""},"class_list":["post-2348","page","type-page","status-publish","hentry"],"post_mailing_queue_ids":[],"_links":{"self":[{"href":"https:\/\/agora.xtec.cat\/inscar\/wp-json\/wp\/v2\/pages\/2348","targetHints":{"allow":["GET"]}}],"collection":[{"href":"https:\/\/agora.xtec.cat\/inscar\/wp-json\/wp\/v2\/pages"}],"about":[{"href":"https:\/\/agora.xtec.cat\/inscar\/wp-json\/wp\/v2\/types\/page"}],"author":[{"embeddable":true,"href":"https:\/\/agora.xtec.cat\/inscar\/wp-json\/wp\/v2\/users\/3"}],"replies":[{"embeddable":true,"href":"https:\/\/agora.xtec.cat\/inscar\/wp-json\/wp\/v2\/comments?post=2348"}],"version-history":[{"count":2,"href":"https:\/\/agora.xtec.cat\/inscar\/wp-json\/wp\/v2\/pages\/2348\/revisions"}],"predecessor-version":[{"id":2352,"href":"https:\/\/agora.xtec.cat\/inscar\/wp-json\/wp\/v2\/pages\/2348\/revisions\/2352"}],"wp:attachment":[{"href":"https:\/\/agora.xtec.cat\/inscar\/wp-json\/wp\/v2\/media?parent=2348"}],"curies":[{"name":"wp","href":"https:\/\/api.w.org\/{rel}","templated":true}]}}