{"id":2332,"date":"2019-06-18T23:59:16","date_gmt":"2019-06-18T21:59:16","guid":{"rendered":"http:\/\/agora.xtec.cat\/inscar\/?page_id=2332"},"modified":"2019-06-19T09:10:07","modified_gmt":"2019-06-19T07:10:07","slug":"cfgs-en-condicionament-fisic","status":"publish","type":"page","link":"https:\/\/agora.xtec.cat\/inscar\/cfgs-en-condicionament-fisic\/","title":{"rendered":"CFGS en Condicionament F\u00edsic"},"content":{"rendered":"<p><b>T\u00e8cnic o t\u00e8cnica superior en Condicionament F\u00edsic<br \/>\n<\/b>Codi:\u00a0CFPS AEB0<b>\u00a0<\/b><\/p>\n<p>Informaci\u00f3 general<\/p>\n<p>Aquests estudis capaciten per elaborar, coordinar, desenvolupar i avaluar programes de condicionament f\u00edsic per a tot tipus d\u2019usuaris i en diferents espais de pr\u00e0ctica, dinamitzant les activitats i orientant-les cap a la millora de la qualitat de vida i la salut, garantint-ne la seguretat i aplicant criteris de qualitat, tant en el proc\u00e9s com en els resultats del servei.<\/p>\n<p>La durada \u00e9s de 2.000 hores (1.650 en un centre educatiu i 350 en un centre de treball) distribu\u00efdes en\u00a0dos cursos\u00a0acad\u00e8mics.<\/p>\n<p>Amb aquests estudis s&#8217;obt\u00e9 el t\u00edtol de\u00a0T\u00e8cnic o T\u00e8cnica superior en Condicionament F\u00edsic.<\/p>\n<p>Sortides professionals<\/p>\n<p>La superaci\u00f3 d&#8217;aquest cicle formatiu permet accedir al\u00a0m\u00f3n laboral\u00a0com a:<\/p>\n<ul>\n<li>Entrenador o entrenadora de condicionament f\u00edsic en sales d&#8217;entrenament polivalent de gimnasos o poliesportius i en instal\u00b7lacions aqu\u00e0tiques.<\/li>\n<li>Entrenador o entrenadora de condicionament f\u00edsic per a grups amb suport musical en gimnasos, instal\u00b7lacions aqu\u00e0tiques o poliesportius.<\/li>\n<li>Entrenador o entrenadora personal.<\/li>\n<li>Instructor o instructora de grups d\u2019hidrocin\u00e8sia i cura corporal.<\/li>\n<li>Promotor o promotora d&#8217;activitats de condicionament f\u00edsic.<\/li>\n<li>Animador o animadora d&#8217;activitats de condicionament f\u00edsic.<\/li>\n<li>Coordinador o coordinadora d&#8217;activitats de condicionament f\u00edsic i d\u2019hidrocin\u00e8sia.<\/li>\n<li>Monitor o monitora d&#8217;aer\u00f2bic, graons, ciclisme de sala, fitnes aqu\u00e0tic i activitats afins.<\/li>\n<li>Instructor o instructora d\u2019activitats de condicionament f\u00edsic per a col\u00b7lectius especials.<\/li>\n<li>&#8230;<\/li>\n<\/ul>\n<p>Continguts:<span class=\"Apple-converted-space\">\u00a0<\/span><\/p>\n<p>El curr\u00edculum d\u2019aquests estudis est\u00e0 format pels seg\u00fcents m\u00f2duls professionals:<\/p>\n<ul>\n<li>MP 1: Valoraci\u00f3 de la Condici\u00f3 F\u00edsica i Intervenci\u00f3 en Accidents (165 hores).<\/li>\n<li>MP 2: Habilitats Socials (132 hores).<\/li>\n<li>MP 3: Fitnes en Sala d&#8217;Entrenament Polivalent\u00a0(264 hores).<\/li>\n<li>MP 4: Activitats B\u00e0siques de Condicionament F\u00edsic amb Suport Musical\u00a0(165 hores).<\/li>\n<li>MP 5: Activitats Especialitzades de Condicionament F\u00edsic amb Suport Musical\u00a0(132 hores).<\/li>\n<li>MP 6: Condicionament F\u00edsic a l&#8217;Aigua (165 hores).<\/li>\n<li>MP 7: T\u00e8cniques d&#8217;Hidrocin\u00e8sia\u00a0(132 hores).<\/li>\n<li>MP 8: Control Postural, Benestar i Manteniment Funcional\u00a0(165 hores).<\/li>\n<li>MP 9: Formaci\u00f3 i Orientaci\u00f3 Laboral\u00a0(99 hores).<\/li>\n<li>MP 10: Empresa i Iniciativa Emprenedora\u00a0(66 hores).<\/li>\n<li>MP 11: Angl\u00e8s\u00a0(99 hores).<\/li>\n<li>MP 12: Projecte de Condicionament F\u00edsic\u00a0(66 hores).<\/li>\n<li>MP 13: Formaci\u00f3 en Centres de Treball\u00a0(350 hores).<\/li>\n<\/ul>\n<p><a href=\"https:\/\/www.boe.es\/diario_boe\/txt.php?id=BOE-A-2017-7981\">M\u00e9s informaci\u00f3<\/a><\/p>\n<p>Requisits d\u2019acc\u00e9s<\/p>\n<p>Poden accedir\u00a0al cicle les persones que compleixen algun dels requisits seg\u00fcents:<\/p>\n<ul>\n<li>Tenir el t\u00edtol de batxillerat.<\/li>\n<li>Tenir el t\u00edtol de t\u00e8cnic de formaci\u00f3 professional o t\u00e8cnic superior de formaci\u00f3 professional o t\u00e8cnic especialista.<\/li>\n<li>Haver superat el segon curs de batxillerat de qualsevol modalitat de batxillerat experimental.<\/li>\n<li>Haver superat el curs d&#8217;orientaci\u00f3 universit\u00e0ria (COU) o el preuniversitari.<\/li>\n<li>Tenir el t\u00edtol de batxillerat per haver cursat el batxillerat unificat polivalent (BUP).<\/li>\n<li>Tenir qualsevol titulaci\u00f3 universit\u00e0ria o una d&#8217;equivalent, o haver superat la prova d&#8217;acc\u00e9s a la universitat per a m\u00e9s grans de 25 anys.<\/li>\n<\/ul>\n<p>Les persones que no compleixen cap dels requisits esmentats han de superar una\u00a0<a href=\"http:\/\/ensenyament.gencat.cat\/ca\/serveis-tramits\/proves\/proves-acces\/gs-fp\/\">prova d&#8217;acc\u00e9s<\/a>. Per presentar-s&#8217;hi cal tenir complerts 19 anys o b\u00e9 complir-los durant l&#8217;any natural en qu\u00e8 es realitza la prova.<\/p>\n<p>Continu\u00eftat d\u2019estudis<\/p>\n<p>Finalitzant aquest cicle es pot accedir a:<\/p>\n<ul>\n<li>Qualsevol cicle formatiu de grau superior.<\/li>\n<li>Qualsevol estudi universitari oficial de grau. Les persones que s&#8217;han graduat en un cicle formatiu de grau superior poden obtenir la convalidaci\u00f3 de cr\u00e8dits universitaris ECTS. Per a m\u00e9s informaci\u00f3, consulteu el\u00a0<a href=\"http:\/\/universitats.gencat.cat\/ca\/que_puc_fer\/estudiant_cicles\/\">Canal Universitats<\/a><\/li>\n<\/ul>\n<p>Horari<\/p>\n<p>En l\u2019INS Centre d\u2019Alt Rendiment, l\u2019horari \u00e9s el seg\u00fcent:<\/p>\n<ul>\n<li>Matins de 8:00 a 14:30.<\/li>\n<\/ul>\n<p>Preinscripci\u00f3 i matr\u00edcula<span class=\"Apple-converted-space\">\u00a0<\/span><\/p>\n<p>L\u2019<b>\u00a0<\/b>import de la matr\u00edcula\u00a0per als centres dependents del Departament d&#8217;Educaci\u00f3 s\u00f3n:<\/p>\n<ul>\n<li>Per curs: 360 euros.<\/li>\n<li>Per unitat formativa: 25 euros.<\/li>\n<li>Per m\u00f2dul de formaci\u00f3 en centres de treball (FCT): 25 euros.<\/li>\n<\/ul>\n<p>Consulteu els sup\u00f2sits d&#8217;exempcions i bonificacions generals i espec\u00edfiques a l&#8217;apartat de preus p\u00fablics <a href=\"http:\/\/ensenyament.gencat.cat\/ca\/departament\/normativa\/taxes-preus-publics\/exempcions-bonificacions\/\" target=\"_blank\" rel=\"noopener noreferrer\">(enlla\u00e7).<\/a><\/p>\n<p>Per cursar el cicle cal formalitzar la sol\u00b7licitud i presentar-la a la secretaria de l\u2019INS CAR en el per\u00edode corresponent<span class=\"Apple-converted-space\">\u00a0 <\/span>(<a href=\"https:\/\/agora.xtec.cat\/inscar\/secretaria\/secretaria-cfgm\/\" target=\"_blank\" rel=\"noopener noreferrer\">enlla\u00e7 amb Secretaria CFGS<\/a>).<\/p>\n","protected":false},"excerpt":{"rendered":"<p>T\u00e8cnic o t\u00e8cnica superior en Condicionament F\u00edsic<br \/>\nCodi:\u00a0CFPS AEB0\u00a0<br \/>\nInformaci\u00f3 general<br \/>\nAquests estudis capaciten per elaborar, coordinar, desenvolupar i avaluar programes de condicionament f\u00edsic per a tot tipus d\u2019usuaris i en diferents espais de pr\u00e0ctica, dinamitzant les activitats i orientant-les cap a la millora de la qualitat de&hellip;  <a href=\"https:\/\/agora.xtec.cat\/inscar\/cfgs-en-condicionament-fisic\/\" title=\"Read CFGS en Condicionament F\u00edsic\">Llegeix m\u00e9s\u00bb<\/a><\/p>\n","protected":false},"author":3,"featured_media":0,"parent":0,"menu_order":0,"comment_status":"closed","ping_status":"closed","template":"","meta":{"_bbp_topic_count":0,"_bbp_reply_count":0,"_bbp_total_topic_count":0,"_bbp_total_reply_count":0,"_bbp_voice_count":0,"_bbp_anonymous_reply_count":0,"_bbp_topic_count_hidden":0,"_bbp_reply_count_hidden":0,"_bbp_forum_subforum_count":0,"footnotes":""},"class_list":["post-2332","page","type-page","status-publish","hentry"],"post_mailing_queue_ids":[],"_links":{"self":[{"href":"https:\/\/agora.xtec.cat\/inscar\/wp-json\/wp\/v2\/pages\/2332","targetHints":{"allow":["GET"]}}],"collection":[{"href":"https:\/\/agora.xtec.cat\/inscar\/wp-json\/wp\/v2\/pages"}],"about":[{"href":"https:\/\/agora.xtec.cat\/inscar\/wp-json\/wp\/v2\/types\/page"}],"author":[{"embeddable":true,"href":"https:\/\/agora.xtec.cat\/inscar\/wp-json\/wp\/v2\/users\/3"}],"replies":[{"embeddable":true,"href":"https:\/\/agora.xtec.cat\/inscar\/wp-json\/wp\/v2\/comments?post=2332"}],"version-history":[{"count":3,"href":"https:\/\/agora.xtec.cat\/inscar\/wp-json\/wp\/v2\/pages\/2332\/revisions"}],"predecessor-version":[{"id":2342,"href":"https:\/\/agora.xtec.cat\/inscar\/wp-json\/wp\/v2\/pages\/2332\/revisions\/2342"}],"wp:attachment":[{"href":"https:\/\/agora.xtec.cat\/inscar\/wp-json\/wp\/v2\/media?parent=2332"}],"curies":[{"name":"wp","href":"https:\/\/api.w.org\/{rel}","templated":true}]}}