{"id":2328,"date":"2019-06-18T23:37:35","date_gmt":"2019-06-18T21:37:35","guid":{"rendered":"http:\/\/agora.xtec.cat\/inscar\/?page_id=2328"},"modified":"2019-06-19T09:11:13","modified_gmt":"2019-06-19T07:11:13","slug":"cfgs-aea0","status":"publish","type":"page","link":"https:\/\/agora.xtec.cat\/inscar\/cfgs-aea0\/","title":{"rendered":"CFGS en Ensenyament i Animaci\u00f3 Socioesportiva"},"content":{"rendered":"<p><b>T\u00e8cnic o t\u00e8cnica superior en Ensenyament i Animaci\u00f3 Socioesportiva<br \/>\n<\/b>Codi:\u00a0CFPS AEA0<\/p>\n<p>Informaci\u00f3 general<\/p>\n<p>Aquests estudis capaciten per elaborar, gestionar i avaluar projectes d&#8217;animaci\u00f3 fisicoesportius i recreatius per a tot tipus d&#8217;usuaris, programant i dirigint les activitats d&#8217;ensenyament, d&#8217;inclusi\u00f3 socioesportiva i de temps lliure, coordinant les actuacions dels professionals implicats, garantint-ne la seguretat, respectant el medi ambient i aconseguint la satisfacci\u00f3 dels usuaris, en els l\u00edmits previstos de cost.<\/p>\n<p>La durada \u00e9s de 2.000 hores (1.650 en un centre educatiu i 350 en un centre de treball), distribu\u00efdes en\u00a0dos cursos\u00a0acad\u00e8mics.<\/p>\n<p>Aquest estudi\u00a0substitueix\u00a0el cicle Animaci\u00f3 d&#8217;Activitats F\u00edsiques i Esportives (LOGSE).<\/p>\n<p>Amb aquests estudis s&#8217;obt\u00e9 el t\u00edtol de\u00a0T\u00e8cnic o T\u00e8cnica superior en Ensenyament i Animaci\u00f3 Socioesportiva.<\/p>\n<p>Sortides professionals<\/p>\n<p>La superaci\u00f3 d&#8217;aquest cicle formatiu permet accedir al\u00a0m\u00f3n laboral\u00a0com a:<\/p>\n<ul>\n<li>Professor o professora d&#8217;activitats fisicoesportives (nataci\u00f3, atletisme, b\u00e0squet, voleibol, tennis i p\u00e0del, entre d\u2019altres).<\/li>\n<li>Animador o animadora fisicoesportiu i recreatiu.<\/li>\n<li>Animador o animadora d&#8217;activitats d&#8217;inclusi\u00f3 socioesportiva.<\/li>\n<li>Animador o animadora de vetllades i espectacles en instal\u00b7lacions tur\u00edstiques.<\/li>\n<li>Animador o animadora d&#8217;activitats recreatives a l&#8217;aire lliure en instal\u00b7lacions tur\u00edstiques.<\/li>\n<li>Coordinador o coordinadora d&#8217;activitats d&#8217;animaci\u00f3 esportiva.<\/li>\n<li>Coordinador o coordinadora d&#8217;activitats fisicoesportives en instal\u00b7lacions esportives d\u2019empreses tur\u00edstiques o entitats p\u00fabliques i privades.<\/li>\n<li>Coordinador o coordinadora de temps lliure educatiu infantil i juvenil.<\/li>\n<li>Coordinador o coordinadora de campaments, albergs de joventut, cases de col\u00f2nies, granges escola, aules de cases de joventut i escoles de natura.<\/li>\n<li>Coordinador o coordinadora d&#8217;activitats paracurriculars en el marc escolar.<\/li>\n<li>Cap de projectes de lleure educatiu infantil i juvenil.<\/li>\n<li>Director o directora de temps lliure educatiu infantil i juvenil.<\/li>\n<li>Director o directora de campaments, albergs de joventut, cases de col\u00f2nies, granges escola, aules de cases de joventut i escoles de natura.<\/li>\n<li>Director o directora d&#8217;activitats paracurriculars en el marc escolar.<\/li>\n<li>Cap de departament d&#8217;animaci\u00f3 tur\u00edstica.<\/li>\n<li>Cronometrador o cronometradora, jutge o jutgessa i \u00e0rbitre de competicions esportives no oficials.<\/li>\n<li>Promotor o promotora esportiu i de competicions de nivell elemental o social i d&#8217;esdeveniments esportius de nivell b\u00e0sic.<\/li>\n<li>Monitor o monitora d&#8217;activitats fisicoesportives i recreatives en campaments.<\/li>\n<li>Monitor o monitora de temps lliure.<\/li>\n<li>&#8230;<\/li>\n<\/ul>\n<p>Continguts:<span class=\"Apple-converted-space\">\u00a0<\/span><\/p>\n<p>El curr\u00edculum d\u2019aquests estudis est\u00e0 format pels seg\u00fcents m\u00f2duls professionals:<\/p>\n<ul>\n<li>MP 1: Valoraci\u00f3 de la Condici\u00f3 F\u00edsica i Intervenci\u00f3 en Accidents\u00a0(165 hores).<\/li>\n<li>MP 2: Dinamitzaci\u00f3 de Grups\u00a0(132 hores).<\/li>\n<li>MP 3: Planificaci\u00f3 de l&#8217;Animaci\u00f3 Socioesportiva\u00a0(66 hores).<\/li>\n<li>MP 4: Metodologia de l&#8217;Ensenyament d&#8217;Activitats Fisicoesportives\u00a0(132 hores).<\/li>\n<li>MP 5: Activitats Fisicoesportives Individuals\u00a0(132 hores).<\/li>\n<li>MP 6: Activitats d&#8217;Oci i Temps Lliure\u00a0(198 hores).<\/li>\n<li>MP 7: Activitats Fisicoesportives d&#8217;Implements\u00a0(99 hores).<\/li>\n<li>MP 8: Activitats Fisicoesportives d&#8217;Equip\u00a0(165 hores).<\/li>\n<li>MP 9: Jocs i Activitats Fisicorecreatives i d&#8217;Animaci\u00f3 Tur\u00edstica\u00a0(165 hores).<\/li>\n<li>MP 10: Activitats Fisicoesportives per a la Inclusi\u00f3 Social\u00a0(66 hores).<\/li>\n<li>MP 11: Formaci\u00f3 i Orientaci\u00f3 Laboral\u00a0(99 hores).<\/li>\n<li>MP 12: Empresa i Iniciativa Emprenedora\u00a0(66 hores).<\/li>\n<li>MP 13: Angl\u00e8s\u00a0(99 hores).<\/li>\n<li>MP 14: Projecte d&#8217;Ensenyament i Animaci\u00f3 Socioesportiva\u00a0(66 hores).<\/li>\n<li>MP 15: Formaci\u00f3 en Centres de Treball\u00a0(350 hores).<\/li>\n<\/ul>\n<p><a href=\"https:\/\/www.boe.es\/diario_boe\/txt.php?id=BOE-A-2017-8301\">M\u00e9s informaci\u00f3<\/a><\/p>\n<p>Requisits d\u2019acc\u00e9s<\/p>\n<p>Tenen\u00a0acc\u00e9s directe\u00a0al cicle les persones que compleixen algun dels requisits seg\u00fcents:<\/p>\n<ul>\n<li>Tenir el t\u00edtol de batxillerat.<\/li>\n<li>Tenir el t\u00edtol de t\u00e8cnic de formaci\u00f3 professional o t\u00e8cnic superior de formaci\u00f3 professional o t\u00e8cnic especialista.<\/li>\n<li>Haver superat el segon curs de batxillerat de qualsevol modalitat de batxillerat experimental.<\/li>\n<li>Haver superat el curs d&#8217;orientaci\u00f3 universit\u00e0ria (COU) o el preuniversitari.<\/li>\n<li>Tenir el t\u00edtol de batxillerat per haver cursat el batxillerat unificat polivalent (BUP).<\/li>\n<li>Tenir qualsevol titulaci\u00f3 universit\u00e0ria o una d&#8217;equivalent, o haver superat la prova d&#8217;acc\u00e9s a la universitat per a m\u00e9s grans de 25 anys.<\/li>\n<\/ul>\n<p>Les persones que no compleixen cap dels requisits esmentats han de superar una\u00a0<a href=\"http:\/\/ensenyament.gencat.cat\/ca\/serveis-tramits\/proves\/proves-acces\/gs-fp\/\">prova d&#8217;acc\u00e9s<\/a>. Per presentar-s&#8217;hi cal tenir complerts 19 anys o b\u00e9 complir-los durant l&#8217;any natural en qu\u00e8 es realitza la prova.<\/p>\n<p>Continu\u00eftat d\u2019estudis<\/p>\n<p>Finalitzant aquest cicle es pot accedir a:<\/p>\n<ul>\n<li>Qualsevol cicle formatiu de grau superior.<\/li>\n<li>Qualsevol estudi universitari oficial de grau. Les persones que s&#8217;han graduat en un cicle formatiu de grau superior poden obtenir la convalidaci\u00f3 de cr\u00e8dits universitaris ECTS. Per a m\u00e9s informaci\u00f3, consulteu el\u00a0<a href=\"http:\/\/universitats.gencat.cat\/ca\/que_puc_fer\/estudiant_cicles\/\">Canal Universitats<\/a><\/li>\n<\/ul>\n<p>Horari<\/p>\n<p>En l\u2019INS Centre d\u2019Alt Rendiment, l\u2019horari \u00e9s el seg\u00fcent:<\/p>\n<ul>\n<li>Matins de 8:00 a 14:30.<\/li>\n<\/ul>\n<p>Preinscripci\u00f3 i matr\u00edcula<span class=\"Apple-converted-space\">\u00a0<\/span><\/p>\n<p>L\u2019<b>\u00a0<\/b>import de la matr\u00edcula\u00a0per als centres dependents del Departament d&#8217;Educaci\u00f3 s\u00f3n:<\/p>\n<ul>\n<li>Per curs: 360 euros.<\/li>\n<li>Per unitat formativa: 25 euros.<\/li>\n<li>Per m\u00f2dul de formaci\u00f3 en centres de treball (FCT): 25 euros.<\/li>\n<\/ul>\n<p>Consulteu els sup\u00f2sits d&#8217;exempcions i bonificacions generals i espec\u00edfiques a l&#8217;apartat de preus p\u00fablics <a href=\"http:\/\/ensenyament.gencat.cat\/ca\/departament\/normativa\/taxes-preus-publics\/exempcions-bonificacions\/\" target=\"_blank\" rel=\"noopener noreferrer\">(enlla\u00e7).<\/a><\/p>\n<p>Per cursar el cicle cal formalitzar la sol\u00b7licitud i presentar-la a la secretaria de l\u2019INS CAR en el per\u00edode corresponent<span class=\"Apple-converted-space\">\u00a0 <\/span>(<a href=\"https:\/\/agora.xtec.cat\/inscar\/secretaria\/secretaria-cfgm\/\" target=\"_blank\" rel=\"noopener noreferrer\">enlla\u00e7 amb Secretaria CFGS<\/a>)<\/p>\n","protected":false},"excerpt":{"rendered":"<p>T\u00e8cnic o t\u00e8cnica superior en Ensenyament i Animaci\u00f3 Socioesportiva<br \/>\nCodi:\u00a0CFPS AEA0<br \/>\nInformaci\u00f3 general<br \/>\nAquests estudis capaciten per elaborar, gestionar i avaluar projectes d&#8217;animaci\u00f3 fisicoesportius i recreatius per a tot tipus d&#8217;usuaris, programant i dirigint les activitats d&#8217;ensenyament, d&#8217;inclusi\u00f3 socioesportiva i de temps lliure, coordinant les actuacions dels professionals&hellip;  <a href=\"https:\/\/agora.xtec.cat\/inscar\/cfgs-aea0\/\" title=\"Read CFGS en Ensenyament i Animaci\u00f3 Socioesportiva\">Llegeix m\u00e9s\u00bb<\/a><\/p>\n","protected":false},"author":3,"featured_media":0,"parent":0,"menu_order":0,"comment_status":"closed","ping_status":"closed","template":"","meta":{"_bbp_topic_count":0,"_bbp_reply_count":0,"_bbp_total_topic_count":0,"_bbp_total_reply_count":0,"_bbp_voice_count":0,"_bbp_anonymous_reply_count":0,"_bbp_topic_count_hidden":0,"_bbp_reply_count_hidden":0,"_bbp_forum_subforum_count":0,"footnotes":""},"class_list":["post-2328","page","type-page","status-publish","hentry"],"post_mailing_queue_ids":[],"_links":{"self":[{"href":"https:\/\/agora.xtec.cat\/inscar\/wp-json\/wp\/v2\/pages\/2328","targetHints":{"allow":["GET"]}}],"collection":[{"href":"https:\/\/agora.xtec.cat\/inscar\/wp-json\/wp\/v2\/pages"}],"about":[{"href":"https:\/\/agora.xtec.cat\/inscar\/wp-json\/wp\/v2\/types\/page"}],"author":[{"embeddable":true,"href":"https:\/\/agora.xtec.cat\/inscar\/wp-json\/wp\/v2\/users\/3"}],"replies":[{"embeddable":true,"href":"https:\/\/agora.xtec.cat\/inscar\/wp-json\/wp\/v2\/comments?post=2328"}],"version-history":[{"count":3,"href":"https:\/\/agora.xtec.cat\/inscar\/wp-json\/wp\/v2\/pages\/2328\/revisions"}],"predecessor-version":[{"id":2343,"href":"https:\/\/agora.xtec.cat\/inscar\/wp-json\/wp\/v2\/pages\/2328\/revisions\/2343"}],"wp:attachment":[{"href":"https:\/\/agora.xtec.cat\/inscar\/wp-json\/wp\/v2\/media?parent=2328"}],"curies":[{"name":"wp","href":"https:\/\/api.w.org\/{rel}","templated":true}]}}