{"id":2179,"date":"2019-05-10T11:37:49","date_gmt":"2019-05-10T09:37:49","guid":{"rendered":"http:\/\/agora.xtec.cat\/inscar\/?page_id=2179"},"modified":"2024-01-19T11:51:57","modified_gmt":"2024-01-19T10:51:57","slug":"grau-mitja-cafemn","status":"publish","type":"page","link":"https:\/\/agora.xtec.cat\/inscar\/grau-mitja-cafemn\/","title":{"rendered":"Grau Mitj\u00e0 Guia en el Medi Natural i de Temps de Lleure"},"content":{"rendered":"<h4><a href=\"https:\/\/agora.xtec.cat\/inscar\/wp-content\/uploads\/usu1537\/2024\/01\/IMATGE.png\"><img loading=\"lazy\" decoding=\"async\" class=\"alignleft size-large wp-image-4934\" src=\"https:\/\/agora.xtec.cat\/inscar\/wp-content\/uploads\/usu1537\/2024\/01\/IMATGE-1024x294.png\" alt=\"\" width=\"1024\" height=\"294\" srcset=\"https:\/\/agora.xtec.cat\/inscar\/wp-content\/uploads\/usu1537\/2024\/01\/IMATGE-1024x294.png 1024w, https:\/\/agora.xtec.cat\/inscar\/wp-content\/uploads\/usu1537\/2024\/01\/IMATGE-300x86.png 300w, https:\/\/agora.xtec.cat\/inscar\/wp-content\/uploads\/usu1537\/2024\/01\/IMATGE-768x220.png 768w, https:\/\/agora.xtec.cat\/inscar\/wp-content\/uploads\/usu1537\/2024\/01\/IMATGE.png 1179w\" sizes=\"auto, (max-width: 1024px) 100vw, 1024px\" \/><\/a><\/h4>\n<h4><strong style=\"font-size: 16px;\">Codi:<\/strong><span style=\"font-size: 16px; font-weight: normal;\"> CFPM AE10<\/span><\/h4>\n<p>&nbsp;<\/p>\n<p><strong><u>Informaci\u00f3 general<\/u><\/strong><\/p>\n<p>Aquests estudis postobligatoris capaciten per organitzar itineraris i guiar grups per entorns naturals de muntanya baixa i mitjana, terreny nevat de tipus n\u00f2rdic, cavitats de dificultat baixa, barrancs de risc baix, medi aqu\u00e0tic i instal\u00b7lacions d&#8217;oci i aventura (progressant a peu, amb cordes, en bicicleta, en embarcacions i a cavall), aix\u00ed com dinamitzar activitats de temps de lleure, adaptant les activitats a la tipologia dels participants, i respectant el medi ambient i garantint-ne la qualitat i la seguretat.<\/p>\n<p>La durada \u00e9s de 2.000 hores, que es distribueixen en\u00a0<strong>dos cursos<\/strong>\u00a0acad\u00e8mics.<\/p>\n<p>&nbsp;<\/p>\n<p><strong><u>Continguts<\/u>:<\/strong><\/p>\n<p>El curr\u00edculum d\u2019aquests estudis est\u00e0 format pels seg\u00fcents contingurs:<\/p>\n<ul>\n<li>T\u00e8cniques d&#8217;Equitaci\u00f3 (99 hores)<\/li>\n<li>Guia Eq\u00fcestre (66 hores)<\/li>\n<li>Atenci\u00f3 a Grups (66 hores)<\/li>\n<li>Organitzaci\u00f3 d&#8217;Itineraris (66 hores)<\/li>\n<li>Guia de Muntanya Baixa i Mitjana (165 hores)<\/li>\n<li>Guia de Bicicleta (132 hores)<\/li>\n<li>T\u00e8cniques de Temps de Lleure (99 hores)<\/li>\n<li>T\u00e8cniques de Nataci\u00f3 (66 hores)<\/li>\n<li>Socorrisme en el Medi Natural (99 hores)<\/li>\n<li>Guia en el Medi Natural Aqu\u00e0tic (99 hores)<\/li>\n<li>Maniobres amb Cordes (132 hores)<\/li>\n<li>Formaci\u00f3 i Orientaci\u00f3 Laboral (66 hores)<\/li>\n<li>Empresa i Iniciativa Emprenedora (66 hores)<\/li>\n<li>Angl\u00e8s T\u00e8cnic (99 hores)<\/li>\n<li>S\u00edntesi (297 hores)<\/li>\n<li>Formaci\u00f3 en Centres de Treball (383 hores)<\/li>\n<\/ul>\n<p><a href=\"http:\/\/queestudiar.gencat.cat\/ca\/estudis\/fp\/cicles-families\/act-fisiques-esportives\/?p_id=4870&amp;estudi\" target=\"_blank\" rel=\"noopener\">M\u00e9s informaci\u00f3<\/a><\/p>\n<p>&nbsp;<\/p>\n<p><strong><u>Requisits d\u2019acc\u00e9s<\/u><\/strong><\/p>\n<p>Tenen\u00a0<strong>acc\u00e9s directe<\/strong>\u00a0al cicle les persones que compleixen algun dels requisits seg\u00fcents:<\/p>\n<ul>\n<li>tenir el t\u00edtol de graduat en educaci\u00f3 secund\u00e0ria obligat\u00f2ria,<\/li>\n<li>haver superat el\u00a0<a href=\"https:\/\/triaeducativa.gencat.cat\/ca\/cursos-acces-cicles\/curs-especific-acces-cicles-gm\/\">curs espec\u00edfic per a l&#8217;acc\u00e9s als cicles de grau mitj\u00e0<\/a>,<\/li>\n<li>tenir el t\u00edtol de t\u00e8cnic o de t\u00e8cnic auxiliar,<\/li>\n<li>haver superat el segon curs del batxillerat unificat i polivalent (BUP),<\/li>\n<li>tenir altres estudis equivalents a efectes acad\u00e8mics,<\/li>\n<li>haver superat la prova d&#8217;acc\u00e9s a la universitat per a m\u00e9s grans de 25 anys,<\/li>\n<li>haver superat els m\u00f2duls obligatoris d&#8217;un programa de qualificaci\u00f3 professional inicial (PQPI),<\/li>\n<li>tenir un t\u00edtol per accedir a un cicle formatiu de grau superior.<\/li>\n<\/ul>\n<p>Les persones que no compleixen cap dels requisits esmentats han de superar una\u00a0<a href=\"http:\/\/educacio.gencat.cat\/ca\/serveis-tramits\/proves\/proves-acces\/gm-fp\/\" target=\"_blank\" rel=\"noopener\">prova d&#8217;acc\u00e9s<\/a>. Per presentar-s&#8217;hi cal tenir com a m\u00ednim 17 anys l&#8217;any en qu\u00e8 es fa la prova.<\/p>\n<p>&nbsp;<\/p>\n<p><strong>Capacitaci\u00f3 laboral<\/strong><\/p>\n<p>La superaci\u00f3 d&#8217;aquest cicle formatiu permet accedir al\u00a0<strong>m\u00f3n laboral<\/strong>\u00a0com a:<\/p>\n<ul>\n<li>dissenyador o dissenyadora d&#8217;itineraris terrestres fins a muntanya mitjana;<\/li>\n<li>dissenyador o dissenyadora d&#8217;itineraris eq\u00fcestres fins a muntanya mitjana;<\/li>\n<li>dissenyador o dissenyadora d&#8217;itineraris amb bicicleta per terrenys de fins a muntanya mitjana;<\/li>\n<li>dissenyador o dissenyadora d&#8217;itineraris pel mitj\u00e0 aqu\u00e0tic en embarcacions d&#8217;esbarjo exemptes de despatx;<\/li>\n<li>dissenyador o dissenyadora i organitzador o organitzadora d&#8217;activitats fisicoesportives recreatives guiades pel medi natural;<\/li>\n<li>encarregat o encarregada de prevenci\u00f3 i seguretat en rutes i esdeveniments amb bicicleta;<\/li>\n<li>encarregat o encarregada de prevenci\u00f3 i seguretat en rutes i esdeveniments eq\u00fcestres;<\/li>\n<li>guia en activitats de senderisme, muntanyisme per muntanya baixa i mitjana, travessia per muntanya baixa i mitjana, i rutes nevades tipus n\u00f2rdic amb raquetes;<\/li>\n<li>guia de barrancs de dificultat baixa;<\/li>\n<li>guia d&#8217;espeleologia de dificultat baixa;<\/li>\n<li>guia d&#8217;itineraris amb bicicleta de muntanya;<\/li>\n<li>guia d&#8217;itineraris de cicloturisme;<\/li>\n<li>guia d&#8217;itineraris a cavall;<\/li>\n<li>guia d&#8217;itineraris pel mitj\u00e0 aqu\u00e0tic en embarcacions d&#8217;esbarjo exemptes de despatx;<\/li>\n<li>monitor o monitora de temps lliure educatiu infantil i juvenil;<\/li>\n<li>monitor o monitora de campaments, d&#8217;albergs de joventut, de cases de col\u00f2nies, de granges escoles, i d&#8217;aules i escoles de natura;<\/li>\n<li>monitor o monitora d&#8217;activitats en el marc escolar;<\/li>\n<li>monitor o monitora d&#8217;instal\u00b7lacions d&#8217;oci i aventura;<\/li>\n<li>socorrista en llacs i embassaments;<\/li>\n<li>socorrista de suport en unitats d&#8217;intervenci\u00f3 aqu\u00e0tica;<\/li>\n<li>socorrista en activitats aqu\u00e0tiques en l&#8217;entorn natural;<\/li>\n<li>socorrista en activitats n\u00e0utiques i esportives;<\/li>\n<li>socorrista en platges fluvials.<\/li>\n<\/ul>\n<p>&nbsp;<\/p>\n<p><strong><u>Continu\u00eftat d\u2019estudis<\/u><\/strong><\/p>\n<p>Amb aquests estudis s&#8217;obt\u00e9 el t\u00edtol de\u00a0<strong>t\u00e8cnic o t\u00e8cnica<\/strong>, que permet accedir:<\/p>\n<ul>\n<li>al batxillerat,<\/li>\n<li>a un cicle de grau superior de formaci\u00f3 professional.<\/li>\n<\/ul>\n<p>&nbsp;<\/p>\n<p><strong><u>Horari<\/u><\/strong><\/p>\n<p>En l\u2019INS Centre d\u2019Alt Rendiment, l\u2019horari marc actual \u00e9s el seg\u00fcent:<\/p>\n<ul>\n<li>Matins de 8:00 a 14:30 (en cas de sortides fins les 17:00 aproximadament).<\/li>\n<\/ul>\n<p>&nbsp;<\/p>\n<p><strong><u>Preinscripci\u00f3 i matr\u00edcula<\/u>\u00a0<\/strong><a href=\"https:\/\/agora.xtec.cat\/inscar\/secretaria\/secretaria-cfgs\/\" target=\"_blank\" rel=\"noopener noreferrer\"><em> ( <strong><span style=\"color: #ff0000;\">\u2192<\/span><\/strong> <strong>Secretaria CFGM<\/strong>)<\/em><\/a><\/p>\n<p>&nbsp;<\/p>\n","protected":false},"excerpt":{"rendered":"<p><a href=\"https:\/\/agora.xtec.cat\/inscar\/wp-content\/uploads\/usu1537\/2024\/01\/IMATGE.png\"><\/a><br \/>\nCodi: CFPM AE10<br \/>\n&nbsp;<br \/>\nInformaci\u00f3 general<br \/>\nAquests estudis postobligatoris capaciten per organitzar itineraris i guiar grups per entorns naturals de muntanya baixa i mitjana, terreny nevat de tipus n\u00f2rdic, cavitats de dificultat baixa, barrancs de risc baix, medi aqu\u00e0tic i instal\u00b7lacions d&#8217;oci i aventura (progressant a peu,&hellip;  <a href=\"https:\/\/agora.xtec.cat\/inscar\/grau-mitja-cafemn\/\" title=\"Read Grau Mitj\u00e0 Guia en el Medi Natural i de Temps de Lleure\">Llegeix m\u00e9s\u00bb<\/a><\/p>\n","protected":false},"author":3,"featured_media":0,"parent":0,"menu_order":0,"comment_status":"closed","ping_status":"closed","template":"","meta":{"_bbp_topic_count":0,"_bbp_reply_count":0,"_bbp_total_topic_count":0,"_bbp_total_reply_count":0,"_bbp_voice_count":0,"_bbp_anonymous_reply_count":0,"_bbp_topic_count_hidden":0,"_bbp_reply_count_hidden":0,"_bbp_forum_subforum_count":0,"footnotes":""},"class_list":["post-2179","page","type-page","status-publish","hentry"],"post_mailing_queue_ids":[],"_links":{"self":[{"href":"https:\/\/agora.xtec.cat\/inscar\/wp-json\/wp\/v2\/pages\/2179","targetHints":{"allow":["GET"]}}],"collection":[{"href":"https:\/\/agora.xtec.cat\/inscar\/wp-json\/wp\/v2\/pages"}],"about":[{"href":"https:\/\/agora.xtec.cat\/inscar\/wp-json\/wp\/v2\/types\/page"}],"author":[{"embeddable":true,"href":"https:\/\/agora.xtec.cat\/inscar\/wp-json\/wp\/v2\/users\/3"}],"replies":[{"embeddable":true,"href":"https:\/\/agora.xtec.cat\/inscar\/wp-json\/wp\/v2\/comments?post=2179"}],"version-history":[{"count":5,"href":"https:\/\/agora.xtec.cat\/inscar\/wp-json\/wp\/v2\/pages\/2179\/revisions"}],"predecessor-version":[{"id":4937,"href":"https:\/\/agora.xtec.cat\/inscar\/wp-json\/wp\/v2\/pages\/2179\/revisions\/4937"}],"wp:attachment":[{"href":"https:\/\/agora.xtec.cat\/inscar\/wp-json\/wp\/v2\/media?parent=2179"}],"curies":[{"name":"wp","href":"https:\/\/api.w.org\/{rel}","templated":true}]}}