{"id":21,"date":"2014-09-17T16:14:14","date_gmt":"2014-09-17T16:14:14","guid":{"rendered":"http:\/\/agora.xtec.cat\/inscar\/?page_id=21"},"modified":"2018-09-18T00:00:15","modified_gmt":"2018-09-17T22:00:15","slug":"on-som","status":"publish","type":"page","link":"https:\/\/agora.xtec.cat\/inscar\/linstitut\/on-som\/","title":{"rendered":"On som"},"content":{"rendered":"<p style=\"color: #666666;\"><strong>Institut\u00a0Centre d&#8217;Alt Rendiment<\/strong><br \/>\nAlcalde Barnils, 5<br \/>\n08174\u00a0Sant Cugat del Vall\u00e9s<\/p>\n<p><iframe loading=\"lazy\" style=\"border: 0;\" src=\"https:\/\/www.google.com\/maps\/embed?pb=!1m18!1m12!1m3!1d2988.8925574148434!2d2.076103315115372!3d41.484928979255294!2m3!1f0!2f0!3f0!3m2!1i1024!2i768!4f13.1!3m3!1m2!1s0x12a496b9f23618c5%3A0xc54998362b38a6af!2sCentre+D'alt+Rendiment+Esportiu+de+Sant+Cugat!5e0!3m2!1sca!2ses!4v1481099001160\" width=\"600\" height=\"450\" frameborder=\"0\" allowfullscreen=\"allowfullscreen\"><\/iframe><br \/>\n<strong>Com arribar-hi:<br \/>\n<\/strong><\/p>\n<ul>\n<li>FGC parada de <a href=\"https:\/\/www.google.es\/maps\/dir\/Sant+Joan\/Centre+D'alt+Rendiment+Esportiu+de+Sant+Cugat,+Av.+Alcalde+Barnils,+3-5,+08174+Sant+Cugat+del+Vall%C3%A8s,+Barcelona\/@41.4878951,2.073106,16z\/data=!3m1!4b1!4m13!4m12!1m5!1m1!1s0x12a496ba808eca13:0xaded4a51a8db3379!2m2!1d2.0764986!2d41.4901539!1m5!1m1!1s0x12a496b9f23618c5:0xc54998362b38a6af!2m2!1d2.078292!2d41.484929?hl=ca\">Sant Joan<\/a>\u00a0S2 S55<\/li>\n<li><a href=\"https:\/\/www.google.es\/maps\/dir\/Sant+Cugat+del+Vall%C3%A8s\/Centre+D'alt+Rendiment+Esportiu+de+Sant+Cugat,+Av.+Alcalde+Barnils,+3-5,+08174+Sant+Cugat+del+Vall%C3%A8s,+Barcelona\/@41.4810327,2.075499,1198m\/data=!3m1!1e3!4m13!4m12!1m5!1m1!1s0x12a496c716a8614d:0x616868d2c3b5c114!2m2!1d2.079731!2d41.480973!1m5!1m1!1s0x12a496b9f23618c5:0xc54998362b38a6af!2m2!1d2.078292!2d41.484929?hl=ca\">Renfe Sant Cugat del Vall\u00e9s<\/a>\u00a0R8<\/li>\n<\/ul>\n<p><strong>Correus electr\u00f2nics de contacte<\/strong><\/p>\n<p><strong style=\"font-size: medium; font-family: inherit; line-height: 1.6;\">Centre<\/strong><\/p>\n<ul>\n<li><span style=\"font-size: medium;\">Bustia General:\u00a0<a href=\"mailto:institut@ins.car.edu\">institut@ins.car.edu<\/a><\/span><\/li>\n<li><span style=\"font-size: medium;\">Directora: Marta Arnaiz<\/span><\/li>\n<li>Cap d&#8217;Estudis ESO i Batxillerat: Oscar Soler<\/li>\n<li>Cap d&#8217;Estudis Cicles: Carles Ortega<\/li>\n<li>Cap d&#8217;Estudis T\u00e8cnics: Ricardo P\u00e9rez<\/li>\n<li>Coordinador Pedag\u00f2gic:\u00a0Ernest Felip<\/li>\n<li>Secretari: Maria Fernandez<\/li>\n<\/ul>\n<p><span style=\"font-size: medium;\"><strong>ESO Tutors<\/strong><\/span><\/p>\n<ul>\n<li><span style=\"font-size: medium;\">Tutor 1r ESO:\u00a0<\/span><\/li>\n<\/ul>\n<ul>\n<li><span style=\"font-size: medium;\">Tutor 2n ESO A:\u00a0<\/span><\/li>\n<\/ul>\n<ul>\n<li><span style=\"font-size: medium;\">Tutor 3r ESO A:\u00a0<\/span><\/li>\n<li><span style=\"font-size: medium;\">Tutor 3r ESO B:\u00a0<\/span><\/li>\n<\/ul>\n<ul>\n<li><span style=\"font-size: medium;\">Tutor 4t ESO A:\u00a0<\/span><\/li>\n<li><span style=\"font-size: medium;\">Tutor 4t ESO B:\u00a0<\/span><\/li>\n<\/ul>\n<p><span style=\"font-size: medium;\"><strong>ESO\u00a0Coordinadors<\/strong><\/span><\/p>\n<ul>\n<li><span style=\"font-size: medium;\">Coordinaci\u00f3 1r ESO:\u00a0<\/span><\/li>\n<li><span style=\"font-size: medium;\">Coordinaci\u00f3 2n ESO:\u00a0<\/span><\/li>\n<li><span style=\"font-size: medium;\">Coordinaci\u00f3 3r ESO:\u00a0<\/span><\/li>\n<li><span style=\"font-size: medium;\">Coordinaci\u00f3 4t ESO:\u00a0<\/span><\/li>\n<\/ul>\n<p><span style=\"font-size: medium;\"><strong>BATXILLERAT<\/strong><\/span><\/p>\n<ul>\n<li><span style=\"font-size: medium;\">Tutor 1r Batxillerat A:\u00a0<\/span><\/li>\n<li><span style=\"font-size: medium;\">Tutor 1r Batxillerat B:\u00a0<\/span><\/li>\n<\/ul>\n<ul>\n<li><span style=\"font-size: medium;\">Tutor 2n Batxillerat A:\u00a0<\/span><\/li>\n<li><span style=\"font-size: medium;\">Tutor 2n Batxillerat B:\u00a0<\/span><\/li>\n<\/ul>\n<ul>\n<li><span style=\"font-size: medium;\">Coordinaci\u00f3 Batxillerat: Carme Homar<\/span><\/li>\n<\/ul>\n<p><span style=\"font-size: medium;\"><strong>CICLES FORMATIUS<\/strong><\/span><\/p>\n<ul>\n<li><span style=\"font-size: medium;\">Tutor 1r Grau mitj\u00e0 CAFEMN A: Jose Luis Ortega<\/span><\/li>\n<li><span style=\"font-size: medium;\">Tutor 1r Grau mitj\u00e0 CAFEMN B: Cristina Almaraz<\/span><\/li>\n<\/ul>\n<ul>\n<li><span style=\"font-size: medium;\">Tutor 1r Grau superior Ensenyament i Animaci\u00f3 Socioesportiva (LOE):\u00a0<\/span><\/li>\n<li><span style=\"font-size: medium;\">Tutor 1r Grau superior Condicionament F\u00edsic (LOE):\u00a0<\/span><\/li>\n<\/ul>\n<ul>\n<li><span style=\"font-size: medium;\">Tutor 2n Grau superior AFE A (LOGSE):\u00a0<\/span><\/li>\n<li><span style=\"font-size: medium;\">Tutor 2n Grau superior AFE B (LOGSE):<\/span><\/li>\n<\/ul>\n<p><strong>T\u00c8CNICS ESPORTIUS<\/strong><\/p>\n<ul>\n<li>Grup TA1: Tutor: Santiago Checa<\/li>\n<li>Grup TB1: Tutor: Francesc Cugat<\/li>\n<li>Grup TC1: Tutor: Luis Lizaso<\/li>\n<li>Grup BC1E: Tutor: Luis Lizaso<\/li>\n<li>Grup BC1I: Tutor: Luis Lizaso<\/li>\n<li>Grup TC2: Tutor: \u00c1lex Codina<\/li>\n<li>Grup BC2E: Tutor: David Ribera<\/li>\n<li>Grup BC2I: Tutor: David Ribera<\/li>\n<li>Grup TA3: Tutora : Marta Bassa<\/li>\n<\/ul>\n<p><span style=\"font-size: medium;\"><strong>DEPARTAMENTS<\/strong><\/span><\/p>\n<ul>\n<li><span style=\"font-size: medium;\">Cap de departament Orientaci\u00f3:\u00a0<\/span><\/li>\n<li><span style=\"font-size: medium;\">Cap de departament Catal\u00e0:\u00a0<\/span><\/li>\n<li><span style=\"font-size: medium;\">Cap de departament Castella:\u00a0<\/span><\/li>\n<li><span style=\"font-size: medium;\">Cap de departament Lleng\u00fces estrangeres:\u00a0<\/span><\/li>\n<li><span style=\"font-size: medium;\">Cap de departament Matem\u00e0tiques:\u00a0<\/span><\/li>\n<li><span style=\"font-size: medium;\">Cap de departament Ci\u00e8ncies:\u00a0<\/span><\/li>\n<li><span style=\"font-size: medium;\">Cap de departament Socials:\u00a0<\/span><\/li>\n<li><span style=\"font-size: medium;\">Cap de departament Tecnologia:\u00a0<\/span><\/li>\n<li><span style=\"font-size: medium;\">Cap de departament Educaci\u00f3 F\u00edsica:\u00a0J\u00falia Sanchez<\/span><\/li>\n<li><span style=\"font-size: medium;\">Cap de departament Educaci\u00f3 Visual i Pl\u00e0stica:\u00a0<\/span><\/li>\n<li><span style=\"font-size: medium;\">Cap de departament M\u00fasica:\u00a0<\/span><\/li>\n<li><span style=\"font-size: medium;\">Cap de departament Inform\u00e0tica:\u00a0<\/span><\/li>\n<\/ul>\n<p><span style=\"font-size: medium;\"><strong>ALTRES CONTACTES:<\/strong><\/span><\/p>\n<ul>\n<li><span style=\"font-size: medium;\">Coordinaci\u00f3 FP (FCT, Formaci\u00f3 en centres de Treball): <a href=\"mailto:borsa.treball@ies.car.edu\">borsa.treball@ies.car.edu<\/a><\/span><\/li>\n<li><span style=\"font-size: medium;\">Coordinaci\u00f3 Llengua, interculturalitat i cohesi\u00f3 social del centre:\u00a0<\/span><\/li>\n<li><span style=\"font-size: medium;\">Riscos laborals: Oriol Tort<\/span><\/li>\n<li><span style=\"font-size: medium;\">Coordinaci\u00f3 inform\u00e0tica: Josep Celma, Pablo Corb\u00ed<\/span><\/li>\n<li><span style=\"font-size: medium;\">Webmaster,\u00a0Josep Celma, Pablo Corb\u00ed, Ernest Felip<\/span><\/li>\n<\/ul>\n<p>17\/9\/2018<\/p>\n","protected":false},"excerpt":{"rendered":"<p>Institut\u00a0Centre d&#8217;Alt Rendiment<br \/>\nAlcalde Barnils, 5<br \/>\n08174\u00a0Sant Cugat del Vall\u00e9s<\/p>\n<p>Com arribar-hi:<\/p>\n<ul>\n<li>FGC parada de <a href=\"https:\/\/www.google.es\/maps\/dir\/Sant+Joan\/Centre+D'alt+Rendiment+Esportiu+de+Sant+Cugat,+Av.+Alcalde+Barnils,+3-5,+08174+Sant+Cugat+del+Vall%C3%A8s,+Barcelona\/@41.4878951,2.073106,16z\/data=!3m1!4b1!4m13!4m12!1m5!1m1!1s0x12a496ba808eca13:0xaded4a51a8db3379!2m2!1d2.0764986!2d41.4901539!1m5!1m1!1s0x12a496b9f23618c5:0xc54998362b38a6af!2m2!1d2.078292!2d41.484929?hl=ca\">Sant Joan<\/a>\u00a0S2 S55<\/li>\n<li><a href=\"https:\/\/www.google.es\/maps\/dir\/Sant+Cugat+del+Vall%C3%A8s\/Centre+D'alt+Rendiment+Esportiu+de+Sant+Cugat,+Av.+Alcalde+Barnils,+3-5,+08174+Sant+Cugat+del+Vall%C3%A8s,+Barcelona\/@41.4810327,2.075499,1198m\/data=!3m1!1e3!4m13!4m12!1m5!1m1!1s0x12a496c716a8614d:0x616868d2c3b5c114!2m2!1d2.079731!2d41.480973!1m5!1m1!1s0x12a496b9f23618c5:0xc54998362b38a6af!2m2!1d2.078292!2d41.484929?hl=ca\">Renfe Sant Cugat del Vall\u00e9s<\/a>\u00a0R8<\/li>\n<\/ul>\n<p>Correus electr\u00f2nics de contacte<br \/>\nCentre<\/p>\n<ul>\n<li>Bustia General:\u00a0<a href=\"mailto:institut@ins.car.edu\">institut@ins.car.edu<\/a><\/li>\n<li>Directora: Marta Arnaiz<\/li>\n<li>Cap d&#8217;Estudis ESO i Batxillerat: Oscar Soler<\/li>\n<li>Cap d&#8217;Estudis Cicles: Carles Ortega<\/li>\n<li>Cap d&#8217;Estudis T\u00e8cnics: Ricardo P\u00e9rez<\/li>\n<li>Coordinador Pedag\u00f2gic:\u00a0Ernest Felip<\/li>\n<li>Secretari: Maria Fernandez<\/li>\n<\/ul>\n<p>ESO&hellip;  <a href=\"https:\/\/agora.xtec.cat\/inscar\/linstitut\/on-som\/\" title=\"Read On som\">Llegeix m\u00e9s\u00bb<\/a><\/p>\n","protected":false},"author":1,"featured_media":0,"parent":19,"menu_order":10,"comment_status":"closed","ping_status":"closed","template":"page-templates\/side-menu.php","meta":{"_bbp_topic_count":0,"_bbp_reply_count":0,"_bbp_total_topic_count":0,"_bbp_total_reply_count":0,"_bbp_voice_count":0,"_bbp_anonymous_reply_count":0,"_bbp_topic_count_hidden":0,"_bbp_reply_count_hidden":0,"_bbp_forum_subforum_count":0,"footnotes":""},"class_list":["post-21","page","type-page","status-publish","hentry"],"post_mailing_queue_ids":[],"_links":{"self":[{"href":"https:\/\/agora.xtec.cat\/inscar\/wp-json\/wp\/v2\/pages\/21","targetHints":{"allow":["GET"]}}],"collection":[{"href":"https:\/\/agora.xtec.cat\/inscar\/wp-json\/wp\/v2\/pages"}],"about":[{"href":"https:\/\/agora.xtec.cat\/inscar\/wp-json\/wp\/v2\/types\/page"}],"author":[{"embeddable":true,"href":"https:\/\/agora.xtec.cat\/inscar\/wp-json\/wp\/v2\/users\/1"}],"replies":[{"embeddable":true,"href":"https:\/\/agora.xtec.cat\/inscar\/wp-json\/wp\/v2\/comments?post=21"}],"version-history":[{"count":3,"href":"https:\/\/agora.xtec.cat\/inscar\/wp-json\/wp\/v2\/pages\/21\/revisions"}],"predecessor-version":[{"id":1282,"href":"https:\/\/agora.xtec.cat\/inscar\/wp-json\/wp\/v2\/pages\/21\/revisions\/1282"}],"up":[{"embeddable":true,"href":"https:\/\/agora.xtec.cat\/inscar\/wp-json\/wp\/v2\/pages\/19"}],"wp:attachment":[{"href":"https:\/\/agora.xtec.cat\/inscar\/wp-json\/wp\/v2\/media?parent=21"}],"curies":[{"name":"wp","href":"https:\/\/api.w.org\/{rel}","templated":true}]}}