{"id":2027,"date":"2019-03-08T17:15:26","date_gmt":"2019-03-08T16:15:26","guid":{"rendered":"http:\/\/agora.xtec.cat\/inscar\/?page_id=2027"},"modified":"2019-03-08T17:21:54","modified_gmt":"2019-03-08T16:21:54","slug":"1r-de-batxillerat-a-cientific-tecnologic","status":"publish","type":"page","link":"https:\/\/agora.xtec.cat\/inscar\/1r-de-batxillerat-a-cientific-tecnologic\/","title":{"rendered":"1r de Batxillerat A (Cient\u00edfic tecnol\u00f2gic)"},"content":{"rendered":"<p>En el seg\u00fcent enlla\u00e7 podeu consultar els criteris d&#8217;avaluaci\u00f3 per al curs 2018-19:<\/p>\n<p><a href=\"https:\/\/agora.xtec.cat\/inscar\/wp-content\/uploads\/usu1537\/2019\/03\/Criteris-davaluaci\u00f3-1r-BAT-A.pdf\">Criteris d&#8217;avaluaci\u00f3 &#8211; 1r BAT A<\/a><\/p>\n","protected":false},"excerpt":{"rendered":"<p>En el seg\u00fcent enlla\u00e7 podeu consultar els criteris d&#8217;avaluaci\u00f3 per al curs 2018-19:<br \/>\n<a href=\"https:\/\/agora.xtec.cat\/inscar\/wp-content\/uploads\/usu1537\/2019\/03\/Criteris-davaluaci\u00f3-1r-BAT-A.pdf\">Criteris d&#8217;avaluaci\u00f3 &#8211; 1r BAT A<\/a><\/p>\n","protected":false},"author":3,"featured_media":0,"parent":0,"menu_order":0,"comment_status":"closed","ping_status":"closed","template":"","meta":{"_bbp_topic_count":0,"_bbp_reply_count":0,"_bbp_total_topic_count":0,"_bbp_total_reply_count":0,"_bbp_voice_count":0,"_bbp_anonymous_reply_count":0,"_bbp_topic_count_hidden":0,"_bbp_reply_count_hidden":0,"_bbp_forum_subforum_count":0,"footnotes":""},"class_list":["post-2027","page","type-page","status-publish","hentry"],"post_mailing_queue_ids":[],"_links":{"self":[{"href":"https:\/\/agora.xtec.cat\/inscar\/wp-json\/wp\/v2\/pages\/2027","targetHints":{"allow":["GET"]}}],"collection":[{"href":"https:\/\/agora.xtec.cat\/inscar\/wp-json\/wp\/v2\/pages"}],"about":[{"href":"https:\/\/agora.xtec.cat\/inscar\/wp-json\/wp\/v2\/types\/page"}],"author":[{"embeddable":true,"href":"https:\/\/agora.xtec.cat\/inscar\/wp-json\/wp\/v2\/users\/3"}],"replies":[{"embeddable":true,"href":"https:\/\/agora.xtec.cat\/inscar\/wp-json\/wp\/v2\/comments?post=2027"}],"version-history":[{"count":3,"href":"https:\/\/agora.xtec.cat\/inscar\/wp-json\/wp\/v2\/pages\/2027\/revisions"}],"predecessor-version":[{"id":2031,"href":"https:\/\/agora.xtec.cat\/inscar\/wp-json\/wp\/v2\/pages\/2027\/revisions\/2031"}],"wp:attachment":[{"href":"https:\/\/agora.xtec.cat\/inscar\/wp-json\/wp\/v2\/media?parent=2027"}],"curies":[{"name":"wp","href":"https:\/\/api.w.org\/{rel}","templated":true}]}}