{"id":1980,"date":"2019-02-27T11:46:09","date_gmt":"2019-02-27T10:46:09","guid":{"rendered":"http:\/\/agora.xtec.cat\/inscar\/?page_id=1980"},"modified":"2019-02-27T11:46:09","modified_gmt":"2019-02-27T10:46:09","slug":"quadre-resum-de-justificacio-de-faltes","status":"publish","type":"page","link":"https:\/\/agora.xtec.cat\/inscar\/quadre-resum-de-justificacio-de-faltes\/","title":{"rendered":"Quadre resum de justificaci\u00f3 de faltes"},"content":{"rendered":"<table width=\"100%\">\n<tbody>\n<tr>\n<td width=\"46%\"><strong>Quines abs\u00e8ncies s\u00f3n justificables:<\/strong><\/td>\n<td width=\"53%\"><strong>Qui les pot justificar:<\/strong><\/td>\n<\/tr>\n<tr>\n<td width=\"46%\"><em>Malaltia o tractament (al CAR)<\/em><\/td>\n<td width=\"53%\"><em>Serveis m\u00e8dics del CAR: justificaci\u00f3 directa via<\/em><\/p>\n<p><em>telem\u00e0tica per part de la Unitat de Ci\u00e8ncies de la Salut<\/em><\/td>\n<\/tr>\n<tr>\n<td width=\"46%\"><em>Malaltia o tractament (fora del CAR)<\/em><\/td>\n<td width=\"53%\"><em>Certificaci\u00f3 m\u00e8dica expedida pel centre que ha prestat el servei<\/em><\/td>\n<\/tr>\n<tr>\n<td width=\"46%\"><em>Participaci\u00f3 en competicions, concentracions i altres activitats esportives<\/em><\/td>\n<td width=\"53%\"><em>Entrenador<\/em><\/td>\n<\/tr>\n<tr>\n<td width=\"46%\"><em>Motius familiars (amb coneixement previ de l\u2019entrenador)<\/em><\/td>\n<td width=\"53%\"><em>Fam\u00edlia (documentalment o per tel\u00e8fon), o l\u2019alumne afectat si \u00e9s major d\u2019edat<\/em><\/td>\n<\/tr>\n<tr>\n<td width=\"46%\"><em>For\u00e7a major (malaltia, indisposici\u00f3 o d\u2019altres imprevistos originats quan l\u2019alumne \u00e9s a casa seva)<\/em><\/td>\n<td width=\"53%\"><em>Fam\u00edlia (documentalment o per tel\u00e8fon), o l\u2019alumne afectat si \u00e9s major d\u2019edat, sempre que aporti justificant m\u00e8dic<\/em><\/td>\n<\/tr>\n<tr>\n<td width=\"46%\"><em>Malaltia o indisposici\u00f3 d\u2019un alumne\u00a0 intern<\/em><\/td>\n<td width=\"53%\"><em>Tutor de resid\u00e8ncia (la fam\u00edlia no ho podr\u00e0 justificar)<\/em><\/td>\n<\/tr>\n<tr>\n<td width=\"46%\"><em>Entrenaments, competicions, concentracions d\u2019alumnes amb entrenadors externs al CAR<\/em><\/td>\n<td width=\"53%\"><em>Fam\u00edlies<\/em><\/td>\n<\/tr>\n<\/tbody>\n<\/table>\n<p>&nbsp;<\/p>\n<p>Qualsevol categoria d\u2019abs\u00e8ncia no inclosa en aquest quadre es considera FALTA NO JUSTIFICADA. Igualment, s\u00f3n considerades NO JUSTIFICADES les abs\u00e8ncies justificades amb models\/sistemes no inclosos al quadre.<\/p>\n<p>&nbsp;<\/p>\n","protected":false},"excerpt":{"rendered":"<p>Quines abs\u00e8ncies s\u00f3n justificables:<br \/>\nQui les pot justificar:<\/p>\n<p>Malaltia o tractament (al CAR)<br \/>\nServeis m\u00e8dics del CAR: justificaci\u00f3 directa via<br \/>\ntelem\u00e0tica per part de la Unitat de Ci\u00e8ncies de la Salut<\/p>\n<p>Malaltia o tractament (fora del CAR)<br \/>\nCertificaci\u00f3 m\u00e8dica expedida pel centre que ha prestat el servei<\/p>\n<p>Participaci\u00f3 en competicions, concentracions i&hellip;  <a href=\"https:\/\/agora.xtec.cat\/inscar\/quadre-resum-de-justificacio-de-faltes\/\" title=\"Read Quadre resum de justificaci\u00f3 de faltes\">Llegeix m\u00e9s\u00bb<\/a><\/p>\n","protected":false},"author":3,"featured_media":0,"parent":0,"menu_order":0,"comment_status":"closed","ping_status":"closed","template":"","meta":{"_bbp_topic_count":0,"_bbp_reply_count":0,"_bbp_total_topic_count":0,"_bbp_total_reply_count":0,"_bbp_voice_count":0,"_bbp_anonymous_reply_count":0,"_bbp_topic_count_hidden":0,"_bbp_reply_count_hidden":0,"_bbp_forum_subforum_count":0,"footnotes":""},"class_list":["post-1980","page","type-page","status-publish","hentry"],"post_mailing_queue_ids":[],"_links":{"self":[{"href":"https:\/\/agora.xtec.cat\/inscar\/wp-json\/wp\/v2\/pages\/1980","targetHints":{"allow":["GET"]}}],"collection":[{"href":"https:\/\/agora.xtec.cat\/inscar\/wp-json\/wp\/v2\/pages"}],"about":[{"href":"https:\/\/agora.xtec.cat\/inscar\/wp-json\/wp\/v2\/types\/page"}],"author":[{"embeddable":true,"href":"https:\/\/agora.xtec.cat\/inscar\/wp-json\/wp\/v2\/users\/3"}],"replies":[{"embeddable":true,"href":"https:\/\/agora.xtec.cat\/inscar\/wp-json\/wp\/v2\/comments?post=1980"}],"version-history":[{"count":3,"href":"https:\/\/agora.xtec.cat\/inscar\/wp-json\/wp\/v2\/pages\/1980\/revisions"}],"predecessor-version":[{"id":1992,"href":"https:\/\/agora.xtec.cat\/inscar\/wp-json\/wp\/v2\/pages\/1980\/revisions\/1992"}],"wp:attachment":[{"href":"https:\/\/agora.xtec.cat\/inscar\/wp-json\/wp\/v2\/media?parent=1980"}],"curies":[{"name":"wp","href":"https:\/\/api.w.org\/{rel}","templated":true}]}}