{"id":1978,"date":"2019-02-27T11:52:12","date_gmt":"2019-02-27T10:52:12","guid":{"rendered":"http:\/\/agora.xtec.cat\/inscar\/?page_id=1978"},"modified":"2019-02-27T12:05:14","modified_gmt":"2019-02-27T11:05:14","slug":"resum-de-la-normativa-de-funcionament","status":"publish","type":"page","link":"https:\/\/agora.xtec.cat\/inscar\/eso-i-batxillerat\/resum-de-la-normativa-de-funcionament\/","title":{"rendered":"Resum de la normativa de funcionament"},"content":{"rendered":"<p>&nbsp;<\/p>\n<ol>\n<li>No \u00e9s perm\u00e8s l\u2019\u00fas de m\u00f2bils (o de qualsevol altre aparell electr\u00f2nic no autoritzat expl\u00edcitament pel professorat de l\u2019assignatura) durant les classes. Aquests aparells han de quedar desats (i inactivats) a bosses i\/o a jaquetes, etc. L\u2019incompliment d\u2019aquesta norma pot ser objecte d\u2019advertiments i\/o de sancions, i els aparells poden ser requisats (la direcci\u00f3 determinar\u00e0 quan els seran tornats).<\/li>\n<li>L\u2019\u00fas d\u2019aparells d\u2019aquest tipus durant els ex\u00e0mens pot suposar la retirada immediata tant de l\u2019aparell com de l\u2019examen, que ser\u00e0 avaluat amb 0 punts, a banda d\u2019altres efectes perjudicials que puguin derivar-se d\u2019aquesta conducta.<\/li>\n<li>No es permet la c\u00e0rrega de m\u00f2bils, de tauletes o d\u2019aparells de cap mena durant les estones de classe.<\/li>\n<li>Els retards de m\u00e9s de 10 minuts es consideren abs\u00e8ncies (que caldr\u00e0 justificar) i no nom\u00e9s retards. Les sortides de classe abans d\u2019hora equivalen igualment a retards; sortir de classe m\u00e9s de deu minuts abans d\u2019acabar equival, tamb\u00e9, a una abs\u00e8ncia.<\/li>\n<li>L\u2019acumulaci\u00f3 de tres retards no justificats equival a una abs\u00e8ncia. L\u2019acumulaci\u00f3 de cinc retards no justificats en una mateixa assignatura ser\u00e0 sancionat amb una amonestaci\u00f3 escrita. En cas de retard sistem\u00e0tic, l\u2019alumne s\u2019exposa que el professor de la mat\u00e8ria afectada el privi del dret d\u2019assistir a classe (havent-ne assabentat tant el tutor com el coordinador de batxillerat i el cap d\u2019estudis), durant un per\u00edode de temps determinat i segons la gravetat del cas.<\/li>\n<li>Nom\u00e9s seran permeses excepcions a la normativa de retards els casos en qu\u00e8 aquests vinguin justificats per situacions particulars de caire familiar, de salut o esportiu que hagin estat exposades formalment pels afectats i hagin rebut el vistiplau de la direcci\u00f3 del centre.<\/li>\n<li>Acumular 10 faltes no justificades \u00e9s objecte d\u2019amonestaci\u00f3. Acumular-ne 30 (tres amonestacions) suposa l\u2019obligaci\u00f3 de compar\u00e8ixer davant la comissi\u00f3 de conviv\u00e8ncia del Consell Escolar, que determinar\u00e0 la sanci\u00f3 o sancions corresponents.<\/li>\n<li>L\u2019alumnat de batxillerat que tingui faltes no justificades en alguna mat\u00e8ria tindr\u00e0 una penalitzaci\u00f3 a la nota trimestral d\u2019aquesta mat\u00e8ria de 0,1 punts per cada falta no justificada.<\/li>\n<li>Els alumnes que acumulin m\u00e9s d\u2019un 10% de faltes injustificades en una mateixa assignatura s\u2019exposen a perdre el dret a l\u2019avaluaci\u00f3 cont\u00ednua, a haver d\u2019examinar-se nom\u00e9s a final de curs i a obtenir la qualificaci\u00f3 m\u00e0xima de 5 punts.<\/li>\n<li>L\u2019alumne que prevegi que faltar\u00e0 per motius justificables a un examen (parcial o trimestral, de qualsevol mat\u00e8ria) ho ha de fer saber al professor amb la m\u00e0xima antelaci\u00f3 possible (almenys, cinc dies lectius)\u00a0; altrament, s\u2019exposa a no poder-se examinar. En qualsevol cas (i sigui quina sigui la causa que provoca la no presentaci\u00f3 a l\u2019examen), l\u2019alumne no presentat nom\u00e9s podr\u00e0 optar a fer l\u2019examen en una data alternativa si el professor de la mat\u00e8ria afectada (que determinar\u00e0 l\u2019horari definitiu -i inamovible- del nou examen) ha pogut certificar la justificaci\u00f3 de l\u2019abs\u00e8ncia.<\/li>\n<li>Nom\u00e9s seran permeses excepcions a la normativa de faltes d\u2019assist\u00e8ncia els casos en qu\u00e8 aquestes vinguin justificades per situacions particulars de caire familiar, de salut o esportives (exemple: horaris d\u2019entrenaments d\u2019esports determinats) que hagin estat exposades formalment pels afectats (o per entrenadors o representants de clubs o de federacions) i hagin rebut el vistiplau de la direcci\u00f3 del centre.<\/li>\n<li>L\u2019alumnat ha de justificar totes les abs\u00e8ncies al tutor en un termini m\u00e0xim d\u2019un mes des que s\u2019hagi produ\u00eft l\u2019abs\u00e8ncia. Passat un mes de la falta no s\u2019acceptaran justificants<\/li>\n<li>Quan falta un professor, <strong>els alumnes de batxillerat <\/strong>poden marxar de l\u2019aula durant la classe corresponent, per\u00f2 no abans que els ho hagi indicat o perm\u00e8s el professor de gu\u00e0rdia.<\/li>\n<li>Un alumne expulsat de classe s\u2019ha de presentar immediatament al professor de gu\u00e0rdia. L\u2019expulsi\u00f3 suposar\u00e0, com a m\u00ednim, un advertiment per conductes contr\u00e0ries a les normes de conviv\u00e8ncia.<\/li>\n<li>Tret de casos excepcionals (pr\u00e8via petici\u00f3, justificada, de fam\u00edlies o d\u2019entrenadors i de l\u2019autoritzaci\u00f3 expressa del director i\/o del cap d\u2019estudis), no \u00e9s perm\u00e8s menjar o beure durant les classes.<\/li>\n<li>El dret de vaga \u00e9s perm\u00e8s <strong>per a alumnes de batxillerat<\/strong>, sempre que els alumnes que volen acollir-s\u2019hi ho facin seguint la normativa explicitada al Reglament de R\u00e8gim Interior<a href=\"#_ftn1\" name=\"_ftnref1\">*<\/a>.<\/li>\n<\/ol>\n<p><em>*<\/em> <em>La decisi\u00f3 de fer vaga ha de ser resultat d\u2019una convocat\u00f2ria sindical o d\u2019altres organitzacions reconegudes. S\u2019ha d\u2019haver pres en l\u2019exercici del dret de reuni\u00f3 dels alumnes. Ha de ser comunicada a la direcci\u00f3 del centre amb, almenys, 48 hores d\u2019antelaci\u00f3. Ha de comptar amb l\u2019autoritzaci\u00f3 expl\u00edcita de les fam\u00edlies o responsables legals.<\/em><\/p>\n<p>&nbsp;<\/p>\n<p><a href=\"#_ftnref1\" name=\"_ftn1\"><\/a><\/p>\n","protected":false},"excerpt":{"rendered":"<p>&nbsp;<\/p>\n<ol>\n<li>No \u00e9s perm\u00e8s l\u2019\u00fas de m\u00f2bils (o de qualsevol altre aparell electr\u00f2nic no autoritzat expl\u00edcitament pel professorat de l\u2019assignatura) durant les classes. Aquests aparells han de quedar desats (i inactivats) a bosses i\/o a jaquetes, etc. L\u2019incompliment d\u2019aquesta norma pot ser objecte d\u2019advertiments i\/o de&hellip;  <a href=\"https:\/\/agora.xtec.cat\/inscar\/eso-i-batxillerat\/resum-de-la-normativa-de-funcionament\/\" title=\"Read Resum de la normativa de funcionament\">Llegeix m\u00e9s\u00bb<\/a><br \/>\n","protected":false},"author":3,"featured_media":0,"parent":1334,"menu_order":0,"comment_status":"closed","ping_status":"closed","template":"","meta":{"_bbp_topic_count":0,"_bbp_reply_count":0,"_bbp_total_topic_count":0,"_bbp_total_reply_count":0,"_bbp_voice_count":0,"_bbp_anonymous_reply_count":0,"_bbp_topic_count_hidden":0,"_bbp_reply_count_hidden":0,"_bbp_forum_subforum_count":0,"footnotes":""},"class_list":["post-1978","page","type-page","status-publish","hentry"],"post_mailing_queue_ids":[],"_links":{"self":[{"href":"https:\/\/agora.xtec.cat\/inscar\/wp-json\/wp\/v2\/pages\/1978","targetHints":{"allow":["GET"]}}],"collection":[{"href":"https:\/\/agora.xtec.cat\/inscar\/wp-json\/wp\/v2\/pages"}],"about":[{"href":"https:\/\/agora.xtec.cat\/inscar\/wp-json\/wp\/v2\/types\/page"}],"author":[{"embeddable":true,"href":"https:\/\/agora.xtec.cat\/inscar\/wp-json\/wp\/v2\/users\/3"}],"replies":[{"embeddable":true,"href":"https:\/\/agora.xtec.cat\/inscar\/wp-json\/wp\/v2\/comments?post=1978"}],"version-history":[{"count":3,"href":"https:\/\/agora.xtec.cat\/inscar\/wp-json\/wp\/v2\/pages\/1978\/revisions"}],"predecessor-version":[{"id":1989,"href":"https:\/\/agora.xtec.cat\/inscar\/wp-json\/wp\/v2\/pages\/1978\/revisions\/1989"}],"up":[{"embeddable":true,"href":"https:\/\/agora.xtec.cat\/inscar\/wp-json\/wp\/v2\/pages\/1334"}],"wp:attachment":[{"href":"https:\/\/agora.xtec.cat\/inscar\/wp-json\/wp\/v2\/media?parent=1978"}],"curies":[{"name":"wp","href":"https:\/\/api.w.org\/{rel}","templated":true}]}}