{"id":1974,"date":"2019-02-27T11:14:30","date_gmt":"2019-02-27T10:14:30","guid":{"rendered":"http:\/\/agora.xtec.cat\/inscar\/?page_id=1974"},"modified":"2019-02-27T11:14:30","modified_gmt":"2019-02-27T10:14:30","slug":"tipus-de-beques","status":"publish","type":"page","link":"https:\/\/agora.xtec.cat\/inscar\/eso-i-batxillerat\/tipus-de-beques\/","title":{"rendered":"Tipus de beques"},"content":{"rendered":"<p>Els alumnes que cursen els estudis d\u2019ESO i batxillerat a l\u2019INS Centre d\u2019Alt Rendiment Esportiu s\u00f3n alumnes amb una dedicaci\u00f3 significativa\u00a0 a l\u2019esport. B\u00e0sicament, l\u2019alumnat es forneix de les beques concedides pel Consell Catal\u00e0 de l\u2019Esport i el Consejo Superior de Deportes a proposta de les federacions esportives. Hi ha \u00a0diverses modalitats de beques:<\/p>\n<ul>\n<li><strong>Interns:<\/strong> Amb beques de resid\u00e8ncia. La federaci\u00f3 cobreix el total de les seves despeses. Acostumen a tenir el seu domicili a una certa dist\u00e0ncia. Han de ser com a norma general alumnes majors de 14 anys.<\/li>\n<li><strong>Mixtos:<\/strong> Amb beques mixtes: pernocten fora del CAR i viuen en l\u2019entorn m\u00e9s immediat. La federaci\u00f3 cobreix la part corresponent de les beques.<\/li>\n<li><strong>Entrenament<\/strong>: inclou entrenaments i estudis, a m\u00e9s de visita m\u00e8dica i tractament de lesi\u00f3 (sempre que s&#8217;ho hagi fet entrenant al CAR), T\u00e9 un petit cost per a les federacions. Aquesta beca nom\u00e9s \u00e9s per esportistes de Federacions Catalanes.<\/li>\n<li><strong>Seguiment:<\/strong> inclou entrenaments i estudis. No t\u00e9 cost per a les federacions, que poden ser tant catalanes com<\/li>\n<li><strong>Estudis<\/strong>: inclou exclusivament estudis. No t\u00e9 cost per a les federacions, que poden ser tant catalanes com<\/li>\n<li><strong style=\"font-family: inherit; font-size: 1em;\">Privats<\/strong><span style=\"font-family: inherit; font-size: 1em;\">: sense vincle federatiu, per\u00f2 vinculats a institucions dedicades a l\u2019esport. Han de ser validats pel CCE a proposta del CAR.<\/span><\/li>\n<\/ul>\n","protected":false},"excerpt":{"rendered":"<p>Els alumnes que cursen els estudis d\u2019ESO i batxillerat a l\u2019INS Centre d\u2019Alt Rendiment Esportiu s\u00f3n alumnes amb una dedicaci\u00f3 significativa\u00a0 a l\u2019esport. B\u00e0sicament, l\u2019alumnat es forneix de les beques concedides pel Consell Catal\u00e0 de l\u2019Esport i el Consejo Superior de Deportes a proposta de&hellip;  <a href=\"https:\/\/agora.xtec.cat\/inscar\/eso-i-batxillerat\/tipus-de-beques\/\" title=\"Read Tipus de beques\">Llegeix m\u00e9s\u00bb<\/a><\/p>\n","protected":false},"author":3,"featured_media":0,"parent":1334,"menu_order":0,"comment_status":"closed","ping_status":"closed","template":"","meta":{"_bbp_topic_count":0,"_bbp_reply_count":0,"_bbp_total_topic_count":0,"_bbp_total_reply_count":0,"_bbp_voice_count":0,"_bbp_anonymous_reply_count":0,"_bbp_topic_count_hidden":0,"_bbp_reply_count_hidden":0,"_bbp_forum_subforum_count":0,"footnotes":""},"class_list":["post-1974","page","type-page","status-publish","hentry"],"post_mailing_queue_ids":[],"_links":{"self":[{"href":"https:\/\/agora.xtec.cat\/inscar\/wp-json\/wp\/v2\/pages\/1974","targetHints":{"allow":["GET"]}}],"collection":[{"href":"https:\/\/agora.xtec.cat\/inscar\/wp-json\/wp\/v2\/pages"}],"about":[{"href":"https:\/\/agora.xtec.cat\/inscar\/wp-json\/wp\/v2\/types\/page"}],"author":[{"embeddable":true,"href":"https:\/\/agora.xtec.cat\/inscar\/wp-json\/wp\/v2\/users\/3"}],"replies":[{"embeddable":true,"href":"https:\/\/agora.xtec.cat\/inscar\/wp-json\/wp\/v2\/comments?post=1974"}],"version-history":[{"count":2,"href":"https:\/\/agora.xtec.cat\/inscar\/wp-json\/wp\/v2\/pages\/1974\/revisions"}],"predecessor-version":[{"id":1982,"href":"https:\/\/agora.xtec.cat\/inscar\/wp-json\/wp\/v2\/pages\/1974\/revisions\/1982"}],"up":[{"embeddable":true,"href":"https:\/\/agora.xtec.cat\/inscar\/wp-json\/wp\/v2\/pages\/1334"}],"wp:attachment":[{"href":"https:\/\/agora.xtec.cat\/inscar\/wp-json\/wp\/v2\/media?parent=1974"}],"curies":[{"name":"wp","href":"https:\/\/api.w.org\/{rel}","templated":true}]}}