{"id":1668,"date":"2018-11-26T00:09:23","date_gmt":"2018-11-25T23:09:23","guid":{"rendered":"http:\/\/agora.xtec.cat\/inscar\/?page_id=1668"},"modified":"2021-01-06T20:49:53","modified_gmt":"2021-01-06T19:49:53","slug":"projecte-g-e-p-generacio-plurilingue","status":"publish","type":"page","link":"https:\/\/agora.xtec.cat\/inscar\/activitats\/projecte-g-e-p-generacio-plurilingue\/","title":{"rendered":"PROJECTE G.E.P. (Generaci\u00f3 Pluriling\u00fce)"},"content":{"rendered":"<p>&nbsp;<\/p>\n<p>Des del curs 2018-19,\u00a0 l\u2019Institut d\u2019Alt Rendiment Esportiu amb la voluntat d\u2019innovar i millorar en lleng\u00fces estrangeres va entrar a formar part del GEP (Generaci\u00f3 Pluriling\u00fce).<\/p>\n<p>Es tracta d\u2019una iniciativa del Departament d\u2019Ensenyament que t\u00e9 com a objectiu introduir les lleng\u00fces estrangeres en mat\u00e8ries no ling\u00fc\u00edstiques dels centres educatius seguint la metodologia AICLE.<\/p>\n<p>Per tal d\u2019implementar la metodologia AICLE (Aprenentatge Integrat de Continguts i Lleng\u00fces Estrangeres) professores del centre han fet i fan cursos al Departament d\u2019Ensenyament on se\u2019ls donen les eines per poder-ho fer efectiu. Aix\u00f2 significa fer en alguns cursos alguna assignatura o algunes sessions en angl\u00e8s i de cara al curs vinent anirem incrementant el temps i les assignatures.<\/p>\n<p>Al nostre centre, les mat\u00e8ries que fins ara participen al projecte s\u00f3n m\u00fasica, socials, visual i pl\u00e0stica, matem\u00e0tiques, tecnologia, biologia i f\u00edsica i qu\u00edmica.<\/p>\n<p>Amb aquesta iniciativa, hem aconseguit augmentar el nombre d\u2019hores en les quals el nostre alumnat est\u00e0 exposat a la llengua anglesa, fet que afavoreix l&#8217;adquisici\u00f3 de la compet\u00e8ncia ling\u00fc\u00edstica en aquesta llengua.<\/p>\n<p>Trobareu m\u00e9s informaci\u00f3 en els enlla\u00e7os que apareixen a continuaci\u00f3:<\/p>\n<ul>\n<li><strong>Padlet curs 2019-20.<\/strong> \u00a0Feu click <a href=\"https:\/\/padlet.com\/carmechaler\/9mv6ddtp7z3gqjsu\" target=\"_blank\" rel=\"noopener noreferrer\">aqu\u00ed<\/a>.\u00a0<a href=\"https:\/\/agora.xtec.cat\/inscar\/wp-content\/uploads\/usu1537\/2021\/01\/Captura-de-pantalla-2021-01-06-a-las-20.34.36.png\"><img loading=\"lazy\" decoding=\"async\" class=\"wp-image-3582 aligncenter\" src=\"https:\/\/agora.xtec.cat\/inscar\/wp-content\/uploads\/usu1537\/2021\/01\/Captura-de-pantalla-2021-01-06-a-las-20.34.36-1024x741.png\" alt=\"\" width=\"618\" height=\"447\" srcset=\"https:\/\/agora.xtec.cat\/inscar\/wp-content\/uploads\/usu1537\/2021\/01\/Captura-de-pantalla-2021-01-06-a-las-20.34.36-1024x741.png 1024w, https:\/\/agora.xtec.cat\/inscar\/wp-content\/uploads\/usu1537\/2021\/01\/Captura-de-pantalla-2021-01-06-a-las-20.34.36-300x217.png 300w, https:\/\/agora.xtec.cat\/inscar\/wp-content\/uploads\/usu1537\/2021\/01\/Captura-de-pantalla-2021-01-06-a-las-20.34.36-768x556.png 768w, https:\/\/agora.xtec.cat\/inscar\/wp-content\/uploads\/usu1537\/2021\/01\/Captura-de-pantalla-2021-01-06-a-las-20.34.36.png 1340w\" sizes=\"auto, (max-width: 618px) 100vw, 618px\" \/><\/a><\/li>\n<\/ul>\n<p>&nbsp;<\/p>\n<ul>\n<li><span style=\"color: #000000;\"><strong>Padlet \u00a0<\/strong> 2018-2019. \u00a0Feu clic <a href=\"https:\/\/padlet.com\/ccascale\/eeafrfmirn8t\" target=\"_blank\" rel=\"noopener noreferrer\">aqu\u00ed<\/a>.<\/span><\/li>\n<\/ul>\n<h5><a href=\"https:\/\/padlet.com\/ccascale\/eeafrfmirn8t\" target=\"_blank\" rel=\"noopener noreferrer\"><img loading=\"lazy\" decoding=\"async\" class=\"wp-image-2288 aligncenter\" src=\"https:\/\/agora.xtec.cat\/inscar\/wp-content\/uploads\/usu1537\/2019\/06\/Gep-4-de-juny.png\" alt=\"\" width=\"626\" height=\"495\" srcset=\"https:\/\/agora.xtec.cat\/inscar\/wp-content\/uploads\/usu1537\/2019\/06\/Gep-4-de-juny.png 767w, https:\/\/agora.xtec.cat\/inscar\/wp-content\/uploads\/usu1537\/2019\/06\/Gep-4-de-juny-300x237.png 300w\" sizes=\"auto, (max-width: 626px) 100vw, 626px\" \/><\/a><\/h5>\n<p>&nbsp;<\/p>\n<p>&nbsp;<\/p>\n<ul>\n<li>A m\u00e9s, si cliqueu en el seg\u00fcent enlla\u00e7, trobareu una altra mostra molt interessant d&#8217;activitat: \u00a0<a href=\"https:\/\/agora.xtec.cat\/inscar\/general\/4-eso-project-natural-disasters\/\" target=\"_blank\" rel=\"noopener noreferrer\">https:\/\/agora.xtec.cat\/inscar\/general\/4-eso-project-natural-disasters\/<\/a><\/li>\n<\/ul>\n<p>&nbsp;<\/p>\n<p><a href=\"https:\/\/agora.xtec.cat\/inscar\/wp-content\/uploads\/usu1537\/2019\/06\/gep-School.png\"><img loading=\"lazy\" decoding=\"async\" class=\" wp-image-2295 aligncenter\" src=\"https:\/\/agora.xtec.cat\/inscar\/wp-content\/uploads\/usu1537\/2019\/06\/gep-School.png\" alt=\"\" width=\"654\" height=\"396\" srcset=\"https:\/\/agora.xtec.cat\/inscar\/wp-content\/uploads\/usu1537\/2019\/06\/gep-School.png 1012w, https:\/\/agora.xtec.cat\/inscar\/wp-content\/uploads\/usu1537\/2019\/06\/gep-School-300x182.png 300w, https:\/\/agora.xtec.cat\/inscar\/wp-content\/uploads\/usu1537\/2019\/06\/gep-School-768x465.png 768w\" sizes=\"auto, (max-width: 654px) 100vw, 654px\" \/><\/a><\/p>\n","protected":false},"excerpt":{"rendered":"<p>&nbsp;<br \/>\nDes del curs 2018-19,\u00a0 l\u2019Institut d\u2019Alt Rendiment Esportiu amb la voluntat d\u2019innovar i millorar en lleng\u00fces estrangeres va entrar a formar part del GEP (Generaci\u00f3 Pluriling\u00fce).<br \/>\nEs tracta d\u2019una iniciativa del Departament d\u2019Ensenyament que t\u00e9 com a objectiu introduir les lleng\u00fces estrangeres en mat\u00e8ries no ling\u00fc\u00edstiques&hellip;  <a href=\"https:\/\/agora.xtec.cat\/inscar\/activitats\/projecte-g-e-p-generacio-plurilingue\/\" title=\"Read PROJECTE G.E.P. (Generaci\u00f3 Pluriling\u00fce)\">Llegeix m\u00e9s\u00bb<\/a><\/p>\n","protected":false},"author":3,"featured_media":0,"parent":1338,"menu_order":0,"comment_status":"closed","ping_status":"closed","template":"","meta":{"_bbp_topic_count":0,"_bbp_reply_count":0,"_bbp_total_topic_count":0,"_bbp_total_reply_count":0,"_bbp_voice_count":0,"_bbp_anonymous_reply_count":0,"_bbp_topic_count_hidden":0,"_bbp_reply_count_hidden":0,"_bbp_forum_subforum_count":0,"footnotes":""},"class_list":["post-1668","page","type-page","status-publish","hentry"],"post_mailing_queue_ids":[],"_links":{"self":[{"href":"https:\/\/agora.xtec.cat\/inscar\/wp-json\/wp\/v2\/pages\/1668","targetHints":{"allow":["GET"]}}],"collection":[{"href":"https:\/\/agora.xtec.cat\/inscar\/wp-json\/wp\/v2\/pages"}],"about":[{"href":"https:\/\/agora.xtec.cat\/inscar\/wp-json\/wp\/v2\/types\/page"}],"author":[{"embeddable":true,"href":"https:\/\/agora.xtec.cat\/inscar\/wp-json\/wp\/v2\/users\/3"}],"replies":[{"embeddable":true,"href":"https:\/\/agora.xtec.cat\/inscar\/wp-json\/wp\/v2\/comments?post=1668"}],"version-history":[{"count":4,"href":"https:\/\/agora.xtec.cat\/inscar\/wp-json\/wp\/v2\/pages\/1668\/revisions"}],"predecessor-version":[{"id":3590,"href":"https:\/\/agora.xtec.cat\/inscar\/wp-json\/wp\/v2\/pages\/1668\/revisions\/3590"}],"up":[{"embeddable":true,"href":"https:\/\/agora.xtec.cat\/inscar\/wp-json\/wp\/v2\/pages\/1338"}],"wp:attachment":[{"href":"https:\/\/agora.xtec.cat\/inscar\/wp-json\/wp\/v2\/media?parent=1668"}],"curies":[{"name":"wp","href":"https:\/\/api.w.org\/{rel}","templated":true}]}}