{"id":1621,"date":"2018-11-25T19:02:52","date_gmt":"2018-11-25T18:02:52","guid":{"rendered":"http:\/\/agora.xtec.cat\/inscar\/?page_id=1621"},"modified":"2025-07-10T13:58:28","modified_gmt":"2025-07-10T11:58:28","slug":"secretaria-cfgs","status":"publish","type":"page","link":"https:\/\/agora.xtec.cat\/inscar\/secretaria\/secretaria-cfgs\/","title":{"rendered":"Secretaria. CFGM"},"content":{"rendered":"<h4><\/h4>\n<h2 style=\"text-align: center;\">Cicle Formatiu de Grau Mitj\u00e0<\/h2>\n<p>&nbsp;<\/p>\n<section class=\"padding-xs padding-sm padding-md colorSectionOdd\">\n<article class=\"container fullcontainer-xs\">\n<div class=\"row\">\n<div id=\"center_3R\">\n<div id=\"llista_d60899d9-5c0d-11eb-9783-005056924a59_d60899da-5c0d-11eb-9783-005056924a59\" class=\"fpca_llista_enllacIcones formatter_body\">\n<div class=\"wrapper_llista_enllacIcones\">\n<p><strong>TERMINI DE MATRICULACI\u00d3 (de 10 a 14 hores a la secretaria del centre): <\/strong><\/p>\n<p><strong>1a Tanda: del 11 al 23 de juliol\u00a0<\/strong><\/p>\n<p><strong>2a Tanda: del 21 al 23 de juliol\u00a0<\/strong><\/p>\n<p><strong>3a Tanda: de l&#8217;1 al 4 de setembre<\/strong><\/p>\n<p>&nbsp;<\/p>\n<p><strong>DOCUMENTACI\u00d3 NECESS\u00c0RIA PER A LA MATRICULACI\u00d3<\/strong><\/p>\n<p>\u2013 DNI, NIE o passaport.<\/p>\n<p>\u2013 Alumnat menor d\u2019edat:\u00a0 DNI pare\/mare\/tutor legal i llibre de fam\u00edlia<\/p>\n<p>\u2013 TSI (Targeta sanit\u00e0ria individual).<\/p>\n<p>\u2013 Certificat de notes (4t ESO o equivalent) segellat i signat on hi consti la nota mitja obtinguda.<\/p>\n<p>\u2013 Resguard d\u2019haver sol\u00b7licitat el t\u00edtol d&#8217;ESO o titulaci\u00f3 equivalent a efectes de matr\u00edcula.<\/p>\n<p>\u2013 <a href=\"https:\/\/drive.google.com\/file\/d\/1Fwfo0XuTmtRdIOsD-Q3nNLpelZ22Ro5e\/view?usp=sharing\">Impr\u00e8s de matr\u00edcula<\/a> (podeu descarregar-lo o podeu omplir el que us facilitaran a la Secretaria del centre).<\/p>\n<p>\u2013 <a href=\"https:\/\/drive.google.com\/file\/d\/10bh7u4fSTFQ5-Sn69s9sOwZy3xaHvEPr\/view?usp=sharing\">Full de pagament<\/a><\/p>\n<p>\u2013 Justificant d&#8217;haver rebut les &#8220;Instruccions d\u2019inici de curs&#8221;. <em><strong>(Us facilitaran aquesta documentaci\u00f3 a la consergeria o secretaria del centre)<\/strong><\/em><\/p>\n<\/div>\n<\/div>\n<p>Si no pots fer la matriculaci\u00f3 en aquestes dates, cal que presentis un justificant al m\u00e9s aviat possible al mateix centre dins el per\u00edode de matr\u00edcula, perqu\u00e8 si no, es considera que renuncies a la pla\u00e7a i la perds.<\/p>\n<\/div>\n<\/div>\n<\/article>\n<\/section>\n","protected":false},"excerpt":{"rendered":"<p>Cicle Formatiu de Grau Mitj\u00e0<br \/>\n&nbsp;<\/p>\n<p>TERMINI DE MATRICULACI\u00d3 (de 10 a 14 hores a la secretaria del centre):<br \/>\n1a Tanda: del 11 al 23 de juliol\u00a0<br \/>\n2a Tanda: del 21 al 23 de juliol\u00a0<br \/>\n3a Tanda: de l&#8217;1 al 4 de setembre<br \/>\n&nbsp;<br \/>\nDOCUMENTACI\u00d3 NECESS\u00c0RIA PER A LA MATRICULACI\u00d3<br \/>\n\u2013 DNI,&hellip;  <a href=\"https:\/\/agora.xtec.cat\/inscar\/secretaria\/secretaria-cfgs\/\" title=\"Read Secretaria. CFGM\">Llegeix m\u00e9s\u00bb<\/a><\/p>\n","protected":false},"author":3,"featured_media":0,"parent":81,"menu_order":0,"comment_status":"closed","ping_status":"closed","template":"","meta":{"_bbp_topic_count":0,"_bbp_reply_count":0,"_bbp_total_topic_count":0,"_bbp_total_reply_count":0,"_bbp_voice_count":0,"_bbp_anonymous_reply_count":0,"_bbp_topic_count_hidden":0,"_bbp_reply_count_hidden":0,"_bbp_forum_subforum_count":0,"footnotes":""},"class_list":["post-1621","page","type-page","status-publish","hentry"],"post_mailing_queue_ids":[],"_links":{"self":[{"href":"https:\/\/agora.xtec.cat\/inscar\/wp-json\/wp\/v2\/pages\/1621","targetHints":{"allow":["GET"]}}],"collection":[{"href":"https:\/\/agora.xtec.cat\/inscar\/wp-json\/wp\/v2\/pages"}],"about":[{"href":"https:\/\/agora.xtec.cat\/inscar\/wp-json\/wp\/v2\/types\/page"}],"author":[{"embeddable":true,"href":"https:\/\/agora.xtec.cat\/inscar\/wp-json\/wp\/v2\/users\/3"}],"replies":[{"embeddable":true,"href":"https:\/\/agora.xtec.cat\/inscar\/wp-json\/wp\/v2\/comments?post=1621"}],"version-history":[{"count":6,"href":"https:\/\/agora.xtec.cat\/inscar\/wp-json\/wp\/v2\/pages\/1621\/revisions"}],"predecessor-version":[{"id":5665,"href":"https:\/\/agora.xtec.cat\/inscar\/wp-json\/wp\/v2\/pages\/1621\/revisions\/5665"}],"up":[{"embeddable":true,"href":"https:\/\/agora.xtec.cat\/inscar\/wp-json\/wp\/v2\/pages\/81"}],"wp:attachment":[{"href":"https:\/\/agora.xtec.cat\/inscar\/wp-json\/wp\/v2\/media?parent=1621"}],"curies":[{"name":"wp","href":"https:\/\/api.w.org\/{rel}","templated":true}]}}