{"id":1618,"date":"2018-11-25T18:54:19","date_gmt":"2018-11-25T17:54:19","guid":{"rendered":"http:\/\/agora.xtec.cat\/inscar\/?page_id=1618"},"modified":"2025-07-14T14:00:49","modified_gmt":"2025-07-14T12:00:49","slug":"secretaria-cfgm","status":"publish","type":"page","link":"https:\/\/agora.xtec.cat\/inscar\/secretaria\/secretaria-cfgm\/","title":{"rendered":"Secretaria. CFGS"},"content":{"rendered":"<p>&nbsp;<\/p>\n<h3><strong><u>Cicles Formatius de Grau Superior:<\/u><\/strong><\/h3>\n<section class=\"padding-xs padding-sm padding-md colorSectionOdd\">\n<article class=\"container fullcontainer-xs\">\n<div class=\"row\">\n<div>\n<div id=\"center_2R\">\n<div id=\"llista_7af20158-5c0e-11eb-9783-005056924a59_7af20159-5c0e-11eb-9783-005056924a59\" class=\"fpca_llista_enllacIcones formatter_body\">\n<div class=\"wrapper_llista_enllacIcones\"><\/div>\n<\/div>\n<\/div>\n<\/div>\n<\/div>\n<\/article>\n<\/section>\n<section class=\"padding-xs padding-sm padding-md colorSectionOdd\">\n<article class=\"container fullcontainer-xs\">\n<div class=\"row\">\n<div id=\"center_3R\">\n<div id=\"llista_d60899d9-5c0d-11eb-9783-005056924a59_d60899da-5c0d-11eb-9783-005056924a59\" class=\"fpca_llista_enllacIcones formatter_body\">\n<div class=\"wrapper_llista_enllacIcones\">\n<p><strong>TERMINI DE MATRICULACI\u00d3 (de 10 a 14 hores a la secretaria del centre): <\/strong><\/p>\n<p><strong>1a Tanda: del 11 al 23 de juliol\u00a0<\/strong><\/p>\n<p><strong>2a Tanda: del 21 al 23 de juliol\u00a0<\/strong><\/p>\n<p><strong>3a Tanda: de l&#8217;1 al 4 de setembre<\/strong><\/p>\n<p><strong>DOCUMENTACI\u00d3 NECESS\u00c0RIA PER A LA MATRICULACI\u00d3<\/strong><\/p>\n<p>\u2013 DNI, NIE o passaport.<\/p>\n<p>\u2013 Alumnat menor d\u2019edat:\u00a0 DNI pare\/mare\/tutor legal i llibre de familia<\/p>\n<p>\u2013 TSI (Targeta sanit\u00e0ria individual).<\/p>\n<p>\u2013 Certificat de notes \/ titulaci\u00f3 \/ prova d&#8217;acc\u00e9s que permet l&#8217;acc\u00e9s a aquests estudis.<\/p>\n<p>\u2013 Justificant de pagament del preu de la taxa p\u00fablica de matr\u00edcula (360\u20ac). Al concepte de l&#8217;ingr\u00e9s s&#8217;ha d&#8217;especificar el nom i els cognoms de l&#8217;alumne\/a i els estudis que realitzar\u00e0. <strong>Per a formalitzar la matr\u00edcula cal haver pagat aquest preu p\u00fablic.<\/strong>\u00a0Els altres pagaments de despeses del curs han de fer-se abans de la data que s&#8217;indica en el full.<\/p>\n<p>INSTRUCCIONS de pagament:<\/p>\n<ul style=\"font-size: 16px; font-family: 'Helvetica Neue', Helvetica, Helvetica, Arial, sans-serif;\">\n<li>\n<h5><a href=\"https:\/\/drive.google.com\/file\/d\/1QhAm1ypzrRq3zxg69L00wMxzwDaYkz9U\/view?usp=sharing\"><strong>Ensenyament i Animaci\u00f3 Socioesportiva (CPS-AEA0)\u00a0<\/strong><\/a><\/h5>\n<\/li>\n<li>\n<h5><a href=\"https:\/\/drive.google.com\/file\/d\/1_SPzFWX6cizDxNhv4_yEYQOJsboKOE8d\/view?usp=sharing\"><strong>Condicionament F\u00edsic (CPS-AEB0)\u00a0<\/strong><\/a><\/h5>\n<\/li>\n<\/ul>\n<p>\u2013\u00a0<a href=\"https:\/\/drive.google.com\/file\/d\/1Fwfo0XuTmtRdIOsD-Q3nNLpelZ22Ro5e\/view?usp=sharing\">Impr\u00e8s de matr\u00edcula<\/a>\u00a0(podeu descarregar-lo o podeu omplir el que us facilitaran a la Secretaria del centre).<\/p>\n<p>\u2013 Justificant d\u2019haver rebut les \u201cInstruccions d\u2019inici de curs\u201d.\u00a0<em><strong>(Us facilitaran aquesta documentaci\u00f3 a la consergeria o secretaria del centre)<\/strong><\/em><\/p>\n<\/div>\n<\/div>\n<p>Si no pots fer la matriculaci\u00f3 en aquestes dates, cal que presentis un justificant el m\u00e9s aviat possible al mateix centre dins el per\u00ecode de matr\u00edcula, perqu\u00e8 si no es considera que renuncies a la pla\u00e7a i la perds.<\/p>\n<\/div>\n<\/div>\n<\/article>\n<\/section>\n","protected":false},"excerpt":{"rendered":"<p>&nbsp;<br \/>\nCicles Formatius de Grau Superior:<\/p>\n<p>TERMINI DE MATRICULACI\u00d3 (de 10 a 14 hores a la secretaria del centre):<br \/>\n1a Tanda: del 11 al 23 de juliol\u00a0<br \/>\n2a Tanda: del 21 al 23 de juliol\u00a0<br \/>\n3a Tanda: de l&#8217;1 al 4 de setembre<br \/>\nDOCUMENTACI\u00d3 NECESS\u00c0RIA PER A LA MATRICULACI\u00d3<br \/>\n\u2013 DNI,&hellip;  <a href=\"https:\/\/agora.xtec.cat\/inscar\/secretaria\/secretaria-cfgm\/\" title=\"Read Secretaria. CFGS\">Llegeix m\u00e9s\u00bb<\/a><\/p>\n","protected":false},"author":3,"featured_media":0,"parent":81,"menu_order":0,"comment_status":"closed","ping_status":"closed","template":"","meta":{"_bbp_topic_count":0,"_bbp_reply_count":0,"_bbp_total_topic_count":0,"_bbp_total_reply_count":0,"_bbp_voice_count":0,"_bbp_anonymous_reply_count":0,"_bbp_topic_count_hidden":0,"_bbp_reply_count_hidden":0,"_bbp_forum_subforum_count":0,"footnotes":""},"class_list":["post-1618","page","type-page","status-publish","hentry"],"post_mailing_queue_ids":[],"_links":{"self":[{"href":"https:\/\/agora.xtec.cat\/inscar\/wp-json\/wp\/v2\/pages\/1618","targetHints":{"allow":["GET"]}}],"collection":[{"href":"https:\/\/agora.xtec.cat\/inscar\/wp-json\/wp\/v2\/pages"}],"about":[{"href":"https:\/\/agora.xtec.cat\/inscar\/wp-json\/wp\/v2\/types\/page"}],"author":[{"embeddable":true,"href":"https:\/\/agora.xtec.cat\/inscar\/wp-json\/wp\/v2\/users\/3"}],"replies":[{"embeddable":true,"href":"https:\/\/agora.xtec.cat\/inscar\/wp-json\/wp\/v2\/comments?post=1618"}],"version-history":[{"count":7,"href":"https:\/\/agora.xtec.cat\/inscar\/wp-json\/wp\/v2\/pages\/1618\/revisions"}],"predecessor-version":[{"id":5668,"href":"https:\/\/agora.xtec.cat\/inscar\/wp-json\/wp\/v2\/pages\/1618\/revisions\/5668"}],"up":[{"embeddable":true,"href":"https:\/\/agora.xtec.cat\/inscar\/wp-json\/wp\/v2\/pages\/81"}],"wp:attachment":[{"href":"https:\/\/agora.xtec.cat\/inscar\/wp-json\/wp\/v2\/media?parent=1618"}],"curies":[{"name":"wp","href":"https:\/\/api.w.org\/{rel}","templated":true}]}}