{"id":1608,"date":"2018-11-25T18:03:15","date_gmt":"2018-11-25T17:03:15","guid":{"rendered":"http:\/\/agora.xtec.cat\/inscar\/?page_id=1608"},"modified":"2023-06-30T12:13:36","modified_gmt":"2023-06-30T10:13:36","slug":"secretaria-eso-i-batxillerat","status":"publish","type":"page","link":"https:\/\/agora.xtec.cat\/inscar\/secretaria\/secretaria-eso-i-batxillerat\/","title":{"rendered":"Secretaria. ESO i Batxillerat"},"content":{"rendered":"<p>&nbsp;<\/p>\n<p><strong>ESO i Batxillerat. Preiscripci\u00f3 i matr\u00edcula<\/strong><\/p>\n<p>&nbsp;<\/p>\n<ul>\n<li><strong>Alumnat nou a l&#8217;Institut \u00a0\u21d2\u00a0\u00a0 <a href=\"http:\/\/agora.xtec.cat\/inscar\/secretaria\/secretaria-eso-i-batxillerat\/informacio\/\" target=\"_blank\" rel=\"noopener noreferrer\">INSTRUCCIONS<\/a><\/strong><\/li>\n<\/ul>\n<p>&nbsp;<\/p>\n<ul>\n<li><strong>Alumnat que ja ha fet algun curs a l&#8217;Institut CAR \u00a0\u21d2 \u00a0<\/strong>Heu d&#8217;haver rebut i lliurat al tutor o a la tutora del vostre grup la documentaci\u00f3 per a comunicar la continu\u00eftat. Si no \u00e9s aix\u00ed, contacteu amb el centre.<\/li>\n<\/ul>\n<div><\/div>\n<p>&nbsp;<\/p>\n<ul>\n<li style=\"list-style-type: none;\">\n<ul>\n<li>\n<h5>\u00a0 (pendent de publicaci\u00f3 el llistat de llibres del curs)<\/h5>\n<\/li>\n<\/ul>\n<\/li>\n<\/ul>\n<p>&nbsp;<\/p>\n<h4><\/h4>\n","protected":false},"excerpt":{"rendered":"<p>&nbsp;<br \/>\nESO i Batxillerat. Preiscripci\u00f3 i matr\u00edcula<br \/>\n&nbsp;<\/p>\n<ul>\n<li>Alumnat nou a l&#8217;Institut \u00a0\u21d2\u00a0\u00a0 <a href=\"http:\/\/agora.xtec.cat\/inscar\/secretaria\/secretaria-eso-i-batxillerat\/informacio\/\" target=\"_blank\" rel=\"noopener noreferrer\">INSTRUCCIONS<\/a><\/li>\n<\/ul>\n<p>&nbsp;<\/p>\n<ul>\n<li>Alumnat que ja ha fet algun curs a l&#8217;Institut CAR \u00a0\u21d2 \u00a0Heu d&#8217;haver rebut i lliurat al tutor o a la tutora del vostre grup la documentaci\u00f3 per a comunicar la&hellip;  <a href=\"https:\/\/agora.xtec.cat\/inscar\/secretaria\/secretaria-eso-i-batxillerat\/\" title=\"Read Secretaria. ESO i Batxillerat\">Llegeix m\u00e9s\u00bb<\/a><br \/>\n","protected":false},"author":3,"featured_media":0,"parent":81,"menu_order":0,"comment_status":"closed","ping_status":"closed","template":"page-templates\/side-menu.php","meta":{"_bbp_topic_count":0,"_bbp_reply_count":0,"_bbp_total_topic_count":0,"_bbp_total_reply_count":0,"_bbp_voice_count":0,"_bbp_anonymous_reply_count":0,"_bbp_topic_count_hidden":0,"_bbp_reply_count_hidden":0,"_bbp_forum_subforum_count":0,"footnotes":""},"class_list":["post-1608","page","type-page","status-publish","hentry"],"post_mailing_queue_ids":[],"_links":{"self":[{"href":"https:\/\/agora.xtec.cat\/inscar\/wp-json\/wp\/v2\/pages\/1608","targetHints":{"allow":["GET"]}}],"collection":[{"href":"https:\/\/agora.xtec.cat\/inscar\/wp-json\/wp\/v2\/pages"}],"about":[{"href":"https:\/\/agora.xtec.cat\/inscar\/wp-json\/wp\/v2\/types\/page"}],"author":[{"embeddable":true,"href":"https:\/\/agora.xtec.cat\/inscar\/wp-json\/wp\/v2\/users\/3"}],"replies":[{"embeddable":true,"href":"https:\/\/agora.xtec.cat\/inscar\/wp-json\/wp\/v2\/comments?post=1608"}],"version-history":[{"count":4,"href":"https:\/\/agora.xtec.cat\/inscar\/wp-json\/wp\/v2\/pages\/1608\/revisions"}],"predecessor-version":[{"id":4754,"href":"https:\/\/agora.xtec.cat\/inscar\/wp-json\/wp\/v2\/pages\/1608\/revisions\/4754"}],"up":[{"embeddable":true,"href":"https:\/\/agora.xtec.cat\/inscar\/wp-json\/wp\/v2\/pages\/81"}],"wp:attachment":[{"href":"https:\/\/agora.xtec.cat\/inscar\/wp-json\/wp\/v2\/media?parent=1608"}],"curies":[{"name":"wp","href":"https:\/\/api.w.org\/{rel}","templated":true}]}}