{"id":1592,"date":"2018-11-20T21:13:06","date_gmt":"2018-11-20T20:13:06","guid":{"rendered":"http:\/\/agora.xtec.cat\/inscar\/?page_id=1592"},"modified":"2019-02-22T12:03:28","modified_gmt":"2019-02-22T11:03:28","slug":"activitats-i-sortides","status":"publish","type":"page","link":"https:\/\/agora.xtec.cat\/inscar\/ensenyaments-esportius\/activitats-i-sortides\/","title":{"rendered":"Activitats i sortides"},"content":{"rendered":"<p>Trobar\u00e0s informaci\u00f3 sobre les diferents activitats i sortides que es fan en els estudis de T\u00e8cnics Esportius de l&#8217;Institut CAR\u00a0 en el seg\u00fcent enlla\u00e7:<\/p>\n<p><a href=\"https:\/\/sites.google.com\/tecnicesportiu.com\/activitats\" target=\"_blank\" rel=\"noopener\">http:\/\/www.tecnicesportiu.com\/<\/a><\/p>\n","protected":false},"excerpt":{"rendered":"<p>Trobar\u00e0s informaci\u00f3 sobre les diferents activitats i sortides que es fan en els estudis de T\u00e8cnics Esportius de l&#8217;Institut CAR\u00a0 en el seg\u00fcent enlla\u00e7:<br \/>\n<a href=\"https:\/\/sites.google.com\/tecnicesportiu.com\/activitats\" target=\"_blank\" rel=\"noopener\">http:\/\/www.tecnicesportiu.com\/<\/a><\/p>\n","protected":false},"author":3,"featured_media":0,"parent":1336,"menu_order":0,"comment_status":"closed","ping_status":"closed","template":"page-templates\/side-menu.php","meta":{"_bbp_topic_count":0,"_bbp_reply_count":0,"_bbp_total_topic_count":0,"_bbp_total_reply_count":0,"_bbp_voice_count":0,"_bbp_anonymous_reply_count":0,"_bbp_topic_count_hidden":0,"_bbp_reply_count_hidden":0,"_bbp_forum_subforum_count":0,"footnotes":""},"class_list":["post-1592","page","type-page","status-publish","hentry"],"post_mailing_queue_ids":[],"_links":{"self":[{"href":"https:\/\/agora.xtec.cat\/inscar\/wp-json\/wp\/v2\/pages\/1592","targetHints":{"allow":["GET"]}}],"collection":[{"href":"https:\/\/agora.xtec.cat\/inscar\/wp-json\/wp\/v2\/pages"}],"about":[{"href":"https:\/\/agora.xtec.cat\/inscar\/wp-json\/wp\/v2\/types\/page"}],"author":[{"embeddable":true,"href":"https:\/\/agora.xtec.cat\/inscar\/wp-json\/wp\/v2\/users\/3"}],"replies":[{"embeddable":true,"href":"https:\/\/agora.xtec.cat\/inscar\/wp-json\/wp\/v2\/comments?post=1592"}],"version-history":[{"count":3,"href":"https:\/\/agora.xtec.cat\/inscar\/wp-json\/wp\/v2\/pages\/1592\/revisions"}],"predecessor-version":[{"id":1946,"href":"https:\/\/agora.xtec.cat\/inscar\/wp-json\/wp\/v2\/pages\/1592\/revisions\/1946"}],"up":[{"embeddable":true,"href":"https:\/\/agora.xtec.cat\/inscar\/wp-json\/wp\/v2\/pages\/1336"}],"wp:attachment":[{"href":"https:\/\/agora.xtec.cat\/inscar\/wp-json\/wp\/v2\/media?parent=1592"}],"curies":[{"name":"wp","href":"https:\/\/api.w.org\/{rel}","templated":true}]}}