{"id":1538,"date":"2018-11-09T21:05:25","date_gmt":"2018-11-09T20:05:25","guid":{"rendered":"http:\/\/agora.xtec.cat\/inscar\/?page_id=1538"},"modified":"2019-03-05T12:52:29","modified_gmt":"2019-03-05T11:52:29","slug":"surf-de-neu","status":"publish","type":"page","link":"https:\/\/agora.xtec.cat\/inscar\/ensenyaments-esportius\/oferta-formativa-t-e\/surf-de-neu\/","title":{"rendered":"Surf de neu"},"content":{"rendered":"<p>&nbsp;<\/p>\n<p>L\u2019objectiu del <strong>primer nivell<\/strong> d&#8217;aquests estudis \u00e9s con\u00e8ixer els principis fonamentals del surf de neu i promoure aquesta modalitat esportiva. T\u00e9 una durada de 450 hores (300 en un centre educatiu i 150 en un centre de treball). Si se supera el curs, s\u2019obt\u00e9 el certificat de primer nivell de surf de neu.<\/p>\n<p>El <strong>segon nivel<\/strong>l capacita per ensenyar surf de neu i entrenar esportistes. T\u00e9 una durada de 595 hores (395 en un centre educatiu i 200 en un centre de treball).<\/p>\n<p>El <strong>tercer nivell<\/strong> capacita per planificar i dirigir l\u2019entrenament d\u2019esportistes i equips de surf de neu en competicions de nivell mitj\u00e0 i alt i per dirigir escoles d&#8217;esports d&#8217;hivern. T\u00e9 una durada de 795 hores (595 en un centre educatiu i 200 en un centre de treball).<br \/>\nPer accedir al primer nivell els requisits s\u00f3n els explicats en la Informaci\u00f3 general.<br \/>\nPer accedir al segon nivell cal haver aprovat TOT el primer nivell de l\u2019especialitat i no cal superar cap prova espec\u00edfica.<br \/>\nPer accedir al tercer nivell, els requisits que cal complir estan descrits en la Informaci\u00f3 general.<\/p>\n<h4>Continguts:<\/h4>\n<p>Els continguts s&#8217;organitzen en quatre blocs de cr\u00e8dits teoricopr\u00e0ctics: el bloc com\u00fa, format per cr\u00e8dits que constitueixen les bases cient\u00edfiques i psicopedag\u00f2giques necess\u00e0ries per a l&#8217;inici, l&#8217;adaptaci\u00f3 i el perfeccionament de l&#8217;especialitat; el bloc complementari, format per cr\u00e8dits relacionats amb el coneixement de l&#8217;entorn social i els recursos tecnol\u00f2gics de l&#8217;\u00e0mbit de l&#8217;esport; el bloc espec\u00edfic, format per cr\u00e8dits de car\u00e0cter cient\u00edfic, t\u00e8cnic i pr\u00e0ctic corresponents a la modalitat, disciplina o especialitat esportiva, i el bloc de formaci\u00f3 pr\u00e0ctica, que es fa en centres on es poden aplicar els coneixements i les destreses adquirits.<\/p>\n<p><strong>Primer nivell<\/strong> (450 hores)<br \/>\n&#8211; Bloc com\u00fa (120 hores):<br \/>\n\u2022 Bases Anat\u00f2miques i Fisiol\u00f2giques de l&#8217;Esport I (20 hores)<br \/>\n\u2022 Bases Psicopedag\u00f2giques de l&#8217;Ensenyament i l&#8217;Entrenament I (25 hores)<br \/>\n\u2022 Entrenament Esportiu I (30 hores)<br \/>\n\u2022 Fonaments Sociol\u00f2gics de l&#8217;Esport (5 hores)<br \/>\n\u2022 Organitzaci\u00f3 i Legislaci\u00f3 de l&#8217;Esport I (5 hores)<br \/>\n\u2022 Primers Auxilis i Higiene en l&#8217;Esport (35 hores)<br \/>\n&#8211; Bloc espec\u00edfic (165 hores):<br \/>\n\u2022 Desenvolupament Professional I (15 hores)<br \/>\n\u2022 Formaci\u00f3 T\u00e8cnica de Surf de Neu I (50 hores)<br \/>\n\u2022 Material de Surf de Neu I (15 hores)<br \/>\n\u2022 Metodologia de l\u2019Ensenyament del Surf de Neu I (45 hores)<br \/>\n\u2022 Medi Ambient de Muntanya I (20 hores)<br \/>\n\u2022 Seguretat Esportiva I (20 hores)<br \/>\n&#8211; Bloc complementari (15 hores):<br \/>\n\u2022 Terminologia Espec\u00edfica Catalana (5 hores)<br \/>\n\u2022 Fonaments de l&#8217;Esport Adaptat (10 hores)<br \/>\n&#8211; Bloc de formaci\u00f3 pr\u00e0ctica (150 hores)<\/p>\n<p><strong>Segon nivell<\/strong> (595 hores)<br \/>\n&#8211; Bloc com\u00fa (150 hores):<br \/>\n\u2022 Bases Anat\u00f2miques i Fisiol\u00f2giques de l&#8217;Esport II (40 hores)<br \/>\n\u2022 Bases Psicopedag\u00f2giques de l&#8217;Ensenyament i l&#8217;Entrenament II (45 hores)<br \/>\n\u2022 Entrenament Esportiu II (40 hores)<br \/>\n\u2022 Organitzaci\u00f3 i Legislaci\u00f3 de l&#8217;Esport II (5 hores)<br \/>\n\u2022 Teoria i Sociologia de l&#8217;Esport (20 hores)<br \/>\n&#8211; Bloc espec\u00edfic (215 hores):<br \/>\n\u2022 Desenvolupament Professional II (10 hores)<br \/>\n\u2022 Formaci\u00f3 T\u00e8cnica del Surf de Neu II (35 hores)<br \/>\n\u2022 Reglament i Arbitratge del Surf de Neu (15 hores)<br \/>\n\u2022 Material de Surf de Neu II (20 hores)<br \/>\n\u2022 Metodologia de l&#8217;Ensenyament del Surf de Neu II (40 hores)<br \/>\n\u2022 Metodologia de l&#8217;Entrenament del Surf de Neu (45 hores)<br \/>\n\u2022 Medi Ambient de Muntanya II (25 hores)<br \/>\n\u2022 Seguretat Esportiva II (25 hores)<br \/>\n&#8211; Bloc complementari (30 hores)<br \/>\n\u2022 Terminologia Espec\u00edfica Estrangera (10 hores)<br \/>\n\u2022 Equipaments Esportius (10 hores)<br \/>\n\u2022 Inform\u00e0tica B\u00e0sica Aplicada (10 hores)<br \/>\n&#8211; Bloc de formaci\u00f3 pr\u00e0ctica (200 hores)<\/p>\n<p><strong>Tercer nivell<\/strong> (795 hores)<br \/>\n&#8211; Bloc com\u00fa (200 hores):<br \/>\n\u2022 Biomec\u00e0nica Esportiva (30 hores)<br \/>\n\u2022 Entrenament d\u2019Alt Rendiment Esportiu (50 hores)<br \/>\n\u2022 Fisiologia de l\u2019Esfor\u00e7 (40 hores)<br \/>\n\u2022 Gesti\u00f3 de l\u2019Esport (45 hores)<br \/>\n\u2022 Psicologia de l\u2019Alt Rendiment Esportiu (25 hores)<br \/>\n\u2022 Sociologia de l\u2019Esport d\u2019Alt Rendiment (10 hores)<br \/>\n&#8211; Bloc espec\u00edfic (295 hores):<br \/>\n\u2022 Desenvolupament Professional III (30 hores)<br \/>\n\u2022 Material del Surf de Neu III (35 hores)<br \/>\n\u2022 Metodologia de l\u2019Ensenyament i l\u2019Entrenament del Surf de Neu II (100 hores)<br \/>\n\u2022 Optimitzaci\u00f3 de les T\u00e8cniques i T\u00e0ctiques del Surf de Neu (90 hores)<br \/>\n\u2022 Seguretat Esportiva III (40 hores)<br \/>\n&#8211; Bloc complementari (40 hores):<br \/>\n\u2022 Els Esports d\u2019Hivern Adaptats (20 hores)<br \/>\n\u2022 Aplicacions Inform\u00e0tiques i Mitjans Multim\u00e8dia en els Esports d\u2019Hivern (20 hores)<br \/>\n&#8211; Projecte final (60 hores)<br \/>\n&#8211; Bloc de formaci\u00f3 pr\u00e0ctica (200 hores)<\/p>\n<p><a href=\"http:\/\/dogc.gencat.cat\/ca\/pdogc_canals_interns\/pdogc_resultats_fitxa\/?action=fitxa&amp;mode=single&amp;documentId=291528&amp;language=ca_ES\">M\u00e9s informaci\u00f3 del curr\u00edculum<\/a><\/p>\n<p>&nbsp;<\/p>\n<h4>Prova espec\u00edfica d\u2019acc\u00e9s:<\/h4>\n<p>\u00c9s imprescindible per poder-se matricular en el primer nivell.<\/p>\n<p><a href=\"http:\/\/ensenyament.gencat.cat\/web\/.content\/home\/serveis-tramits\/proves\/proves-acces\/espec-esportius\/contingut\/cont-surfisme.pdf\">&#8211; Contingut de la prova<\/a><\/p>\n<p><a href=\"http:\/\/ensenyament.gencat.cat\/ca\/serveis-tramits\/proves\/proves-acces\/espec-esportius\/calendari\/\" target=\"_blank\" rel=\"noopener\">&#8211; Calendari de les proves<\/a><\/p>\n<p><a href=\"http:\/\/ensenyament.gencat.cat\/web\/.content\/home\/serveis-tramits\/proves\/proves-acces\/espec-esportius\/material\/ma-surfisme.pdf\">&#8211; Material per fer la prova<\/a><\/p>\n<p>&nbsp;<\/p>\n<h4>Preus:<\/h4>\n<p><a href=\"http:\/\/queestudiar.gencat.cat\/web\/.content\/home\/estudis\/esportius\/preus-publics\/PP-grau-mitja-primern-surfneu.pdf\">&#8211; Primer nivel<\/a><\/p>\n<p><a href=\"http:\/\/queestudiar.gencat.cat\/web\/.content\/home\/estudis\/esportius\/preus-publics\/PP-grau-mitja-segonn-surf-neu.pdf\">&#8211; Segon nivel<\/a><\/p>\n<p><a href=\"http:\/\/queestudiar.gencat.cat\/web\/.content\/home\/estudis\/esportius\/preus-publics\/PP-grau-superior-surfneu.pdf\">&#8211; Tercer nivell<\/a><\/p>\n<p>&nbsp;<\/p>\n<h4><a href=\"https:\/\/agora.xtec.cat\/inscar\/tecnics-esportius\/horaris-i-calendaris\/\">Calendaris i horaris del curs actual.<\/a><\/h4>\n","protected":false},"excerpt":{"rendered":"<p>&nbsp;<br \/>\nL\u2019objectiu del primer nivell d&#8217;aquests estudis \u00e9s con\u00e8ixer els principis fonamentals del surf de neu i promoure aquesta modalitat esportiva. T\u00e9 una durada de 450 hores (300 en un centre educatiu i 150 en un centre de treball). Si se supera el curs, s\u2019obt\u00e9 el&hellip;  <a href=\"https:\/\/agora.xtec.cat\/inscar\/ensenyaments-esportius\/oferta-formativa-t-e\/surf-de-neu\/\" title=\"Read Surf de neu\">Llegeix m\u00e9s\u00bb<\/a><\/p>\n","protected":false},"author":3,"featured_media":0,"parent":1371,"menu_order":0,"comment_status":"closed","ping_status":"closed","template":"page-templates\/side-menu.php","meta":{"_bbp_topic_count":0,"_bbp_reply_count":0,"_bbp_total_topic_count":0,"_bbp_total_reply_count":0,"_bbp_voice_count":0,"_bbp_anonymous_reply_count":0,"_bbp_topic_count_hidden":0,"_bbp_reply_count_hidden":0,"_bbp_forum_subforum_count":0,"footnotes":""},"class_list":["post-1538","page","type-page","status-publish","hentry"],"post_mailing_queue_ids":[],"_links":{"self":[{"href":"https:\/\/agora.xtec.cat\/inscar\/wp-json\/wp\/v2\/pages\/1538","targetHints":{"allow":["GET"]}}],"collection":[{"href":"https:\/\/agora.xtec.cat\/inscar\/wp-json\/wp\/v2\/pages"}],"about":[{"href":"https:\/\/agora.xtec.cat\/inscar\/wp-json\/wp\/v2\/types\/page"}],"author":[{"embeddable":true,"href":"https:\/\/agora.xtec.cat\/inscar\/wp-json\/wp\/v2\/users\/3"}],"replies":[{"embeddable":true,"href":"https:\/\/agora.xtec.cat\/inscar\/wp-json\/wp\/v2\/comments?post=1538"}],"version-history":[{"count":3,"href":"https:\/\/agora.xtec.cat\/inscar\/wp-json\/wp\/v2\/pages\/1538\/revisions"}],"predecessor-version":[{"id":2024,"href":"https:\/\/agora.xtec.cat\/inscar\/wp-json\/wp\/v2\/pages\/1538\/revisions\/2024"}],"up":[{"embeddable":true,"href":"https:\/\/agora.xtec.cat\/inscar\/wp-json\/wp\/v2\/pages\/1371"}],"wp:attachment":[{"href":"https:\/\/agora.xtec.cat\/inscar\/wp-json\/wp\/v2\/media?parent=1538"}],"curies":[{"name":"wp","href":"https:\/\/api.w.org\/{rel}","templated":true}]}}