{"id":1524,"date":"2018-11-07T20:50:38","date_gmt":"2018-11-07T19:50:38","guid":{"rendered":"http:\/\/agora.xtec.cat\/inscar\/?page_id=1524"},"modified":"2018-11-07T21:07:08","modified_gmt":"2018-11-07T20:07:08","slug":"instruccions-tecnics-secretaria","status":"publish","type":"page","link":"https:\/\/agora.xtec.cat\/inscar\/secretaria\/instruccions-tecnics-secretaria\/","title":{"rendered":"Instruccions. T\u00e8cnics. Secretaria"},"content":{"rendered":"<h4><\/h4>\n<p>Per a la <strong>preinscripci\u00f3<\/strong>:<\/p>\n<p>El termini per fer la preinscripci\u00f3 \u00e9s entre el 8 de maig i el 6 de juny de 2018.<\/p>\n<p>En tots els casos cal presentar, original i fotoc\u00f2pia de la seg\u00fcent documentaci\u00f3:<br \/>\n&#8211; Impr\u00e8s de preinscripci\u00f3 (descarregar)<br \/>\n&#8211; DNI, NIE o passaport de l\u2019alumne\/a<br \/>\n&#8211; Targeta sanit\u00e0ria<\/p>\n<p>Si l&#8217;alumne\/a \u00e9s menor d&#8217;edat, cal que presenteu tamb\u00e9:<br \/>\n&#8211; DNI, NIE o Passaport (pare, mare o tutor legal)<br \/>\n&#8211; Llibre de fam\u00edlia o altres documents relatius a la filiaci\u00f3<\/p>\n<p>&#8211; Per accedir al primer nivell o cicle inicial de grau mitj\u00e0:<br \/>\n&#8211; Prova espec\u00edfica d&#8217;acc\u00e9s \u00f3 acreditar els m\u00e8rits esportius corresponents a l\u2019especialitat (en els casos establerts)<br \/>\n&#8211; Un d\u2019aquests tres requisits:<br \/>\no T\u00edtol de graduat en ESO (\u00f3 equivalent a efectes acad\u00e8mics) \u00f3<br \/>\no Curs de formaci\u00f3 espec\u00edfic per a l&#8217;acc\u00e9s als cicles de grau mitj\u00e0 \u00f3<br \/>\no Prova general d&#8217;acc\u00e9s als cicles d\u2019ensenyaments esportius de grau mitj\u00e0<\/p>\n<p>&#8211; Per accedir al segon nivell o cicle final de grau mitj\u00e0:<br \/>\n&#8211; Primer nivell o cicle inicial de la mateixa especialitat esportiva i<br \/>\n&#8211; Prova espec\u00edfica d&#8217;acc\u00e9s o acreditar els m\u00e8rits esportius corresponents (en els casos establerts)<\/p>\n<p>&#8211; Per accedir al grau superior:<br \/>\n&#8211; T\u00edtol de t\u00e8cnic de l\u2019especialitat esportiva corresponent<br \/>\n&#8211; Un d\u2019aquests requisits:<br \/>\no T\u00edtol de batxiller o equivalent a efectes acad\u00e8mics \u00f3<br \/>\no Curs de preparaci\u00f3 per a la incorporaci\u00f3 als cicles de grau superior \u00f3<br \/>\no Prova general d&#8217;acc\u00e9s als cicles d&#8217;ensenyaments esportius de grau superior<br \/>\n&#8211; En els casos que s&#8217;estableixi, superar la prova espec\u00edfica d&#8217;acc\u00e9s o acreditar els m\u00e8rits esportius corresponents<\/p>\n<p>Per a la <strong>matr\u00edcula:<\/strong><\/p>\n<p>La matr\u00edcula de t\u00e8cnics esportius es podr\u00e0 fer del 12 al 20 de juliol de 2018*. Si us plau, consulteu en aquesta mateixa web el dia i hora que us ha estat assignat, i recordeu que heu de portar els seg\u00fcents documents:<\/p>\n<p>&#8211; En tots els casos cal presentar original i fotoc\u00f2pia de la seg\u00fcent documentaci\u00f3:<br \/>\n&#8211; Impr\u00e8s de matriculaci\u00f3 <a href=\"https:\/\/drive.google.com\/file\/d\/0B7OkiMXkXgrcQndPY0FsbGtlWVhMakdzVE9hM2QwYWsxSy1N\/view\">(descarregar)<\/a><br \/>\n&#8211; Impr\u00e8s de pagament <a href=\"https:\/\/drive.google.com\/file\/d\/0B7OkiMXkXgrcaXcwMHF6SndPOTBKUG1tcXZnT25UZ21rZWh3\/view\">(descarregar)<\/a><br \/>\n&#8211; Els documents que no hagueu lliurat amb la preinscripci\u00f3.<\/p>\n<p>*Si hi ha places, en qualsevol moment es pot fer la matr\u00edcula dels cr\u00e8dits que encara no hagin comen\u00e7at.<\/p>\n","protected":false},"excerpt":{"rendered":"<p>Per a la preinscripci\u00f3:<br \/>\nEl termini per fer la preinscripci\u00f3 \u00e9s entre el 8 de maig i el 6 de juny de 2018.<br \/>\nEn tots els casos cal presentar, original i fotoc\u00f2pia de la seg\u00fcent documentaci\u00f3:<br \/>\n&#8211; Impr\u00e8s de preinscripci\u00f3 (descarregar)<br \/>\n&#8211; DNI, NIE o passaport de l\u2019alumne\/a<br \/>\n&#8211; Targeta&hellip;  <a href=\"https:\/\/agora.xtec.cat\/inscar\/secretaria\/instruccions-tecnics-secretaria\/\" title=\"Read Instruccions. T\u00e8cnics. Secretaria\">Llegeix m\u00e9s\u00bb<\/a><\/p>\n","protected":false},"author":3,"featured_media":0,"parent":81,"menu_order":0,"comment_status":"closed","ping_status":"closed","template":"","meta":{"_bbp_topic_count":0,"_bbp_reply_count":0,"_bbp_total_topic_count":0,"_bbp_total_reply_count":0,"_bbp_voice_count":0,"_bbp_anonymous_reply_count":0,"_bbp_topic_count_hidden":0,"_bbp_reply_count_hidden":0,"_bbp_forum_subforum_count":0,"footnotes":""},"class_list":["post-1524","page","type-page","status-publish","hentry"],"post_mailing_queue_ids":[],"_links":{"self":[{"href":"https:\/\/agora.xtec.cat\/inscar\/wp-json\/wp\/v2\/pages\/1524","targetHints":{"allow":["GET"]}}],"collection":[{"href":"https:\/\/agora.xtec.cat\/inscar\/wp-json\/wp\/v2\/pages"}],"about":[{"href":"https:\/\/agora.xtec.cat\/inscar\/wp-json\/wp\/v2\/types\/page"}],"author":[{"embeddable":true,"href":"https:\/\/agora.xtec.cat\/inscar\/wp-json\/wp\/v2\/users\/3"}],"replies":[{"embeddable":true,"href":"https:\/\/agora.xtec.cat\/inscar\/wp-json\/wp\/v2\/comments?post=1524"}],"version-history":[{"count":3,"href":"https:\/\/agora.xtec.cat\/inscar\/wp-json\/wp\/v2\/pages\/1524\/revisions"}],"predecessor-version":[{"id":1528,"href":"https:\/\/agora.xtec.cat\/inscar\/wp-json\/wp\/v2\/pages\/1524\/revisions\/1528"}],"up":[{"embeddable":true,"href":"https:\/\/agora.xtec.cat\/inscar\/wp-json\/wp\/v2\/pages\/81"}],"wp:attachment":[{"href":"https:\/\/agora.xtec.cat\/inscar\/wp-json\/wp\/v2\/media?parent=1524"}],"curies":[{"name":"wp","href":"https:\/\/api.w.org\/{rel}","templated":true}]}}